{"id":127353,"date":"2025-01-10T13:24:09","date_gmt":"2025-01-10T12:24:09","guid":{"rendered":"https:\/\/www.tatanka.nl\/?post_type=product&#038;p=127353"},"modified":"2025-05-16T14:48:56","modified_gmt":"2025-05-16T13:48:56","slug":"buddhas-sister-soma-sacred-seeds","status":"publish","type":"product","link":"https:\/\/www.tatanka.nl\/fr\/buddhas-sister-soma-sacred-seeds\/","title":{"rendered":"La s\u0153ur de Bouddha - Soma Sacred Seeds"},"content":{"rendered":"<h2>Qu'est-ce que la s\u0153ur de Bouddha ?<\/h2>\n<p>Buddha's Sister, connue \u00e0 l'origine sous le nom de Soma Skunk V+, est une vari\u00e9t\u00e9 hybride de cannabis qui est devenue un choix populaire pour ceux qui recherchent un effet cr\u00e9atif et c\u00e9r\u00e9bral. Elle a \u00e9t\u00e9 rebaptis\u00e9e sp\u00e9cifiquement pour attirer les coffeeshops d'Amsterdam, o\u00f9 elle a rapidement \u00e9t\u00e9 reconnue pour ses caract\u00e9ristiques uniques et ses effets puissants. La vari\u00e9t\u00e9 est un croisement entre la Siddhartha et l'Afghani Hawaiian, ce qui donne une plante au rendement impressionnant et \u00e0 la saveur de bonbon \u00e0 la cerise acidul\u00e9e. Buddha's Sister offre une exp\u00e9rience \u00e9quilibr\u00e9e avec un m\u00e9lange de 60% Indica et 40% Sativa, ce qui la rend id\u00e9ale pour ceux qui recherchent \u00e0 la fois la relaxation et la stimulation mentale.<\/p>\n<p>Cette vari\u00e9t\u00e9 se distingue par sa structure haute et trapue, avec de nombreuses branches lat\u00e9rales qui la rendent plus adapt\u00e9e \u00e0 une m\u00e9thode de culture multi-branches plut\u00f4t qu'\u00e0 la technique de la mer verte (SOG). La Buddha's Sister est tr\u00e8s r\u00e9sineuse, ce qui la rend excellente pour la production de hasch, et ses t\u00eates ont une texture soyeuse et glissante qui met en valeur l'abondance de r\u00e9sine grasse. Bien qu'elle ait un go\u00fbt l\u00e9g\u00e8rement moins sucr\u00e9 que sa s\u0153ur, la Reclining Buddha, la Buddha's Sister est toujours connue pour sa qualit\u00e9 m\u00e9dicinale, offrant des bienfaits th\u00e9rapeutiques en plus d'un d\u00e9licieux profil de saveur.<\/p>\n<h2>Histoire de la s\u0153ur de Bouddha<\/h2>\n<p>L'histoire de Buddha's Sister commence par son nom d'origine, Soma Skunk V+, une vari\u00e9t\u00e9 s\u00e9lectionn\u00e9e par Soma Sacred Seeds. Cet hybride faisait initialement partie des efforts de Soma pour cr\u00e9er des vari\u00e9t\u00e9s offrant une valeur \u00e0 la fois m\u00e9dicinale et r\u00e9cr\u00e9ative. Apr\u00e8s sa mise sur le march\u00e9, la vari\u00e9t\u00e9 est rapidement devenue populaire en raison de ses effets puissants et de sa saveur unique. Le changement de nom en Buddha's Sister a contribu\u00e9 \u00e0 accro\u00eetre son attrait, en particulier dans les coffeeshops d'Amsterdam, o\u00f9 elle s'est rapidement vendue et a \u00e9t\u00e9 r\u00e9guli\u00e8rement \u00e9puis\u00e9e.<\/p>\n<p>La lign\u00e9e g\u00e9n\u00e9tique de cette vari\u00e9t\u00e9 est issue de la combinaison de Siddhartha et d'Afghani Hawaiian, deux vari\u00e9t\u00e9s connues pour leurs effets puissants et leurs saveurs riches. L'hybridation de ces deux vari\u00e9t\u00e9s a donn\u00e9 naissance \u00e0 une plante au rendement accru mais moins sucr\u00e9e que son homologue, Reclining Buddha. La Buddha's Sister est depuis devenue une plante de base dans la communaut\u00e9 du cannabis, admir\u00e9e pour ses propri\u00e9t\u00e9s m\u00e9dicinales et sa capacit\u00e9 \u00e0 procurer un high cr\u00e9atif et c\u00e9r\u00e9bral. C'est pourquoi elle reste l'une des vari\u00e9t\u00e9s les plus recherch\u00e9es sur les march\u00e9s du cannabis m\u00e9dicinal et r\u00e9cr\u00e9atif.<\/p>\n<h2>Comment utiliser la s\u0153ur de Bouddha<\/h2>\n<p>La Buddha's Sister est une vari\u00e9t\u00e9 polyvalente qui peut \u00eatre appr\u00e9ci\u00e9e sous diff\u00e9rentes formes, selon vos pr\u00e9f\u00e9rences. Les t\u00eates de Buddha's Sister ont une texture lisse et soyeuse, ce qui les rend faciles \u00e0 manipuler et id\u00e9ales pour la production de haschisch. La forte teneur en r\u00e9sine de la plante la rend parfaite pour cr\u00e9er des concentr\u00e9s puissants et savoureux. Pour ceux qui pr\u00e9f\u00e8rent la fumer, la vari\u00e9t\u00e9 offre une saveur de bonbon \u00e0 la cerise acidul\u00e9e qui procure une exp\u00e9rience agr\u00e9able et douce.<\/p>\n<p>En consommant Buddha's Sister, les utilisateurs peuvent s'attendre \u00e0 un high puissant, cr\u00e9atif et c\u00e9r\u00e9bral, parfait pour stimuler l'esprit et am\u00e9liorer la cr\u00e9ativit\u00e9. Elle est id\u00e9ale pour ceux qui souhaitent s'engager dans des activit\u00e9s artistiques, faire du brainstorming ou simplement profiter d'une exp\u00e9rience relaxante et \u00e9difiante. Cette vari\u00e9t\u00e9 est \u00e9galement populaire parmi les utilisateurs m\u00e9dicinaux en raison de ses effets th\u00e9rapeutiques, qui peuvent aider \u00e0 traiter diverses affections telles que le stress, l'anxi\u00e9t\u00e9 et les douleurs chroniques. Que vous la consommiez en fumant, en vaporisant ou en utilisant des concentr\u00e9s, Buddha's Sister offre une exp\u00e9rience bien \u00e9quilibr\u00e9e et agr\u00e9able.<\/p>\n<h2>Ingr\u00e9dients de la s\u0153ur de Bouddha<\/h2>\n<p>La saveur et les effets uniques de la Buddha's Sister sont le r\u00e9sultat d'une combinaison complexe de cannabino\u00efdes et de terp\u00e8nes. Les terp\u00e8nes dominants de la vari\u00e9t\u00e9 sont le myrc\u00e8ne, le limon\u00e8ne et le caryophyll\u00e8ne. Le myrc\u00e8ne contribue \u00e0 son ar\u00f4me terreux et musqu\u00e9 et \u00e0 ses effets relaxants, tandis que le limon\u00e8ne ajoute un zeste d'agrume au profil de saveur. Le caryophyll\u00e8ne, connu pour ses notes poivr\u00e9es et \u00e9pic\u00e9es, apporte une couche suppl\u00e9mentaire de complexit\u00e9 \u00e0 l'odeur et au go\u00fbt de la vari\u00e9t\u00e9.<\/p>\n<p>En plus de ses terp\u00e8nes, Buddha's Sister est riche en THC, responsable de ses effets puissants. Les g\u00e9n\u00e9tiques 60% Indica et 40% Sativa procurent un effet \u00e9quilibr\u00e9, \u00e0 la fois physiquement relaxant et mentalement stimulant. Cette combinaison de cannabino\u00efdes et de terp\u00e8nes fait de Buddha's Sister une vari\u00e9t\u00e9 unique, parfaite pour ceux qui recherchent \u00e0 la fois des bienfaits th\u00e9rapeutiques et un \u00e9lan cr\u00e9atif. Qu'ils soient utilis\u00e9s \u00e0 des fins r\u00e9cr\u00e9atives ou m\u00e9dicinales, les ingr\u00e9dients de Buddha's Sister travaillent en harmonie pour offrir une exp\u00e9rience cannabique exceptionnelle.<\/p>\n<p><strong>Avertissement :<\/strong><br \/>\nLa Buddha's Sister est une vari\u00e9t\u00e9 puissante et ses effets peuvent \u00eatre intenses pour certains utilisateurs. Si vous ne connaissez pas encore cette vari\u00e9t\u00e9, il est recommand\u00e9 de commencer par une petite dose pour \u00e9valuer votre tol\u00e9rance. Les bourgeons de cette vari\u00e9t\u00e9, riches en r\u00e9sine, doivent \u00eatre manipul\u00e9s avec pr\u00e9caution pendant la culture afin d'\u00e9viter les moisissures, en particulier dans les environnements humides. Consommez toujours de mani\u00e8re responsable et en respectant les lois locales.<\/p>","protected":false},"excerpt":{"rendered":"<p>Buddha's Sister est une vari\u00e9t\u00e9 de cannabis savoureuse et puissante, connue pour ses effets cr\u00e9atifs et c\u00e9r\u00e9braux. Avec les g\u00e9n\u00e9tiques 60% Indica et 40% Sativa, elle offre un high puissant, id\u00e9al pour ceux qui recherchent l'inspiration et la relaxation. Connue pour sa saveur unique de bonbon \u00e0 la cerise acidul\u00e9e, cette vari\u00e9t\u00e9 produit des rendements \u00e9lev\u00e9s et une r\u00e9sine abondante, parfaite pour la fabrication de haschisch. Qu'elle soit cultiv\u00e9e en hydroponie ou en sol organique, la Buddha's Sister s'\u00e9panouit dans une installation multi-branches et offre une exp\u00e9rience satisfaisante aux utilisateurs r\u00e9cr\u00e9atifs et m\u00e9dicinaux.<\/p>","protected":false},"featured_media":127357,"template":"","meta":[],"product_brand":[],"product_cat":[640,297,549,546],"product_tag":[],"class_list":{"0":"post-127353","1":"product","2":"type-product","3":"status-publish","4":"has-post-thumbnail","6":"product_cat-soma-sacred-seeds","7":"product_cat-all-products","8":"product_cat-feminized-seeds","9":"product_cat-seedshop","11":"first","12":"instock","13":"taxable","14":"shipping-taxable","15":"purchasable","16":"product-type-variable","17":"has-default-attributes"},"_links":{"self":[{"href":"https:\/\/www.tatanka.nl\/fr\/wp-json\/wp\/v2\/product\/127353","targetHints":{"allow":["GET"]}}],"collection":[{"href":"https:\/\/www.tatanka.nl\/fr\/wp-json\/wp\/v2\/product"}],"about":[{"href":"https:\/\/www.tatanka.nl\/fr\/wp-json\/wp\/v2\/types\/product"}],"wp:featuredmedia":[{"embeddable":true,"href":"https:\/\/www.tatanka.nl\/fr\/wp-json\/wp\/v2\/media\/127357"}],"wp:attachment":[{"href":"https:\/\/www.tatanka.nl\/fr\/wp-json\/wp\/v2\/media?parent=127353"}],"wp:term":[{"taxonomy":"product_brand","embeddable":true,"href":"https:\/\/www.tatanka.nl\/fr\/wp-json\/wp\/v2\/product_brand?post=127353"},{"taxonomy":"product_cat","embeddable":true,"href":"https:\/\/www.tatanka.nl\/fr\/wp-json\/wp\/v2\/product_cat?post=127353"},{"taxonomy":"product_tag","embeddable":true,"href":"https:\/\/www.tatanka.nl\/fr\/wp-json\/wp\/v2\/product_tag?post=127353"}],"curies":[{"name":"wp","href":"https:\/\/api.w.org\/{rel}","templated":true}]}}