{"id":127363,"date":"2025-01-10T13:37:12","date_gmt":"2025-01-10T12:37:12","guid":{"rendered":"https:\/\/www.tatanka.nl\/?post_type=product&#038;p=127363"},"modified":"2025-05-16T14:48:41","modified_gmt":"2025-05-16T13:48:41","slug":"lavender-soma-sacred-seeds","status":"publish","type":"product","link":"https:\/\/www.tatanka.nl\/fr\/lavender-soma-sacred-seeds\/","title":{"rendered":"Lavande - Soma Sacred Seeds"},"content":{"rendered":"<h2>Qu'est-ce que la lavande ?<\/h2>\n<p>Lavender est une vari\u00e9t\u00e9 de cannabis captivante qui se distingue non seulement par son apparence frappante, mais aussi par sa composition g\u00e9n\u00e9tique complexe. Il s'agit d'un croisement \u00e0 trois voies, incorporant les meilleures caract\u00e9ristiques de diff\u00e9rentes r\u00e9gions : Afghanistan, Hawa\u00ef, Cor\u00e9e, \u00c9tats-Unis et Europe. Ce patrimoine g\u00e9n\u00e9tique diversifi\u00e9 permet d'obtenir une plante \u00e0 la fois \u00e9tonnante sur le plan visuel et puissante. La lavande est particuli\u00e8rement connue pour sa coloration violette profonde, qui peut atteindre des teintes presque noires \u00e0 l'extr\u00e9mit\u00e9 des feuilles, ce qui en fait l'une des vari\u00e9t\u00e9s les plus visuellement frappantes qui soient.<\/p>\n<p>Les bourgeons denses de la plante \u00e9mettent un ar\u00f4me \u00e9pic\u00e9 rappelant le hasch afghan, ce qui ajoute \u00e0 son attrait. Avec un ratio calice\/feuilles \u00e9lev\u00e9, la Lavande est relativement facile \u00e0 entretenir, ce qui en fait une option int\u00e9ressante pour les cultivateurs. Bien qu'elle ne pousse pas aussi haut que les vari\u00e9t\u00e9s Haze, la Lavender peut tout de m\u00eame atteindre des hauteurs impressionnantes lorsqu'elle b\u00e9n\u00e9ficie d'une p\u00e9riode v\u00e9g\u00e9tative prolong\u00e9e. Elle est polyvalente et peut prosp\u00e9rer aussi bien \u00e0 l'int\u00e9rieur qu'\u00e0 l'ext\u00e9rieur, offrant un rendement g\u00e9n\u00e9reux et une qualit\u00e9 exceptionnelle. Qu'elle soit cultiv\u00e9e dans une mer de verdure ou en tant que plante \u00e0 branches multiples, la Lavande offre une exp\u00e9rience agr\u00e9able et puissante aux amateurs de cannabis.<\/p>\n<h2>Histoire de la lavande<\/h2>\n<p>L'histoire de la lavande est aussi diverse et riche que sa lign\u00e9e g\u00e9n\u00e9tique. Cette vari\u00e9t\u00e9 rassemble des g\u00e9n\u00e9tiques provenant de plusieurs r\u00e9gions, dont l'Afghanistan, Hawa\u00ef, la Cor\u00e9e, les \u00c9tats-Unis et l'Europe. La combinaison de ces diff\u00e9rentes vari\u00e9t\u00e9s de cannabis donne une vari\u00e9t\u00e9 qui m\u00e9lange les meilleures qualit\u00e9s de chaque r\u00e9gion, cr\u00e9ant ainsi un produit complexe et tr\u00e8s recherch\u00e9. L'influence afghane conf\u00e8re \u00e0 la Lavender son ar\u00f4me \u00e9pic\u00e9 caract\u00e9ristique, semblable \u00e0 celui du haschisch, tandis que la Hawaiian et les g\u00e9n\u00e9tiques am\u00e9ricaines contribuent \u00e0 sa puissance et \u00e0 son attrait g\u00e9n\u00e9ral.<\/p>\n<p>Les g\u00e8nes uniques de la Lavande ont \u00e9t\u00e9 soigneusement s\u00e9lectionn\u00e9s au fil du temps pour produire une vari\u00e9t\u00e9 qui offre non seulement une excellente d\u00e9fonce, mais qui s'\u00e9panouit \u00e9galement dans diverses conditions de culture. L'adaptabilit\u00e9 de la plante et son rendement exceptionnel en ont fait la favorite des cultivateurs d'int\u00e9rieur et d'ext\u00e9rieur. La coloration et la saveur distinctives de la lavande en ont fait un produit phare dans le monde du cannabis, attirant l'attention \u00e0 la fois pour sa beaut\u00e9 et pour ses effets puissants et relaxants. Aujourd'hui, elle reste un choix populaire pour les connaisseurs de cannabis qui recherchent une exp\u00e9rience \u00e9quilibr\u00e9e et apaisante.<\/p>\n<h2>Comment utiliser la lavande<\/h2>\n<p>La lavande est une vari\u00e9t\u00e9 polyvalente qui peut \u00eatre consomm\u00e9e de diff\u00e9rentes mani\u00e8res, selon vos pr\u00e9f\u00e9rences. Que vous pr\u00e9f\u00e9riez fumer, vaper ou utiliser des concentr\u00e9s, la Lavande offre une exp\u00e9rience puissante et relaxante, id\u00e9ale pour se d\u00e9tendre apr\u00e8s une longue journ\u00e9e. La saveur distincte de la vari\u00e9t\u00e9, qui ressemble beaucoup au hash afghan, en fait un excellent choix pour ceux qui aiment les notes riches, \u00e9pic\u00e9es et terreuses dans leur cannabis.<\/p>\n<p>Pour ceux qui d\u00e9couvrent cette vari\u00e9t\u00e9, il est recommand\u00e9 de commencer par une petite dose afin d'\u00e9valuer ses effets. Le high apaisant et doux de la lavande en fait un choix id\u00e9al pour le soir ou les jours de pluie, lorsque l'on souhaite se d\u00e9tendre et se relaxer. Ses effets calmants peuvent contribuer \u00e0 r\u00e9duire le stress et l'anxi\u00e9t\u00e9, et pour certains, ils peuvent m\u00eame favoriser le sommeil. Qu'elle soit utilis\u00e9e pour se d\u00e9tendre ou pour aider \u00e0 dormir, la lavande procure une exp\u00e9rience paisible et agr\u00e9able qui laisse les utilisateurs satisfaits et \u00e0 l'aise.<\/p>\n<h2>Ingr\u00e9dients de la lavande<\/h2>\n<p>Les effets et le profil de saveur de la Lavande sont le r\u00e9sultat d'une combinaison complexe de cannabino\u00efdes et de terp\u00e8nes. La forte teneur en THC de cette vari\u00e9t\u00e9 procure un effet puissant et relaxant, id\u00e9al pour se d\u00e9tendre. En plus du THC, la Lavande contient d'autres cannabino\u00efdes comme le CBD, qui contribuent \u00e0 ses effets th\u00e9rapeutiques, tels que le soulagement du stress et la relaxation.<\/p>\n<p>Les terp\u00e8nes de la lavande jouent \u00e9galement un r\u00f4le crucial dans sa saveur et son ar\u00f4me. Le myrc\u00e8ne, le terp\u00e8ne dominant, apporte des notes terreuses et musqu\u00e9es, tandis que le limon\u00e8ne ajoute un zeste d'agrumes au profil g\u00e9n\u00e9ral. Le caryophyll\u00e8ne apporte un ar\u00f4me \u00e9pic\u00e9 et poivr\u00e9, qui compl\u00e8te le parfum de haschisch afghan. Ces terp\u00e8nes s'associent pour cr\u00e9er une saveur unique et complexe qui rehausse l'exp\u00e9rience globale de l'utilisation de la lavande. La combinaison de ces ingr\u00e9dients donne une vari\u00e9t\u00e9 qui est non seulement apaisante mais aussi savoureuse, ce qui en fait un choix de premier ordre pour les amateurs de cannabis.<\/p>\n<p><strong>Avertissement :<\/strong><br \/>\nLa lavande est une vari\u00e9t\u00e9 puissante, et ses effets calmants peuvent \u00eatre intenses pour certains utilisateurs. Si vous ne connaissez pas encore cette vari\u00e9t\u00e9 ou si votre tol\u00e9rance est faible, il est recommand\u00e9 de commencer par une petite dose et de l'augmenter progressivement si n\u00e9cessaire. La nature relaxante de la lavande la rend plus adapt\u00e9e \u00e0 un usage en soir\u00e9e, car elle peut induire de la somnolence. Soyez conscient des effets de la vari\u00e9t\u00e9 et consommez-la de mani\u00e8re responsable, en particulier lorsque vous pr\u00e9voyez de vous engager dans des activit\u00e9s qui n\u00e9cessitent de la concentration. Respectez toujours les lois et r\u00e9glementations locales lorsque vous consommez des produits \u00e0 base de cannabis.<\/p>","protected":false},"excerpt":{"rendered":"<p>La Lavande est une vari\u00e9t\u00e9 de cannabis \u00e9tonnante et exotique avec une histoire g\u00e9n\u00e9tique riche, combinant des influences de l'Afghanistan, d'Hawa\u00ef, de la Cor\u00e9e, des \u00c9tats-Unis et de l'Europe. Connue pour sa coloration violette intense et ses bourgeons denses, cette vari\u00e9t\u00e9 offre un ar\u00f4me \u00e9pic\u00e9, semblable \u00e0 celui du hash afghan, ainsi qu'un effet calmant et doux. La lavande prosp\u00e8re dans les climats temp\u00e9r\u00e9s, produisant un rendement exceptionnel avec un processus de culture simplifi\u00e9. Id\u00e9ale pour un usage en soir\u00e9e, elle procure un effet relaxant et apaisant, parfait pour se d\u00e9tendre ou induire le sommeil.<\/p>","protected":false},"featured_media":127367,"template":"","meta":[],"product_brand":[],"product_cat":[640,297,549,546],"product_tag":[],"class_list":{"0":"post-127363","1":"product","2":"type-product","3":"status-publish","4":"has-post-thumbnail","6":"product_cat-soma-sacred-seeds","7":"product_cat-all-products","8":"product_cat-feminized-seeds","9":"product_cat-seedshop","11":"first","12":"instock","13":"taxable","14":"shipping-taxable","15":"purchasable","16":"product-type-variable","17":"has-default-attributes"},"_links":{"self":[{"href":"https:\/\/www.tatanka.nl\/fr\/wp-json\/wp\/v2\/product\/127363","targetHints":{"allow":["GET"]}}],"collection":[{"href":"https:\/\/www.tatanka.nl\/fr\/wp-json\/wp\/v2\/product"}],"about":[{"href":"https:\/\/www.tatanka.nl\/fr\/wp-json\/wp\/v2\/types\/product"}],"wp:featuredmedia":[{"embeddable":true,"href":"https:\/\/www.tatanka.nl\/fr\/wp-json\/wp\/v2\/media\/127367"}],"wp:attachment":[{"href":"https:\/\/www.tatanka.nl\/fr\/wp-json\/wp\/v2\/media?parent=127363"}],"wp:term":[{"taxonomy":"product_brand","embeddable":true,"href":"https:\/\/www.tatanka.nl\/fr\/wp-json\/wp\/v2\/product_brand?post=127363"},{"taxonomy":"product_cat","embeddable":true,"href":"https:\/\/www.tatanka.nl\/fr\/wp-json\/wp\/v2\/product_cat?post=127363"},{"taxonomy":"product_tag","embeddable":true,"href":"https:\/\/www.tatanka.nl\/fr\/wp-json\/wp\/v2\/product_tag?post=127363"}],"curies":[{"name":"wp","href":"https:\/\/api.w.org\/{rel}","templated":true}]}}