{"id":127932,"date":"2025-02-04T16:29:33","date_gmt":"2025-02-04T15:29:33","guid":{"rendered":"https:\/\/www.tatanka.nl\/?post_type=product&#038;p=127932"},"modified":"2026-02-05T00:49:25","modified_gmt":"2026-02-04T23:49:25","slug":"love-caps-6-capsules","status":"publish","type":"product","link":"https:\/\/www.tatanka.nl\/fr\/love-caps-6-capsules\/","title":{"rendered":"Love Caps - 6 g\u00e9lules"},"content":{"rendered":"<p><strong>Ultimate69 Love Caps - 6 Capsules<\/strong><\/p>\n<p>Am\u00e9liorez vos moments intimes avec Ultimate69 Love Caps, con\u00e7u pour les hommes et les femmes. Ces g\u00e9lules soigneusement \u00e9labor\u00e9es contiennent de puissants extraits de plantes pour am\u00e9liorer la libido, l'\u00e9nergie et l'endurance tout en procurant une subtile sensation de picotement. Faites l'exp\u00e9rience d'un plaisir accru et atteignez de nouveaux niveaux de satisfaction ensemble !<\/p>\n<p><strong>Ingr\u00e9dients :<\/strong><br \/>\n150 mg de GABA, 100 mg de L-arginine, 100 mg de L-citrulline, 100 mg d'extrait de maca noir, 50 mg de kanna, 50 mg d'extrait de ginseng, 50 mg d'extrait de damiana, 50 mg d'extrait de passiflore, 50 mg de taurine, 50 mg d'extrait de cacao, 50 mg de vitamine C, 25 mg d'extrait de m\u00e9lisse, 10 mg de niacine, 10 mg de zinc, 2 mg de pip\u00e9rine, et de l'amidon de riz comme excipient.<\/p>\n<p><strong>Dosage :<\/strong><br \/>\nPrendre une g\u00e9lule une heure avant l'acte sexuel. Si n\u00e9cessaire, prendre une deuxi\u00e8me g\u00e9lule apr\u00e8s 30 minutes. Ne pas d\u00e9passer 2 g\u00e9lules par jour.<\/p>\n<p><strong>Avertissement :<\/strong><br \/>\nTenir hors de port\u00e9e des enfants. Consulter un m\u00e9decin avant toute utilisation en cas de grossesse, d'allaitement ou de probl\u00e8mes de sant\u00e9. Il s'agit d'un compl\u00e9ment alimentaire qui doit \u00eatre utilis\u00e9 en cons\u00e9quence.<\/p>\n<p><strong>Stockage :<\/strong><br \/>\nConserver dans un endroit frais et sombre.<\/p>","protected":false},"excerpt":{"rendered":"<p>Boostez vos moments intimes avec Ultimate69 Love Caps, con\u00e7u pour les hommes et les femmes. Infus\u00e9es d'extraits de plantes de premi\u00e8re qualit\u00e9, ces capsules am\u00e9liorent la libido, l'\u00e9nergie et l'endurance tout en procurant une subtile sensation de picotement. Prendre une g\u00e9lule une heure avant l'activit\u00e9, avec la possibilit\u00e9 d'en prendre une deuxi\u00e8me si d\u00e9sir\u00e9. Maximum 2 par jour. Vivez le plaisir ultime ensemble !<\/p>","protected":false},"featured_media":127936,"template":"","meta":[],"product_brand":[],"product_cat":[531,297,576,573,383,476],"product_tag":[],"class_list":{"0":"post-127932","1":"product","2":"type-product","3":"status-publish","4":"has-post-thumbnail","6":"product_cat-aphrodisiacs","7":"product_cat-all-products","8":"product_cat-sex-products-for-couples","9":"product_cat-sex-products-top-10","10":"product_cat-sex-shop","11":"product_cat-smartshop","13":"first","14":"instock","15":"taxable","16":"shipping-taxable","17":"purchasable","18":"product-type-variable","19":"has-default-attributes"},"_links":{"self":[{"href":"https:\/\/www.tatanka.nl\/fr\/wp-json\/wp\/v2\/product\/127932","targetHints":{"allow":["GET"]}}],"collection":[{"href":"https:\/\/www.tatanka.nl\/fr\/wp-json\/wp\/v2\/product"}],"about":[{"href":"https:\/\/www.tatanka.nl\/fr\/wp-json\/wp\/v2\/types\/product"}],"wp:featuredmedia":[{"embeddable":true,"href":"https:\/\/www.tatanka.nl\/fr\/wp-json\/wp\/v2\/media\/127936"}],"wp:attachment":[{"href":"https:\/\/www.tatanka.nl\/fr\/wp-json\/wp\/v2\/media?parent=127932"}],"wp:term":[{"taxonomy":"product_brand","embeddable":true,"href":"https:\/\/www.tatanka.nl\/fr\/wp-json\/wp\/v2\/product_brand?post=127932"},{"taxonomy":"product_cat","embeddable":true,"href":"https:\/\/www.tatanka.nl\/fr\/wp-json\/wp\/v2\/product_cat?post=127932"},{"taxonomy":"product_tag","embeddable":true,"href":"https:\/\/www.tatanka.nl\/fr\/wp-json\/wp\/v2\/product_tag?post=127932"}],"curies":[{"name":"wp","href":"https:\/\/api.w.org\/{rel}","templated":true}]}}