{"id":127937,"date":"2022-04-04T16:34:35","date_gmt":"2022-04-04T15:34:35","guid":{"rendered":"https:\/\/www.tatanka.nl\/?post_type=product&#038;p=127937"},"modified":"2025-12-08T00:48:28","modified_gmt":"2025-12-07T23:48:28","slug":"sex-on-the-beach-magic-truffles","status":"publish","type":"product","link":"https:\/\/www.tatanka.nl\/fr\/sex-on-the-beach-magic-truffles\/","title":{"rendered":"Sex on the Beach Truffes magiques"},"content":{"rendered":"<h2 dir=\"auto\">Que sont les truffes magiques Sex on the Beach ?<\/h2>\n<p dir=\"auto\">Sex on the Beach Les truffes magiques, un type de scl\u00e9rotes, sont des formations souterraines de fils de myc\u00e9lium qui stockent les nutriments n\u00e9cessaires \u00e0 la croissance des champignons. Contrairement aux champignons classiques, ces truffes se forment dans des conditions sp\u00e9cifiques de temp\u00e9rature et d'humidit\u00e9, cr\u00e9ant ainsi un produit naturel puissant. Connues pour leur capacit\u00e9 \u00e0 am\u00e9liorer les exp\u00e9riences sensorielles et \u00e9motionnelles, elles sont particuli\u00e8rement appr\u00e9ci\u00e9es pour favoriser l'intimit\u00e9 et la connexion. Lorsqu'elles sont consomm\u00e9es, elles induisent toute une s\u00e9rie d'effets, allant de visions vives \u00e0 des r\u00e9flexions philosophiques, en fonction du dosage. La composition unique de ces truffes interagit avec le syst\u00e8me s\u00e9rotoninergique du cerveau, entra\u00eenant un \"trip\" hallucinog\u00e8ne qui peut s'av\u00e9rer magique et transformateur. Chaque bo\u00eete contient 15 grammes, con\u00e7us pour un seul utilisateur afin de garantir une exp\u00e9rience s\u00fbre et contr\u00f4l\u00e9e. Leur popularit\u00e9 croissante tient \u00e0 leur capacit\u00e9 \u00e0 offrir un voyage profond et personnel, ce qui en fait un choix recherch\u00e9 par ceux qui explorent les \u00e9tats de conscience modifi\u00e9s. Qu'elles soient utilis\u00e9es pour la d\u00e9couverte de soi ou pour des moments partag\u00e9s, les truffes magiques Sex on the Beach offrent une exp\u00e9rience polyvalente et puissante adapt\u00e9e \u00e0 l'\u00e9tat d'esprit et \u00e0 l'environnement de l'utilisateur.<\/p>\n<h2 dir=\"auto\">Histoire de Sex on the Beach Magic Truffles<\/h2>\n<p dir=\"auto\">L'utilisation de truffes magiques, y compris les truffes magiques Sex on the Beach, remonte \u00e0 d'anciennes cultures qui r\u00e9v\u00e9raient les substances psychoactives \u00e0 des fins spirituelles et communautaires. Les groupes indig\u00e8nes d'Am\u00e9rique centrale et d'Am\u00e9rique du Sud utilisaient des champignons similaires dans des rituels pour entrer en contact avec le divin ou explorer le moi. \u00c0 l'\u00e9poque moderne, les scl\u00e9rotes ont attir\u00e9 l'attention aux Pays-Bas, o\u00f9 ils sont devenus une alternative l\u00e9gale aux champignons magiques apr\u00e8s l'interdiction de ces derniers. Le m\u00e9lange sp\u00e9cifique de Sex on the Beach Magic Truffles a \u00e9t\u00e9 mis au point pour r\u00e9pondre aux besoins de ceux qui recherchent une exp\u00e9rience plus intime et sensorielle. Au fil des ans, les progr\u00e8s de la culture ont permis d'affiner leur puissance et leur consistance, ce qui en a fait un produit de base de la communaut\u00e9 psych\u00e9d\u00e9lique. Leur popularit\u00e9 croissante refl\u00e8te l'int\u00e9r\u00eat de plus en plus marqu\u00e9 pour les psych\u00e9d\u00e9liques naturels dans le cadre du d\u00e9veloppement personnel et de la connexion \u00e9motionnelle. Aujourd'hui, ces truffes sont c\u00e9l\u00e9br\u00e9es pour leur capacit\u00e9 \u00e0 cr\u00e9er des exp\u00e9riences significatives et partag\u00e9es, m\u00ealant les traditions anciennes aux d\u00e9sirs contemporains d'une connexion humaine plus profonde. Leurs effets uniques en ont fait les pr\u00e9f\u00e9r\u00e9es de ceux qui cherchent \u00e0 explorer \u00e0 la fois l'esprit et les relations d'une mani\u00e8re s\u00fbre et contr\u00f4l\u00e9e.<\/p>\n<h2 dir=\"auto\">Comment utiliser les truffes magiques Sex on the Beach<\/h2>\n<p dir=\"auto\">Pour consommer les truffes magiques Sex on the Beach en toute s\u00e9curit\u00e9, il convient de le faire dans un environnement calme et de confiance, id\u00e9alement avec un partenaire ou un compagnon proche. Commencez par la moiti\u00e9 de la bo\u00eete de 15 grammes pour \u00e9valuer les effets, et attendez 30 \u00e0 45 minutes avant de d\u00e9cider d'en prendre davantage. Le fait de bien m\u00e2cher augmente leur puissance, mais il est \u00e9galement possible de les faire infuser dans du th\u00e9 ou de la soupe pour les consommer plus facilement. Pour obtenir les meilleurs r\u00e9sultats, il convient de les consommer \u00e0 jeun. Les effets atteignent g\u00e9n\u00e9ralement leur maximum en 1 \u00e0 3 heures et s'estompent au bout de 5 \u00e0 6 heures. Conservez les truffes dans un endroit sombre et frais, entre 2\u00b0C et 4\u00b0C, afin de pr\u00e9server leur fra\u00eecheur. Ne pas combiner avec de l'alcool, des m\u00e9dicaments ou d'autres drogues, et ne pas utiliser en cas de grossesse, d'allaitement ou de probl\u00e8mes de sant\u00e9 mentale ou physique tels que la d\u00e9pression, les probl\u00e8mes cardiaques ou le diab\u00e8te. Il est strictement interdit de conduire ou d'utiliser des machines pendant l'utilisation. L'exp\u00e9rience peut varier, alors fixez vos intentions pour un voyage positif et intime. Relax, hydratez-vous et laissez les truffes vous guider dans une aventure sensorielle unique, en amplifiant les \u00e9motions et les perceptions pour une exp\u00e9rience m\u00e9morable.<\/p>\n<h2 dir=\"auto\">Ingr\u00e9dients de Sex on the Beach Magic Truffles<\/h2>\n<p dir=\"auto\">Sex on the Beach Les truffes magiques contiennent un m\u00e9lange naturel de nutriments et de compos\u00e9s psychoactifs, principalement de la psilocybine, qui se transforme en psilocine dans l'organisme pour produire des effets hallucinog\u00e8nes. Pour 100 grammes, elles fournissent 110,5 kcal, 13,2 grammes de glucides, 5,3 grammes de prot\u00e9ines, 0,4 gramme de lipides et 16,7 grammes de fibres alimentaires. Elles contiennent \u00e9galement des min\u00e9raux essentiels tels que 13,6 mg de sodium, 169,3 mg de phosphore, 210 mg de potassium, 12,5 mg de calcium et 0,7 mg de fer, ainsi que 10 UI de vitamine D. Ces nutriments soutiennent les fonctions \u00e9nerg\u00e9tiques et r\u00e9gulatrices de l'organisme, ce qui fait des truffes un produit de consommation unique. La psilocybine qu'elles contiennent est responsable de leurs effets sur l'esprit, influen\u00e7ant les voies de la s\u00e9rotonine pour am\u00e9liorer l'humeur, la perception et l'intimit\u00e9. Cultiv\u00e9es dans des conditions contr\u00f4l\u00e9es, les truffes sont exemptes d'additifs artificiels et s'appuient sur les propri\u00e9t\u00e9s naturelles des scl\u00e9rotes. Cette composition permet non seulement d'alimenter le corps, mais aussi de cr\u00e9er une exp\u00e9rience psychologique profonde, ce qui en fait un produit id\u00e9al pour ceux qui recherchent \u00e0 la fois des avantages nutritionnels et psychoactifs dans un seul et m\u00eame produit.<\/p>\n<p dir=\"auto\"><strong>Avertissement<\/strong><br \/>\nLes truffes magiques Sex on the Beach contiennent de la psilocybine et de la psilocine, des hallucinog\u00e8nes naturels qui peuvent alt\u00e9rer de mani\u00e8re significative la conscience et induire des hallucinations vives. Ces substances peuvent affecter l'\u00e9tat mental et \u00e9motionnel, c'est pourquoi il convient de les utiliser avec prudence et uniquement dans un cadre s\u00fbr et contr\u00f4l\u00e9. Gardez-les toujours hors de port\u00e9e des enfants en raison de leurs effets puissants. \u00c9vitez d'en consommer si vous avez des ant\u00e9c\u00e9dents de troubles mentaux, si vous \u00eates enceinte ou si vous avez des probl\u00e8mes de sant\u00e9, car les effets peuvent \u00eatre impr\u00e9visibles. Une utilisation responsable est essentielle pour garantir une exp\u00e9rience positive.<\/p>","protected":false},"excerpt":{"rendered":"<p dir=\"auto\">Les truffes magiques Sex on the Beach offrent une exp\u00e9rience intime et sensorielle con\u00e7ue pour approfondir la connexion et intensifier le plaisir. Parfaites pour une escapade romantique, ces truffes cr\u00e9ent un voyage euphorique unique pour vous et votre partenaire.<\/p>\n<p><strong>Exp\u00e9rience compl\u00e8te :<\/strong> Une bo\u00eete par personne<\/p>","protected":false},"featured_media":127958,"template":"","meta":[],"product_brand":[],"product_cat":[516,297,515,519,476],"product_tag":[662],"class_list":{"0":"post-127937","1":"product","2":"type-product","3":"status-publish","4":"has-post-thumbnail","6":"product_cat-magic-truffles","7":"product_cat-all-products","8":"product_cat-shroomshop","9":"product_cat-shroomshop-top-10","10":"product_cat-smartshop","11":"product_tag-shrdeal","12":"product_shipping_class-creditcard-off","14":"first","15":"instock","16":"taxable","17":"shipping-taxable","18":"purchasable","19":"product-type-variable","20":"has-default-attributes"},"_links":{"self":[{"href":"https:\/\/www.tatanka.nl\/fr\/wp-json\/wp\/v2\/product\/127937","targetHints":{"allow":["GET"]}}],"collection":[{"href":"https:\/\/www.tatanka.nl\/fr\/wp-json\/wp\/v2\/product"}],"about":[{"href":"https:\/\/www.tatanka.nl\/fr\/wp-json\/wp\/v2\/types\/product"}],"wp:featuredmedia":[{"embeddable":true,"href":"https:\/\/www.tatanka.nl\/fr\/wp-json\/wp\/v2\/media\/127958"}],"wp:attachment":[{"href":"https:\/\/www.tatanka.nl\/fr\/wp-json\/wp\/v2\/media?parent=127937"}],"wp:term":[{"taxonomy":"product_brand","embeddable":true,"href":"https:\/\/www.tatanka.nl\/fr\/wp-json\/wp\/v2\/product_brand?post=127937"},{"taxonomy":"product_cat","embeddable":true,"href":"https:\/\/www.tatanka.nl\/fr\/wp-json\/wp\/v2\/product_cat?post=127937"},{"taxonomy":"product_tag","embeddable":true,"href":"https:\/\/www.tatanka.nl\/fr\/wp-json\/wp\/v2\/product_tag?post=127937"}],"curies":[{"name":"wp","href":"https:\/\/api.w.org\/{rel}","templated":true}]}}