{"id":129627,"date":"2025-05-09T08:20:26","date_gmt":"2025-05-09T07:20:26","guid":{"rendered":"https:\/\/www.tatanka.nl\/?post_type=product&#038;p=129627"},"modified":"2025-10-16T07:58:42","modified_gmt":"2025-10-16T06:58:42","slug":"cutting-monstrosus-25-29-cm","status":"publish","type":"product","link":"https:\/\/www.tatanka.nl\/fr\/cutting-monstrosus-25-29-cm\/","title":{"rendered":"Coupe Monstrosus 25 - 29 cm"},"content":{"rendered":"<h2 class=\"\" data-start=\"474\" data-end=\"511\">Qu'est-ce que le Cutting Monstrosus ?<\/h2>\n<p class=\"\" data-start=\"513\" data-end=\"1495\">Les <em data-start=\"517\" data-end=\"544\">Coupe du cactus Monstrosus<\/em> est une forme sp\u00e9ciale et naturellement mut\u00e9e d'un cactus contenant de la mescaline, dont on pense souvent qu'il s'agit d'une variante d'esp\u00e8ces telles que le <em data-start=\"671\" data-end=\"694\">Trichocereus pachanoi<\/em> ou <em data-start=\"698\" data-end=\"723\">Trichocereus peruvianus<\/em>. Reconnu pour sa croissance irr\u00e9guli\u00e8re et \"monstrueuse\", le cactus d\u00e9veloppe des formes torsad\u00e9es et noueuses qui rendent chaque sp\u00e9cimen visuellement unique. Au-del\u00e0 de son aspect fascinant, le <em data-start=\"910\" data-end=\"937\">Coupe du cactus Monstrosus<\/em> a une valeur spirituelle importante. Il est utilis\u00e9 dans les pratiques indig\u00e8nes depuis des si\u00e8cles en raison de ses puissants effets psychoactifs, principalement attribu\u00e9s \u00e0 sa teneur en mescaline. Lorsqu'il est consomm\u00e9, le cactus peut servir d'outil d'introspection profonde, de purification \u00e9nerg\u00e9tique et de gu\u00e9rison \u00e9motionnelle. En tant que bouture, il permet aux utilisateurs de pr\u00e9parer leur propre dose c\u00e9r\u00e9monielle ou de la propager pour un usage ult\u00e9rieur. Le cactus <em data-start=\"1330\" data-end=\"1357\">Coupe du cactus Monstrosus<\/em> fait le lien entre les domaines physique et spirituel, en aidant ceux qui recherchent la connexion, la clart\u00e9 et un sens renouvel\u00e9 de soi par des moyens naturels.<\/p>\n<h2 class=\"\" data-start=\"1502\" data-end=\"1540\">Histoire du d\u00e9coupage de Monstrosus<\/h2>\n<p class=\"\" data-start=\"1542\" data-end=\"2786\">Les <em data-start=\"1546\" data-end=\"1573\">Coupe du cactus Monstrosus<\/em> trouve son origine dans les anciennes cultures andines qui ont longtemps v\u00e9n\u00e9r\u00e9 les cactus riches en mescaline comme des plantes sacr\u00e9es. Souvent pr\u00e9sents dans les r\u00e9gions montagneuses du P\u00e9rou, de la Bolivie et du nord du Chili, ces cactus \u00e9taient traditionnellement utilis\u00e9s dans des rituels chamaniques visant \u00e0 la gu\u00e9rison, \u00e0 la divination et \u00e0 l'\u00e9veil spirituel. La variante \"monstrosus\" fait r\u00e9f\u00e9rence \u00e0 la mutation g\u00e9n\u00e9tique unique qui provoque une croissance anormale et non lin\u00e9aire, ce qui en fait un symbole de transformation et d'impr\u00e9visibilit\u00e9. Bien que l'on ne sache pas exactement quand le <em data-start=\"2072\" data-end=\"2099\">Coupe du cactus Monstrosus<\/em> Son utilisation est parall\u00e8le \u00e0 l'histoire de cactus c\u00e9r\u00e9moniels plus courants comme le San Pedro et le Peruvian Torch. Les chamans et les chefs spirituels pr\u00e9paraient le cactus comme un sacrement, consomm\u00e9 au cours de rituels nocturnes destin\u00e9s \u00e0 acc\u00e9der \u00e0 des \u00e9tats de conscience sup\u00e9rieurs. Dans les communaut\u00e9s spirituelles modernes, le <em data-start=\"2406\" data-end=\"2433\">Coupe du cactus Monstrosus<\/em> est appr\u00e9ci\u00e9 non seulement pour sa raret\u00e9, mais aussi pour son symbolisme intensifi\u00e9. La forme impr\u00e9visible du cactus refl\u00e8te le voyage humain - beau, chaotique et profond\u00e9ment personnel. Sa r\u00e9putation n'a cess\u00e9 de cro\u00eetre dans les cercles de m\u00e9decine v\u00e9g\u00e9tale contemporains, ce qui en fait un cactus tr\u00e8s recherch\u00e9 par ceux qui explorent la gu\u00e9rison par les plantes et l'intuition mystique.<\/p>\n<h2 class=\"\" data-start=\"2793\" data-end=\"2831\">Comment utiliser Cutting Monstrosus<\/h2>\n<p class=\"\" data-start=\"2833\" data-end=\"3374\">Les <em data-start=\"2837\" data-end=\"2864\">Coupe du cactus Monstrosus<\/em> est g\u00e9n\u00e9ralement consomm\u00e9e dans des contextes c\u00e9r\u00e9moniels ou m\u00e9ditatifs, appr\u00e9ci\u00e9e pour ses fortes propri\u00e9t\u00e9s psychoactives. Avant d'\u00eatre ing\u00e9r\u00e9e, la peau ext\u00e9rieure et les \u00e9pines doivent \u00eatre soigneusement enlev\u00e9es. La chair int\u00e9rieure est coup\u00e9e en morceaux et souvent mijot\u00e9e dans de l'eau pendant plusieurs heures pour cr\u00e9er un th\u00e9 concentr\u00e9. Ce th\u00e9 est connu pour sa saveur am\u00e8re, mais c'est la m\u00e9thode la plus traditionnelle et la plus efficace de consommer le cactus. Certaines personnes choisissent \u00e9galement de consommer la chair crue, mais cette m\u00e9thode est plus susceptible de provoquer des naus\u00e9es.<\/p>\n<p class=\"\" data-start=\"3376\" data-end=\"4065\">Il est essentiel d'aborder l'exp\u00e9rience avec intention et pr\u00e9paration. Les effets commencent g\u00e9n\u00e9ralement \u00e0 se faire sentir 1 \u00e0 2 heures apr\u00e8s la consommation, pour atteindre leur maximum 4 \u00e0 6 heures plus tard. L'exp\u00e9rience globale peut durer de 10 \u00e0 15 heures. Pendant cette p\u00e9riode, les utilisateurs peuvent ressentir des ph\u00e9nom\u00e8nes visuels, une conscience \u00e9motionnelle accrue et un fort sentiment d'interconnexion avec la nature et avec eux-m\u00eames. Il est essentiel de consommer le <em data-start=\"3779\" data-end=\"3806\">Coupe du cactus Monstrosus<\/em> dans un environnement calme et s\u00fbr, en pr\u00e9sence d'un accompagnateur sobre. Il est fortement recommand\u00e9 de s'hydrater correctement, de suivre un r\u00e9gime alimentaire l\u00e9ger au pr\u00e9alable et de se reposer apr\u00e8s l'exp\u00e9rience. Le cactus doit \u00eatre trait\u00e9 comme un guide sacr\u00e9, non pas pour les loisirs, mais pour la gu\u00e9rison et l'alignement spirituel.<\/p>\n<h2 class=\"\" data-start=\"4072\" data-end=\"4114\">Ingr\u00e9dients de Cutting Monstrosus<\/h2>\n<p class=\"\" data-start=\"4116\" data-end=\"4612\">Les <em data-start=\"4120\" data-end=\"4147\">Coupe du cactus Monstrosus<\/em> contient une s\u00e9rie de compos\u00e9s d'origine naturelle, notamment <strong data-start=\"4212\" data-end=\"4225\">mescaline<\/strong>La mescaline est un puissant enth\u00e9og\u00e8ne qui interagit avec les r\u00e9cepteurs de la s\u00e9rotonine et qui est responsable de ses effets psychoactifs et visionnaires. La mescaline est un puissant enth\u00e9og\u00e8ne qui interagit avec les r\u00e9cepteurs de la s\u00e9rotonine, induisant des \u00e9tats de conscience alt\u00e9r\u00e9s, une perception accrue et une profonde introspection. Outre la mescaline, le cactus peut \u00e9galement contenir d'autres alcalo\u00efdes en plus petites quantit\u00e9s, tels que l'anhalonidine et la tyramine, qui peuvent renforcer ses effets globaux.<\/p>\n<p class=\"\" data-start=\"4614\" data-end=\"5349\">En termes de composition physique, les <em data-start=\"4652\" data-end=\"4679\">Coupe du cactus Monstrosus<\/em> se compose d'une forte teneur en eau, d'un tissu v\u00e9g\u00e9tal fibreux et de couches cutan\u00e9es protectrices. La structure irr\u00e9guli\u00e8re de la variante \"monstrosus\" est due \u00e0 une mutation g\u00e9n\u00e9tique, mais cela n'affecte pas sa puissance. Si la concentration en mescaline de chaque bouture de cactus peut varier en fonction de l'\u00e2ge, de la taille et des conditions de culture, la composante spirituelle essentielle reste intacte. C'est ce qui fait de la <em data-start=\"5050\" data-end=\"5077\">Coupe du cactus Monstrosus<\/em> une source de transformation \u00e0 la fois biochimique et symbolique. Sa structure propre et naturelle permet de l'utiliser avec un minimum de traitement. Pour ceux qui recherchent un outil d'\u00e9veil et de gu\u00e9rison naturel, \u00e0 base de plantes, le <em data-start=\"5288\" data-end=\"5315\">Coupe du cactus Monstrosus<\/em> offre une voie profonde et organique.<\/p>\n<p class=\"\" data-start=\"5356\" data-end=\"5817\"><strong data-start=\"5356\" data-end=\"5368\">Avertissement :<\/strong><br data-start=\"5368\" data-end=\"5371\" \/>Faire <strong data-start=\"5374\" data-end=\"5381\">pas<\/strong> utiliser le <em data-start=\"5390\" data-end=\"5417\">Coupe du cactus Monstrosus<\/em> si vous \u00eates enceinte, si vous allaitez, si vous avez moins de 18 ans ou si vous souffrez d'un probl\u00e8me m\u00e9dical tel que des probl\u00e8mes cardiaques, des anomalies de la tension art\u00e9rielle ou des probl\u00e8mes de sant\u00e9 mentale. \u00c9vitez les m\u00e9langes avec de l'alcool, des m\u00e9dicaments ou d'autres substances. Consommez toujours dans un endroit s\u00fbr, en pr\u00e9sence d'un accompagnateur sobre. Ne conduisez pas et n'utilisez pas de machines sous l'influence de l'alcool. Respecter le cactus comme un m\u00e9dicament sacr\u00e9 et non comme une drogue r\u00e9cr\u00e9ative.<\/p>","protected":false},"excerpt":{"rendered":"<p>Le cactus Cutting Monstrosus est une plante rare et v\u00e9n\u00e9r\u00e9e, connue pour sa puissante profondeur spirituelle et son \u00e9nergie curative naturelle. Traditionnellement utilis\u00e9 dans les rituels sacr\u00e9s et les voyages introspectifs, ce cactus offre un chemin unique vers la clart\u00e9 \u00e9motionnelle, la d\u00e9couverte de soi et la connexion avec l'univers.<\/p>","protected":false},"featured_media":129629,"template":"","meta":[],"product_brand":[],"product_cat":[536,297,476],"product_tag":[],"class_list":{"0":"post-129627","1":"product","2":"type-product","3":"status-publish","4":"has-post-thumbnail","6":"product_cat-mescaline-cacti","7":"product_cat-all-products","8":"product_cat-smartshop","9":"product_shipping_class-creditcard-off","11":"first","12":"instock","13":"taxable","14":"shipping-taxable","15":"purchasable","16":"product-type-variable","17":"has-default-attributes"},"_links":{"self":[{"href":"https:\/\/www.tatanka.nl\/fr\/wp-json\/wp\/v2\/product\/129627","targetHints":{"allow":["GET"]}}],"collection":[{"href":"https:\/\/www.tatanka.nl\/fr\/wp-json\/wp\/v2\/product"}],"about":[{"href":"https:\/\/www.tatanka.nl\/fr\/wp-json\/wp\/v2\/types\/product"}],"wp:featuredmedia":[{"embeddable":true,"href":"https:\/\/www.tatanka.nl\/fr\/wp-json\/wp\/v2\/media\/129629"}],"wp:attachment":[{"href":"https:\/\/www.tatanka.nl\/fr\/wp-json\/wp\/v2\/media?parent=129627"}],"wp:term":[{"taxonomy":"product_brand","embeddable":true,"href":"https:\/\/www.tatanka.nl\/fr\/wp-json\/wp\/v2\/product_brand?post=129627"},{"taxonomy":"product_cat","embeddable":true,"href":"https:\/\/www.tatanka.nl\/fr\/wp-json\/wp\/v2\/product_cat?post=129627"},{"taxonomy":"product_tag","embeddable":true,"href":"https:\/\/www.tatanka.nl\/fr\/wp-json\/wp\/v2\/product_tag?post=129627"}],"curies":[{"name":"wp","href":"https:\/\/api.w.org\/{rel}","templated":true}]}}