{"id":129631,"date":"2025-05-09T08:31:49","date_gmt":"2025-05-09T07:31:49","guid":{"rendered":"https:\/\/www.tatanka.nl\/?post_type=product&#038;p=129631"},"modified":"2025-10-16T07:58:42","modified_gmt":"2025-10-16T06:58:42","slug":"cutting-bridgesii-25-29-cm","status":"publish","type":"product","link":"https:\/\/www.tatanka.nl\/fr\/cutting-bridgesii-25-29-cm\/","title":{"rendered":"Ponts de coupeii 25 - 29 cm"},"content":{"rendered":"<h2 class=\"\" data-start=\"540\" data-end=\"576\">Qu'est-ce qu'un pont de coupe ?<\/h2>\n<p class=\"\" data-start=\"578\" data-end=\"1508\">Les <em data-start=\"582\" data-end=\"608\">Coupe du cactus Bridgesii<\/em>-\u00e9galement connu sous le nom de <strong data-start=\"623\" data-end=\"650\">Echinopsis lageniformis<\/strong> ou <strong data-start=\"654\" data-end=\"672\">Torche bolivienne<\/strong>-est un cactus colonnaire \u00e0 croissance rapide originaire de Bolivie. Avec sa peau bleu-vert caract\u00e9ristique, ses longues \u00e9pines et sa structure nervur\u00e9e, il est \u00e0 la fois visuellement frappant et spirituellement puissant. Ce cactus est appr\u00e9ci\u00e9 pour sa teneur \u00e9lev\u00e9e en mescaline, ce qui en fait l'une des esp\u00e8ces les plus psychoactives de la famille des Trichocereus. En tant que bouture, il offre un moyen flexible de propager une nouvelle plante ou de pr\u00e9parer une dose c\u00e9r\u00e9monielle pour un usage spirituel. Connue pour induire des \u00e9tats visionnaires, une clart\u00e9 \u00e9motionnelle et une connexion profonde avec soi-m\u00eame et la nature, la <em data-start=\"1216\" data-end=\"1242\">Coupe du cactus Bridgesii<\/em> est devenu un outil essentiel pour ceux qui pratiquent un travail int\u00e9rieur conscient. Qu'il soit utilis\u00e9 dans des c\u00e9r\u00e9monies traditionnelles ou dans des contextes de gu\u00e9rison modernes, le <em data-start=\"1386\" data-end=\"1412\">Coupe du cactus Bridgesii<\/em> est un alli\u00e9 v\u00e9g\u00e9tal capable de guider les individus dans une profonde transformation personnelle.<\/p>\n<h2 class=\"\" data-start=\"1515\" data-end=\"1552\">Histoire de la coupe des pontsii<\/h2>\n<p class=\"\" data-start=\"1554\" data-end=\"2080\">Les <em data-start=\"1558\" data-end=\"1584\">Coupe du cactus Bridgesii<\/em> trouve ses racines dans les r\u00e9gions de haute altitude de la Bolivie, o\u00f9 il est utilis\u00e9 depuis des si\u00e8cles par les cultures indig\u00e8nes andines. Les gu\u00e9risseurs et les chamans consomment traditionnellement ce cactus lors de c\u00e9r\u00e9monies sacr\u00e9es pour acc\u00e9der \u00e0 la guidance spirituelle, faciliter la gu\u00e9rison et communiquer avec le monde des esprits. La torche bolivienne est souvent mentionn\u00e9e aux c\u00f4t\u00e9s d'autres cactus c\u00e9r\u00e9moniels tels que le San Pedro et le Peyotl, bien que la torche bolivienne ne soit pas consid\u00e9r\u00e9e comme un cactus sacr\u00e9. <em data-start=\"1989\" data-end=\"2015\">Coupe du cactus Bridgesii<\/em> est connu pour ses exp\u00e9riences particuli\u00e8rement intenses et visionnaires.<\/p>\n<p class=\"\" data-start=\"2082\" data-end=\"2687\">Son nom rend hommage au botaniste du XIXe si\u00e8cle Thomas Bridges et, depuis sa d\u00e9couverte, elle a d\u00e9pass\u00e9 les fronti\u00e8res de l'Am\u00e9rique du Sud pour se retrouver dans les cercles spirituels du monde entier. Au cours des derni\u00e8res d\u00e9cennies, il a gagn\u00e9 un public fid\u00e8le dans les communaut\u00e9s de m\u00e9decine des plantes en raison de ses effets puissants et lucides. Le cactus est consid\u00e9r\u00e9 comme un \"ma\u00eetre enseignant\", capable d'affronter des douleurs \u00e9motionnelles profond\u00e9ment enracin\u00e9es, de d\u00e9manteler les structures de l'ego et de guider les utilisateurs vers une plus grande libert\u00e9 personnelle. Aujourd'hui, le <em data-start=\"2552\" data-end=\"2578\">Coupe du cactus Bridgesii<\/em> est un pont, \u00e0 la fois litt\u00e9ral et symbolique, entre la sagesse ancienne et les chercheurs modernes de v\u00e9rit\u00e9 int\u00e9rieure.<\/p>\n<h2 class=\"\" data-start=\"2694\" data-end=\"2731\">Comment utiliser les ponts de coupe ?<\/h2>\n<p class=\"\" data-start=\"2733\" data-end=\"3248\">Les <em data-start=\"2737\" data-end=\"2763\">Coupe du cactus Bridgesii<\/em> est g\u00e9n\u00e9ralement consomm\u00e9 dans des contextes c\u00e9r\u00e9moniels ou th\u00e9rapeutiques pour acc\u00e9der \u00e0 ses puissantes propri\u00e9t\u00e9s visionnaires. La pr\u00e9paration consiste \u00e0 retirer les \u00e9pines et la peau ext\u00e9rieure vert fonc\u00e9, puis \u00e0 d\u00e9couper la chair int\u00e9rieure en petites sections. Celles-ci sont mises \u00e0 mijoter pendant plusieurs heures dans de l'eau pour produire un th\u00e9 \u00e9pais et amer. Le liquide obtenu est consomm\u00e9 lentement et avec intention, souvent dans un environnement calme et favorable. Certains utilisateurs m\u00e9langent \u00e9galement le cactus bouilli pour en faire une p\u00e2te buvable ou le font s\u00e9cher pour un usage ult\u00e9rieur.<\/p>\n<p class=\"\" data-start=\"3250\" data-end=\"3906\">\u00c0 jeun, les effets commencent g\u00e9n\u00e9ralement \u00e0 se faire sentir au bout d'une \u00e0 deux heures et atteignent leur paroxysme au bout de trois \u00e0 cinq heures. L'exp\u00e9rience compl\u00e8te peut durer entre 10 et 14 heures. De nombreuses personnes font \u00e9tat d'une profonde introspection, d'une lib\u00e9ration \u00e9motionnelle, de sch\u00e9mas visuels et d'un profond sentiment d'unit\u00e9 avec la nature. L'exp\u00e9rience <em data-start=\"3523\" data-end=\"3549\">Coupe du cactus Bridgesii<\/em> ne doit pas \u00eatre pris \u00e0 la l\u00e9g\u00e8re - ses effets peuvent \u00eatre intenses et il ne doit \u00eatre utilis\u00e9 que si l'on est mentalement et physiquement pr\u00e9par\u00e9. Assurez-vous toujours de la pr\u00e9sence d'un accompagnateur de confiance et \u00e9vitez les distractions ext\u00e9rieures. L'int\u00e9gration apr\u00e8s le voyage est essentielle. La tenue d'un journal, le repos et la r\u00e9flexion peuvent vous aider \u00e0 absorber et \u00e0 ancrer les id\u00e9es re\u00e7ues de ce puissant cactus.<\/p>\n<h2 class=\"\" data-start=\"3913\" data-end=\"3954\">Ingr\u00e9dients des ponts de coupe<\/h2>\n<p class=\"\" data-start=\"3956\" data-end=\"4436\">Le principal compos\u00e9 actif de la <em data-start=\"3991\" data-end=\"4017\">Coupe du cactus Bridgesii<\/em> est <strong data-start=\"4021\" data-end=\"4034\">mescaline<\/strong>La mescaline est un alcalo\u00efde psych\u00e9d\u00e9lique naturel utilis\u00e9 dans des rituels sacr\u00e9s depuis des milliers d'ann\u00e9es. La mescaline affecte les r\u00e9cepteurs de s\u00e9rotonine dans le cerveau, modifiant la perception, renfor\u00e7ant l'\u00e9motion et ouvrant des voies vers la conscience spirituelle. Ce cactus contient g\u00e9n\u00e9ralement une forte concentration de mescaline par rapport aux autres esp\u00e8ces de Trichocereus, ce qui le rend particuli\u00e8rement recherch\u00e9 pour les c\u00e9r\u00e9monies.<\/p>\n<p class=\"\" data-start=\"4438\" data-end=\"5111\">D'autres alcalo\u00efdes tels que l'anhalonidine et la tyramine peuvent \u00e9galement \u00eatre pr\u00e9sents en plus petites quantit\u00e9s, contribuant au profil \u00e9nerg\u00e9tique global. Sur le plan physique, la <em data-start=\"4598\" data-end=\"4624\">Coupe du cactus Bridgesii<\/em> est compos\u00e9 de tissus v\u00e9g\u00e9taux fibreux \u00e0 forte teneur en eau, ce qui lui permet de survivre dans des environnements arides. Sa peau cireuse et nervur\u00e9e aide \u00e0 conserver l'humidit\u00e9, tandis que son c\u0153ur riche en alcalo\u00efdes d\u00e9livre ses effets spirituels et curatifs lorsqu'il est correctement pr\u00e9par\u00e9. Contrairement aux cactus ornementaux, cette plante est consid\u00e9r\u00e9e comme un outil sacr\u00e9. Le <em data-start=\"4943\" data-end=\"4969\">Coupe du cactus Bridgesii<\/em> n'est pas seulement une plante - c'est un alli\u00e9 puissant pour ceux qui recherchent le d\u00e9veloppement personnel, la v\u00e9rit\u00e9 spirituelle et l'\u00e9largissement de la conscience par des moyens naturels.<\/p>\n<p class=\"\" data-start=\"5118\" data-end=\"5619\"><strong data-start=\"5118\" data-end=\"5130\">Avertissement :<\/strong><br data-start=\"5130\" data-end=\"5133\" \/>Faire <strong data-start=\"5136\" data-end=\"5143\">pas<\/strong> consommer le <em data-start=\"5156\" data-end=\"5182\">Coupe du cactus Bridgesii<\/em> si vous \u00eates enceinte, si vous allaitez, si vous avez moins de 18 ans ou si vous souffrez de troubles mentaux, de probl\u00e8mes cardiaques ou d'hypertension ou d'hypotension. \u00c9vitez de combiner ce produit avec de l'alcool, des m\u00e9dicaments sur ordonnance ou d'autres substances psychoactives. Ne l'utilisez que dans un environnement s\u00fbr et paisible, en pr\u00e9sence d'une personne sobre. Ne pas conduire ou utiliser des machines sous son influence. Respecter le <em data-start=\"5543\" data-end=\"5569\">Coupe du cactus Bridgesii<\/em> comme une m\u00e9decine sacr\u00e9e et non comme une substance r\u00e9cr\u00e9ative.<\/p>","protected":false},"excerpt":{"rendered":"<p>Le cactus Cutting Bridgesii est une plante enseignante sacr\u00e9e et puissante, v\u00e9n\u00e9r\u00e9e depuis longtemps pour ses profondes connaissances spirituelles et ses propri\u00e9t\u00e9s curatives. Traditionnellement utilis\u00e9 dans les rituels chamaniques et le travail int\u00e9rieur, il offre une voie puissante vers la d\u00e9couverte de soi, la purification \u00e9nerg\u00e9tique et l'\u00e9l\u00e9vation de la conscience.<\/p>","protected":false},"featured_media":129633,"template":"","meta":[],"product_brand":[],"product_cat":[536,297,476],"product_tag":[],"class_list":{"0":"post-129631","1":"product","2":"type-product","3":"status-publish","4":"has-post-thumbnail","6":"product_cat-mescaline-cacti","7":"product_cat-all-products","8":"product_cat-smartshop","9":"product_shipping_class-creditcard-off","11":"first","12":"instock","13":"taxable","14":"shipping-taxable","15":"purchasable","16":"product-type-variable","17":"has-default-attributes"},"_links":{"self":[{"href":"https:\/\/www.tatanka.nl\/fr\/wp-json\/wp\/v2\/product\/129631","targetHints":{"allow":["GET"]}}],"collection":[{"href":"https:\/\/www.tatanka.nl\/fr\/wp-json\/wp\/v2\/product"}],"about":[{"href":"https:\/\/www.tatanka.nl\/fr\/wp-json\/wp\/v2\/types\/product"}],"wp:featuredmedia":[{"embeddable":true,"href":"https:\/\/www.tatanka.nl\/fr\/wp-json\/wp\/v2\/media\/129633"}],"wp:attachment":[{"href":"https:\/\/www.tatanka.nl\/fr\/wp-json\/wp\/v2\/media?parent=129631"}],"wp:term":[{"taxonomy":"product_brand","embeddable":true,"href":"https:\/\/www.tatanka.nl\/fr\/wp-json\/wp\/v2\/product_brand?post=129631"},{"taxonomy":"product_cat","embeddable":true,"href":"https:\/\/www.tatanka.nl\/fr\/wp-json\/wp\/v2\/product_cat?post=129631"},{"taxonomy":"product_tag","embeddable":true,"href":"https:\/\/www.tatanka.nl\/fr\/wp-json\/wp\/v2\/product_tag?post=129631"}],"curies":[{"name":"wp","href":"https:\/\/api.w.org\/{rel}","templated":true}]}}