{"id":129635,"date":"2025-05-09T08:51:27","date_gmt":"2025-05-09T07:51:27","guid":{"rendered":"https:\/\/www.tatanka.nl\/?post_type=product&#038;p=129635"},"modified":"2025-10-16T07:58:41","modified_gmt":"2025-10-16T06:58:41","slug":"san-pedro-cutting-pachanoi","status":"publish","type":"product","link":"https:\/\/www.tatanka.nl\/fr\/san-pedro-cutting-pachanoi\/","title":{"rendered":"San Pedro d\u00e9coupage Pachanoi"},"content":{"rendered":"<h2 class=\"\" data-start=\"524\" data-end=\"559\">Qu'est-ce qu'un cactus Cutting Pachanoi ?<\/h2>\n<p class=\"\" data-start=\"561\" data-end=\"1030\">Les <em data-start=\"565\" data-end=\"590\">Coupe du cactus Pachanoi<\/em>commun\u00e9ment appel\u00e9 <strong data-start=\"616\" data-end=\"629\">San Pedro<\/strong>Le cactus \u00e0 colonnes est un cactus \u00e0 croissance rapide originaire des Andes du P\u00e9rou, de l'\u00c9quateur et de la Bolivie. Il fait partie de la famille des <em data-start=\"749\" data-end=\"761\">Echinopsis<\/em> (anciennement <em data-start=\"772\" data-end=\"786\">Trichocereus<\/em>) et est connu pour sa peau verte et lisse, ses \u00e9pines peu nombreuses et sa puissance spirituelle. Ce cactus contient de la mescaline, un compos\u00e9 psych\u00e9d\u00e9lique naturel utilis\u00e9 depuis des milliers d'ann\u00e9es dans la m\u00e9decine traditionnelle andine et les c\u00e9r\u00e9monies religieuses.<\/p>\n<p class=\"\" data-start=\"1032\" data-end=\"1588\">En tant que coupe, la <em data-start=\"1050\" data-end=\"1075\">Coupe du cactus Pachanoi<\/em> peut \u00eatre propag\u00e9e ou consomm\u00e9e \u00e0 des fins c\u00e9r\u00e9monielles. Connue pour ses effets \u00e0 la fois doux et transformateurs, elle favorise un \u00e9tat d'harmonie, de compassion et de connexion profonde avec soi-m\u00eame et l'univers. Contrairement \u00e0 de nombreuses autres plantes enth\u00e9og\u00e8nes, l'exp\u00e9rience qu'elle procure est souvent d\u00e9crite comme \u00e9motionnellement nourrissante et spirituellement expansive. Qu'elle soit utilis\u00e9e dans le cadre d'un rituel sacr\u00e9 ou d'un voyage de gu\u00e9rison personnel, la <em data-start=\"1497\" data-end=\"1522\">Coupe du cactus Pachanoi<\/em> est un guide de confiance vers la compr\u00e9hension personnelle et l'alignement de l'\u00e2me.<\/p>\n<h2 class=\"\" data-start=\"1595\" data-end=\"1631\">Histoire du d\u00e9coupage du Pachanoi<\/h2>\n<p class=\"\" data-start=\"1633\" data-end=\"2018\">Les <em data-start=\"1637\" data-end=\"1662\">Coupe du cactus Pachanoi<\/em> a une longue histoire sacr\u00e9e dans la culture andine, qui remonte \u00e0 plus de 3 000 ans. Des preuves arch\u00e9ologiques montrent qu'il \u00e9tait utilis\u00e9 dans les pratiques c\u00e9r\u00e9monielles pr\u00e9colombiennes par les peuples indig\u00e8nes du P\u00e9rou et de la Bolivie. Le cactus appara\u00eet souvent dans les sculptures, les poteries et les temples anciens, symbolisant le pouvoir divin, la gu\u00e9rison et la communication avec le monde des esprits.<\/p>\n<p class=\"\" data-start=\"2020\" data-end=\"2778\">Son nom traditionnel, San Pedro, a \u00e9t\u00e9 adopt\u00e9 lors de la conqu\u00eate espagnole, en r\u00e9f\u00e9rence \u00e0 saint Pierre, d\u00e9tenteur des cl\u00e9s du ciel. Cela refl\u00e8te sa capacit\u00e9 per\u00e7ue \u00e0 ouvrir les portes de l'intuition spirituelle et de la conscience sup\u00e9rieure. Les chamans et les gu\u00e9risseurs utilisaient <em data-start=\"2279\" data-end=\"2304\">Coupe du cactus Pachanoi<\/em> lors de c\u00e9r\u00e9monies nocturnes, pr\u00e9parant un breuvage qui permettait aux participants de faire face \u00e0 la douleur int\u00e9rieure, de lib\u00e9rer les blocages \u00e9motionnels et de se connecter \u00e0 la sagesse ancestrale. Aujourd'hui, le cactus reste pour beaucoup une pierre angulaire de la pratique spirituelle, appr\u00e9ci\u00e9 pour sa combinaison unique d'\u00e9nergie douce et de pouvoir visionnaire profond. Le cactus continue de faire le lien entre la sagesse ancienne et les chercheurs modernes, invitant chaque utilisateur \u00e0 s'engager dans un voyage sacr\u00e9 de d\u00e9couverte de soi et de renouvellement \u00e9nerg\u00e9tique.<\/p>\n<h2 class=\"\" data-start=\"2785\" data-end=\"2821\">Comment utiliser Cutting Pachanoi<\/h2>\n<p class=\"\" data-start=\"2823\" data-end=\"3243\">Les <em data-start=\"2827\" data-end=\"2852\">Coupe du cactus Pachanoi<\/em> est le plus souvent consomm\u00e9 sous forme liquide, dans le cadre d'une infusion traditionnelle. Pour le pr\u00e9parer, la peau ext\u00e9rieure et les \u00e9pines sont soigneusement enlev\u00e9es. La chair int\u00e9rieure est coup\u00e9e en morceaux et mijot\u00e9e dans de l'eau pendant plusieurs heures. Le th\u00e9 qui en r\u00e9sulte est \u00e9pais, amer et souvent consomm\u00e9 en petites doses mesur\u00e9es. Cette pr\u00e9paration peut \u00e9galement \u00eatre r\u00e9duite pour obtenir une forme plus concentr\u00e9e ou \u00eatre s\u00e9ch\u00e9e sous forme de r\u00e9sine pour \u00eatre conserv\u00e9e.<\/p>\n<p class=\"\" data-start=\"3245\" data-end=\"4010\">Les effets commencent g\u00e9n\u00e9ralement 1 \u00e0 2 heures apr\u00e8s l'ingestion et atteignent leur maximum entre 3 et 6 heures, pour une dur\u00e9e totale de 12 \u00e0 15 heures. De nombreuses personnes font \u00e9tat de sensations d'empathie accrue, de paix int\u00e9rieure, de stimulation visuelle et d'introspection profonde. Les <em data-start=\"3489\" data-end=\"3514\">Coupe du cactus Pachanoi<\/em> Il est pr\u00e9f\u00e9rable de l'utiliser dans un environnement calme et intentionnel - id\u00e9alement dans la nature ou dans un espace sacr\u00e9 - en pr\u00e9sence d'une personne de confiance et sobre. Le voyage pouvant \u00eatre \u00e9motionnellement intense, il est essentiel d'adopter des pratiques d'ancrage avant et apr\u00e8s l'utilisation. Un je\u00fbne de 6 \u00e0 12 heures est recommand\u00e9 pour r\u00e9duire les naus\u00e9es et am\u00e9liorer l'exp\u00e9rience globale. Utilis\u00e9 avec r\u00e9v\u00e9rence et dans un but pr\u00e9cis, le <em data-start=\"3883\" data-end=\"3908\">Coupe du cactus Pachanoi<\/em> devient plus qu'une substance - il devient un enseignant qui guide l'\u00e2me vers la gu\u00e9rison et la compr\u00e9hension.<\/p>\n<h2 class=\"\" data-start=\"4017\" data-end=\"4057\">Ingr\u00e9dients du Pachanoi \u00e0 couper<\/h2>\n<p class=\"\" data-start=\"4059\" data-end=\"4642\">Le compos\u00e9 actif le plus important de la <em data-start=\"4103\" data-end=\"4128\">Coupe du cactus Pachanoi<\/em> est <strong data-start=\"4132\" data-end=\"4145\">mescaline<\/strong>La mescaline est un psych\u00e9d\u00e9lique naturel qui interagit avec les r\u00e9cepteurs de s\u00e9rotonine du cerveau. La mescaline est responsable des effets visionnaires et \u00e9motionnels du cactus, qui comprennent une am\u00e9lioration de la perception, une \u00e9l\u00e9vation de l'humeur et une profonde r\u00e9flexion spirituelle. Les effets de la mescaline sur la vision et les \u00e9motions du cactus sont multiples. <em data-start=\"4395\" data-end=\"4420\">Coupe du cactus Pachanoi<\/em> est connu pour contenir des niveaux plus faibles de mescaline par rapport \u00e0 ses cousins comme le <em data-start=\"4498\" data-end=\"4509\">Pontsii<\/em>Il est cependant suffisamment puissant pour faciliter des exp\u00e9riences int\u00e9rieures profondes, en particulier lorsqu'il est consomm\u00e9 \u00e0 des doses plus importantes ou concentr\u00e9es.<\/p>\n<p class=\"\" data-start=\"4644\" data-end=\"5224\">D'autres alcalo\u00efdes tels que l'anhalonidine, la tyramine et l'hord\u00e9nine sont pr\u00e9sents en plus petites quantit\u00e9s et contribuent \u00e0 la signature \u00e9nerg\u00e9tique globale de la plante. Dans sa structure physique, le cactus est compos\u00e9 d'un tissu v\u00e9g\u00e9tal riche en eau, d'une chair fibreuse et d'une peau ext\u00e9rieure protectrice. Sa croissance rapide et le nombre relativement faible de ses \u00e9pines en font l'un des cactus les plus accessibles, tant pour la culture que pour l'usage c\u00e9r\u00e9moniel. Le cactus <em data-start=\"5050\" data-end=\"5075\">Coupe du cactus Pachanoi<\/em> offre un \u00e9quilibre harmonieux entre la puissance chimique et la pr\u00e9sence spirituelle, ce qui en fait un produit de base pour le travail sur les plantes sacr\u00e9es et les voyages de gu\u00e9rison \u00e9motionnelle.<\/p>\n<p class=\"\" data-start=\"5231\" data-end=\"5747\"><strong data-start=\"5231\" data-end=\"5243\">Avertissement :<\/strong><br data-start=\"5243\" data-end=\"5246\" \/>Faire <strong data-start=\"5249\" data-end=\"5256\">pas<\/strong> utiliser le <em data-start=\"5265\" data-end=\"5290\">Coupe du cactus Pachanoi<\/em> si vous \u00eates enceinte, si vous allaitez, si vous avez moins de 18 ans ou si vous souffrez d'une affection m\u00e9dicale telle qu'une maladie cardiaque, une hypertension ou une hypotension art\u00e9rielle ou des troubles mentaux. Ne pas combiner avec de l'alcool, des m\u00e9dicaments ou d'autres substances. Toujours consommer dans un environnement s\u00fbr et paisible, en pr\u00e9sence d'un accompagnateur sobre. Ne jamais conduire de v\u00e9hicules ou de machines sous son influence. Cette plante doit \u00eatre abord\u00e9e avec respect et intention - elle n'est pas r\u00e9cr\u00e9ative mais c\u00e9r\u00e9monielle par nature.<\/p>","protected":false},"excerpt":{"rendered":"<p>Le cactus Cutting Pachanoi, \u00e9galement connu sous le nom de San Pedro, est un alli\u00e9 v\u00e9g\u00e9tal v\u00e9n\u00e9r\u00e9, connu pour ses qualit\u00e9s d'ouverture du c\u0153ur et de gu\u00e9rison. Utilis\u00e9 dans des rituels sacr\u00e9s depuis des si\u00e8cles, ce cactus offre un chemin puissant vers la paix int\u00e9rieure, la clart\u00e9 \u00e9motionnelle et l'\u00e9veil spirituel.<\/p>","protected":false},"featured_media":129636,"template":"","meta":[],"product_brand":[],"product_cat":[536,297,476],"product_tag":[],"class_list":{"0":"post-129635","1":"product","2":"type-product","3":"status-publish","4":"has-post-thumbnail","6":"product_cat-mescaline-cacti","7":"product_cat-all-products","8":"product_cat-smartshop","9":"product_shipping_class-creditcard-off","11":"first","12":"instock","13":"taxable","14":"shipping-taxable","15":"purchasable","16":"product-type-variable","17":"has-default-attributes"},"_links":{"self":[{"href":"https:\/\/www.tatanka.nl\/fr\/wp-json\/wp\/v2\/product\/129635","targetHints":{"allow":["GET"]}}],"collection":[{"href":"https:\/\/www.tatanka.nl\/fr\/wp-json\/wp\/v2\/product"}],"about":[{"href":"https:\/\/www.tatanka.nl\/fr\/wp-json\/wp\/v2\/types\/product"}],"wp:featuredmedia":[{"embeddable":true,"href":"https:\/\/www.tatanka.nl\/fr\/wp-json\/wp\/v2\/media\/129636"}],"wp:attachment":[{"href":"https:\/\/www.tatanka.nl\/fr\/wp-json\/wp\/v2\/media?parent=129635"}],"wp:term":[{"taxonomy":"product_brand","embeddable":true,"href":"https:\/\/www.tatanka.nl\/fr\/wp-json\/wp\/v2\/product_brand?post=129635"},{"taxonomy":"product_cat","embeddable":true,"href":"https:\/\/www.tatanka.nl\/fr\/wp-json\/wp\/v2\/product_cat?post=129635"},{"taxonomy":"product_tag","embeddable":true,"href":"https:\/\/www.tatanka.nl\/fr\/wp-json\/wp\/v2\/product_tag?post=129635"}],"curies":[{"name":"wp","href":"https:\/\/api.w.org\/{rel}","templated":true}]}}