{"id":129639,"date":"2025-05-09T09:00:19","date_gmt":"2025-05-09T08:00:19","guid":{"rendered":"https:\/\/www.tatanka.nl\/?post_type=product&#038;p=129639"},"modified":"2025-10-16T07:58:41","modified_gmt":"2025-10-16T06:58:41","slug":"san-pedro-cutting-peruvianus-25-29-cm","status":"publish","type":"product","link":"https:\/\/www.tatanka.nl\/fr\/san-pedro-cutting-peruvianus-25-29-cm\/","title":{"rendered":"San Pedro Coupe Peruvianus - 25 - 29 cm"},"content":{"rendered":"<h2 class=\"\" data-start=\"569\" data-end=\"606\">Que sont les cactus Cutting Peruvianus ?<\/h2>\n<p class=\"\" data-start=\"608\" data-end=\"1033\">Les <em data-start=\"612\" data-end=\"639\">Coupe du cactus Peruvianus<\/em>-\u00e9galement appel\u00e9 <strong data-start=\"652\" data-end=\"676\">Echinopsis peruviana<\/strong> ou <strong data-start=\"680\" data-end=\"698\">Flambeau p\u00e9ruvien<\/strong>-est un cactus colonnaire \u00e0 croissance rapide qui pousse sur les hauts plateaux du P\u00e9rou. Connu pour sa peau vert bleut\u00e9 et ses c\u00f4tes prononc\u00e9es, ce cactus est particuli\u00e8rement recherch\u00e9 pour sa forte concentration en mescaline, un compos\u00e9 psych\u00e9d\u00e9lique naturel. En tant que bouture, il peut \u00eatre propag\u00e9 en une plante compl\u00e8te ou pr\u00e9par\u00e9 pour un usage c\u00e9r\u00e9moniel.<\/p>\n<p class=\"\" data-start=\"1035\" data-end=\"1556\">Les <em data-start=\"1039\" data-end=\"1066\">Coupe du cactus Peruvianus<\/em> est utilis\u00e9e dans les pratiques spirituelles pour sa puissante capacit\u00e9 \u00e0 faciliter la vision int\u00e9rieure, la gu\u00e9rison \u00e9motionnelle et la connexion profonde avec la nature et l'univers. L'exp\u00e9rience qu'elle offre est souvent d\u00e9crite comme intens\u00e9ment introspective, avec des effets qui peuvent \u00eatre \u00e0 la fois ancr\u00e9s et \u00e9clairants. Qu'il soit utilis\u00e9 dans le cadre d'une c\u00e9r\u00e9monie chamanique ou d'une exploration personnelle, le <em data-start=\"1416\" data-end=\"1443\">Coupe du cactus Peruvianus<\/em> est un professeur de plantes v\u00e9n\u00e9r\u00e9, offrant des conseils \u00e0 ceux qui recherchent la clart\u00e9, l'\u00e9quilibre et une conscience \u00e9largie.<\/p>\n<h2 class=\"\" data-start=\"1563\" data-end=\"1601\">Histoire de la coupe Peruvianus<\/h2>\n<p class=\"\" data-start=\"1603\" data-end=\"2108\">Les <em data-start=\"1607\" data-end=\"1634\">Coupe du cactus Peruvianus<\/em> est profond\u00e9ment enracin\u00e9 dans l'histoire culturelle et spirituelle du P\u00e9rou, o\u00f9 il est utilis\u00e9 depuis des milliers d'ann\u00e9es dans des contextes c\u00e9r\u00e9moniels et curatifs. Les peuples indig\u00e8nes des Andes consid\u00e8rent ce cactus comme sacr\u00e9, estimant qu'il constitue un pont entre les mondes physique et spirituel. Des preuves arch\u00e9ologiques, notamment des sculptures de temples et des objets rituels, montrent que les cactus riches en mescaline comme celui-ci jouaient un r\u00f4le central dans les rites religieux, souvent guid\u00e9s par des chamans ou des curanderos.<\/p>\n<p class=\"\" data-start=\"2110\" data-end=\"2655\">Contrairement au cactus San Pedro, qui est plus r\u00e9pandu, le cactus San Pedro n'est pas une esp\u00e8ce de cactus. <em data-start=\"2169\" data-end=\"2196\">Coupe du cactus Peruvianus<\/em> est connu pour son action plus rapide et ses effets visuellement plus intenses. Il a longtemps \u00e9t\u00e9 utilis\u00e9 pour nettoyer les blocages \u00e9nerg\u00e9tiques, r\u00e9v\u00e9ler les v\u00e9rit\u00e9s cach\u00e9es et \u00e9veiller la sagesse int\u00e9rieure. Aujourd'hui, elle reste un choix populaire parmi ceux qui recherchent une voie naturelle, bas\u00e9e sur les plantes, pour acc\u00e9der \u00e0 la spiritualit\u00e9. Gr\u00e2ce \u00e0 sa riche histoire culturelle et \u00e0 ses puissantes propri\u00e9t\u00e9s psychoactives, la <em data-start=\"2564\" data-end=\"2591\">Coupe du cactus Peruvianus<\/em> offre une exp\u00e9rience c\u00e9r\u00e9monielle profond\u00e9ment enracin\u00e9e dans la sagesse ancienne.<\/p>\n<h2 class=\"\" data-start=\"2662\" data-end=\"2700\">Comment utiliser Cutting Peruvianus<\/h2>\n<p class=\"\" data-start=\"2702\" data-end=\"3113\">Les <em data-start=\"2706\" data-end=\"2733\">Coupe du cactus Peruvianus<\/em> est le plus souvent pr\u00e9par\u00e9 sous forme de th\u00e9 de c\u00e9r\u00e9monie. On commence par enlever les \u00e9pines et la peau ext\u00e9rieure fonc\u00e9e, puis on coupe la chair int\u00e9rieure en morceaux faciles \u00e0 manipuler. Ceux-ci sont mis \u00e0 mijoter pendant plusieurs heures dans de l'eau jusqu'\u00e0 l'obtention d'une infusion \u00e9paisse et am\u00e8re. Ce th\u00e9 est g\u00e9n\u00e9ralement consomm\u00e9 lentement dans un cadre calme et intentionnel, seul ou sous la conduite d'un accompagnateur ou d'un facilitateur spirituel.<\/p>\n<p class=\"\" data-start=\"3115\" data-end=\"3806\">\u00c0 jeun, les effets commencent g\u00e9n\u00e9ralement \u00e0 se faire sentir au bout d'une \u00e0 deux heures et augmentent progressivement pour atteindre leur maximum entre 4 et 6 heures. Le voyage peut durer jusqu'\u00e0 12 ou 15 heures. Les effets les plus courants sont une lib\u00e9ration \u00e9motionnelle profonde, des ph\u00e9nom\u00e8nes visuels, une forte connexion avec la nature et un sentiment accru d'amour et d'unit\u00e9 universels. Les effets <em data-start=\"3436\" data-end=\"3463\">Coupe du cactus Peruvianus<\/em> peut \u00e9voquer des visions et des sentiments puissants, il est donc crucial de cr\u00e9er un environnement s\u00fbr et ancr\u00e9 et de pr\u00e9parer des pratiques d'int\u00e9gration pour la suite de l'exp\u00e9rience. Le je\u00fbne avant l'utilisation permet de r\u00e9duire les naus\u00e9es et d'approfondir l'effet. Lorsqu'on l'aborde avec r\u00e9v\u00e9rence, ce cactus n'est pas seulement une substance psych\u00e9d\u00e9lique, mais une porte sacr\u00e9e vers l'int\u00e9rieur de soi.<\/p>\n<h2 class=\"\" data-start=\"3813\" data-end=\"3855\">Ingr\u00e9dients de Cutting Peruvianus<\/h2>\n<p class=\"\" data-start=\"3857\" data-end=\"4218\">L'ingr\u00e9dient le plus actif et le plus important de la <em data-start=\"3905\" data-end=\"3932\">Coupe du cactus Peruvianus<\/em> est <strong data-start=\"3936\" data-end=\"3949\">mescaline<\/strong>La mescaline est un alcalo\u00efde naturel utilis\u00e9 \u00e0 des fins spirituelles par les cultures indig\u00e8nes. La mescaline stimule les r\u00e9cepteurs de s\u00e9rotonine dans le cerveau, cr\u00e9ant des changements dans la perception, l'\u00e9motion et la pens\u00e9e qui favorisent l'introspection profonde et l'exploration spirituelle.<\/p>\n<p class=\"\" data-start=\"4220\" data-end=\"4934\">Les <em data-start=\"4224\" data-end=\"4251\">Coupe du cactus Peruvianus<\/em> peut \u00e9galement contenir d'autres alcalo\u00efdes tels que l'anhalonidine et l'hord\u00e9nine, qui contribuent \u00e0 son profil \u00e9nerg\u00e9tique et physiologique global. Physiquement, il se compose de tissus fibreux denses en eau, d'une peau \u00e9paisse et d'\u00e9pines protectrices. Sa teinte bleut\u00e9e et sa structure large et nervur\u00e9e sont visuellement distinctives. La puissance peut varier en fonction des facteurs environnementaux, de l'\u00e2ge et des soins, mais elle est largement consid\u00e9r\u00e9e comme l'une des esp\u00e8ces les plus puissantes de son genre. Lorsqu'elle est bien pr\u00e9par\u00e9e, la <em data-start=\"4722\" data-end=\"4749\">Coupe du cactus Peruvianus<\/em> offre un voyage spirituel profond\u00e9ment immersif qui associe la chimie \u00e0 la sagesse ancienne. Il s'agit \u00e0 la fois d'un outil sacr\u00e9 et d'une expression vivante de l'intelligence curative que l'on trouve dans la nature.<\/p>\n<p class=\"\" data-start=\"4941\" data-end=\"5474\"><strong data-start=\"4941\" data-end=\"4953\">Avertissement :<\/strong><br data-start=\"4953\" data-end=\"4956\" \/>Faire <strong data-start=\"4959\" data-end=\"4966\">pas<\/strong> consommer le <em data-start=\"4979\" data-end=\"5006\">Coupe du cactus Peruvianus<\/em> si vous \u00eates enceinte, si vous allaitez, si vous avez moins de 18 ans ou si vous souffrez d'une maladie cardiaque, de probl\u00e8mes de tension art\u00e9rielle ou de troubles psychiatriques. Ne le m\u00e9langez jamais avec de l'alcool, des m\u00e9dicaments sur ordonnance ou d'autres drogues. Ne l'utilisez que dans un environnement s\u00fbr et paisible, avec une personne de confiance et sobre. Ne conduisez pas et ne prenez aucun risque physique pendant l'exp\u00e9rience. Traiter le <em data-start=\"5384\" data-end=\"5411\">Coupe du cactus Peruvianus<\/em> avec respect - comme une m\u00e9decine sacr\u00e9e et non comme une substance r\u00e9cr\u00e9ative.<\/p>","protected":false},"excerpt":{"rendered":"<p>Le cactus Cutting Peruvianus, plante sacr\u00e9e originaire des Andes, est c\u00e9l\u00e9br\u00e9 pour sa profonde r\u00e9sonance spirituelle et ses pouvoirs de gu\u00e9rison naturels. Connu pour ouvrir le c\u0153ur et \u00e9largir la conscience, il sert de guide puissant dans les voyages de transformation int\u00e9rieure et de renouvellement \u00e9nerg\u00e9tique.<\/p>","protected":false},"featured_media":129641,"template":"","meta":[],"product_brand":[],"product_cat":[536,297,476],"product_tag":[],"class_list":{"0":"post-129639","1":"product","2":"type-product","3":"status-publish","4":"has-post-thumbnail","6":"product_cat-mescaline-cacti","7":"product_cat-all-products","8":"product_cat-smartshop","9":"product_shipping_class-creditcard-off","11":"first","12":"instock","13":"taxable","14":"shipping-taxable","15":"purchasable","16":"product-type-variable","17":"has-default-attributes"},"_links":{"self":[{"href":"https:\/\/www.tatanka.nl\/fr\/wp-json\/wp\/v2\/product\/129639","targetHints":{"allow":["GET"]}}],"collection":[{"href":"https:\/\/www.tatanka.nl\/fr\/wp-json\/wp\/v2\/product"}],"about":[{"href":"https:\/\/www.tatanka.nl\/fr\/wp-json\/wp\/v2\/types\/product"}],"wp:featuredmedia":[{"embeddable":true,"href":"https:\/\/www.tatanka.nl\/fr\/wp-json\/wp\/v2\/media\/129641"}],"wp:attachment":[{"href":"https:\/\/www.tatanka.nl\/fr\/wp-json\/wp\/v2\/media?parent=129639"}],"wp:term":[{"taxonomy":"product_brand","embeddable":true,"href":"https:\/\/www.tatanka.nl\/fr\/wp-json\/wp\/v2\/product_brand?post=129639"},{"taxonomy":"product_cat","embeddable":true,"href":"https:\/\/www.tatanka.nl\/fr\/wp-json\/wp\/v2\/product_cat?post=129639"},{"taxonomy":"product_tag","embeddable":true,"href":"https:\/\/www.tatanka.nl\/fr\/wp-json\/wp\/v2\/product_tag?post=129639"}],"curies":[{"name":"wp","href":"https:\/\/api.w.org\/{rel}","templated":true}]}}