{"id":129720,"date":"2025-05-13T08:17:23","date_gmt":"2025-05-13T07:17:23","guid":{"rendered":"https:\/\/www.tatanka.nl\/?post_type=product&#038;p=129720"},"modified":"2026-01-20T12:48:32","modified_gmt":"2026-01-20T11:48:32","slug":"peyote-lophophora-williamsii","status":"publish","type":"product","link":"https:\/\/www.tatanka.nl\/fr\/peyote-lophophora-williamsii\/","title":{"rendered":"Peyote (Lophophora Williamsii)"},"content":{"rendered":"<h2 dir=\"auto\">Qu'est-ce que le cactus Peyote ?<\/h2>\n<p dir=\"auto\">Le cactus Peyote est un petit cactus rond et sans \u00e9pines. Il est r\u00e9put\u00e9 pour contenir de la mescaline, un compos\u00e9 psychoactif que l'on trouve \u00e9galement dans d'autres cactus comme le San Pedro. Cette substance induit des perceptions alt\u00e9r\u00e9es, des hallucinations vives et une exp\u00e9rience sensorielle unique. Originaire des r\u00e9gions arides du nord du Mexique et du sud des \u00c9tats-Unis, le cactus Peyotl se pare de d\u00e9licates fleurs roses pendant sa p\u00e9riode de floraison. Sa croissance lente, qui prend de 8 \u00e0 15 ans avant d'arriver \u00e0 maturit\u00e9 pour la consommation, ajoute \u00e0 son caract\u00e8re mystique. Traditionnellement utilis\u00e9 lors de c\u00e9r\u00e9monies religieuses et spirituelles, il rev\u00eat une importance culturelle pour les communaut\u00e9s indig\u00e8nes. Le go\u00fbt amer du cactus et ses effets puissants en font un choix distinctif pour ceux qui recherchent une exp\u00e9rience transformatrice. Lorsqu'elle est consomm\u00e9e de mani\u00e8re responsable, dans un environnement s\u00fbr et en pr\u00e9sence d'un voyageur sobre, elle peut offrir de profondes perspectives. Cependant, sa nature psychoactive exige de la prudence, en particulier pour les personnes ayant des probl\u00e8mes de sant\u00e9 mentale ou physique, ce qui garantit une approche respectueuse et r\u00e9fl\u00e9chie de sa consommation.<\/p>\n<h2 dir=\"auto\">Histoire du cactus Peyote<\/h2>\n<p dir=\"auto\">Le cactus Peyotl a une histoire riche, enracin\u00e9e dans les pratiques culturelles et spirituelles des peuples indig\u00e8nes du nord du Mexique et du sud des \u00c9tats-Unis. Pendant des si\u00e8cles, des tribus telles que les Huichol et les Tarahumara ont int\u00e9gr\u00e9 ce cactus dans des rituels religieux, appr\u00e9ciant sa capacit\u00e9 \u00e0 faciliter les visions spirituelles et les liens avec le divin. La mescaline contenue dans le cactus \u00e9tait au c\u0153ur de ces c\u00e9r\u00e9monies, souvent consomm\u00e9e en communaut\u00e9 pour favoriser l'unit\u00e9 et l'introspection. Les explorateurs europ\u00e9ens du XVIe si\u00e8cle ont document\u00e9 son utilisation, mais elle est rest\u00e9e largement incomprise dans les contextes occidentaux jusqu'au XIXe si\u00e8cle, lorsque les scientifiques ont commenc\u00e9 \u00e0 \u00e9tudier les effets de la mescaline. Au XXe si\u00e8cle, le cactus Peyotl a attir\u00e9 l'attention des mouvements contre-culturels et son utilisation s'est r\u00e9pandue au-del\u00e0 des communaut\u00e9s indig\u00e8nes. Malgr\u00e9 son statut sacr\u00e9, ses propri\u00e9t\u00e9s psychoactives ont conduit \u00e0 des restrictions l\u00e9gales dans certaines r\u00e9gions, bien qu'il reste un \u00e9l\u00e9ment essentiel de certaines pratiques religieuses. Aujourd'hui, le cactus est appr\u00e9ci\u00e9 \u00e0 la fois pour son h\u00e9ritage culturel et pour ses effets uniques, mais les utilisateurs sont encourag\u00e9s \u00e0 l'aborder avec respect pour sa signification historique et \u00e0 l'utiliser de mani\u00e8re responsable dans des environnements s\u00fbrs et contr\u00f4l\u00e9s afin d'honorer son h\u00e9ritage.<\/p>\n<h2 dir=\"auto\">Comment utiliser le cactus Peyote<\/h2>\n<p dir=\"auto\">L'utilisation du cactus Peyotl n\u00e9cessite une pr\u00e9paration minutieuse afin de garantir une exp\u00e9rience s\u00fbre et significative. Le cactus peut \u00eatre consomm\u00e9 frais ou s\u00e9ch\u00e9, g\u00e9n\u00e9ralement coup\u00e9 en morceaux d'environ 3 \u00e0 4,5 cm de large et 0,5 cm d'\u00e9paisseur. Il peut \u00e9galement \u00eatre infus\u00e9 sous forme de th\u00e9, mais son go\u00fbt amer et d\u00e9sagr\u00e9able est souvent not\u00e9. Pour obtenir les meilleurs r\u00e9sultats, il convient de le consommer \u00e0 jeun, car cela favorise l'absorption de la mescaline. Les effets commencent \u00e0 se faire sentir au bout de 30 \u00e0 60 minutes, atteignent leur maximum apr\u00e8s 1 \u00e0 2 heures, et l'exp\u00e9rience dure de 8 \u00e0 15 heures. Consommez toujours le cactus dans un environnement s\u00fbr et familier, avec un accompagnateur sobre pour vous guider, car les hallucinations intenses peuvent \u00eatre accablantes. Commencez par une petite dose pour \u00e9valuer votre r\u00e9action, surtout si vous \u00eates novice en mati\u00e8re de substances psychoactives. \u00c9vitez de la combiner avec de l'alcool, des m\u00e9dicaments ou d'autres drogues, car cela peut avoir des effets n\u00e9fastes. Le cactus ne doit pas \u00eatre consomm\u00e9 par des personnes de moins de 18 ans, pendant la grossesse ou par des personnes ayant des probl\u00e8mes de sant\u00e9 mentale ou physique. Apr\u00e8s la consommation, il convient de se reposer et de r\u00e9fl\u00e9chir pour traiter l'exp\u00e9rience, qui peut \u00eatre profonde et transformatrice lorsqu'elle est abord\u00e9e en pleine conscience et avec respect.<\/p>\n<h2 dir=\"auto\">Lophophora williamsii comme plante ornementale<\/h2>\n<p dir=\"auto\">Lophophora williamsii, ou peyotl comme on l'appelle souvent, enchante les collectionneurs avec sa forme unique en bouton, sa construction robuste et son rythme de croissance tranquille, id\u00e9al pour enrichir les collections de plantes succulentes peu communes. Nous pr\u00e9sentons cet article sur notre site non seulement comme un ornement d\u00e9coratif, mais aussi comme une option \u00e0 multiples facettes qui met en valeur son charme esth\u00e9tique, de la surface douce vert bleut\u00e9 aux bords raffin\u00e9s et noueux qui apportent un flair artistique aux \u00e9tag\u00e8res, aux conservatoires ou aux arrangements \u00e9l\u00e9gants. Con\u00e7ues pour les march\u00e9s o\u00f9 elles sont l\u00e9galement disponibles, ces plantes cultiv\u00e9es en laboratoire respectent pleinement les lois en vigueur, \u00e9vitant toute allusion \u00e0 la consommation ou \u00e0 l'extraction, de sorte que les acheteurs peuvent simplement les appr\u00e9cier comme un \u00e9l\u00e9ment de d\u00e9coration captivant et naturel pour leurs espaces de vie ou leurs espaces ext\u00e9rieurs.<\/p>\n<h2 dir=\"auto\">Ingr\u00e9dients du cactus Peyote<\/h2>\n<p dir=\"auto\">Le principal ingr\u00e9dient actif du cactus Peyotl est la mescaline, un alcalo\u00efde naturel (3,4,5-trim\u00e9thoxyph\u00e9n\u00e9thylamine) responsable de ses effets psychoactifs. La mescaline induit de vives hallucinations, des perceptions alt\u00e9r\u00e9es et des exp\u00e9riences sensorielles accrues, ce qui en fait l'\u00e9l\u00e9ment cl\u00e9 de l'utilisation spirituelle et r\u00e9cr\u00e9ative du cactus. Outre la mescaline, le cactus contient d'autres alcalo\u00efdes \u00e0 l'\u00e9tat de traces, qui peuvent contribuer \u00e0 ses effets globaux, bien que leur r\u00f4le soit moins \u00e9tudi\u00e9. En tant que produit naturel, la composition du cactus peut varier l\u00e9g\u00e8rement en fonction des conditions de croissance, telles que le sol et le climat. Le cactus Peyotl est exempt d'additifs artificiels, ce qui en fait une substance pure et organique. Sa teneur en mescaline le distingue des autres cactus, bien que des compos\u00e9s similaires soient pr\u00e9sents dans des esp\u00e8ces comme le San Pedro. La croissance lente du cactus sur une p\u00e9riode de 8 \u00e0 15 ans concentre ces compos\u00e9s, ce qui renforce sa puissance. Les utilisateurs doivent \u00eatre conscients que la puissance de la mescaline exige une utilisation prudente, en particulier chez les personnes souffrant de probl\u00e8mes de sant\u00e9 ou sujettes \u00e0 l'instabilit\u00e9 mentale. Conservez toujours le cactus \u00e0 l'abri de la lumi\u00e8re directe du soleil afin de pr\u00e9server ses propri\u00e9t\u00e9s naturelles et de garantir une exp\u00e9rience s\u00fbre et efficace en cas de consommation responsable.<\/p>\n<p dir=\"auto\">Avertissement<\/p>\n<p dir=\"auto\"><strong>Le cactus Peyotl contient de la mescaline, une substance psychoactive puissante qui peut provoquer des hallucinations intenses et des \u00e9tats de conscience alt\u00e9r\u00e9s. Ces effets ne doivent pas \u00eatre sous-estim\u00e9s.<\/strong> Utilisez-le toujours dans un environnement contr\u00f4l\u00e9, en compagnie d'une personne sobre, et assurez-vous d'\u00eatre en bonne sant\u00e9 mentale et physique. \u00c9vitez d'en consommer si vous souffrez de d\u00e9pression, d'anxi\u00e9t\u00e9, de probl\u00e8mes cardiaques ou pulmonaires, de diab\u00e8te ou si vous \u00eates enceinte. Ne pas combiner avec de l'alcool, des drogues ou des m\u00e9dicaments, car cela peut amplifier les risques. Un surdosage ou une consommation dans un cadre inappropri\u00e9 peut entra\u00eener de l'anxi\u00e9t\u00e9, de la confusion ou une perte de la r\u00e9alit\u00e9, en particulier chez les personnes ayant des ant\u00e9c\u00e9dents de psychose ou d'instabilit\u00e9 mentale. Gardez le cactus hors de port\u00e9e des enfants et \u00e9vitez l'exposition directe au soleil. Ne jamais conduire de v\u00e9hicules ou de machines pendant ou apr\u00e8s l'utilisation, et s'abstenir d'utiliser le cactus si l'on a moins de 18 ans. Un voyage peut \u00eatre instructif mais comporte des risques s'il est mal utilis\u00e9. Il convient donc de l'aborder avec prudence et de respecter sa puissance.<\/p>","protected":false},"excerpt":{"rendered":"<p dir=\"auto\">Le cactus Peyote, connu sous le nom scientifique de Lophophora Williamsii, est un petit cactus sans \u00e9pines v\u00e9n\u00e9r\u00e9 pour ses propri\u00e9t\u00e9s psychoactives dues \u00e0 la pr\u00e9sence naturelle de mescaline. Originaire du nord du Mexique et du sud des \u00c9tats-Unis, ce cactus unique est utilis\u00e9 depuis des si\u00e8cles dans des rituels spirituels, offrant une exp\u00e9rience profonde de modification de la conscience.<\/p>","protected":false},"featured_media":129728,"template":"","meta":[],"product_brand":[],"product_cat":[536,297,476],"product_tag":[],"class_list":{"0":"post-129720","1":"product","2":"type-product","3":"status-publish","4":"has-post-thumbnail","6":"product_cat-mescaline-cacti","7":"product_cat-all-products","8":"product_cat-smartshop","9":"product_shipping_class-creditcard-off","11":"first","12":"instock","13":"taxable","14":"shipping-taxable","15":"purchasable","16":"product-type-variable","17":"has-default-attributes"},"_links":{"self":[{"href":"https:\/\/www.tatanka.nl\/fr\/wp-json\/wp\/v2\/product\/129720","targetHints":{"allow":["GET"]}}],"collection":[{"href":"https:\/\/www.tatanka.nl\/fr\/wp-json\/wp\/v2\/product"}],"about":[{"href":"https:\/\/www.tatanka.nl\/fr\/wp-json\/wp\/v2\/types\/product"}],"wp:featuredmedia":[{"embeddable":true,"href":"https:\/\/www.tatanka.nl\/fr\/wp-json\/wp\/v2\/media\/129728"}],"wp:attachment":[{"href":"https:\/\/www.tatanka.nl\/fr\/wp-json\/wp\/v2\/media?parent=129720"}],"wp:term":[{"taxonomy":"product_brand","embeddable":true,"href":"https:\/\/www.tatanka.nl\/fr\/wp-json\/wp\/v2\/product_brand?post=129720"},{"taxonomy":"product_cat","embeddable":true,"href":"https:\/\/www.tatanka.nl\/fr\/wp-json\/wp\/v2\/product_cat?post=129720"},{"taxonomy":"product_tag","embeddable":true,"href":"https:\/\/www.tatanka.nl\/fr\/wp-json\/wp\/v2\/product_tag?post=129720"}],"curies":[{"name":"wp","href":"https:\/\/api.w.org\/{rel}","templated":true}]}}