{"id":131236,"date":"2025-07-21T08:26:04","date_gmt":"2025-07-21T07:26:04","guid":{"rendered":"https:\/\/www.tatanka.nl\/?post_type=product&#038;p=131236"},"modified":"2025-07-23T13:22:58","modified_gmt":"2025-07-23T12:22:58","slug":"kanna-blitz-speed","status":"publish","type":"product","link":"https:\/\/www.tatanka.nl\/fr\/kanna-blitz-speed\/","title":{"rendered":"Kanna Blitz Speed"},"content":{"rendered":"<h2 dir=\"ltr\" data-pm-slice=\"1 1 []\">Qu'est-ce que la vitesse \u00e9clair Kanna ?<\/h2>\n<p dir=\"ltr\">Kanna Blitz Speed est un suppl\u00e9ment tr\u00e8s puissant qui associe les bienfaits naturels du Sceletium tortuosum (kanna) \u00e0 la taurine, \u00e0 la th\u00e9obromine et \u00e0 la caf\u00e9ine pour un regain d'\u00e9nergie in\u00e9gal\u00e9. D\u00e9riv\u00e9s d'une succulente d'Afrique du Sud, les alcalo\u00efdes du kanna, dont la m\u00e9sembrine, favorisent l'\u00e9l\u00e9vation de l'humeur et la clart\u00e9 mentale. L'ajout de caf\u00e9ine amplifie la vigilance, tandis que la taurine soutient l'endurance et que la th\u00e9obromine am\u00e9liore la concentration sans effets secondaires. Cette formule soigneusement \u00e9quilibr\u00e9e est con\u00e7ue pour les personnes qui ont besoin d'une \u00e9nergie soutenue pour des activit\u00e9s exigeantes telles que les s\u00e9ances d'entra\u00eenement, les marathons de travail ou les projets cr\u00e9atifs. Kanna Blitz Speed se distingue par son m\u00e9lange synergique, qui garantit un effet doux mais puissant. Contrairement aux compl\u00e9ments \u00e9nerg\u00e9tiques typiques, il \u00e9vite les coups durs en s'appuyant sur des ingr\u00e9dients naturels. Parfait pour ceux qui ont un style de vie actif, il aide les utilisateurs \u00e0 rester vifs, motiv\u00e9s et \u00e9nergiques. Le ratio optimis\u00e9 d'alcalo\u00efdes assure une performance constante, faisant de Kanna Blitz Speed un choix de premier ordre pour tous ceux qui cherchent \u00e0 \u00e9lever leurs niveaux d'\u00e9nergie naturellement et efficacement, qu'il s'agisse d'affronter une journ\u00e9e charg\u00e9e ou de repousser les limites physiques.<\/p>\n<h2 dir=\"ltr\">Historique du Kanna Blitz Speed<\/h2>\n<p dir=\"ltr\">Le Kanna Blitz Speed trouve son origine dans l'utilisation traditionnelle du kanna par les peuples indig\u00e8nes Khoikhoi et San d'Afrique du Sud, qui appr\u00e9ciaient le Sceletium tortuosum pour ses propri\u00e9t\u00e9s stimulantes et \u00e9nergisantes. Historiquement, le kanna \u00e9tait m\u00e2ch\u00e9 ou infus\u00e9 pour augmenter l'endurance pendant la chasse ou les rituels. La science moderne s'est appuy\u00e9e sur cet h\u00e9ritage pour isoler les principaux alcalo\u00efdes du kanna, comme la m\u00e9sembrine, afin de cr\u00e9er de puissants extraits. Kanna Blitz Speed va encore plus loin en m\u00e9langeant le kanna avec de la taurine, de la th\u00e9obromine et de la caf\u00e9ine, des ingr\u00e9dients connus pour leurs effets \u00e9nergisants. La taurine, naturellement pr\u00e9sente dans l'organisme, soutient les performances physiques, tandis que la th\u00e9obromine, d\u00e9riv\u00e9e du cacao, favorise une vigilance soutenue. La caf\u00e9ine, un stimulant \u00e9prouv\u00e9, compl\u00e8te l'effet stimulant naturel du kanna. Cette combinaison innovante refl\u00e8te la fusion de la sagesse ancienne et de la science nutritionnelle contemporaine, con\u00e7ue pour r\u00e9pondre aux exigences d'un mode de vie moderne et rapide. Kanna Blitz Speed a gagn\u00e9 en popularit\u00e9 parmi les athl\u00e8tes, les professionnels et les cr\u00e9atifs \u00e0 la recherche d'une alternative naturelle aux stimulants \u00e9nerg\u00e9tiques synth\u00e9tiques. Son d\u00e9veloppement t\u00e9moigne d'un engagement \u00e0 exploiter des solutions \u00e0 base de plantes pour fournir une \u00e9nergie propre et fiable \u00e0 ceux qui ont besoin d'\u00eatre au top de leurs performances.<\/p>\n<h2 dir=\"ltr\">Ingr\u00e9dients de Kanna Blitz Speed<\/h2>\n<p dir=\"ltr\">Kanna Blitz Speed est \u00e9labor\u00e9 \u00e0 partir d'un puissant m\u00e9lange d'extrait de Sceletium tortuosum (kanna), de taurine, de th\u00e9obromine et de caf\u00e9ine. L'extrait de kanna, riche en m\u00e9sembrine, soutient l'humeur et la clart\u00e9 cognitive et constitue le c\u0153ur de la formule. La taurine, un acide amin\u00e9, am\u00e9liore l'endurance physique et r\u00e9duit la fatigue, ce qui la rend id\u00e9ale pour les utilisateurs actifs. La th\u00e9obromine, d\u00e9riv\u00e9e du cacao, favorise une concentration soutenue et une lib\u00e9ration d'\u00e9nergie en douceur, compl\u00e9tant ainsi les effets du kanna. La caf\u00e9ine, un stimulant bien connu, stimule la vigilance et amplifie les propri\u00e9t\u00e9s \u00e9nergisantes de la formule. Ce m\u00e9lange synergique est exempt d'additifs artificiels, ce qui garantit un produit propre et naturel. Le rapport entre les alcalo\u00efdes est optimis\u00e9 pour une efficacit\u00e9 maximale, offrant un regain d'\u00e9nergie \u00e9quilibr\u00e9 mais puissant. Chaque ingr\u00e9dient est soigneusement s\u00e9lectionn\u00e9 et test\u00e9 pour r\u00e9pondre \u00e0 des normes de haute qualit\u00e9, pr\u00e9servant les avantages naturels du kanna tout en renfor\u00e7ant ses effets avec des compos\u00e9s compl\u00e9mentaires. Cette combinaison fait de Kanna Blitz Speed un choix unique pour ceux qui recherchent un suppl\u00e9ment naturel de haute performance pour soutenir les exigences mentales et physiques, que ce soit pour l'entra\u00eenement, le travail ou les efforts cr\u00e9atifs.<\/p>\n<p dir=\"ltr\"><strong>Avertissement<\/strong><br \/>\nKanna Blitz Speed est r\u00e9serv\u00e9 \u00e0 l'usage des adultes et ne convient pas aux femmes enceintes ou allaitantes. Consultez un professionnel de la sant\u00e9 avant d'utiliser ce produit si vous avez des probl\u00e8mes de sant\u00e9, en particulier des probl\u00e8mes cardiaques, ou si vous prenez des m\u00e9dicaments comme des stimulants ou des antid\u00e9presseurs, car des interactions peuvent se produire. \u00c9vitez de d\u00e9passer la dose recommand\u00e9e afin de pr\u00e9venir les effets secondaires tels que la nervosit\u00e9 ou l'insomnie. Ne pas combiner avec de l'alcool ou d'autres stimulants. Tenir hors de port\u00e9e des enfants et conserver en lieu s\u00fbr.<\/p>","protected":false},"excerpt":{"rendered":"<p dir=\"ltr\" data-pm-slice=\"1 1 []\">Kanna Blitz Speed est un m\u00e9lange dynamique de kanna, de taurine, de th\u00e9obromine et de caf\u00e9ine, con\u00e7u pour fournir un puissant regain d'\u00e9nergie. Parfaite pour les longues journ\u00e9es, les s\u00e9ances d'entra\u00eenement intenses ou les moments o\u00f9 l'on a besoin d'un suppl\u00e9ment d'\u00e9nergie, cette formule synergique am\u00e9liore la concentration et l'endurance. Id\u00e9ale pour ceux qui recherchent un suppl\u00e9ment naturel de haute \u00e9nergie pour mener \u00e0 bien des t\u00e2ches exigeantes.<\/p>","protected":false},"featured_media":131239,"template":"","meta":[],"product_brand":[],"product_cat":[476,297,508],"product_tag":[],"class_list":{"0":"post-131236","1":"product","2":"type-product","3":"status-publish","4":"has-post-thumbnail","6":"product_cat-smartshop","7":"product_cat-all-products","8":"product_cat-kanna","10":"first","11":"instock","12":"taxable","13":"shipping-taxable","14":"purchasable","15":"product-type-variable","16":"has-default-attributes"},"_links":{"self":[{"href":"https:\/\/www.tatanka.nl\/fr\/wp-json\/wp\/v2\/product\/131236","targetHints":{"allow":["GET"]}}],"collection":[{"href":"https:\/\/www.tatanka.nl\/fr\/wp-json\/wp\/v2\/product"}],"about":[{"href":"https:\/\/www.tatanka.nl\/fr\/wp-json\/wp\/v2\/types\/product"}],"wp:featuredmedia":[{"embeddable":true,"href":"https:\/\/www.tatanka.nl\/fr\/wp-json\/wp\/v2\/media\/131239"}],"wp:attachment":[{"href":"https:\/\/www.tatanka.nl\/fr\/wp-json\/wp\/v2\/media?parent=131236"}],"wp:term":[{"taxonomy":"product_brand","embeddable":true,"href":"https:\/\/www.tatanka.nl\/fr\/wp-json\/wp\/v2\/product_brand?post=131236"},{"taxonomy":"product_cat","embeddable":true,"href":"https:\/\/www.tatanka.nl\/fr\/wp-json\/wp\/v2\/product_cat?post=131236"},{"taxonomy":"product_tag","embeddable":true,"href":"https:\/\/www.tatanka.nl\/fr\/wp-json\/wp\/v2\/product_tag?post=131236"}],"curies":[{"name":"wp","href":"https:\/\/api.w.org\/{rel}","templated":true}]}}