{"id":131242,"date":"2025-07-21T08:26:04","date_gmt":"2025-07-21T07:26:04","guid":{"rendered":"https:\/\/www.tatanka.nl\/?post_type=product&#038;p=131242"},"modified":"2025-07-23T13:23:09","modified_gmt":"2025-07-23T12:23:09","slug":"kanna-blitz-focus","status":"publish","type":"product","link":"https:\/\/www.tatanka.nl\/fr\/kanna-blitz-focus\/","title":{"rendered":"Kanna Blitz Focus"},"content":{"rendered":"<h2 dir=\"ltr\" data-pm-slice=\"1 1 []\">Qu'est-ce que le Kanna Blitz Focus ?<\/h2>\n<p dir=\"ltr\">Kanna Blitz Focus est un suppl\u00e9ment de premi\u00e8re qualit\u00e9 con\u00e7u pour favoriser la clart\u00e9 mentale et une concentration soutenue. Il associe le Sceletium tortuosum (kanna), connu pour ses alcalo\u00efdes stimulant l'humeur, au CBD, un compos\u00e9 non psychoactif issu du chanvre qui favorise la relaxation et la concentration. La formule est enrichie de \u03947-mesembrenone, un puissant alcalo\u00efde du kanna qui aiguise les fonctions cognitives. Ce m\u00e9lange unique distingue Kanna Blitz Focus, offrant une solution naturelle pour ceux qui ont besoin de rester engag\u00e9s dans des t\u00e2ches exigeantes. Que vous travailliez sur un projet complexe, que vous r\u00e9visiez pour des examens ou que vous vous lanciez dans des activit\u00e9s cr\u00e9atives, ce produit aide \u00e0 maintenir une humeur positive tout en \u00e9liminant les distractions. La synergie entre le kanna et le CBD cr\u00e9e un effet \u00e9quilibr\u00e9, am\u00e9liorant la concentration sans surstimulation. Kanna Blitz Focus est id\u00e9al pour les personnes qui recherchent un moyen naturel et efficace de stimuler la productivit\u00e9 et les performances mentales. Sans additifs artificiels, il offre une exp\u00e9rience propre et fiable, ce qui en fait un choix de premier ordre pour les professionnels, les \u00e9tudiants et les cr\u00e9atifs qui souhaitent rester dans la zone.<\/p>\n<h2 dir=\"ltr\">Historique de Kanna Blitz Focus<\/h2>\n<p dir=\"ltr\">Le fondement du Kanna Blitz Focus repose sur l'utilisation traditionnelle du kanna, ou Sceletium tortuosum, par les peuples Khoikhoi et San d'Afrique du Sud. Pendant des si\u00e8cles, ils ont utilis\u00e9 le kanna pour am\u00e9liorer l'humeur et la clart\u00e9 mentale, en le m\u00e2chant ou en l'infusant pour les rituels et les t\u00e2ches quotidiennes. Ses alcalo\u00efdes, dont la \u03947-mesembrenone, \u00e9taient appr\u00e9ci\u00e9s pour leurs effets \u00e0 la fois calmants et stimulants. L'ajout du CBD, d\u00e9riv\u00e9 du chanvre, refl\u00e8te les progr\u00e8s modernes en mati\u00e8re de bien-\u00eatre naturel, le CBD \u00e9tant reconnu pour sa capacit\u00e9 \u00e0 r\u00e9duire le stress et \u00e0 am\u00e9liorer la concentration. Kanna Blitz Focus associe ces ingr\u00e9dients traditionnels \u00e0 la science contemporaine, cr\u00e9ant ainsi un produit adapt\u00e9 au monde d'aujourd'hui, qui \u00e9volue rapidement. Le d\u00e9veloppement de ce m\u00e9lange a \u00e9t\u00e9 motiv\u00e9 par le besoin d'une alternative naturelle aux aides synth\u00e9tiques \u00e0 la concentration, combinant les avantages cognitifs du kanna avec les propri\u00e9t\u00e9s calmantes du CBD. Cette formule innovante est devenue populaire parmi ceux qui recherchent la clart\u00e9 mentale sans les effets secondaires des stimulants. En pr\u00e9servant les compos\u00e9s actifs de la plante et en les associant au CBD, Kanna Blitz Focus fait le lien entre les traditions anciennes et les besoins modernes, offrant une solution unique pour une concentration soutenue et un \u00e9quilibre \u00e9motionnel.<\/p>\n<h2 dir=\"ltr\">Ingr\u00e9dients de Kanna Blitz Focus<\/h2>\n<p dir=\"ltr\">Kanna Blitz Focus est formul\u00e9 \u00e0 partir de deux ingr\u00e9dients cl\u00e9s : L'extrait de Sceletium tortuosum (kanna) et le CBD (cannabidiol). L'extrait de kanna est standardis\u00e9 pour contenir une forte concentration de \u03947-mesembrenone, un alcalo\u00efde connu pour ses propri\u00e9t\u00e9s d'am\u00e9lioration de l'humeur et de stimulation cognitive. Ce compos\u00e9 favorise la clart\u00e9 mentale et la concentration, ce qui le rend id\u00e9al pour les t\u00e2ches exigeantes. Le CBD, issu de chanvre de haute qualit\u00e9, compl\u00e8te le kanna en favorisant la relaxation et en r\u00e9duisant le stress, cr\u00e9ant ainsi un \u00e9tat d'\u00e9quilibre propice \u00e0 la productivit\u00e9. La synergie entre ces ingr\u00e9dients renforce leurs effets individuels, offrant une formule unique qui aiguise la concentration tout en maintenant un \u00e9tat d'esprit calme et positif. Kanna Blitz Focus est exempt de charges artificielles ou d'additifs, ce qui garantit un produit pur et naturel. La standardisation minutieuse de la \u03947-mesembrenone garantit une puissance constante, tandis que la puret\u00e9 du CBD est test\u00e9e pour r\u00e9pondre \u00e0 des normes de haute qualit\u00e9. Cette liste d'ingr\u00e9dients simplifi\u00e9e rend le produit accessible et efficace pour les utilisateurs qui recherchent un moyen naturel d'am\u00e9liorer les performances mentales, que ce soit pour le travail, les \u00e9tudes ou les efforts cr\u00e9atifs, offrant des r\u00e9sultats fiables sans complexit\u00e9 inutile.<\/p>\n<p dir=\"ltr\"><strong>Avertissement<\/strong><br \/>\nKanna Blitz Focus est destin\u00e9 \u00e0 l'usage exclusif des adultes et ne doit pas \u00eatre utilis\u00e9 par les femmes enceintes ou allaitantes. Consultez un professionnel de la sant\u00e9 avant d'utiliser ce produit si vous souffrez de troubles m\u00e9dicaux, en particulier ceux li\u00e9s \u00e0 la sant\u00e9 mentale, ou si vous prenez des m\u00e9dicaments tels que des antid\u00e9presseurs ou des s\u00e9datifs, car des interactions peuvent se produire. \u00c9vitez de d\u00e9passer la dose recommand\u00e9e afin de pr\u00e9venir les effets secondaires l\u00e9gers tels que les vertiges ou la fatigue. Ne pas combiner avec de l'alcool ou d'autres substances qui affectent le syst\u00e8me nerveux central. Tenir hors de port\u00e9e des enfants et conserver en lieu s\u00fbr.<\/p>","protected":false},"excerpt":{"rendered":"<p dir=\"ltr\" data-pm-slice=\"1 1 []\">Kanna Blitz Focus est un m\u00e9lange sp\u00e9cialis\u00e9 de kanna et de CBD, enrichi d'une forte concentration de \u03947-mesembrenone, con\u00e7u pour am\u00e9liorer la concentration et l'humeur. Parfaite pour le travail, les \u00e9tudes ou les projets cr\u00e9atifs, cette formule synergique favorise une concentration aiguis\u00e9e et un \u00e9tat d'esprit positif, vous permettant de rester dans la zone sans distraction.<\/p>\n<h2 dir=\"ltr\"><\/h2>","protected":false},"featured_media":131244,"template":"","meta":[],"product_brand":[],"product_cat":[508,297,476],"product_tag":[],"class_list":{"0":"post-131242","1":"product","2":"type-product","3":"status-publish","4":"has-post-thumbnail","6":"product_cat-kanna","7":"product_cat-all-products","8":"product_cat-smartshop","10":"first","11":"instock","12":"taxable","13":"shipping-taxable","14":"purchasable","15":"product-type-variable","16":"has-default-attributes"},"_links":{"self":[{"href":"https:\/\/www.tatanka.nl\/fr\/wp-json\/wp\/v2\/product\/131242","targetHints":{"allow":["GET"]}}],"collection":[{"href":"https:\/\/www.tatanka.nl\/fr\/wp-json\/wp\/v2\/product"}],"about":[{"href":"https:\/\/www.tatanka.nl\/fr\/wp-json\/wp\/v2\/types\/product"}],"wp:featuredmedia":[{"embeddable":true,"href":"https:\/\/www.tatanka.nl\/fr\/wp-json\/wp\/v2\/media\/131244"}],"wp:attachment":[{"href":"https:\/\/www.tatanka.nl\/fr\/wp-json\/wp\/v2\/media?parent=131242"}],"wp:term":[{"taxonomy":"product_brand","embeddable":true,"href":"https:\/\/www.tatanka.nl\/fr\/wp-json\/wp\/v2\/product_brand?post=131242"},{"taxonomy":"product_cat","embeddable":true,"href":"https:\/\/www.tatanka.nl\/fr\/wp-json\/wp\/v2\/product_cat?post=131242"},{"taxonomy":"product_tag","embeddable":true,"href":"https:\/\/www.tatanka.nl\/fr\/wp-json\/wp\/v2\/product_tag?post=131242"}],"curies":[{"name":"wp","href":"https:\/\/api.w.org\/{rel}","templated":true}]}}