{"id":138525,"date":"2026-03-24T09:10:40","date_gmt":"2026-03-24T08:10:40","guid":{"rendered":"https:\/\/www.tatanka.nl\/?post_type=product&#038;p=138525"},"modified":"2026-03-24T09:11:42","modified_gmt":"2026-03-24T08:11:42","slug":"dreamherb","status":"publish","type":"product","link":"https:\/\/www.tatanka.nl\/fr\/dreamherb\/","title":{"rendered":"Herbe de r\u00eave"},"content":{"rendered":"<h2 dir=\"auto\">Qu'est-ce que le Indian Elements Dreamherb ?<\/h2>\n<p dir=\"auto\">Indian Elements Dreamherb est une poudre pure, 100% naturelle, fabriqu\u00e9e \u00e0 partir des feuilles s\u00e9ch\u00e9es de Calea zacatechichi, \u00e9galement connu sous le nom de Dreamherb ou Bitter Grass (herbe am\u00e8re). Cette plante traditionnelle Mexican est utilis\u00e9e depuis des si\u00e8cles par les peuples indig\u00e8nes pour am\u00e9liorer la vivacit\u00e9 des r\u00eaves, la m\u00e9moire des r\u00eaves et favoriser les r\u00eaves lucides. La poudre finement moulue est facile \u00e0 pr\u00e9parer sous forme de th\u00e9 et agit sp\u00e9cifiquement pendant la phase de sommeil paradoxal sans provoquer d'effets psychoactifs pendant l'\u00e9veil.<\/p>\n<p dir=\"auto\">Chaque portion de 3 grammes d\u00e9livre les compos\u00e9s naturels de la plante qui influencent doucement l'activit\u00e9 onirique, rendant les r\u00eaves plus intenses, m\u00e9morables et parfois lucides. Contrairement aux stimulants ou aux hallucinog\u00e8nes, Dreamherb n'a aucun effet sur la conscience pendant la journ\u00e9e - pas d'euphorie, pas de somnolence et pas d'interf\u00e9rence avec le fonctionnement normal de la vie quotidienne. Il ne cr\u00e9e aucune d\u00e9pendance et n'agit que dans l'\u00e9tat de r\u00eave.<\/p>\n<p dir=\"auto\">La poudre a un go\u00fbt amer caract\u00e9ristique, c'est pourquoi elle est souvent appel\u00e9e \u201cherbe am\u00e8re\u201d en langue nahuatl. De nombreux utilisateurs ajoutent une pinc\u00e9e de sel pour r\u00e9duire l'amertume lors de la pr\u00e9paration du th\u00e9. Indian Elements Dreamherb est 100% v\u00e9g\u00e9talien, exempt d'additifs et soigneusement s\u00e9lectionn\u00e9 pour pr\u00e9server la puissance traditionnelle de la plante. C'est un outil s\u00fbr et doux pour tous ceux qui s'int\u00e9ressent au travail sur les r\u00eaves, \u00e0 l'exploration de soi ou simplement \u00e0 l'exp\u00e9rience d'un sommeil plus riche et plus conscient.<\/p>\n<h2 dir=\"auto\">Historique de Indian Elements Dreamherb<\/h2>\n<p dir=\"auto\">Le Calea zacatechichi est utilis\u00e9 depuis des centaines d'ann\u00e9es par les groupes indig\u00e8nes du Mexique et d'Am\u00e9rique centrale, en particulier par le peuple Chontal d'Oaxaca. Les gu\u00e9risseurs traditionnels et les chamans consommaient les feuilles sous forme de th\u00e9 avant de s'endormir pour recevoir des messages clairs et des conseils par le biais des r\u00eaves. Elle \u00e9tait consid\u00e9r\u00e9e comme une plante sacr\u00e9e pour la divination, la compr\u00e9hension spirituelle et les rituels de gu\u00e9rison.<\/p>\n<p dir=\"auto\">En langue nahuatl, la plante est appel\u00e9e \u201cthle-pela-kano\u201d, ce qui signifie \u201cfeuille qui induit le sommeil\u201d. Sa r\u00e9putation d'herbe \u00e0 r\u00eaves s'est r\u00e9pandue parmi les praticiens de la Mexican m\u00e9decine populaire, qui l'appr\u00e9ciaient pour intensifier les r\u00eaves et en am\u00e9liorer le souvenir sans perturber les sch\u00e9mas de sommeil normaux. L'int\u00e9r\u00eat occidental s'est accru dans les ann\u00e9es 1970 lorsque des ethnobotanistes ont document\u00e9 son utilisation traditionnelle, ce qui a suscit\u00e9 une curiosit\u00e9 scientifique accrue quant \u00e0 ses effets sur le sommeil paradoxal et les \u00e9tats de r\u00eave.<\/p>\n<p dir=\"auto\">Aujourd'hui, Dreamherb est largement reconnu dans la communaut\u00e9 phytoth\u00e9rapeutique mondiale comme l'un des am\u00e9liorateurs de r\u00eaves naturels les plus efficaces. Indian Elements Dreamherb honore cette ancienne tradition en proposant du Calea zacatechichi pur et de haute qualit\u00e9 sous forme de poudre finement moulue qui pr\u00e9serve toutes les propri\u00e9t\u00e9s traditionnelles de la plante. Le produit apporte des si\u00e8cles de sagesse indig\u00e8ne dans un format moderne et facile \u00e0 utiliser pour une exploration consciente des r\u00eaves et des exp\u00e9riences de sommeil plus profondes.<\/p>\n<h2 dir=\"auto\">Comment utiliser Indian Elements Dreamherb<\/h2>\n<p dir=\"auto\">Indian Elements Dreamherb est \u00e0 utiliser de pr\u00e9f\u00e9rence peu avant le coucher. La dose recommand\u00e9e est de 3 grammes de poudre, \u00e0 prendre 45 minutes avant de dormir. Pour obtenir des r\u00e9sultats optimaux, il convient de l'utiliser r\u00e9guli\u00e8rement pendant 3 \u00e0 7 jours, puis de faire une pause. De nombreux utilisateurs estiment que cette m\u00e9thode permet de maintenir l'efficacit\u00e9 de la plante au fil du temps.<\/p>\n<p dir=\"auto\">Pr\u00e9parer le th\u00e9 en ajoutant 3 grammes de poudre \u00e0 une tasse d'eau bouillante et laisser infuser pendant 10 minutes. Remuez bien et buvez l'infusion lentement. Comme le go\u00fbt est assez amer, l'ajout d'une petite pinc\u00e9e de sel peut aider \u00e0 r\u00e9duire l'amertume plus efficacement que le sucre. Certaines personnes pr\u00e9f\u00e8rent prendre la poudre directement avec un peu d'eau si elles ne veulent pas pr\u00e9parer de th\u00e9.<\/p>\n<p dir=\"auto\">Pour une am\u00e9lioration optimale des r\u00eaves, \u00e9vitez les repas lourds juste avant la prise et maintenez une routine calme le soir. Tenez un journal des r\u00eaves \u00e0 c\u00f4t\u00e9 de votre lit pour noter vos r\u00eaves imm\u00e9diatement apr\u00e8s le r\u00e9veil - cela am\u00e9liore grandement le souvenir. Conservez l'emballage de 30 grammes dans un endroit frais, sombre et sec afin de pr\u00e9server sa fra\u00eecheur et son efficacit\u00e9. Gr\u00e2ce \u00e0 une utilisation r\u00e9guli\u00e8re et r\u00e9fl\u00e9chie, de nombreuses personnes font \u00e9tat de r\u00eaves beaucoup plus vifs, m\u00e9morables et parfois lucides.<\/p>\n<h2 dir=\"auto\">Ingr\u00e9dients de Indian Elements Dreamherb<\/h2>\n<p dir=\"auto\">Indian Elements Dreamherb contient 100% de feuilles de Calea zacatechichi pures, naturellement s\u00e9ch\u00e9es et moulues. Cette poudre \u00e0 ingr\u00e9dient unique est exempte d'additifs, d'agents de remplissage, de conservateurs et de toute substance synth\u00e9tique. La plante est soigneusement r\u00e9colt\u00e9e et trait\u00e9e pour conserver toutes ses propri\u00e9t\u00e9s traditionnelles.<\/p>\n<p dir=\"auto\">Calea zacatechichi est naturellement riche en compos\u00e9s bioactifs qui influencent l'activit\u00e9 onirique pendant la phase de sommeil paradoxal. Ces compos\u00e9s modulent en douceur l'intensit\u00e9 et le rappel des r\u00eaves sans affecter la conscience \u00e9veill\u00e9e. La plante contient divers lactones sesquiterp\u00e9niques et d'autres compos\u00e9s phytochimiques traditionnellement associ\u00e9s \u00e0 ses effets favorisant les r\u00eaves.<\/p>\n<p dir=\"auto\">La poudre est 100% v\u00e9g\u00e9talienne, sans gluten, et convient \u00e0 tous ceux qui recherchent une approche naturelle de l'exploration des r\u00eaves. Comme il s'agit d'un produit \u00e0 base d'une seule plante, vous savez exactement ce que vous consommez. Indian Elements garantit la plus grande puret\u00e9 et la meilleure qualit\u00e9 possibles, de sorte que chaque lot offre une puissance traditionnelle constante pour des exp\u00e9riences de r\u00eave vives et perspicaces.<\/p>\n<p dir=\"auto\"><strong>Avertissement<\/strong> Ce produit est un compl\u00e9ment alimentaire et doit \u00eatre utilis\u00e9 comme tel. Ne pas d\u00e9passer la quantit\u00e9 journali\u00e8re recommand\u00e9e. Tenir le produit hors de port\u00e9e des enfants. Consultez votre m\u00e9decin avant d'utiliser ce produit si vous \u00eates enceinte, si vous allaitez ou si vous avez des probl\u00e8mes de sant\u00e9. Conserver \u00e0 temp\u00e9rature ambiante et \u00e0 l'abri de la lumi\u00e8re. N'utiliser que pour les personnes \u00e2g\u00e9es de plus de 18 ans. Il est fortement d\u00e9conseill\u00e9 aux personnes souffrant de probl\u00e8mes r\u00e9naux ou cardiaques, d'hypertension ou d'hypotension, de diab\u00e8te ou sous l'influence de m\u00e9dicaments, d'alcool ou de drogues d'en faire usage. Cette plante n'est pas un m\u00e9dicament. Ne l'achetez pas et ne l'utilisez pas si le sceau est bris\u00e9.<\/p>","protected":false},"excerpt":{"rendered":"<p dir=\"auto\">D\u00e9couvrez les r\u00eaves vifs et lucides avec Indian Elements Dreamherb. Cette poudre naturelle 100% de Calea zacatechichi est une herbe \u00e0 r\u00eaves traditionnelle qui intensifie l'activit\u00e9 onirique, am\u00e9liore le rappel des r\u00eaves et favorise l'exploration consciente pendant le sommeil. L'emballage pratique de 30 grammes est id\u00e9al pour ceux qui recherchent un moyen doux et naturel d'approfondir leur exp\u00e9rience onirique sans affecter leur \u00e9tat d'\u00e9veil.<\/p>\n<h2 dir=\"auto\"><\/h2>","protected":false},"featured_media":138529,"template":"","meta":[],"product_brand":[],"product_cat":[597,297,475,477,479,511,476,486,480],"product_tag":[],"class_list":{"0":"post-138525","1":"product","2":"type-product","3":"status-publish","4":"has-post-thumbnail","6":"product_cat-indian-elements","7":"product_cat-all-products","8":"product_cat-healthshop","9":"product_cat-herbs","10":"product_cat-medicinal-herbs","11":"product_cat-relax-herbs","12":"product_cat-smartshop","13":"product_cat-superfoods","14":"product_cat-supplements","16":"first","17":"instock","18":"taxable","19":"shipping-taxable","20":"purchasable","21":"product-type-variable","22":"has-default-attributes"},"_links":{"self":[{"href":"https:\/\/www.tatanka.nl\/fr\/wp-json\/wp\/v2\/product\/138525","targetHints":{"allow":["GET"]}}],"collection":[{"href":"https:\/\/www.tatanka.nl\/fr\/wp-json\/wp\/v2\/product"}],"about":[{"href":"https:\/\/www.tatanka.nl\/fr\/wp-json\/wp\/v2\/types\/product"}],"wp:featuredmedia":[{"embeddable":true,"href":"https:\/\/www.tatanka.nl\/fr\/wp-json\/wp\/v2\/media\/138529"}],"wp:attachment":[{"href":"https:\/\/www.tatanka.nl\/fr\/wp-json\/wp\/v2\/media?parent=138525"}],"wp:term":[{"taxonomy":"product_brand","embeddable":true,"href":"https:\/\/www.tatanka.nl\/fr\/wp-json\/wp\/v2\/product_brand?post=138525"},{"taxonomy":"product_cat","embeddable":true,"href":"https:\/\/www.tatanka.nl\/fr\/wp-json\/wp\/v2\/product_cat?post=138525"},{"taxonomy":"product_tag","embeddable":true,"href":"https:\/\/www.tatanka.nl\/fr\/wp-json\/wp\/v2\/product_tag?post=138525"}],"curies":[{"name":"wp","href":"https:\/\/api.w.org\/{rel}","templated":true}]}}