{"id":138577,"date":"2026-03-25T15:51:11","date_gmt":"2026-03-25T14:51:11","guid":{"rendered":"https:\/\/www.tatanka.nl\/?post_type=product&#038;p=138577"},"modified":"2026-03-25T15:51:12","modified_gmt":"2026-03-25T14:51:12","slug":"salvia-divinorum-leaf","status":"publish","type":"product","link":"https:\/\/www.tatanka.nl\/fr\/salvia-divinorum-leaf\/","title":{"rendered":"Salvia Divinorum Feuille"},"content":{"rendered":"<h2 dir=\"auto\">Qu'est-ce que Indian Elements Salvia Divinorum Leaf ?<\/h2>\n<p dir=\"auto\">Indian Elements Salvia Divinorum Leaf est compos\u00e9 de feuilles soigneusement s\u00e9ch\u00e9es de la plante Salvia Divinorum, un membre de la famille des sauges originaire des for\u00eats nuageuses du Mexique. Cette plante remarquable est l'un des psych\u00e9d\u00e9liques naturels les plus puissants que l'on connaisse. Les feuilles contiennent de la salvinorine A, un compos\u00e9 unique qui produit des effets diff\u00e9rents de ceux de toute autre plante visionnaire. Les utilisateurs font souvent \u00e9tat de changements visuels et perceptuels intenses, d'un sentiment profond de fusion avec les objets ou l'environnement, et d'une dissolution temporaire du sens ordinaire de soi. Avec une portion recommand\u00e9e de seulement 1 gramme, Indian Elements Salvia Divinorum Leaf est destin\u00e9 aux personnes exp\u00e9riment\u00e9es qui abordent cette plante avec respect et intention. Le produit est propos\u00e9 dans sa forme la plus pure, non transform\u00e9e, afin de pr\u00e9server toute la puissance traditionnelle qui a rendu cette feuille l\u00e9gendaire dans les cultures chamaniques.<\/p>\n<h2 dir=\"auto\">Historique de Indian Elements Salvia Divinorum Leaf<\/h2>\n<p dir=\"auto\">L'histoire de la feuille Indian Elements Salvia Divinorum est profond\u00e9ment ancr\u00e9e dans les traditions spirituelles du peuple mazat\u00e8que d'Oaxaca, au Mexique. Depuis des centaines d'ann\u00e9es, les chamans mazat\u00e8ques utilisent les feuilles fra\u00eeches lors de c\u00e9r\u00e9monies nocturnes sacr\u00e9es pour communiquer avec le monde des esprits, recevoir des conseils et faciliter la gu\u00e9rison. Ils appellent cette plante Ska Maria Pastora, la consid\u00e9rant comme un ma\u00eetre divin et un pont entre le monde physique et le monde spirituel. Les feuilles \u00e9taient traditionnellement m\u00e2ch\u00e9es ou pr\u00e9par\u00e9es sous forme d'infusion au cours de rituels \u00e9labor\u00e9s dirig\u00e9s par des gu\u00e9risseurs exp\u00e9riment\u00e9s. La connaissance de la feuille Salvia Divinorum est rest\u00e9e largement secr\u00e8te au sein de ces communaut\u00e9s indig\u00e8nes jusqu'au milieu du XXe si\u00e8cle, lorsque des ethnobotanistes occidentaux ont commenc\u00e9 \u00e0 documenter ses propri\u00e9t\u00e9s remarquables. Indian Elements honore cette ancienne lign\u00e9e en s'approvisionnant et en offrant les feuilles sous leur forme la plus authentique et la plus pure, permettant aux chercheurs modernes de se connecter au m\u00eame esprit puissant de la plante qui a guid\u00e9 les gu\u00e9risseurs et les visionnaires depuis des g\u00e9n\u00e9rations.<\/p>\n<h2 dir=\"auto\">Comment utiliser Indian Elements Salvia Divinorum Leaf<\/h2>\n<p dir=\"auto\">L'utilisation de la feuille Indian Elements Salvia Divinorum n\u00e9cessite de la r\u00e9flexion, de la pr\u00e9paration et un environnement s\u00fbr. Mesurez avec pr\u00e9cision 1 gramme de feuilles s\u00e9ch\u00e9es \u00e0 l'aide d'une balance pr\u00e9cise. Les feuilles peuvent \u00eatre pr\u00e9par\u00e9es comme un th\u00e9 fort en les recouvrant d'eau bouillante et en les laissant infuser pendant 10 \u00e0 15 minutes pour assurer l'extraction compl\u00e8te des compos\u00e9s actifs. L'infusion doit \u00eatre bue lentement, en restant assis dans une pi\u00e8ce calme et sombre. Comme les effets peuvent appara\u00eetre rapidement et devenir extr\u00eamement intenses, il est fortement recommand\u00e9 d'\u00eatre accompagn\u00e9 d'une personne de confiance et sobre. Ne jamais combiner cette plante avec d'autres substances psychoactives, de l'alcool ou des m\u00e9dicaments. L'exp\u00e9rience commence g\u00e9n\u00e9ralement rapidement et dure relativement peu de temps, apr\u00e8s quoi il est essentiel de s'int\u00e9grer et de se reposer. Abordez chaque s\u00e9ance avec une intention claire et en respectant le pouvoir de la plante. En raison de sa puissance, il est conseill\u00e9 d'en faire un usage responsable et peu fr\u00e9quent afin de pr\u00e9server la sensibilit\u00e9 et d'assurer des voyages significatifs.<\/p>\n<h2 dir=\"auto\">Ingr\u00e9dients de la feuille Indian Elements Salvia Divinorum<\/h2>\n<p dir=\"auto\">Les ingr\u00e9dients de Indian Elements Salvia Divinorum Leaf consistent uniquement en 100% de feuilles de Salvia Divinorum s\u00e9ch\u00e9es et pures. Aucun agent de remplissage, additif, extrait ou agent de traitement n'est utilis\u00e9, ce qui garantit le plus haut niveau de puret\u00e9 et de puissance traditionnelle. Le principal compos\u00e9 actif est la salvinorine A, un puissant diterp\u00e9no\u00efde qui agit sur les r\u00e9cepteurs kappa-opio\u00efdes du cerveau, produisant les effets visionnaires intenses caract\u00e9ristiques associ\u00e9s \u00e0 cette plante. Ces effets comprennent de profonds changements de perception, une distorsion de la r\u00e9alit\u00e9 et la sensation caract\u00e9ristique de ne faire qu'un avec les objets ou le milieu environnant. Les feuilles contiennent \u00e9galement d'autres compos\u00e9s naturels qui soutiennent l'exp\u00e9rience globale. Comme le produit n'a subi aucune transformation et ne contient qu'un seul ingr\u00e9dient, il offre tout le spectre des qualit\u00e9s traditionnelles de la plante, telles qu'elles sont utilis\u00e9es par les gu\u00e9risseurs indig\u00e8nes depuis des si\u00e8cles. Indian Elements s\u00e9lectionne soigneusement chaque lot pour maintenir une force et une qualit\u00e9 constantes. Cette composition minimaliste garantit que chaque portion de 1 gramme offre une rencontre authentique avec l'une des plantes visionnaires les plus remarquables de la nature.<\/p>\n<p dir=\"auto\"><strong>Avertissement<\/strong> R\u00e9serv\u00e9 aux adultes de plus de 18 ans. Tenir hors de port\u00e9e des enfants. Ce produit est d\u00e9conseill\u00e9 aux personnes souffrant de probl\u00e8mes r\u00e9naux ou cardiaques, d'hypertension ou d'hypotension, de diab\u00e8te, ainsi qu'\u00e0 celles qui prennent des m\u00e9dicaments, consomment de l'alcool ou d'autres substances. Consultez votre m\u00e9decin avant d'utiliser ce produit si vous \u00eates enceinte, si vous allaitez ou si vous avez des probl\u00e8mes de sant\u00e9. Indian Elements Salvia Divinorum La feuille est un compl\u00e9ment alimentaire et n'est pas destin\u00e9e \u00e0 diagnostiquer, traiter, gu\u00e9rir ou pr\u00e9venir une quelconque maladie. Ne pas acheter ou utiliser si le sceau est bris\u00e9. Conserver dans un endroit frais, sombre et sec pour maintenir une fra\u00eecheur et une puissance optimales. Utilisez toujours cette plante avec respect et en toute s\u00e9curit\u00e9.<\/p>","protected":false},"excerpt":{"rendered":"<p dir=\"auto\">D\u00e9couvrez l'extraordinaire pouvoir visionnaire de la feuille Indian Elements Salvia Divinorum, un compl\u00e9ment v\u00e9g\u00e9tal pur et puissant connu pour ses effets psych\u00e9d\u00e9liques intenses. Cette feuille sacr\u00e9e de la famille des sauges est utilis\u00e9e depuis des si\u00e8cles dans les pratiques chamaniques traditionnelles pour induire de profonds \u00e9tats de conscience alt\u00e9r\u00e9e, des visions vivantes et des exp\u00e9riences profond\u00e9ment transformatrices. Chaque paquet de 10 grammes offre une occasion rare d'explorer les limites de la perception et de la r\u00e9alit\u00e9 d'une mani\u00e8re traditionnelle et naturelle.<\/p>","protected":false},"featured_media":138580,"template":"","meta":[],"product_brand":[],"product_cat":[597,297,477,290,544,476,480],"product_tag":[],"class_list":{"0":"post-138577","1":"product","2":"type-product","3":"status-publish","4":"has-post-thumbnail","6":"product_cat-indian-elements","7":"product_cat-all-products","8":"product_cat-herbs","9":"product_cat-psychedelic-herbs","10":"product_cat-salvia-divinorum","11":"product_cat-smartshop","12":"product_cat-supplements","14":"first","15":"instock","16":"taxable","17":"shipping-taxable","18":"purchasable","19":"product-type-variable","20":"has-default-attributes"},"_links":{"self":[{"href":"https:\/\/www.tatanka.nl\/fr\/wp-json\/wp\/v2\/product\/138577","targetHints":{"allow":["GET"]}}],"collection":[{"href":"https:\/\/www.tatanka.nl\/fr\/wp-json\/wp\/v2\/product"}],"about":[{"href":"https:\/\/www.tatanka.nl\/fr\/wp-json\/wp\/v2\/types\/product"}],"wp:featuredmedia":[{"embeddable":true,"href":"https:\/\/www.tatanka.nl\/fr\/wp-json\/wp\/v2\/media\/138580"}],"wp:attachment":[{"href":"https:\/\/www.tatanka.nl\/fr\/wp-json\/wp\/v2\/media?parent=138577"}],"wp:term":[{"taxonomy":"product_brand","embeddable":true,"href":"https:\/\/www.tatanka.nl\/fr\/wp-json\/wp\/v2\/product_brand?post=138577"},{"taxonomy":"product_cat","embeddable":true,"href":"https:\/\/www.tatanka.nl\/fr\/wp-json\/wp\/v2\/product_cat?post=138577"},{"taxonomy":"product_tag","embeddable":true,"href":"https:\/\/www.tatanka.nl\/fr\/wp-json\/wp\/v2\/product_tag?post=138577"}],"curies":[{"name":"wp","href":"https:\/\/api.w.org\/{rel}","templated":true}]}}