{"id":1979,"date":"2017-10-01T16:23:41","date_gmt":"2017-10-01T16:23:41","guid":{"rendered":"http:\/\/www.tatanka.nl\/?post_type=product&#038;p=1979"},"modified":"2025-09-23T08:56:44","modified_gmt":"2025-09-23T07:56:44","slug":"lsd-purity-test-pure-tester","status":"publish","type":"product","link":"https:\/\/www.tatanka.nl\/fr\/lsd-purity-test-pure-tester\/","title":{"rendered":"LSD EZ-Test - Un paquet"},"content":{"rendered":"<h2 dir=\"auto\">Qu'est-ce que le LSD EZ-Test ?<\/h2>\n<p dir=\"auto\">LSD EZ-Test est un kit de test compact et convivial con\u00e7u pour identifier la pr\u00e9sence de LSD et d'autres compos\u00e9s indoliques, tels que le DMT, le 5-MeO-DMT, la psilocybine et la psilocine, dans des \u00e9chantillons suspects. Gr\u00e2ce \u00e0 un r\u00e9actif chimique int\u00e9gr\u00e9 dans un gel de silice \u00e0 l'int\u00e9rieur d'une ampoule en verre, il d\u00e9clenche un changement de couleur visible lorsqu'une substance r\u00e9agit, ce qui permet une confirmation visuelle rapide \u00e0 l'aide d'un diagramme inclus. Il s'agit donc d'un outil essentiel sur un march\u00e9 o\u00f9 abondent les adult\u00e9rants tels que les variantes de NBOMe ou les amph\u00e9tamines psych\u00e9d\u00e9liques, qui peuvent pr\u00e9senter de graves risques pour la sant\u00e9, notamment des naus\u00e9es, de l'anxi\u00e9t\u00e9, voire des risques mortels.<\/p>\n<p dir=\"auto\">Les utilisateurs appr\u00e9cient son r\u00f4le dans la r\u00e9duction des risques, car il fournit une indication imm\u00e9diate plut\u00f4t qu'une analyse de puret\u00e9 absolue, ce qui encourage les professionnels \u00e0 effectuer d'autres tests en cas de doute. Le format \u00e0 test unique est abordable et portable, id\u00e9al pour une utilisation personnelle lors d'\u00e9v\u00e9nements ou \u00e0 la maison. Contrairement aux analyses de laboratoire compl\u00e8tes, ce kit se concentre sur la d\u00e9tection pr\u00e9somptive, ce qui permet d'\u00e9viter l'exposition involontaire \u00e0 des contrefa\u00e7ons nocives.<\/p>\n<p dir=\"auto\">Sa conception privil\u00e9gie la simplicit\u00e9, ne n\u00e9cessitant aucune expertise technique, tout en mettant l'accent sur la s\u00e9curit\u00e9 gr\u00e2ce \u00e0 des instructions claires. De nombreuses personnes se tournent vers ce produit pour avoir l'esprit tranquille, encourageant des pratiques responsables dans des contextes r\u00e9cr\u00e9atifs sans pour autant cautionner la consommation de substances psychoactives.<\/p>\n<h2 dir=\"auto\">Histoire du LSD EZ-Test<\/h2>\n<p dir=\"auto\">Le fondement du LSD EZ-Test r\u00e9side dans la d\u00e9couverte du LSD par Albert Hofmann en 1943, qui a suscit\u00e9 un int\u00e9r\u00eat g\u00e9n\u00e9ralis\u00e9 pour les psych\u00e9d\u00e9liques, mais a \u00e9galement conduit \u00e0 un march\u00e9 noir inond\u00e9 d'impuret\u00e9s dans les ann\u00e9es 1960. Les premiers efforts de r\u00e9duction des risques sont apparus \u00e0 l'\u00e9poque de la contre-culture, avec des tests de base sur le terrain utilisant des produits chimiques m\u00e9nagers pour rep\u00e9rer les contrefa\u00e7ons, bien qu'ils ne soient pas fiables. Les ann\u00e9es 1970 ont \u00e9t\u00e9 marqu\u00e9es par des progr\u00e8s dans le domaine de la m\u00e9decine l\u00e9gale, avec l'adaptation du r\u00e9actif d'Ehrlich - mis au point dans les ann\u00e9es 1880 pour la d\u00e9tection m\u00e9dicale des indoles - \u00e0 l'analyse des drogues, dans un contexte d'inqui\u00e9tude croissante quant \u00e0 la s\u00e9curit\u00e9 des drogues de rue.<\/p>\n<p dir=\"auto\">Dans les ann\u00e9es 1990, des organisations comme DanceSafe ont formalis\u00e9 des kits de r\u00e9actifs pour les raves, en s'attaquant aux adult\u00e9rants pr\u00e9sents dans l'ecstasy et le LSD. Les marques EZ Test sont apparues en Europe au d\u00e9but des ann\u00e9es 2000, se sp\u00e9cialisant dans les syst\u00e8mes conviviaux \u00e0 base d'ampoules pour les indoles, s'appuyant sur une absorption am\u00e9lior\u00e9e du gel de silice pour la stabilit\u00e9. Ces kits ont gagn\u00e9 en popularit\u00e9 aupr\u00e8s des festivaliers et des groupes de pression qui militent en faveur de la d\u00e9p\u00e9nalisation et de l'\u00e9ducation.<\/p>\n<p dir=\"auto\">Au fil des d\u00e9cennies, les raffinements ont incorpor\u00e9 des diagrammes de couleurs pour une couverture plus large des indoles, en r\u00e9ponse \u00e0 l'\u00e9volution des synth\u00e9tiques tels que les variantes 5-MeO. Aujourd'hui, le LSD EZ-Test incarne cette progression, alliant la chimie historique \u00e0 l'accessibilit\u00e9 moderne pour soutenir les initiatives mondiales de r\u00e9duction des risques.<\/p>\n<p dir=\"auto\">Son h\u00e9ritage met en \u00e9vidence le passage de la prohibition \u00e0 une s\u00e9curit\u00e9 pragmatique, permettant aux utilisateurs du monde entier de se pr\u00e9munir contre les dangers du march\u00e9.<\/p>\n<h2 dir=\"auto\">Comment utiliser le LSD EZ-Test<\/h2>\n<p dir=\"auto\">Pour utiliser efficacement le LSD EZ-Test, commencez par pr\u00e9parer un petit \u00e9chantillon de votre substance, tel qu'un fragment de buvard ou de cristal, en veillant \u00e0 minimiser le contact pour \u00e9viter les risques. Cassez d\u00e9licatement l'ampoule de verre comme indiqu\u00e9 - sans forcer - pour exposer le gel de silice imbib\u00e9 de r\u00e9actif qui se trouve \u00e0 l'int\u00e9rieur. Ins\u00e9rez l'\u00e9chantillon directement dans l'ampoule, puis fermez-la avec le bouchon fourni et agitez doucement pour m\u00e9langer.<\/p>\n<p dir=\"auto\">Laisser la r\u00e9action se d\u00e9rouler pendant trois minutes et observer l'\u00e9volution de la couleur. Comparer avec le diagramme de l'emballage : une teinte violette indique la pr\u00e9sence d'indoles comme le LSD, tandis qu'aucun changement n'indique l'absence d'indoles. Pour les buvards, il faut s'attendre \u00e0 des teintes plus subtiles en raison des concentrations plus faibles, mais la patience permet d'obtenir des r\u00e9sultats.<\/p>\n<p dir=\"auto\">Apr\u00e8s le test, \u00e9liminez l'ampoule et le r\u00e9sidu en toute s\u00e9curit\u00e9, \u00e9ventuellement dans un sac scell\u00e9, afin d'\u00e9viter tout dommage environnemental ou accidentel. Si le kit arrive endommag\u00e9, ne l'utilisez pas et remplacez-le. Ce processus est simple, il ne prend que quelques minutes et s'int\u00e8gre discr\u00e8tement dans diff\u00e9rents contextes.<\/p>\n<p dir=\"auto\">Il convient de suivre scrupuleusement les instructions ci-jointes, car le test n'offre qu'une indication et non une preuve d\u00e9finitive. Pour une analyse plus approfondie, il convient de consulter des laboratoires. Cette m\u00e9thode favorise une prise de d\u00e9cision prudente et \u00e9clair\u00e9e dans des sc\u00e9narios personnels.<\/p>\n<p><img loading=\"lazy\" decoding=\"async\" class=\"alignnone size-full wp-image-14594\" src=\"https:\/\/www.tatanka.nl\/wp-content\/uploads\/2018\/02\/Instructions-Drugtests.jpg\" alt=\"- Tatanka.nl\" width=\"710\" height=\"198\" title=\"- Tatanka.nl\" srcset=\"https:\/\/www.tatanka.nl\/wp-content\/uploads\/2018\/02\/Instructions-Drugtests.jpg 710w, https:\/\/www.tatanka.nl\/wp-content\/uploads\/2018\/02\/Instructions-Drugtests-420x117.jpg 420w, https:\/\/www.tatanka.nl\/wp-content\/uploads\/2018\/02\/Instructions-Drugtests-64x18.jpg 64w, https:\/\/www.tatanka.nl\/wp-content\/uploads\/2018\/02\/Instructions-Drugtests-600x167.jpg 600w\" sizes=\"auto, (max-width: 710px) 100vw, 710px\" \/><\/p>\n<h2 dir=\"auto\">Ingr\u00e9dients de LSD EZ-Test<\/h2>\n<p dir=\"auto\">Le LSD EZ-Test comprend un r\u00e9actif chimique sp\u00e9cialis\u00e9, principalement une formule d'Ehrlich modifi\u00e9e, absorb\u00e9 dans un gel de silice inerte pour des r\u00e9actions contr\u00f4l\u00e9es. Ce gel, log\u00e9 dans une ampoule de verre fragile, stabilise les composants actifs, emp\u00eachant leur d\u00e9gradation jusqu'\u00e0 l'activation. Le r\u00e9actif comprend g\u00e9n\u00e9ralement du p-dim\u00e9thylaminobenzald\u00e9hyde (DMAB) dans une solution acide, telle que l'acide chlorhydrique, qui interagit avec les indoles pour produire des changements de couleur distincts.<\/p>\n<p dir=\"auto\">Aucune charge ni aucun colorant suppl\u00e9mentaire ne compromet la puret\u00e9, ce qui permet de se concentrer sur une d\u00e9tection pr\u00e9cise sans interf\u00e9rence. La silice agit comme un support neutre, am\u00e9liorant la s\u00e9curit\u00e9 en minimisant la manipulation directe des liquides. Les \u00e9l\u00e9ments de l'emballage, tels que le nuancier et les instructions, soutiennent les ingr\u00e9dients de base mais ne sont pas r\u00e9actifs.<\/p>\n<p dir=\"auto\">Cette composition s'inspire de la chimie m\u00e9dico-l\u00e9gale \u00e9tablie et est optimis\u00e9e pour une utilisation \u00e0 domicile avec un volume minimal dans le cadre d'un test unique. Les utilisateurs b\u00e9n\u00e9ficient de son profil non toxique lorsqu'il est manipul\u00e9 correctement, bien qu'il ne soit pas ing\u00e9rable.<\/p>\n<p dir=\"auto\">La simplicit\u00e9 du m\u00e9lange souligne sa fiabilit\u00e9, en ciblant des liaisons mol\u00e9culaires sp\u00e9cifiques dans les psych\u00e9d\u00e9liques tout en ignorant les adult\u00e9rants courants. La transparence de la formulation rassure ceux qui accordent la priorit\u00e9 aux outils de r\u00e9duction des risques.<\/p>\n<p dir=\"auto\"><strong>Avertissement<\/strong> Apr\u00e8s le test, n'oubliez pas de jeter l'ampoule et l'\u00e9chantillon en toute s\u00e9curit\u00e9. Les kits de test EZ ne sont qu'une aide \u00e0 l'analyse d'une substance. Il est conseill\u00e9 de ne toucher \u00e0 aucune substance et il est recommand\u00e9 de proc\u00e9der \u00e0 des analyses approfondies des \u00e9chantillons en laboratoire pour obtenir des r\u00e9sultats plus d\u00e9taill\u00e9s. Le EZ-Test ne peut donner qu'une indication de la substance pr\u00e9sente dans un \u00e9chantillon. Il ne fournit pas de garantie 100%. Si vous avez encore des doutes sur les ingr\u00e9dients de votre produit, faites-le tester par un organisme officiel. L'utilisation du EZ-Test ne conf\u00e8re aucun droit ni aucune pr\u00e9tention. Lisez toujours les instructions ; ne forcez pas pour ouvrir l'ampoule.<\/p>","protected":false},"excerpt":{"rendered":"<p dir=\"auto\">Prot\u00e9gez vos exp\u00e9riences avec LSD EZ-Test, un kit fiable \u00e0 usage unique con\u00e7u pour d\u00e9tecter le LSD et les indoles similaires dans les \u00e9chantillons. Cet outil de r\u00e9duction des risques utilise une simple r\u00e9action chimique pour r\u00e9v\u00e9ler les contaminants potentiels, ce qui permet de faire des choix \u00e9clair\u00e9s et plus s\u00fbrs sans \u00e9quipement de laboratoire. Contient 1 test unique.<\/p>","protected":false},"featured_media":13384,"template":"","meta":[],"product_brand":[],"product_cat":[543,297,488,476],"product_tag":[],"class_list":{"0":"post-1979","1":"product","2":"type-product","3":"status-publish","4":"has-post-thumbnail","6":"product_cat-drugtests","7":"product_cat-all-products","8":"product_cat-headshop","9":"product_cat-smartshop","10":"product_shipping_class-creditcard-on","12":"first","13":"instock","14":"taxable","15":"shipping-taxable","16":"purchasable","17":"product-type-variable","18":"has-default-attributes"},"_links":{"self":[{"href":"https:\/\/www.tatanka.nl\/fr\/wp-json\/wp\/v2\/product\/1979","targetHints":{"allow":["GET"]}}],"collection":[{"href":"https:\/\/www.tatanka.nl\/fr\/wp-json\/wp\/v2\/product"}],"about":[{"href":"https:\/\/www.tatanka.nl\/fr\/wp-json\/wp\/v2\/types\/product"}],"wp:featuredmedia":[{"embeddable":true,"href":"https:\/\/www.tatanka.nl\/fr\/wp-json\/wp\/v2\/media\/13384"}],"wp:attachment":[{"href":"https:\/\/www.tatanka.nl\/fr\/wp-json\/wp\/v2\/media?parent=1979"}],"wp:term":[{"taxonomy":"product_brand","embeddable":true,"href":"https:\/\/www.tatanka.nl\/fr\/wp-json\/wp\/v2\/product_brand?post=1979"},{"taxonomy":"product_cat","embeddable":true,"href":"https:\/\/www.tatanka.nl\/fr\/wp-json\/wp\/v2\/product_cat?post=1979"},{"taxonomy":"product_tag","embeddable":true,"href":"https:\/\/www.tatanka.nl\/fr\/wp-json\/wp\/v2\/product_tag?post=1979"}],"curies":[{"name":"wp","href":"https:\/\/api.w.org\/{rel}","templated":true}]}}