{"id":2024,"date":"2017-10-02T19:14:58","date_gmt":"2017-10-02T19:14:58","guid":{"rendered":"http:\/\/www.tatanka.nl\/?post_type=product&#038;p=2024"},"modified":"2025-09-23T08:37:50","modified_gmt":"2025-09-23T07:37:50","slug":"camagra-for-men-man","status":"publish","type":"product","link":"https:\/\/www.tatanka.nl\/fr\/camagra-for-men-man\/","title":{"rendered":"Camagra pour hommes"},"content":{"rendered":"<h2 dir=\"auto\">Qu'est-ce que Camagra for Men ?<\/h2>\n<p dir=\"auto\">Camagra est une capsule naturelle \u00e0 base de plantes formul\u00e9e pour am\u00e9liorer la fonction \u00e9rectile et le bien-\u00eatre sexuel g\u00e9n\u00e9ral sans avoir besoin de m\u00e9dicaments sur ordonnance. Il exploite la puissance des plantes pour stimuler le flux sanguin, augmenter les niveaux d'\u00e9nergie et promouvoir l'excitation, ce qui en fait un choix attrayant pour les hommes qui recherchent un soutien discret dans leur vie intime. Les utilisateurs font souvent \u00e9tat d'une am\u00e9lioration de l'endurance et de la satisfaction, ce qui leur permet de vivre des exp\u00e9riences plus \u00e9panouissantes avec leurs partenaires. La composition enti\u00e8rement naturelle du produit le distingue, \u00e9vitant les compos\u00e9s synth\u00e9tiques qui pourraient provoquer des r\u00e9actions ind\u00e9sirables comme des maux de t\u00eate ou des naus\u00e9es, souvent associ\u00e9s aux alternatives chimiques.<\/p>\n<p dir=\"auto\">Ce compl\u00e9ment agit en synergie avec des ingr\u00e9dients qui ciblent l'\u00e9quilibre hormonal, la circulation et l'activit\u00e9 des neurotransmetteurs, favorisant une approche holistique de l'am\u00e9lioration de la condition masculine. Id\u00e9al pour les d\u00e9butants qui explorent les rem\u00e8des naturels, Camagra fournit des r\u00e9sultats fiables dans les 30 \u00e0 60 minutes suivant l'ingestion, avec des effets qui durent tout au long de la rencontre. Sa forme de g\u00e9lule assure une utilisation facile et portable, s'int\u00e9grant parfaitement dans les routines quotidiennes sans attirer l'attention.<\/p>\n<p dir=\"auto\">Nombreux sont ceux qui appr\u00e9cient sa polyvalence, qu'il s'agisse d'une stimulation occasionnelle ou d'un maintien r\u00e9gulier de la vitalit\u00e9. En tant qu'option l\u00e9gale et en vente libre, il permet aux individus de prendre le contr\u00f4le de leur sant\u00e9 sexuelle naturellement et en toute confiance.<\/p>\n<h2 dir=\"auto\">Histoire de Camagra for Men<\/h2>\n<p dir=\"auto\">Le d\u00e9veloppement de Camagra s'inspire de traditions herboristes s\u00e9culaires o\u00f9 des plantes comme la maca et le muira puama \u00e9taient utilis\u00e9es par les tribus indig\u00e8nes d'Am\u00e9rique du Sud pour stimuler la fertilit\u00e9 et la virilit\u00e9 au cours de rituels. Au XIXe si\u00e8cle, les explorateurs europ\u00e9ens ont document\u00e9 ces plantes et les ont int\u00e9gr\u00e9es dans les premiers toniques aphrodisiaques, dans un contexte d'int\u00e9r\u00eat croissant pour la m\u00e9decine naturelle. Au milieu du XXe si\u00e8cle, avec l'apparition de traitements pharmaceutiques contre la dysfonction \u00e9rectile, un mouvement inverse a cherch\u00e9 des alternatives plus douces, ce qui a conduit \u00e0 la recherche sur les extraits de plantes pour la sant\u00e9 sexuelle.<\/p>\n<p dir=\"auto\">Le Camagra lui-m\u00eame a vu le jour au d\u00e9but des ann\u00e9es 2000, cr\u00e9\u00e9 par des experts en bien-\u00eatre d\u00e9sireux de reproduire l'efficacit\u00e9 des pilules synth\u00e9tiques les plus populaires, mais avec des \u00e9l\u00e9ments purement naturels. Les premi\u00e8res formulations se concentraient sur des stimulants de base comme le guarana, puis ont \u00e9t\u00e9 affin\u00e9es par des essais aupr\u00e8s des utilisateurs pour inclure des herbes compl\u00e9mentaires afin d'obtenir des effets \u00e9quilibr\u00e9s. Son lancement a co\u00efncid\u00e9 avec une augmentation de la demande de compl\u00e9ments alimentaires biologiques, due \u00e0 la prise de conscience des effets secondaires des m\u00e9dicaments.<\/p>\n<p dir=\"auto\">Au fil des ans, les commentaires d'utilisateurs satisfaits ont fa\u00e7onn\u00e9 son \u00e9volution, en mettant l'accent sur le caract\u00e8re abordable et l'accessibilit\u00e9. Aujourd'hui, il t\u00e9moigne de l'alliance de la sagesse ancestrale et de la phytoth\u00e9rapie moderne, et s'adresse \u00e0 un public international qui appr\u00e9cie les am\u00e9liorations durables et sans effets secondaires.<\/p>\n<p dir=\"auto\">Les enthousiastes continuent de louer son r\u00f4le dans la revitalisation des relations, consolidant ainsi sa place sur le march\u00e9 du bien-\u00eatre naturel.<\/p>\n<h2 dir=\"auto\">Comment utiliser Camagra pour les hommes<\/h2>\n<p dir=\"auto\">Pour optimiser les bienfaits de Camagra, prenez une ou deux g\u00e9lules 30 \u00e0 60 minutes avant l'acte sexuel pr\u00e9vu, ce qui laisse suffisamment de temps pour que les ingr\u00e9dients naturels soient absorb\u00e9s et activ\u00e9s. Les avaler avec un verre d'eau pour obtenir les meilleurs r\u00e9sultats, en \u00e9vitant si possible de manger pour am\u00e9liorer l'absorption, bien qu'une l\u00e9g\u00e8re collation n'entrave pas l'efficacit\u00e9 de mani\u00e8re significative. Limitez la prise \u00e0 deux g\u00e9lules par p\u00e9riode de 24 heures afin d'\u00e9viter toute surstimulation potentielle et de maintenir la r\u00e9ponse naturelle du corps.<\/p>\n<p dir=\"auto\">Commencez par une seule g\u00e9lule si vous \u00eates novice en mati\u00e8re de compl\u00e9ments alimentaires \u00e0 base de plantes, et surveillez la r\u00e9action de votre corps avant d'ajuster la dose. Cette approche graduelle assure un confort personnalis\u00e9 et maximise le plaisir sans surprise. Conservez l'emballage dans un endroit frais et sec, \u00e0 l'abri de l'humidit\u00e9, afin de pr\u00e9server l'efficacit\u00e9 du produit au fil du temps.<\/p>\n<p dir=\"auto\">L'int\u00e9grer \u00e0 votre mode de vie peut \u00eatre simple, par exemple dans le cadre d'un rituel avant un rendez-vous, tout en privil\u00e9giant un dialogue ouvert avec les partenaires pour une satisfaction mutuelle. L'hydratation soutient le processus, en amplifiant les qualit\u00e9s \u00e9nergisantes de l'int\u00e9rieur.<\/p>\n<p dir=\"auto\">Avec une utilisation r\u00e9fl\u00e9chie, Camagra devient un am\u00e9liorateur fiable, favorisant des performances plus durables et des connexions plus profondes en toute s\u00e9curit\u00e9.<\/p>\n<h2 dir=\"auto\">Ingr\u00e9dients de Camagra for Men<\/h2>\n<p dir=\"auto\">Camagra se targue d'un puissant m\u00e9lange de plantes et de compos\u00e9s naturels, chacun s\u00e9lectionn\u00e9 pour sa contribution \u00e0 la vitalit\u00e9 et \u00e0 la performance. L'extrait de racine de maca est \u00e0 la t\u00eate du m\u00e9lange, r\u00e9put\u00e9 pour \u00e9quilibrer les hormones et stimuler la libido. Le guarana fournit une source naturelle de caf\u00e9ine pour une \u00e9nergie soutenue sans coup de pompe. La caf\u00e9ine elle-m\u00eame amplifie la vigilance et la circulation.<\/p>\n<p dir=\"auto\">Le muira puama, souvent appel\u00e9 \"bois de puissance\", soutient la fonction nerveuse et l'excitation. La taurine favorise la relaxation musculaire et l'endurance pendant l'activit\u00e9. L'extrait de feuille de damiana agit comme un aphrodisiaque l\u00e9ger, am\u00e9liorant l'humeur et la sensibilit\u00e9.<\/p>\n<p dir=\"auto\">La noix de cola apporte des alcalo\u00efdes stimulants pour la concentration et l'endurance. Le ginkgo biloba favorise la circulation sanguine dans les zones cl\u00e9s, am\u00e9liorant ainsi les temps de r\u00e9ponse. La L-arginine, un acide amin\u00e9, se transforme en oxyde nitrique, ce qui favorise la dilatation vasculaire pour un meilleur engorgement.<\/p>\n<p dir=\"auto\">Ces ingr\u00e9dients sont r\u00e9unis en synergie dans un emballage de 10 g\u00e9lules, provenant de sources responsables afin de garantir leur puret\u00e9 et leur efficacit\u00e9. Exempte d'agents de remplissage artificiels, la formule privil\u00e9gie les bienfaits holistiques, ce qui la rend douce pour le syst\u00e8me.<\/p>\n<p dir=\"auto\">Les utilisateurs appr\u00e9cient cette transparence, qui leur permet de l'int\u00e9grer en toute confiance dans leurs habitudes de sant\u00e9, sans se pr\u00e9occuper des substances synth\u00e9tiques cach\u00e9es.<\/p>","protected":false},"excerpt":{"rendered":"<p dir=\"auto\">D\u00e9couvrez la force naturelle de Camagra, un compl\u00e9ment \u00e0 base de plantes con\u00e7u pour soutenir la vitalit\u00e9 et les performances masculines. Compos\u00e9e d'ingr\u00e9dients d'origine v\u00e9g\u00e9tale, cette g\u00e9lule offre une alternative s\u00fbre et sans effets secondaires aux options traditionnelles, aidant les utilisateurs \u00e0 am\u00e9liorer leur endurance et leur confiance dans les moments intimes.<\/p>","protected":false},"featured_media":12828,"template":"","meta":[],"product_brand":[],"product_cat":[574,297,531,573,383,476],"product_tag":[],"class_list":{"0":"post-2024","1":"product","2":"type-product","3":"status-publish","4":"has-post-thumbnail","6":"product_cat-sex-products-for-men","7":"product_cat-all-products","8":"product_cat-aphrodisiacs","9":"product_cat-sex-products-top-10","10":"product_cat-sex-shop","11":"product_cat-smartshop","13":"first","14":"instock","15":"taxable","16":"shipping-taxable","17":"purchasable","18":"product-type-variable","19":"has-default-attributes"},"_links":{"self":[{"href":"https:\/\/www.tatanka.nl\/fr\/wp-json\/wp\/v2\/product\/2024","targetHints":{"allow":["GET"]}}],"collection":[{"href":"https:\/\/www.tatanka.nl\/fr\/wp-json\/wp\/v2\/product"}],"about":[{"href":"https:\/\/www.tatanka.nl\/fr\/wp-json\/wp\/v2\/types\/product"}],"wp:featuredmedia":[{"embeddable":true,"href":"https:\/\/www.tatanka.nl\/fr\/wp-json\/wp\/v2\/media\/12828"}],"wp:attachment":[{"href":"https:\/\/www.tatanka.nl\/fr\/wp-json\/wp\/v2\/media?parent=2024"}],"wp:term":[{"taxonomy":"product_brand","embeddable":true,"href":"https:\/\/www.tatanka.nl\/fr\/wp-json\/wp\/v2\/product_brand?post=2024"},{"taxonomy":"product_cat","embeddable":true,"href":"https:\/\/www.tatanka.nl\/fr\/wp-json\/wp\/v2\/product_cat?post=2024"},{"taxonomy":"product_tag","embeddable":true,"href":"https:\/\/www.tatanka.nl\/fr\/wp-json\/wp\/v2\/product_tag?post=2024"}],"curies":[{"name":"wp","href":"https:\/\/api.w.org\/{rel}","templated":true}]}}