{"id":21391,"date":"2019-01-02T13:03:58","date_gmt":"2019-01-02T13:03:58","guid":{"rendered":"https:\/\/www.tatanka.nl\/?post_type=product&#038;p=21391"},"modified":"2025-05-20T10:16:29","modified_gmt":"2025-05-20T09:16:29","slug":"aphrodite-mix-sex-herbs","status":"publish","type":"product","link":"https:\/\/www.tatanka.nl\/fr\/aphrodite-mix-sex-herbs\/","title":{"rendered":"Aphrodite Mix \u2013 Sex herbs"},"content":{"rendered":"<h2>Qu'est-ce qu'Aphrodite Mix ?<\/h2>\n<p>Aphrodite Mix de Indian Elements est un m\u00e9lange unique de plantes qui associe cinq ingr\u00e9dients soigneusement s\u00e9lectionn\u00e9s : Damiana, tr\u00e8fle rouge, menthe, calendula et fleur d'oranger. Ces plantes sont connues pour leurs propri\u00e9t\u00e9s stimulantes et apaisantes, ce qui rend ce m\u00e9lange parfait pour ceux qui recherchent un moyen naturel d'am\u00e9liorer leur vie intime. Le m\u00e9lange a \u00e9t\u00e9 sp\u00e9cifiquement formul\u00e9 pour am\u00e9liorer les performances sexuelles, \u00e9lever l'humeur et promouvoir un sentiment d'euphorie et de relaxation. L'ingr\u00e9dient principal, la damiana, est particuli\u00e8rement r\u00e9put\u00e9 pour ses effets aphrodisiaques, utilis\u00e9s depuis des si\u00e8cles pour augmenter la libido et stimuler le d\u00e9sir.<\/p>\n<p>Le m\u00e9lange Aphrodite r\u00e9unit une vari\u00e9t\u00e9 de saveurs et de senteurs qui sont \u00e0 la fois vivifiantes et apaisantes. Le tr\u00e8fle rouge et la fleur d'oranger offrent une note florale subtile, tandis que la menthe apporte une fra\u00eecheur rafra\u00eechissante. Le calendula contribue \u00e0 renforcer l'exp\u00e9rience relaxante globale, tandis que la damiana apporte les bienfaits aphrodisiaques les plus puissants. Que vous cherchiez \u00e0 pimenter votre soir\u00e9e ou \u00e0 stimuler votre libido, le m\u00e9lange Aphrodite offre une solution naturelle et efficace.<\/p>\n<h2>Histoire d'Aphrodite Mix<\/h2>\n<p>Le nom \"Aphrodite Mix\" s'inspire de la d\u00e9esse grecque de l'amour, de la beaut\u00e9 et de la sexualit\u00e9, Aphrodite. Dans l'Antiquit\u00e9, les gens rendaient hommage \u00e0 la d\u00e9esse dans l'espoir d'am\u00e9liorer leur vie amoureuse ou leurs relations physiques. Les plantes utilis\u00e9es dans ce m\u00e9lange ont une grande importance historique dans la phytoth\u00e9rapie traditionnelle. Par exemple, la damiana est utilis\u00e9e depuis des milliers d'ann\u00e9es, en particulier en Am\u00e9rique centrale et en Am\u00e9rique du Sud, comme aphrodisiaque naturel. Elle \u00e9tait cens\u00e9e augmenter le d\u00e9sir sexuel et am\u00e9liorer l'\u00e9nergie g\u00e9n\u00e9rale.<\/p>\n<p>De m\u00eame, le tr\u00e8fle rouge et la fleur d'oranger sont utilis\u00e9s depuis longtemps pour leurs propri\u00e9t\u00e9s calmantes et sensuelles, ce qui en fait des ingr\u00e9dients courants dans les philtres d'amour \u00e0 travers l'histoire. La menthe est \u00e9galement un symbole de rafra\u00eechissement et de vitalit\u00e9, souvent utilis\u00e9e pour intensifier les exp\u00e9riences sensorielles. Au fil du temps, ces plantes ont \u00e9t\u00e9 reconnues pour leur capacit\u00e9 \u00e0 travailler en synergie, cr\u00e9ant un m\u00e9lange qui am\u00e9liore l'exp\u00e9rience de l'intimit\u00e9 et favorise la relaxation.<\/p>\n<p>Aujourd'hui, le m\u00e9lange Aphrodite continue d'honorer ces anciennes traditions, offrant un moyen moderne d'am\u00e9liorer la libido et d'am\u00e9liorer les exp\u00e9riences intimes d'une mani\u00e8re naturelle et holistique.<\/p>\n<h2>Comment utiliser Aphrodite Mix<\/h2>\n<p>Pour profiter pleinement des bienfaits du m\u00e9lange Aphrodite, il est recommand\u00e9 d'en faire une tasse de th\u00e9 bien cors\u00e9e. Il suffit d'infuser un gramme de m\u00e9lange d'herbes dans de l'eau chaude pendant environ 5 \u00e0 10 minutes, ce qui permet aux herbes d'infuser et de lib\u00e9rer toutes leurs propri\u00e9t\u00e9s aromatiques et th\u00e9rapeutiques. Il en r\u00e9sulte un th\u00e9 savoureux et revigorant qui stimule les sens et favorise la relaxation.<\/p>\n<p>Pour une exp\u00e9rience optimale, il est conseill\u00e9 de partager ce th\u00e9 avec votre partenaire ou vos amis, car il est con\u00e7u pour favoriser les interactions sociales et cr\u00e9er une ambiance euphorique. La capacit\u00e9 du m\u00e9lange \u00e0 stimuler la libido et \u00e0 favoriser un l\u00e9ger effet \"high\" peut conduire \u00e0 une soir\u00e9e m\u00e9morable et passionn\u00e9e.<\/p>\n<p>Il est important d'utiliser l'Aphrodite Mix avec mod\u00e9ration. La dose recommand\u00e9e est d'un gramme par jour, car une consommation excessive peut entra\u00eener un effet trop puissant. Pour pr\u00e9server la puissance du m\u00e9lange, il est pr\u00e9f\u00e9rable de le consommer lors d'occasions sp\u00e9ciales, afin d'am\u00e9liorer l'atmosph\u00e8re pour une exp\u00e9rience intime et excitante.<\/p>\n<h2>Ingr\u00e9dients du m\u00e9lange Aphrodite<\/h2>\n<p>Le m\u00e9lange Aphrodite est compos\u00e9 de cinq ingr\u00e9dients enti\u00e8rement naturels qui agissent ensemble pour cr\u00e9er un effet euphorisant, calmant et stimulant pour la libido. Ces ingr\u00e9dients sont le damiana, le tr\u00e8fle rouge, la menthe, le calendula et la fleur d'oranger. Le Damiana est l'ingr\u00e9dient vedette, connu pour ses puissantes propri\u00e9t\u00e9s aphrodisiaques. Il est utilis\u00e9 depuis des si\u00e8cles pour augmenter le d\u00e9sir sexuel et cr\u00e9er un sentiment d'euphorie.<\/p>\n<p>Le tr\u00e8fle rouge est ajout\u00e9 pour ses qualit\u00e9s douces et calmantes et sa capacit\u00e9 \u00e0 soutenir la sant\u00e9 g\u00e9n\u00e9rale. La menthe apporte une touche rafra\u00eechissante et vivifiante, contribuant \u00e0 stimuler les sens et \u00e0 accro\u00eetre le plaisir. Le calendula est connu pour ses propri\u00e9t\u00e9s apaisantes et relaxantes, contribuant \u00e0 am\u00e9liorer l'exp\u00e9rience globale. Enfin, la fleur d'oranger apporte un doux parfum floral qui ajoute aux effets sensuels et apaisants du m\u00e9lange.<\/p>\n<p>Ce m\u00e9lange naturel et v\u00e9g\u00e9talien 100% est exempt d'additifs artificiels, ce qui en fait une option s\u00fbre et saine pour ceux qui recherchent un moyen naturel et holistique d'am\u00e9liorer leur vie intime et de stimuler leur humeur.<\/p>\n<p><strong>Avertissement :<\/strong><\/p>\n<p>Ne pas utiliser si vous avez moins de 18 ans. Tenir hors de port\u00e9e des enfants. D\u00e9conseill\u00e9 aux personnes souffrant de probl\u00e8mes r\u00e9naux ou cardiaques, d'hypertension ou d'hypotension, de diab\u00e8te ou consommant des m\u00e9dicaments, de l'alcool ou des drogues. Ce produit n'est pas un m\u00e9dicament et ne doit pas \u00eatre utilis\u00e9 comme tel. Il s'agit d'un compl\u00e9ment alimentaire qui doit \u00eatre utilis\u00e9 en cons\u00e9quence. Ne pas acheter si le sceau est bris\u00e9.<\/p>","protected":false},"excerpt":{"rendered":"<p>Le m\u00e9lange Aphrodite de Indian Elements est un puissant m\u00e9lange de plantes con\u00e7u pour am\u00e9liorer les exp\u00e9riences intimes et stimuler les sens. Compos\u00e9 d'une combinaison de damiana, de tr\u00e8fle rouge, de menthe, de calendula et de fleur d'oranger, ce m\u00e9lange est soigneusement \u00e9labor\u00e9 pour soutenir la libido, favoriser la relaxation et cr\u00e9er un effet euphorique et exaltant. Parfait pour une soir\u00e9e excitante et passionn\u00e9e, il offre un moyen naturel de stimuler la libido et d'am\u00e9liorer l'humeur g\u00e9n\u00e9rale.<\/p>","protected":false},"featured_media":125944,"template":"","meta":[],"product_brand":[],"product_cat":[597,297,531,576,383,476],"product_tag":[],"class_list":{"0":"post-21391","1":"product","2":"type-product","3":"status-publish","4":"has-post-thumbnail","6":"product_cat-indian-elements","7":"product_cat-all-products","8":"product_cat-aphrodisiacs","9":"product_cat-sex-products-for-couples","10":"product_cat-sex-shop","11":"product_cat-smartshop","13":"first","14":"instock","15":"taxable","16":"shipping-taxable","17":"purchasable","18":"product-type-variable"},"_links":{"self":[{"href":"https:\/\/www.tatanka.nl\/fr\/wp-json\/wp\/v2\/product\/21391","targetHints":{"allow":["GET"]}}],"collection":[{"href":"https:\/\/www.tatanka.nl\/fr\/wp-json\/wp\/v2\/product"}],"about":[{"href":"https:\/\/www.tatanka.nl\/fr\/wp-json\/wp\/v2\/types\/product"}],"wp:featuredmedia":[{"embeddable":true,"href":"https:\/\/www.tatanka.nl\/fr\/wp-json\/wp\/v2\/media\/125944"}],"wp:attachment":[{"href":"https:\/\/www.tatanka.nl\/fr\/wp-json\/wp\/v2\/media?parent=21391"}],"wp:term":[{"taxonomy":"product_brand","embeddable":true,"href":"https:\/\/www.tatanka.nl\/fr\/wp-json\/wp\/v2\/product_brand?post=21391"},{"taxonomy":"product_cat","embeddable":true,"href":"https:\/\/www.tatanka.nl\/fr\/wp-json\/wp\/v2\/product_cat?post=21391"},{"taxonomy":"product_tag","embeddable":true,"href":"https:\/\/www.tatanka.nl\/fr\/wp-json\/wp\/v2\/product_tag?post=21391"}],"curies":[{"name":"wp","href":"https:\/\/api.w.org\/{rel}","templated":true}]}}