{"id":21406,"date":"2019-01-02T14:38:15","date_gmt":"2019-01-02T14:38:15","guid":{"rendered":"https:\/\/www.tatanka.nl\/?post_type=product&#038;p=21406"},"modified":"2025-05-20T10:16:21","modified_gmt":"2025-05-20T09:16:21","slug":"relax-mix-herbs","status":"publish","type":"product","link":"https:\/\/www.tatanka.nl\/fr\/relax-mix-herbs\/","title":{"rendered":"Relax Mix Herbs"},"content":{"rendered":"<h2>Qu'est-ce que le m\u00e9lange Relax ?<\/h2>\n<p>Le m\u00e9lange Relax de Indian Elements est un m\u00e9lange de plantes sp\u00e9cialement con\u00e7u pour vous aider \u00e0 vous d\u00e9tendre et \u00e0 vous relaxer. Il associe trois plantes apaisantes : Passion Flower (Passiflora Incarnata), Woodruff (Asperula Odorata) et Catmint (Nepeta Cataria). Ces plantes sont connues pour leurs propri\u00e9t\u00e9s calmantes, individuellement et en combinaison. Utilis\u00e9es ensemble, elles cr\u00e9ent une formule puissante qui favorise le calme mental et la relaxation, ce qui en fait le compl\u00e9ment id\u00e9al de votre routine de soins personnels, en particulier apr\u00e8s une journ\u00e9e stressante. En plus de favoriser la relaxation, ce m\u00e9lange est couramment utilis\u00e9 pour am\u00e9liorer le sommeil et la sant\u00e9 digestive.<\/p>\n<p>Que vous cherchiez \u00e0 am\u00e9liorer votre routine du soir ou \u00e0 r\u00e9duire votre niveau de stress, le m\u00e9lange Relax vous offre une solution naturelle. Ce m\u00e9lange de 50 grammes est id\u00e9al pour ceux qui recherchent un rem\u00e8de \u00e0 base de plantes apaisant pour soulager l'anxi\u00e9t\u00e9 et promouvoir un sentiment de bien-\u00eatre. Facile \u00e0 pr\u00e9parer, vous pouvez l'utiliser pour pr\u00e9parer un th\u00e9 calmant ou l'incorporer \u00e0 vos pratiques de bien-\u00eatre pour en tirer le maximum de b\u00e9n\u00e9fices.<\/p>\n<h2>Historique du m\u00e9lange Relax<\/h2>\n<p>Le m\u00e9lange Relax trouve son origine dans la longue histoire des rem\u00e8des \u00e0 base de plantes qui ont \u00e9t\u00e9 utilis\u00e9s dans toutes les cultures pour favoriser la relaxation et la sant\u00e9. Le Passion Flower, l'asp\u00e9rule odorante et la menthe des chats sont utilis\u00e9s depuis des si\u00e8cles pour leurs propri\u00e9t\u00e9s th\u00e9rapeutiques. Le Passion Flower, par exemple, \u00e9tait utilis\u00e9 par les tribus am\u00e9rindiennes pour apaiser l'anxi\u00e9t\u00e9 et induire le sommeil. De m\u00eame, la menthe des champs, connue pour ses effets l\u00e9g\u00e8rement s\u00e9datifs, a une riche tradition dans l'herboristerie europ\u00e9enne et nord-am\u00e9ricaine. L'asp\u00e9rule odorante, \u00e9galement connue pour ses vertus calmantes, est un \u00e9l\u00e9ment essentiel de l'herboristerie europ\u00e9enne depuis l'\u00e9poque m\u00e9di\u00e9vale.<\/p>\n<p>Ces plantes ont \u00e9t\u00e9 choisies non seulement pour leurs bienfaits individuels, mais aussi pour leur synergie lorsqu'elles sont combin\u00e9es. Au fil du temps, ce m\u00e9lange a \u00e9volu\u00e9 pour devenir le m\u00e9lange Relax propos\u00e9 aujourd'hui, qui met l'accent sur une relaxation naturelle et douce. Alors que de plus en plus de personnes se tournent vers des solutions \u00e0 base de plantes pour leur bien-\u00eatre, le m\u00e9lange Relax a gagn\u00e9 en popularit\u00e9 pour sa capacit\u00e9 \u00e0 promouvoir la tranquillit\u00e9 mentale et physique sans avoir recours \u00e0 des substances synth\u00e9tiques.<\/p>\n<h2>Comment utiliser le m\u00e9lange Relax<\/h2>\n<p>Le Relax Mix by Indian Elements peut \u00eatre utilis\u00e9 de diff\u00e9rentes mani\u00e8res pour favoriser la relaxation et la tranquillit\u00e9 d'esprit. La m\u00e9thode la plus courante consiste \u00e0 en faire un th\u00e9 apaisant. Il suffit d'infuser un gramme de m\u00e9lange d'herbes dans de l'eau chaude pendant 5 \u00e0 10 minutes et de profiter des effets calmants. Cette tisane est id\u00e9ale pour se d\u00e9tendre avant de se coucher ou apr\u00e8s une journ\u00e9e bien remplie, afin de r\u00e9duire le stress.<\/p>\n<p>En plus du th\u00e9, vous pouvez \u00e9galement incorporer le m\u00e9lange Relax dans vos bains ou l'utiliser comme cataplasme pour la relaxation topique. Les plantes du m\u00e9lange peuvent \u00e9galement \u00eatre utilis\u00e9es en aromath\u00e9rapie, o\u00f9 leur parfum apaisant contribue \u00e0 induire un sentiment de calme. Il est important de noter que le m\u00e9lange Relax doit \u00eatre consomm\u00e9 avec mod\u00e9ration - un gramme par jour est la dose recommand\u00e9e. Une utilisation r\u00e9guli\u00e8re peut renforcer les bienfaits, mais une consommation excessive peut entra\u00eener des effets secondaires ind\u00e9sirables.<\/p>\n<h2>Ingr\u00e9dients du m\u00e9lange Relax<\/h2>\n<p>Le m\u00e9lange Relax est compos\u00e9 de trois ingr\u00e9dients enti\u00e8rement naturels \u00e0 base de plantes : Asperula Odorata (Woodruff), Nepeta Cataria (Catmint) et Passiflora Incarnata (Passion Flower). Chacun de ces ingr\u00e9dients poss\u00e8de ses propres qualit\u00e9s th\u00e9rapeutiques. Le Passion Flower est connu pour sa capacit\u00e9 \u00e0 calmer l'esprit, \u00e0 r\u00e9duire l'anxi\u00e9t\u00e9 et \u00e0 favoriser le sommeil. La m\u00e9decine traditionnelle l'utilise depuis longtemps pour traiter l'insomnie et le stress.<\/p>\n<p>La menthe des chats, membre de la famille de la menthe, est r\u00e9put\u00e9e pour ses effets calmants sur les humains et les animaux de compagnie. Elle est connue pour att\u00e9nuer le stress et soulager l'anxi\u00e9t\u00e9 l\u00e9g\u00e8re. L'asp\u00e9rule odorante, souvent utilis\u00e9e en Europe depuis des si\u00e8cles, poss\u00e8de de l\u00e9g\u00e8res propri\u00e9t\u00e9s s\u00e9datives et peut aider \u00e0 soulager la tension et \u00e0 favoriser la relaxation. Combin\u00e9es, ces trois plantes forment un m\u00e9lange puissant qui procure un soulagement naturel du stress, de l'anxi\u00e9t\u00e9 et de l'insomnie.<\/p>\n<p>Ce m\u00e9lange de plantes ne contient pas de THC et est 100% naturel, v\u00e9g\u00e9talien et exempt d'additifs artificiels, ce qui en fait une option s\u00fbre et saine pour ceux qui recherchent un moyen naturel de se d\u00e9tendre.<\/p>\n<p><strong>Avertissement :<\/strong><\/p>\n<p>Ne pas utiliser si vous avez moins de 18 ans. Tenir hors de port\u00e9e des enfants. D\u00e9conseill\u00e9 aux personnes souffrant de probl\u00e8mes r\u00e9naux ou cardiaques, d'hypertension ou d'hypotension, de diab\u00e8te, de m\u00e9dicaments, d'alcool ou de drogues. Cette plante n'est pas un m\u00e9dicament et ne doit pas \u00eatre utilis\u00e9e comme tel. Il s'agit d'un compl\u00e9ment alimentaire qui doit \u00eatre pris en cons\u00e9quence. Ne pas acheter si le sceau est bris\u00e9.<\/p>","protected":false},"excerpt":{"rendered":"<p>Le m\u00e9lange Relax de Indian Elements est un m\u00e9lange d'herbes calmant qui favorise la relaxation et la tranquillit\u00e9. Compos\u00e9 de trois herbes puissantes - Passion Flower, Catmint et Sweet Woodruff - ce m\u00e9lange est parfait pour soulager le stress et favoriser un sommeil r\u00e9parateur. Les propri\u00e9t\u00e9s calmantes naturelles de ces plantes peuvent contribuer \u00e0 apporter la paix et la d\u00e9tente, en particulier lorsque l'on se sent d\u00e9bord\u00e9. Il peut \u00eatre consomm\u00e9 sous diverses formes, notamment sous forme de tisane apaisante.<\/p>","protected":false},"featured_media":125941,"template":"","meta":[],"product_brand":[],"product_cat":[597,297,477,510,511,476],"product_tag":[],"class_list":{"0":"post-21406","1":"product","2":"type-product","3":"status-publish","4":"has-post-thumbnail","6":"product_cat-indian-elements","7":"product_cat-all-products","8":"product_cat-herbs","9":"product_cat-relax","10":"product_cat-relax-herbs","11":"product_cat-smartshop","13":"first","14":"instock","15":"taxable","16":"shipping-taxable","17":"purchasable","18":"product-type-variable"},"_links":{"self":[{"href":"https:\/\/www.tatanka.nl\/fr\/wp-json\/wp\/v2\/product\/21406","targetHints":{"allow":["GET"]}}],"collection":[{"href":"https:\/\/www.tatanka.nl\/fr\/wp-json\/wp\/v2\/product"}],"about":[{"href":"https:\/\/www.tatanka.nl\/fr\/wp-json\/wp\/v2\/types\/product"}],"wp:featuredmedia":[{"embeddable":true,"href":"https:\/\/www.tatanka.nl\/fr\/wp-json\/wp\/v2\/media\/125941"}],"wp:attachment":[{"href":"https:\/\/www.tatanka.nl\/fr\/wp-json\/wp\/v2\/media?parent=21406"}],"wp:term":[{"taxonomy":"product_brand","embeddable":true,"href":"https:\/\/www.tatanka.nl\/fr\/wp-json\/wp\/v2\/product_brand?post=21406"},{"taxonomy":"product_cat","embeddable":true,"href":"https:\/\/www.tatanka.nl\/fr\/wp-json\/wp\/v2\/product_cat?post=21406"},{"taxonomy":"product_tag","embeddable":true,"href":"https:\/\/www.tatanka.nl\/fr\/wp-json\/wp\/v2\/product_tag?post=21406"}],"curies":[{"name":"wp","href":"https:\/\/api.w.org\/{rel}","templated":true}]}}