{"id":21423,"date":"2016-01-02T16:06:07","date_gmt":"2016-01-02T14:06:07","guid":{"rendered":"https:\/\/www.tatanka.nl\/?post_type=product&#038;p=21423"},"modified":"2026-01-20T12:48:32","modified_gmt":"2026-01-20T11:48:32","slug":"cbd-hempcare-90-pearlcaps","status":"publish","type":"product","link":"https:\/\/www.tatanka.nl\/fr\/cbd-hempcare-90-pearlcaps\/","title":{"rendered":"CBD Hempcare - 90 Pearlcaps"},"content":{"rendered":"<h2><span style=\"font-size: 100%;\">CBD Hempcare - 90 Pearlcaps<br \/>\n<\/span><\/h2>\n<h2 data-start=\"0\" data-end=\"35\">Qu'est-ce que le Hempcare CBD Pearlcaps ?<\/h2>\n<p data-start=\"37\" data-end=\"398\">Hempcare CBD Pearlcaps sont des g\u00e9lules de premi\u00e8re qualit\u00e9 qui contiennent de l'extrait de chanvre pur et naturel. Ces capsules sont formul\u00e9es \u00e0 partir d'huile de graines de chanvre et d'extrait brut de CBD, ce qui permet de conserver tous les nutriments essentiels de la plante de chanvre. Contrairement aux huiles de CBD, ces capsules molles se dissolvent dans l'estomac, lib\u00e9rant les compos\u00e9s b\u00e9n\u00e9fiques sans go\u00fbt prononc\u00e9.<\/p>\n<p data-start=\"400\" data-end=\"812\">Chaque g\u00e9lule est soigneusement con\u00e7ue pour fournir du CBD \u00e0 spectre complet, ce qui signifie qu'elle contient une vari\u00e9t\u00e9 de cannabino\u00efdes naturels, de flavono\u00efdes et de terp\u00e8nes qui peuvent agir ensemble pour renforcer les effets. Sans THC, ces g\u00e9lules offrent une exp\u00e9rience non psychoactive, ce qui les rend s\u00fbres et adapt\u00e9es \u00e0 un usage quotidien. Le format pratique des g\u00e9lules fait de Hempcare CBD Pearlcaps un moyen facile d'incorporer le CBD dans votre routine.<\/p>\n<h2 data-start=\"814\" data-end=\"854\">L'histoire de Hempcare CBD Pearlcaps<\/h2>\n<p data-start=\"856\" data-end=\"1229\">Le CBD, ou cannabidiol, est utilis\u00e9 depuis des si\u00e8cles en raison de ses effets b\u00e9n\u00e9fiques potentiels sur la sant\u00e9. La plante de chanvre, dont le CBD est d\u00e9riv\u00e9, a une longue histoire qui remonte \u00e0 des milliers d'ann\u00e9es. Les civilisations anciennes, dont les Chinois et les \u00c9gyptiens, utilisaient le chanvre \u00e0 des fins m\u00e9dicinales et industrielles, reconnaissant ses propri\u00e9t\u00e9s calmantes et anti-inflammatoires pour traiter diverses affections.<\/p>\n<p data-start=\"1231\" data-end=\"1582\">Ces derni\u00e8res ann\u00e9es, la popularit\u00e9 du CBD s'est accrue gr\u00e2ce \u00e0 la recherche scientifique et \u00e0 l'int\u00e9r\u00eat des consommateurs pour les produits de bien-\u00eatre naturels. Hempcare s'est appuy\u00e9 sur cet h\u00e9ritage en cr\u00e9ant des g\u00e9lules de CBD de haute qualit\u00e9 qui pr\u00e9servent l'extrait brut de CBD et d'autres composants naturels, garantissant ainsi aux utilisateurs un suppl\u00e9ment pur et efficace issu de la plante de chanvre.<\/p>\n<h2 data-start=\"1584\" data-end=\"1620\">Comment utiliser Hempcare CBD Pearlcaps<\/h2>\n<p data-start=\"1622\" data-end=\"1865\">L'utilisation de Hempcare CBD Pearlcaps est simple et pratique. La dose recommand\u00e9e est d'une g\u00e9lule par jour, \u00e0 prendre avec de l'eau. Si vous le souhaitez, le dosage peut \u00eatre augment\u00e9 jusqu'\u00e0 un maximum de quatre g\u00e9lules par jour, mais il est important de ne pas d\u00e9passer cette quantit\u00e9.<\/p>\n<p data-start=\"1867\" data-end=\"2282\">Contrairement \u00e0 l'huile de CBD, qui peut avoir un go\u00fbt prononc\u00e9, ces capsules sont insipides et faciles \u00e0 avaler. L'enveloppe molle se dissout dans l'estomac, ce qui permet une absorption efficace des ingr\u00e9dients actifs. Une utilisation r\u00e9guli\u00e8re peut contribuer au bien-\u00eatre g\u00e9n\u00e9ral en favorisant la relaxation, en r\u00e9duisant le stress et en promouvant un mode de vie \u00e9quilibr\u00e9. Pour obtenir les meilleurs r\u00e9sultats, prenez du CBD quotidiennement afin de maximiser ses bienfaits potentiels au fil du temps.<\/p>\n<h2 data-start=\"2284\" data-end=\"2324\">Ingr\u00e9dients de Hempcare CBD Pearlcaps<\/h2>\n<p data-start=\"2326\" data-end=\"2466\">Hempcare CBD Pearlcaps sont fabriqu\u00e9s \u00e0 partir d'ingr\u00e9dients naturels soigneusement s\u00e9lectionn\u00e9s pour garantir leur puret\u00e9 et leur efficacit\u00e9. Les principaux ingr\u00e9dients sont les suivants :<\/p>\n<ul data-start=\"2468\" data-end=\"2884\">\n<li data-start=\"2468\" data-end=\"2581\"><strong data-start=\"2470\" data-end=\"2487\">Huile de graines de chanvre<\/strong> - Une huile riche en nutriments qui fournit des acides gras essentiels et am\u00e9liore l'absorption du CBD.<\/li>\n<li data-start=\"2582\" data-end=\"2741\"><strong data-start=\"2584\" data-end=\"2610\">Extrait de chanvre (Raw CBD)<\/strong> - Contient des cannabino\u00efdes \u00e0 spectre complet, notamment du CBD, des flavono\u00efdes, des terp\u00e8nes et des ph\u00e9nols, qui contribuent aux bienfaits globaux.<\/li>\n<li data-start=\"2742\" data-end=\"2884\"><strong data-start=\"2744\" data-end=\"2779\">Capsule molle (\u00e0 base de prot\u00e9ines)<\/strong> - Fabriqu\u00e9 \u00e0 partir de 100% ingr\u00e9dients naturels, assurant une digestion facile et une lib\u00e9ration efficace des compos\u00e9s actifs.<\/li>\n<\/ul>\n<p data-start=\"2886\" data-end=\"3098\">En conservant l'essence brute et non filtr\u00e9e du chanvre, Hempcare garantit que tous les composants b\u00e9n\u00e9fiques restent intacts, ce qui donne un suppl\u00e9ment de haute qualit\u00e9 qui s'int\u00e8gre parfaitement dans un mode de vie soucieux de la sant\u00e9.<\/p>\n<p data-start=\"3100\" data-end=\"3110\"><strong>Avertissement<\/strong><\/p>\n<p data-start=\"3112\" data-end=\"3349\" data-is-last-node=\"\">Ne pas d\u00e9passer la dose journali\u00e8re recommand\u00e9e. Ce produit n'est pas destin\u00e9 \u00e0 diagnostiquer, traiter, gu\u00e9rir ou pr\u00e9venir une quelconque maladie. Consultez un professionnel de la sant\u00e9 avant d'utiliser ce produit, en particulier si vous \u00eates enceinte, si vous allaitez ou si vous prenez des m\u00e9dicaments.<\/p>","protected":false},"excerpt":{"rendered":"<p>HempCare CBD Pearlcaps se compose de 90 capsules de tous les composants naturels de la plante de chanvre. Outre le cannabidiol, il contient d'autres cannabino\u00efdes, des flavono\u00efdes, des terp\u00e8nes et des ph\u00e9nols. L'ensemble constitue un produit naturel complet avec des substances que notre corps reconna\u00eet et absorbe.<\/p>","protected":false},"featured_media":126588,"template":"","meta":[],"product_brand":[],"product_cat":[601,297,484,371,483],"product_tag":[],"class_list":{"0":"post-21423","1":"product","2":"type-product","3":"status-publish","4":"has-post-thumbnail","6":"product_cat-hempcare","7":"product_cat-all-products","8":"product_cat-cbd-capsules","9":"product_cat-cbd-top-10","10":"product_cat-cbdshop","12":"first","13":"instock","14":"taxable","15":"shipping-taxable","16":"purchasable","17":"product-type-simple"},"_links":{"self":[{"href":"https:\/\/www.tatanka.nl\/fr\/wp-json\/wp\/v2\/product\/21423","targetHints":{"allow":["GET"]}}],"collection":[{"href":"https:\/\/www.tatanka.nl\/fr\/wp-json\/wp\/v2\/product"}],"about":[{"href":"https:\/\/www.tatanka.nl\/fr\/wp-json\/wp\/v2\/types\/product"}],"wp:featuredmedia":[{"embeddable":true,"href":"https:\/\/www.tatanka.nl\/fr\/wp-json\/wp\/v2\/media\/126588"}],"wp:attachment":[{"href":"https:\/\/www.tatanka.nl\/fr\/wp-json\/wp\/v2\/media?parent=21423"}],"wp:term":[{"taxonomy":"product_brand","embeddable":true,"href":"https:\/\/www.tatanka.nl\/fr\/wp-json\/wp\/v2\/product_brand?post=21423"},{"taxonomy":"product_cat","embeddable":true,"href":"https:\/\/www.tatanka.nl\/fr\/wp-json\/wp\/v2\/product_cat?post=21423"},{"taxonomy":"product_tag","embeddable":true,"href":"https:\/\/www.tatanka.nl\/fr\/wp-json\/wp\/v2\/product_tag?post=21423"}],"curies":[{"name":"wp","href":"https:\/\/api.w.org\/{rel}","templated":true}]}}