{"id":21612,"date":"2016-01-22T19:15:57","date_gmt":"2016-01-22T17:15:57","guid":{"rendered":"https:\/\/www.tatanka.nl\/?post_type=product&#038;p=21612"},"modified":"2025-08-29T10:25:37","modified_gmt":"2025-08-29T09:25:37","slug":"cbd-crystals-99-hempcare","status":"publish","type":"product","link":"https:\/\/www.tatanka.nl\/fr\/cbd-crystals-99-hempcare\/","title":{"rendered":"CBD Crystals 99% - Hempcare"},"content":{"rendered":"<h2>CBD Crystals 99% - Hempcare<\/h2>\n<p>Hemp Care CBD Crystals provient de chanvre cultiv\u00e9 aux Pays-Bas et est extrait \u00e0 l'aide du processus d'extraction SuperCritical CO2 pour plus de puret\u00e9 et de propret\u00e9. Pas d'ingr\u00e9dients OGM. AUCUN pesticide n'est utilis\u00e9 lors de la culture.<\/p>\n<p>Il y a plusieurs fa\u00e7ons d'utiliser le Hemp Care CBD Crystals. Vous pouvez ing\u00e9rer de petites quantit\u00e9s de cristaux directement sous la langue. Mais vous pouvez aussi les ajouter \u00e0 d'autres produits comme des boissons, des aliments ou les vaper ou les fumer !<\/p>\n<p>La texture fine des cristaux de Hemp Care CBD 99% les rend extr\u00eamement faciles \u00e0 ajouter aux r\u00e9gimes \u00e0 base de cannabino\u00efdes en tant qu'ingr\u00e9dient. Vous pouvez \u00e9galement ajouter les cristaux \u00e0 vos dabs ou \u00e0 tout autre produit que vous aimez d\u00e9j\u00e0 utiliser !<\/p>","protected":false},"excerpt":{"rendered":"<p>Hempcare Crystals est un produit CBD (cannabidiol) pur \u00e0 99%. Les cristaux contiennent 99% de CBD et 0% de THC. Les cristaux contiennent 99% de CBD et 0% de THC. Ils sont issus de l'extraction de chanvre biologique et cristallis\u00e9s \u00e0 l'aide de la technique de s\u00e9paration la plus avanc\u00e9e afin de garantir la puret\u00e9 de 99% de CBD.<\/p>","protected":false},"featured_media":126586,"template":"","meta":[],"product_brand":[],"product_cat":[601,297,542,371,483],"product_tag":[],"class_list":{"0":"post-21612","1":"product","2":"type-product","3":"status-publish","4":"has-post-thumbnail","6":"product_cat-hempcare","7":"product_cat-all-products","8":"product_cat-cbd-crystals","9":"product_cat-cbd-top-10","10":"product_cat-cbdshop","12":"first","13":"instock","14":"taxable","15":"shipping-taxable","16":"purchasable","17":"product-type-simple"},"_links":{"self":[{"href":"https:\/\/www.tatanka.nl\/fr\/wp-json\/wp\/v2\/product\/21612","targetHints":{"allow":["GET"]}}],"collection":[{"href":"https:\/\/www.tatanka.nl\/fr\/wp-json\/wp\/v2\/product"}],"about":[{"href":"https:\/\/www.tatanka.nl\/fr\/wp-json\/wp\/v2\/types\/product"}],"wp:featuredmedia":[{"embeddable":true,"href":"https:\/\/www.tatanka.nl\/fr\/wp-json\/wp\/v2\/media\/126586"}],"wp:attachment":[{"href":"https:\/\/www.tatanka.nl\/fr\/wp-json\/wp\/v2\/media?parent=21612"}],"wp:term":[{"taxonomy":"product_brand","embeddable":true,"href":"https:\/\/www.tatanka.nl\/fr\/wp-json\/wp\/v2\/product_brand?post=21612"},{"taxonomy":"product_cat","embeddable":true,"href":"https:\/\/www.tatanka.nl\/fr\/wp-json\/wp\/v2\/product_cat?post=21612"},{"taxonomy":"product_tag","embeddable":true,"href":"https:\/\/www.tatanka.nl\/fr\/wp-json\/wp\/v2\/product_tag?post=21612"}],"curies":[{"name":"wp","href":"https:\/\/api.w.org\/{rel}","templated":true}]}}