{"id":2247,"date":"2017-10-06T13:24:50","date_gmt":"2017-10-06T13:24:50","guid":{"rendered":"http:\/\/www.tatanka.nl\/?post_type=product&#038;p=2247"},"modified":"2025-05-20T11:15:48","modified_gmt":"2025-05-20T10:15:48","slug":"kanna-extract-10x-1-gram-energy-powder-party","status":"publish","type":"product","link":"https:\/\/www.tatanka.nl\/fr\/kanna-extract-10x-1-gram-energy-powder-party\/","title":{"rendered":"Kanna Extrait 10x"},"content":{"rendered":"<h2 class=\"\" data-start=\"149\" data-end=\"166\">Qu'est-ce que le Kanna ?<\/h2>\n<p class=\"\" data-start=\"168\" data-end=\"552\">Kanna (<em data-start=\"175\" data-end=\"196\">Sceletium tortuosum<\/em>) est une plante sud-africaine r\u00e9put\u00e9e pour ses propri\u00e9t\u00e9s naturelles apaisantes et stimulantes. Traditionnellement utilis\u00e9 par les tribus indig\u00e8nes, le Kanna \u00e9tait m\u00e2ch\u00e9 pour soulager le stress, stimuler l'humeur et am\u00e9liorer la concentration. Aujourd'hui, le Kanna est disponible sous diff\u00e9rentes formes, dont le <strong data-start=\"463\" data-end=\"478\">Extrait 10x<\/strong>une version puissante qui produit des effets plus notables \u00e0 des doses plus faibles.<\/p>\n<p class=\"\" data-start=\"554\" data-end=\"818\">Cette plante interagit avec le syst\u00e8me s\u00e9rotoninergique du cerveau, favorisant la relaxation, la clart\u00e9 mentale et un l\u00e9ger sentiment d'euphorie, sans provoquer d'hallucinations. Par cons\u00e9quent, le Kanna est un choix populaire pour ceux qui recherchent un moyen s\u00fbr et naturel de soutenir le bien-\u00eatre \u00e9motionnel.<\/p>\n<h2 class=\"\" data-start=\"825\" data-end=\"844\">Historique de Kanna<\/h2>\n<p class=\"\" data-start=\"846\" data-end=\"1111\">L'utilisation du Kanna remonte \u00e0 des si\u00e8cles chez les indig\u00e8nes khoisan d'Afrique du Sud, qui utilisaient la plante \u00e0 des fins m\u00e9dicinales et sociales. Ils m\u00e2chaient ou faisaient fermenter les feuilles pour profiter de leurs effets calmants et stimulants, et les utilisaient souvent dans le cadre de rituels communautaires et de gu\u00e9rison.<\/p>\n<p class=\"\" data-start=\"1113\" data-end=\"1520\">\u00c0 la fin du XIXe si\u00e8cle, des explorateurs et botanistes hollandais \u00e9tudiant la r\u00e9gion ont pris note des effets du Kanna et l'ont rapport\u00e9 en Europe. L'int\u00e9r\u00eat grandissant, les scientifiques ont isol\u00e9 les compos\u00e9s actifs de la plante et d\u00e9velopp\u00e9 des formes concentr\u00e9es comme le <strong data-start=\"1351\" data-end=\"1366\">Extrait 10x<\/strong>Le Kanna est un produit \u00e0 base de plantes, ce qui en facilite l'acc\u00e8s et l'utilisation \u00e0 l'\u00e9chelle mondiale. Aujourd'hui, le Kanna continue de gagner en popularit\u00e9 en tant que compl\u00e9ment phytoth\u00e9rapeutique polyvalent ancr\u00e9 dans une riche histoire culturelle.<\/p>\n<h2 class=\"\" data-start=\"1527\" data-end=\"1546\">Comment utiliser Kanna<\/h2>\n<p class=\"\" data-start=\"1548\" data-end=\"1743\">Les <strong data-start=\"1552\" data-end=\"1567\">Extrait 10x<\/strong> de Kanna offre une exp\u00e9rience puissante, il est donc important de l'utiliser avec pr\u00e9caution. Il existe plusieurs m\u00e9thodes de consommation, chacune offrant des d\u00e9lais d'apparition et des effets l\u00e9g\u00e8rement diff\u00e9rents :<\/p>\n<ul data-start=\"1745\" data-end=\"2205\">\n<li class=\"\" data-start=\"1745\" data-end=\"1863\">\n<p class=\"\" data-start=\"1747\" data-end=\"1863\"><strong data-start=\"1747\" data-end=\"1758\">M\u00e2cher<\/strong>: L'approche traditionnelle : m\u00e2cher des feuilles s\u00e9ch\u00e9es ou des extraits en poudre pour une absorption lente et un effet r\u00e9gulier.<\/p>\n<\/li>\n<li class=\"\" data-start=\"1864\" data-end=\"1997\">\n<p class=\"\" data-start=\"1866\" data-end=\"1997\"><strong data-start=\"1866\" data-end=\"1873\">Th\u00e9<\/strong>: L'infusion de Kanna sous forme de th\u00e9 permet d'obtenir des r\u00e9sultats graduels et durables. Un dosage typique de l'extrait 10x varie de <strong data-start=\"1982\" data-end=\"1996\">200-300 mg<\/strong>.<\/p>\n<\/li>\n<li class=\"\" data-start=\"1998\" data-end=\"2096\">\n<p class=\"\" data-start=\"2000\" data-end=\"2096\"><strong data-start=\"2000\" data-end=\"2012\">L'\u00e9touffement<\/strong>: L'inhalation de poudre finement moulue permet d'obtenir des effets plus rapides et plus imm\u00e9diats.<\/p>\n<\/li>\n<li class=\"\" data-start=\"2097\" data-end=\"2205\">\n<p class=\"\" data-start=\"2099\" data-end=\"2205\"><strong data-start=\"2099\" data-end=\"2113\">Sublingual<\/strong>: Le fait de placer l'extrait de Kanna sous la langue permet une absorption rapide et une diffusion efficace.<\/p>\n<\/li>\n<\/ul>\n<p class=\"\" data-start=\"2207\" data-end=\"2388\">Commencez par un <strong data-start=\"2220\" data-end=\"2234\">petite dose<\/strong> et de l'ajuster progressivement pour trouver la quantit\u00e9 qui convient \u00e0 vos besoins. L'extrait \u00e9tant tr\u00e8s concentr\u00e9, de petites quantit\u00e9s peuvent produire des effets significatifs.<\/p>\n<h2 class=\"\" data-start=\"2395\" data-end=\"2425\">Ingr\u00e9dients actifs dans Kanna<\/h2>\n<p class=\"\" data-start=\"2427\" data-end=\"2560\">Kanna doit ses effets \u00e0 un groupe de <strong data-start=\"2464\" data-end=\"2477\">alcalo\u00efdes<\/strong> qui influencent le syst\u00e8me s\u00e9rotoninergique du cerveau. Les compos\u00e9s les plus importants sont les suivants :<\/p>\n<ul data-start=\"2562\" data-end=\"2763\">\n<li class=\"\" data-start=\"2562\" data-end=\"2629\">\n<p class=\"\" data-start=\"2564\" data-end=\"2629\"><strong data-start=\"2564\" data-end=\"2578\">M\u00e9sembrine<\/strong>: Un stimulant naturel de l'humeur avec des effets anti-anxi\u00e9t\u00e9.<\/p>\n<\/li>\n<li class=\"\" data-start=\"2630\" data-end=\"2695\">\n<p class=\"\" data-start=\"2632\" data-end=\"2695\"><strong data-start=\"2632\" data-end=\"2648\">Mesembrenone<\/strong>: Favorise le soulagement du stress et la clart\u00e9 cognitive.<\/p>\n<\/li>\n<li class=\"\" data-start=\"2696\" data-end=\"2763\">\n<p class=\"\" data-start=\"2698\" data-end=\"2763\"><strong data-start=\"2698\" data-end=\"2713\">Mesembrenol<\/strong>: Contribue \u00e0 la relaxation et \u00e0 l'\u00e9quilibre \u00e9motionnel.<\/p>\n<\/li>\n<\/ul>\n<p class=\"\" data-start=\"2765\" data-end=\"3047\">Ces alcalo\u00efdes agissent ensemble pour procurer une exp\u00e9rience \u00e0 la fois calmante et concentr\u00e9e. Les <strong data-start=\"2844\" data-end=\"2859\">Extrait 10x<\/strong> contient une dose concentr\u00e9e de ces compos\u00e9s b\u00e9n\u00e9fiques, offrant une alternative puissante et naturelle pour ceux qui recherchent un soutien \u00e9motionnel, une r\u00e9duction du stress et une clart\u00e9 mentale accrue.<\/p>\n<p data-start=\"3054\" data-end=\"3085\"><strong>Informations importantes en mati\u00e8re de s\u00e9curit\u00e9<\/strong><\/p>\n<p class=\"\" data-start=\"3087\" data-end=\"3223\">Bien que le Kanna soit g\u00e9n\u00e9ralement bien tol\u00e9r\u00e9, il doit \u00eatre utilis\u00e9 avec pr\u00e9caution, en particulier dans sa phase de d\u00e9veloppement. <strong data-start=\"3177\" data-end=\"3192\">Extrait 10x<\/strong> de la forme. Les principales pr\u00e9cautions \u00e0 prendre sont les suivantes :<\/p>\n<ul data-start=\"3225\" data-end=\"3564\">\n<li class=\"\" data-start=\"3225\" data-end=\"3355\">\n<p class=\"\" data-start=\"3227\" data-end=\"3355\"><strong data-start=\"3227\" data-end=\"3270\">\u00c9viter d'associer le Kanna aux ISRS et aux IMAO.<\/strong>ou tout autre m\u00e9dicament agissant sur la s\u00e9rotonine, car cela peut entra\u00eener de graves interactions.<\/p>\n<\/li>\n<li class=\"\" data-start=\"3356\" data-end=\"3407\">\n<p class=\"\" data-start=\"3358\" data-end=\"3407\"><strong data-start=\"3358\" data-end=\"3407\">Ne pas utiliser pendant la grossesse ou l'allaitement.<\/strong><\/p>\n<\/li>\n<li class=\"\" data-start=\"3408\" data-end=\"3564\">\n<p class=\"\" data-start=\"3410\" data-end=\"3564\">Toujours <strong data-start=\"3417\" data-end=\"3450\">consulter un professionnel de la sant\u00e9<\/strong> avant de commencer \u00e0 prendre un nouveau suppl\u00e9ment, surtout si vous avez des probl\u00e8mes de sant\u00e9 sous-jacents ou si vous prenez des m\u00e9dicaments.<\/p>\n<\/li>\n<\/ul>\n<p class=\"\" data-start=\"3566\" data-end=\"3675\">En commen\u00e7ant par une faible dose et en utilisant le Kanna de mani\u00e8re responsable, les utilisateurs peuvent profiter de ses avantages de mani\u00e8re s\u00fbre et efficace.<\/p>","protected":false},"excerpt":{"rendered":"<p><span style=\"font-size: 100%;\"><span style=\"color: #000000; font-size: 100%;\">Kanna Extract 10x , de la plante Sceletium tortuosum s\u00e9ch\u00e9e, est un rem\u00e8de traditionnel \u00e0 base de plantes d'Afrique du Sud utilis\u00e9 pour aider \u00e0 \u00e9lever votre humeur et \u00e0 r\u00e9duire les sentiments de stress et d'anxi\u00e9t\u00e9. <\/span><\/span><\/p>\n<p><span style=\"font-size: 100%;\"><span style=\"color: #000000; font-size: 100%;\">Vous deviendrez plus \u00e9nergique, euphorique, social et sensible au toucher. Contient <\/span><span style=\"color: #000000;\">1 gramme.<\/span><br \/>\n<\/span><\/p>","protected":false},"featured_media":126909,"template":"","meta":[],"product_brand":[],"product_cat":[600,297,512,508,476],"product_tag":[],"class_list":{"0":"post-2247","1":"product","2":"type-product","3":"status-publish","4":"has-post-thumbnail","6":"product_cat-mcmystic","7":"product_cat-all-products","8":"product_cat-extracts","9":"product_cat-kanna","10":"product_cat-smartshop","12":"first","13":"instock","14":"taxable","15":"shipping-taxable","16":"purchasable","17":"product-type-simple"},"_links":{"self":[{"href":"https:\/\/www.tatanka.nl\/fr\/wp-json\/wp\/v2\/product\/2247","targetHints":{"allow":["GET"]}}],"collection":[{"href":"https:\/\/www.tatanka.nl\/fr\/wp-json\/wp\/v2\/product"}],"about":[{"href":"https:\/\/www.tatanka.nl\/fr\/wp-json\/wp\/v2\/types\/product"}],"wp:featuredmedia":[{"embeddable":true,"href":"https:\/\/www.tatanka.nl\/fr\/wp-json\/wp\/v2\/media\/126909"}],"wp:attachment":[{"href":"https:\/\/www.tatanka.nl\/fr\/wp-json\/wp\/v2\/media?parent=2247"}],"wp:term":[{"taxonomy":"product_brand","embeddable":true,"href":"https:\/\/www.tatanka.nl\/fr\/wp-json\/wp\/v2\/product_brand?post=2247"},{"taxonomy":"product_cat","embeddable":true,"href":"https:\/\/www.tatanka.nl\/fr\/wp-json\/wp\/v2\/product_cat?post=2247"},{"taxonomy":"product_tag","embeddable":true,"href":"https:\/\/www.tatanka.nl\/fr\/wp-json\/wp\/v2\/product_tag?post=2247"}],"curies":[{"name":"wp","href":"https:\/\/api.w.org\/{rel}","templated":true}]}}