{"id":2248,"date":"2017-10-06T13:34:21","date_gmt":"2017-10-06T13:34:21","guid":{"rendered":"http:\/\/www.tatanka.nl\/?post_type=product&#038;p=2248"},"modified":"2025-05-20T11:15:38","modified_gmt":"2025-05-20T10:15:38","slug":"kanna-extract-20x-powder-energy-party","status":"publish","type":"product","link":"https:\/\/www.tatanka.nl\/fr\/kanna-extract-20x-powder-energy-party\/","title":{"rendered":"Kanna Extrait 20x"},"content":{"rendered":"<h2 class=\"\" data-start=\"109\" data-end=\"126\">Qu'est-ce que le Kanna ?<\/h2>\n<p class=\"\" data-start=\"128\" data-end=\"594\">Kanna (<em data-start=\"135\" data-end=\"156\">Sceletium tortuosum<\/em>) est un extrait naturel de plante connu pour ses propri\u00e9t\u00e9s stimulantes, calmantes et stimulantes de l'humeur. Originaire d'Afrique du Sud, le Kanna est utilis\u00e9 depuis des si\u00e8cles par les populations indig\u00e8nes qui m\u00e2chent ses feuilles pour am\u00e9liorer la clart\u00e9 mentale, r\u00e9duire le stress et am\u00e9liorer l'humeur. Aujourd'hui, il est disponible sous diverses formes modernes, notamment sous forme d'extraits concentr\u00e9s comme le <strong data-start=\"503\" data-end=\"518\">Version 20x<\/strong>Ce qui est environ 20 fois plus fort que la plante s\u00e9ch\u00e9e traditionnelle.<\/p>\n<p class=\"\" data-start=\"596\" data-end=\"898\">Le Kanna est appr\u00e9ci\u00e9 pour sa capacit\u00e9 \u00e0 promouvoir un sentiment de bien-\u00eatre, \u00e0 r\u00e9duire l'anxi\u00e9t\u00e9, \u00e0 soutenir les niveaux d'\u00e9nergie et m\u00eame \u00e0 am\u00e9liorer la libido. Sa popularit\u00e9 croissante d\u00e9coule de son efficacit\u00e9 en tant qu'aide naturelle \u00e0 l'\u00e9quilibre \u00e9motionnel et physique, offrant une am\u00e9lioration non hallucinog\u00e8ne mais perceptible de l'humeur et de la concentration.<\/p>\n<h2 class=\"\" data-start=\"905\" data-end=\"928\">L'histoire de Kanna<\/h2>\n<p class=\"\" data-start=\"930\" data-end=\"1185\">L'utilisation traditionnelle du Kanna remonte \u00e0 des si\u00e8cles en Afrique du Sud, o\u00f9 les tribus indig\u00e8nes en faisaient un rem\u00e8de de confiance. \u00c0 la fin du XIXe si\u00e8cle, des botanistes hollandais ont document\u00e9 la plante et l'ont apport\u00e9e en Europe, o\u00f9 ses effets ont suscit\u00e9 l'int\u00e9r\u00eat des scientifiques.<\/p>\n<p class=\"\" data-start=\"1187\" data-end=\"1521\">Au fur et \u00e0 mesure que la recherche s'est d\u00e9velopp\u00e9e, le Kanna a \u00e9t\u00e9 affin\u00e9 sous des formes plus concentr\u00e9es, telles que le <strong data-start=\"1274\" data-end=\"1289\">Extrait 20x<\/strong>qui permet d'obtenir plus rapidement et plus intens\u00e9ment les bienfaits de la plante. Si les racines du Kanna sont profond\u00e9ment culturelles, sa popularit\u00e9 croissante \u00e0 l'\u00e9chelle mondiale a permis de faire conna\u00eetre cet ancien rem\u00e8de \u00e0 un public plus large \u00e0 la recherche d'alternatives naturelles en mati\u00e8re de bien-\u00eatre.<\/p>\n<h2 class=\"\" data-start=\"1528\" data-end=\"1547\">Comment utiliser Kanna<\/h2>\n<p class=\"\" data-start=\"1549\" data-end=\"1730\">La polyvalence du Kanna le rend accessible \u00e0 un large \u00e9ventail d'utilisateurs, et le <strong data-start=\"1623\" data-end=\"1638\">Extrait 20x<\/strong> permet d'obtenir une exp\u00e9rience plus puissante avec des doses plus faibles. Les m\u00e9thodes de consommation les plus courantes sont les suivantes :<\/p>\n<ul data-start=\"1732\" data-end=\"2126\">\n<li class=\"\" data-start=\"1732\" data-end=\"1872\">\n<p class=\"\" data-start=\"1734\" data-end=\"1872\"><strong data-start=\"1734\" data-end=\"1741\">Th\u00e9<\/strong>: L'infusion de l'extrait sous forme de th\u00e9 est une m\u00e9thode courante. Une dose initiale d'environ <strong data-start=\"1818\" data-end=\"1828\">150 mg<\/strong> procure g\u00e9n\u00e9ralement un calme doux et \u00e9nergisant.<\/p>\n<\/li>\n<li class=\"\" data-start=\"1873\" data-end=\"1995\">\n<p class=\"\" data-start=\"1875\" data-end=\"1995\"><strong data-start=\"1875\" data-end=\"1886\">M\u00e2cher<\/strong>: Cette m\u00e9thode traditionnelle offre un d\u00e9but progressif et convient \u00e0 ceux qui recherchent une exp\u00e9rience plus authentique.<\/p>\n<\/li>\n<li class=\"\" data-start=\"1996\" data-end=\"2126\">\n<p class=\"\" data-start=\"1998\" data-end=\"2126\"><strong data-start=\"1998\" data-end=\"2021\">Capsules ou Poudres<\/strong>: Pour plus de commodit\u00e9, le Kanna peut \u00e9galement \u00eatre pris sous forme de g\u00e9lules ou m\u00e9lang\u00e9 \u00e0 des smoothies ou \u00e0 d'autres substances.<\/p>\n<\/li>\n<\/ul>\n<p class=\"\" data-start=\"2128\" data-end=\"2398\">L'extrait 20x \u00e9tant tr\u00e8s concentr\u00e9, les d\u00e9butants doivent <strong data-start=\"2193\" data-end=\"2218\">commencer par une faible dose<\/strong> et l'augmenter lentement en fonction des besoins. Le Kanna ne provoque pas d'hallucinations, ce qui le rend appropri\u00e9 pour les utilisateurs qui recherchent un changement d'humeur en douceur, une concentration et une relaxation sans effets psych\u00e9d\u00e9liques.<\/p>\n<h2 class=\"\" data-start=\"2405\" data-end=\"2435\">Ingr\u00e9dients actifs dans Kanna<\/h2>\n<p class=\"\" data-start=\"2437\" data-end=\"2522\">Les effets du Kanna sont largement dus \u00e0 son m\u00e9lange unique de <strong data-start=\"2497\" data-end=\"2510\">alcalo\u00efdes<\/strong>y compris :<\/p>\n<ul data-start=\"2524\" data-end=\"2746\">\n<li class=\"\" data-start=\"2524\" data-end=\"2606\">\n<p class=\"\" data-start=\"2526\" data-end=\"2606\"><strong data-start=\"2526\" data-end=\"2540\">M\u00e9sembrine<\/strong>: Agit comme un ISRS naturel, contribuant \u00e0 am\u00e9liorer l'humeur et \u00e0 r\u00e9duire l'anxi\u00e9t\u00e9.<\/p>\n<\/li>\n<li class=\"\" data-start=\"2607\" data-end=\"2668\">\n<p class=\"\" data-start=\"2609\" data-end=\"2668\"><strong data-start=\"2609\" data-end=\"2625\">Mesembrenone<\/strong>: Contribue au calme et \u00e0 la concentration mentale.<\/p>\n<\/li>\n<li class=\"\" data-start=\"2669\" data-end=\"2746\">\n<p class=\"\" data-start=\"2671\" data-end=\"2746\"><strong data-start=\"2671\" data-end=\"2687\">Tortuosamine<\/strong>: On pense qu'il favorise le bien-\u00eatre \u00e9motionnel et la libido.<\/p>\n<\/li>\n<\/ul>\n<p class=\"\" data-start=\"2748\" data-end=\"3044\">Ces compos\u00e9s interagissent avec les <strong data-start=\"2790\" data-end=\"2824\">les syst\u00e8mes de la s\u00e9rotonine et de la dopamine<\/strong>L'\u00e9nergie et la paix int\u00e9rieure peuvent \u00eatre am\u00e9lior\u00e9es par l'utilisation de l'huile d'olive, qui am\u00e9liore l'humeur, augmente l'\u00e9nergie et favorise la paix int\u00e9rieure. Les <strong data-start=\"2892\" data-end=\"2907\">Extrait 20x<\/strong> amplifie ces avantages en concentrant ces alcalo\u00efdes actifs, ce qui permet d'obtenir des effets plus rapides et plus puissants que le Kanna s\u00e9ch\u00e9 standard.<\/p>\n<p data-start=\"3051\" data-end=\"3076\"><strong>S\u00e9curit\u00e9 et pr\u00e9cautions<\/strong><\/p>\n<p class=\"\" data-start=\"3078\" data-end=\"3261\">En raison de sa puissance, en particulier sous forme d'extrait, il est important d'aborder le Kanna avec prudence. Commencez par un <strong data-start=\"3184\" data-end=\"3198\">petite dose<\/strong> pour \u00e9valuer la r\u00e9action de votre corps et l'ajuster progressivement si n\u00e9cessaire.<\/p>\n<p class=\"\" data-start=\"3263\" data-end=\"3561\">Le Kanna est g\u00e9n\u00e9ralement bien tol\u00e9r\u00e9, mais sa puissance peut varier d'une personne \u00e0 l'autre. Surveillez toujours vos sensations et \u00e9vitez de combiner le Kanna avec des m\u00e9dicaments qui affectent les niveaux de s\u00e9rotonine, tels que les antid\u00e9presseurs. Si vous \u00eates enceinte, si vous allaitez ou si vous prenez des m\u00e9dicaments, consultez un professionnel de la sant\u00e9 avant d'utiliser ce m\u00e9dicament.<\/p>","protected":false},"excerpt":{"rendered":"<p><span style=\"font-size: 100%; color: #333333;\"><span style=\"color: #000000;\">La poudre de l'extrait Kanna 20x est fabriqu\u00e9e \u00e0 partir de la plante Sceletium tortuosum, une plante sud-africaine. Kanna 20x est deux fois plus puissant que Kanna 10x. <\/span><\/span><\/p>\n<p><span style=\"font-size: 100%; color: #333333;\"><span style=\"color: #000000;\">Kanna procure des sensations excitantes, \u00e9nergiques, heureuses et relaxantes \u00e0 la fois, il r\u00e9duit les peurs et am\u00e9liore l'humeur. Contient 1 gramme.<\/span><br \/>\n<\/span><\/p>","protected":false},"featured_media":126908,"template":"","meta":[],"product_brand":[],"product_cat":[600,297,512,508,476],"product_tag":[],"class_list":{"0":"post-2248","1":"product","2":"type-product","3":"status-publish","4":"has-post-thumbnail","6":"product_cat-mcmystic","7":"product_cat-all-products","8":"product_cat-extracts","9":"product_cat-kanna","10":"product_cat-smartshop","12":"first","13":"instock","14":"taxable","15":"shipping-taxable","16":"purchasable","17":"product-type-simple"},"_links":{"self":[{"href":"https:\/\/www.tatanka.nl\/fr\/wp-json\/wp\/v2\/product\/2248","targetHints":{"allow":["GET"]}}],"collection":[{"href":"https:\/\/www.tatanka.nl\/fr\/wp-json\/wp\/v2\/product"}],"about":[{"href":"https:\/\/www.tatanka.nl\/fr\/wp-json\/wp\/v2\/types\/product"}],"wp:featuredmedia":[{"embeddable":true,"href":"https:\/\/www.tatanka.nl\/fr\/wp-json\/wp\/v2\/media\/126908"}],"wp:attachment":[{"href":"https:\/\/www.tatanka.nl\/fr\/wp-json\/wp\/v2\/media?parent=2248"}],"wp:term":[{"taxonomy":"product_brand","embeddable":true,"href":"https:\/\/www.tatanka.nl\/fr\/wp-json\/wp\/v2\/product_brand?post=2248"},{"taxonomy":"product_cat","embeddable":true,"href":"https:\/\/www.tatanka.nl\/fr\/wp-json\/wp\/v2\/product_cat?post=2248"},{"taxonomy":"product_tag","embeddable":true,"href":"https:\/\/www.tatanka.nl\/fr\/wp-json\/wp\/v2\/product_tag?post=2248"}],"curies":[{"name":"wp","href":"https:\/\/api.w.org\/{rel}","templated":true}]}}