{"id":2249,"date":"2017-10-06T13:46:57","date_gmt":"2017-10-06T11:46:57","guid":{"rendered":"http:\/\/www.tatanka.nl\/?post_type=product&#038;p=2249"},"modified":"2026-01-20T12:48:32","modified_gmt":"2026-01-20T11:48:32","slug":"kanna-extract-40x-energy-party-euphoria-powder","status":"publish","type":"product","link":"https:\/\/www.tatanka.nl\/fr\/kanna-extract-40x-energy-party-euphoria-powder\/","title":{"rendered":"Kanna Extrait 40x"},"content":{"rendered":"<h2 class=\"\" data-start=\"113\" data-end=\"130\">Qu'est-ce que le Kanna ?<\/h2>\n<p class=\"\" data-start=\"132\" data-end=\"558\">Kanna, ou <em data-start=\"142\" data-end=\"163\">Sceletium tortuosum<\/em>est un puissant extrait de plantes connu pour son m\u00e9lange unique d'effets \u00e9nergisants et calmants. Originaire d'Afrique du Sud, cette plante est traditionnellement utilis\u00e9e depuis des si\u00e8cles par les populations indig\u00e8nes, qui m\u00e2chent ses feuilles pour am\u00e9liorer l'humeur et r\u00e9duire le stress. Aujourd'hui, le Kanna est disponible sous diverses formes, dont un extrait 40x tr\u00e8s puissant, quarante fois plus puissant que les pr\u00e9parations standard.<\/p>\n<p class=\"\" data-start=\"560\" data-end=\"968\">Cette version concentr\u00e9e fournit une dose plus forte des compos\u00e9s actifs du Kanna, offrant une large gamme d'avantages tels qu'un bien-\u00eatre accru, des niveaux d'\u00e9nergie am\u00e9lior\u00e9s, une r\u00e9duction de l'anxi\u00e9t\u00e9 et m\u00eame une augmentation de la libido. Qu'il soit infus\u00e9 dans du th\u00e9 ou m\u00e2ch\u00e9 sous sa forme naturelle, le Kanna permet aux utilisateurs de personnaliser leur exp\u00e9rience sans risque d'hallucinations, ce qui en fait une option s\u00fbre et adaptable pour l'am\u00e9lioration de l'humeur.<\/p>\n<h2 class=\"\" data-start=\"975\" data-end=\"998\">L'histoire de Kanna<\/h2>\n<p class=\"\" data-start=\"1000\" data-end=\"1396\">Le Kanna a des racines historiques profondes qui remontent aux tribus indig\u00e8nes d'Afrique du Sud. Bien avant son introduction dans le monde occidental, les communaut\u00e9s locales utilisaient le Kanna en m\u00e2chant ses feuilles pour g\u00e9rer le stress et am\u00e9liorer les interactions sociales. Au XIXe si\u00e8cle, des botanistes hollandais ont d\u00e9couvert la plante et l'ont rapport\u00e9e en Europe, o\u00f9 elle a commenc\u00e9 \u00e0 \u00eatre reconnue pour ses propri\u00e9t\u00e9s d'am\u00e9lioration de l'humeur.<\/p>\n<p class=\"\" data-start=\"1398\" data-end=\"1770\">Au fur et \u00e0 mesure que la connaissance de la plante s'est d\u00e9velopp\u00e9e, elle a \u00e9t\u00e9 transform\u00e9e en extraits plus raffin\u00e9s, ce qui a permis d'augmenter consid\u00e9rablement sa puissance. Cette avanc\u00e9e a permis au Kanna de s'imposer sur le march\u00e9 mondial des compl\u00e9ments alimentaires \u00e0 base de plantes. Aujourd'hui, son h\u00e9ritage se perp\u00e9tue \u00e0 la fois dans les pratiques traditionnelles et dans les routines de bien-\u00eatre modernes, c\u00e9l\u00e9br\u00e9 pour sa capacit\u00e9 \u00e0 promouvoir la clart\u00e9 mentale et l'\u00e9quilibre \u00e9motionnel.<\/p>\n<h2 class=\"\" data-start=\"1777\" data-end=\"1796\">Comment utiliser Kanna<\/h2>\n<p class=\"\" data-start=\"1798\" data-end=\"1897\">Le Kanna peut \u00eatre consomm\u00e9 de plusieurs fa\u00e7ons, chacune offrant un effet distinct en fonction du dosage et de la m\u00e9thode :<\/p>\n<ul data-start=\"1899\" data-end=\"2372\">\n<li class=\"\" data-start=\"1899\" data-end=\"2094\">\n<p class=\"\" data-start=\"1901\" data-end=\"2094\"><strong data-start=\"1901\" data-end=\"1908\">Th\u00e9<\/strong>: La pr\u00e9paration du Kanna sous forme de th\u00e9 est l'une des m\u00e9thodes les plus populaires, en particulier lorsque l'on utilise l'extrait 40x. La dose de d\u00e9part typique est d'environ 100 mg, ce qui procure une exp\u00e9rience douce et relaxante.<\/p>\n<\/li>\n<li class=\"\" data-start=\"2095\" data-end=\"2262\">\n<p class=\"\" data-start=\"2097\" data-end=\"2262\"><strong data-start=\"2097\" data-end=\"2108\">M\u00e2cher<\/strong>: M\u00e2cher l'extrait reproduit l'usage traditionnel et produit souvent des effets plus rapides et plus visibles. Commencez par une petite quantit\u00e9 pour \u00e9valuer la tol\u00e9rance.<\/p>\n<\/li>\n<li class=\"\" data-start=\"2263\" data-end=\"2372\">\n<p class=\"\" data-start=\"2265\" data-end=\"2372\"><strong data-start=\"2265\" data-end=\"2290\">Capsules ou Tinctures<\/strong>: Pour des raisons de commodit\u00e9, le Kanna peut \u00e9galement \u00eatre pris sous forme de g\u00e9lules ou d'extrait liquide.<\/p>\n<\/li>\n<\/ul>\n<p class=\"\" data-start=\"2374\" data-end=\"2596\">Le Kanna n'\u00e9tant pas hallucinog\u00e8ne, il est consid\u00e9r\u00e9 comme s\u00fbr pour les personnes int\u00e9ress\u00e9es par les stimulants naturels de l'humeur. Toutefois, il est essentiel de commencer par de faibles doses et de les ajuster progressivement pour trouver le niveau le plus confortable et le plus efficace.<\/p>\n<h2 class=\"\" data-start=\"2603\" data-end=\"2633\">Ingr\u00e9dients actifs dans Kanna<\/h2>\n<p class=\"\" data-start=\"2635\" data-end=\"2770\">La puissance du Kanna provient d'un groupe d'alcalo\u00efdes qui influencent le syst\u00e8me s\u00e9rotoninergique du cerveau. Les compos\u00e9s les plus importants sont les suivants<\/p>\n<ul data-start=\"2772\" data-end=\"3036\">\n<li class=\"\" data-start=\"2772\" data-end=\"2903\">\n<p class=\"\" data-start=\"2774\" data-end=\"2903\"><strong data-start=\"2774\" data-end=\"2788\">M\u00e9sembrine<\/strong>: Fonctionne comme un ISRS naturel (inhibiteur s\u00e9lectif de la recapture de la s\u00e9rotonine), contribuant \u00e0 am\u00e9liorer l'humeur et \u00e0 r\u00e9duire l'anxi\u00e9t\u00e9.<\/p>\n<\/li>\n<li class=\"\" data-start=\"2904\" data-end=\"2965\">\n<p class=\"\" data-start=\"2906\" data-end=\"2965\"><strong data-start=\"2906\" data-end=\"2922\">Mesembrenone<\/strong>: Contribue \u00e0 la concentration mentale et au calme.<\/p>\n<\/li>\n<li class=\"\" data-start=\"2966\" data-end=\"3036\">\n<p class=\"\" data-start=\"2968\" data-end=\"3036\"><strong data-start=\"2968\" data-end=\"2983\">Mesembrenol<\/strong>: Compl\u00e8te les effets relaxants et \u00e9quilibrants de la plante.<\/p>\n<\/li>\n<\/ul>\n<p class=\"\" data-start=\"3038\" data-end=\"3333\">Ces compos\u00e9s sont particuli\u00e8rement concentr\u00e9s dans l'extrait 40x, ce qui en fait une option tr\u00e8s efficace pour les utilisateurs qui recherchent des r\u00e9sultats th\u00e9rapeutiques plus importants. Cette puissance permet des doses plus faibles et une plus grande flexibilit\u00e9 dans l'utilisation du compl\u00e9ment, que ce soit pour le bien-\u00eatre quotidien ou pour un soulagement occasionnel du stress.<\/p>\n<p data-start=\"3340\" data-end=\"3365\"><strong>S\u00e9curit\u00e9 et pr\u00e9cautions<\/strong><\/p>\n<p class=\"\" data-start=\"3367\" data-end=\"3565\">Bien que le Kanna soit g\u00e9n\u00e9ralement bien tol\u00e9r\u00e9, la prudence est de mise, en particulier lors de l'utilisation de l'extrait concentr\u00e9 40x. Commencez par une dose faible et augmentez-la lentement, uniquement si n\u00e9cessaire, afin d'\u00e9viter les effets secondaires.<\/p>\n<p class=\"\" data-start=\"3567\" data-end=\"3831\">\u00c9vitez d'associer le Kanna \u00e0 d'autres substances influen\u00e7ant la s\u00e9rotonine, telles que les antid\u00e9presseurs, car cela pourrait entra\u00eener des interactions ind\u00e9sirables. En outre, les personnes enceintes, qui allaitent ou qui prennent des m\u00e9dicaments doivent consulter un professionnel de la sant\u00e9 avant d'utiliser le produit.<\/p>\n<p class=\"\" data-start=\"3838\" data-end=\"3915\">","protected":false},"excerpt":{"rendered":"<p><span style=\"font-size: 100%; color: #333333;\"><span style=\"color: #000000;\">Kanna Extract 40x est l'extrait le plus puissant de la collection Kanna ! Fabriqu\u00e9 \u00e0 partir de la plante sud-africaine Sceletium tortuosum. Cet extrait Kanna \u00e9l\u00e8ve votre humeur, r\u00e9duit les sentiments de stress et d'anxi\u00e9t\u00e9. <\/span><\/span><\/p>\n<p><span style=\"font-size: 100%; color: #333333;\"><span style=\"color: #000000;\">D\u00e9couvrez une \u00e9nergie accrue, une sensibilit\u00e9 au toucher et une augmentation de la libido ! Contient 1 gramme.<\/span><br \/>\n<\/span><\/p>","protected":false},"featured_media":126905,"template":"","meta":[],"product_brand":[],"product_cat":[600,297,512,508,476,514],"product_tag":[],"class_list":{"0":"post-2249","1":"product","2":"type-product","3":"status-publish","4":"has-post-thumbnail","6":"product_cat-mcmystic","7":"product_cat-all-products","8":"product_cat-extracts","9":"product_cat-kanna","10":"product_cat-smartshop","11":"product_cat-smartshop-top-10","13":"first","14":"instock","15":"taxable","16":"shipping-taxable","17":"purchasable","18":"product-type-simple"},"_links":{"self":[{"href":"https:\/\/www.tatanka.nl\/fr\/wp-json\/wp\/v2\/product\/2249","targetHints":{"allow":["GET"]}}],"collection":[{"href":"https:\/\/www.tatanka.nl\/fr\/wp-json\/wp\/v2\/product"}],"about":[{"href":"https:\/\/www.tatanka.nl\/fr\/wp-json\/wp\/v2\/types\/product"}],"wp:featuredmedia":[{"embeddable":true,"href":"https:\/\/www.tatanka.nl\/fr\/wp-json\/wp\/v2\/media\/126905"}],"wp:attachment":[{"href":"https:\/\/www.tatanka.nl\/fr\/wp-json\/wp\/v2\/media?parent=2249"}],"wp:term":[{"taxonomy":"product_brand","embeddable":true,"href":"https:\/\/www.tatanka.nl\/fr\/wp-json\/wp\/v2\/product_brand?post=2249"},{"taxonomy":"product_cat","embeddable":true,"href":"https:\/\/www.tatanka.nl\/fr\/wp-json\/wp\/v2\/product_cat?post=2249"},{"taxonomy":"product_tag","embeddable":true,"href":"https:\/\/www.tatanka.nl\/fr\/wp-json\/wp\/v2\/product_tag?post=2249"}],"curies":[{"name":"wp","href":"https:\/\/api.w.org\/{rel}","templated":true}]}}