{"id":2276,"date":"2017-10-06T16:19:10","date_gmt":"2017-10-06T16:19:10","guid":{"rendered":"http:\/\/www.tatanka.nl\/?post_type=product&#038;p=2276"},"modified":"2025-05-20T11:13:39","modified_gmt":"2025-05-20T10:13:39","slug":"after-recovery-party-pills-capsules","status":"publish","type":"product","link":"https:\/\/www.tatanka.nl\/fr\/after-recovery-party-pills-capsules\/","title":{"rendered":"After-E - Recovery"},"content":{"rendered":"<h2><span style=\"font-size: 95%; color: #000000;\">After-E - Recovery de XTC et MDMA<\/span><\/h2>\n<h2 data-start=\"0\" data-end=\"21\">Qu'est-ce que l'After E ?<\/h2>\n<p data-start=\"22\" data-end=\"503\">After E est un compl\u00e9ment alimentaire sp\u00e9cialement formul\u00e9 pour favoriser la r\u00e9cup\u00e9ration de l'organisme apr\u00e8s une soir\u00e9e intense. Ce m\u00e9lange unique comprend un <strong data-start=\"173\" data-end=\"239\">multivitamine, une g\u00e9lule de guarana et deux g\u00e9lules de L-Tryptophane<\/strong>Les \u00c9tats membres de l'Union europ\u00e9enne, qui travaillent ensemble pour <strong data-start=\"261\" data-end=\"352\">restaurer les nutriments essentiels, \u00e9liminer les toxines et r\u00e9\u00e9quilibrer les niveaux de vitamines et de min\u00e9raux<\/strong>. En prenant After E le lendemain et en vous hydratant correctement, vous pouvez am\u00e9liorer le processus naturel de r\u00e9cup\u00e9ration de votre corps et vous sentir rajeuni plus rapidement.<\/p>\n<h2 data-start=\"505\" data-end=\"528\">Histoire de l'apr\u00e8s-E<\/h2>\n<p data-start=\"529\" data-end=\"774\">After E a \u00e9t\u00e9 d\u00e9velopp\u00e9 en r\u00e9ponse \u00e0 la demande croissante d'une solution de r\u00e9cup\u00e9ration fiable apr\u00e8s un effort excessif. Au fil des ans, l'industrie de la sant\u00e9 et du bien-\u00eatre s'est concentr\u00e9e sur la cr\u00e9ation de suppl\u00e9ments qui r\u00e9tablissent l'\u00e9quilibre naturel du corps.<\/p>\n<p data-start=\"776\" data-end=\"1062\">La recherche scientifique a mis en \u00e9vidence les avantages de <strong data-start=\"828\" data-end=\"856\">guarana et L-Tryptophane<\/strong> pour restaurer l'\u00e9nergie et soutenir l'humeur. En associant ces ingr\u00e9dients \u00e0 des vitamines essentielles, After E fournit une protection contre les effets n\u00e9fastes de la s\u00e9cheresse et de la s\u00e9cheresse. <strong data-start=\"974\" data-end=\"1006\">solution de r\u00e9cup\u00e9ration tout-en-un<\/strong> qui s'aligne sur les modes de vie modernes et soucieux de la sant\u00e9.<\/p>\n<h2 data-start=\"1064\" data-end=\"1087\">Comment utiliser After E<\/h2>\n<p data-start=\"1088\" data-end=\"1149\">Pour des r\u00e9sultats optimaux, suivez les \u00e9tapes suivantes lors de l'utilisation d'After E :<\/p>\n<ol data-start=\"1151\" data-end=\"1617\">\n<li data-start=\"1151\" data-end=\"1268\"><strong data-start=\"1154\" data-end=\"1196\">Prendre After E le lendemain d'une soir\u00e9e<\/strong> avec <strong data-start=\"1202\" data-end=\"1229\">1 \u00e0 4 verres d'eau<\/strong> pour favoriser l'hydratation et la d\u00e9sintoxication.<\/li>\n<li data-start=\"1269\" data-end=\"1505\"><strong data-start=\"1272\" data-end=\"1300\">Consommer la totalit\u00e9 de la portion<\/strong>qui comprend\n<ul data-start=\"1323\" data-end=\"1505\">\n<li data-start=\"1323\" data-end=\"1369\"><strong data-start=\"1325\" data-end=\"1343\">1 multivitamine<\/strong> pour les nutriments essentiels<\/li>\n<li data-start=\"1373\" data-end=\"1423\"><strong data-start=\"1375\" data-end=\"1396\">1 capsule de guarana<\/strong> pour l'\u00e9nergie et la vigilance<\/li>\n<li data-start=\"1427\" data-end=\"1505\"><strong data-start=\"1429\" data-end=\"1456\">2 g\u00e9lules de L-Tryptophane<\/strong> pour favoriser la production de s\u00e9rotonine et la relaxation<\/li>\n<\/ul>\n<\/li>\n<li data-start=\"1506\" data-end=\"1617\"><strong data-start=\"1509\" data-end=\"1526\">S'hydrater<\/strong> pour renforcer les effets du suppl\u00e9ment et soutenir les processus m\u00e9taboliques naturels de votre corps.<\/li>\n<\/ol>\n<p data-start=\"1619\" data-end=\"1761\">Tandis qu'After E reconstitue efficacement les nutriments, le maintien d'une bonne sant\u00e9 et d'un bon \u00e9tat nutritionnel est essentiel. <strong data-start=\"1682\" data-end=\"1723\">une alimentation \u00e9quilibr\u00e9e et un repos suffisant<\/strong> am\u00e9liorera encore votre r\u00e9tablissement.<\/p>\n<h2 data-start=\"1763\" data-end=\"1790\">Ingr\u00e9dients de l'After E<\/h2>\n<p data-start=\"1791\" data-end=\"1880\">Apr\u00e8s que E contient un <strong data-start=\"1810\" data-end=\"1851\">puissant m\u00e9lange de nutriments essentiels<\/strong> pour aider votre corps \u00e0 r\u00e9cup\u00e9rer :<\/p>\n<ul data-start=\"1882\" data-end=\"2274\">\n<li data-start=\"1882\" data-end=\"2027\"><strong data-start=\"1884\" data-end=\"1900\">Multivitamine<\/strong> - Reconstitue les vitamines et min\u00e9raux vitaux perdus lors d'une activit\u00e9 intense, r\u00e9tablit l'\u00e9quilibre et favorise le bien-\u00eatre g\u00e9n\u00e9ral.<\/li>\n<li data-start=\"2028\" data-end=\"2137\"><strong data-start=\"2030\" data-end=\"2041\">Guarana<\/strong> - Une source naturelle de caf\u00e9ine qui favorise <strong data-start=\"2084\" data-end=\"2114\">vigilance, r\u00e9duction de la fatigue<\/strong>et am\u00e9liore la concentration.<\/li>\n<li data-start=\"2138\" data-end=\"2274\"><strong data-start=\"2140\" data-end=\"2156\">L-Tryptophane<\/strong> - Un acide amin\u00e9 essentiel qui soutient <strong data-start=\"2197\" data-end=\"2221\">production de s\u00e9rotonine<\/strong>L'utilisation de l'alcool dans le cadre de l'\u00e9ducation et de la formation permet d'am\u00e9liorer l'humeur, la relaxation et le r\u00e9tablissement g\u00e9n\u00e9ral.<\/li>\n<\/ul>\n<p data-start=\"2276\" data-end=\"2473\">Ces ingr\u00e9dients agissent ensemble pour fournir un <strong data-start=\"2321\" data-end=\"2356\">solution compl\u00e8te de r\u00e9cup\u00e9ration<\/strong>After E est donc un compl\u00e9ment essentiel pour les personnes souhaitant <strong data-start=\"2418\" data-end=\"2470\">rebondir rapidement et favoriser leur bien-\u00eatre<\/strong>.<\/p>\n<p data-start=\"2475\" data-end=\"2487\"><strong>Avertissement<\/strong><\/p>\n<p data-start=\"2488\" data-end=\"2818\" data-is-last-node=\"\">Il s'agit d'un compl\u00e9ment alimentaire qui doit \u00eatre utilis\u00e9 comme tel. Ne pas utiliser After E comme substitut d'un r\u00e9gime alimentaire vari\u00e9. La portion recommand\u00e9e correspond au contenu int\u00e9gral de l'emballage. Ne pas d\u00e9passer la dose journali\u00e8re recommand\u00e9e. Si vous avez des probl\u00e8mes de sant\u00e9 sous-jacents ou si vous prenez des m\u00e9dicaments, consultez un professionnel de la sant\u00e9 avant d'utiliser ce produit.<\/p>","protected":false},"excerpt":{"rendered":"<p><span style=\"font-size: 100%; color: #000000;\">Vous vous sentez fatigu\u00e9 et abattu apr\u00e8s une f\u00eate, apr\u00e8s avoir trop bu ou pris trop de drogues comme la MDMA ou le XTC ? After-E est plein de vitamines et d'acides amin\u00e9s qui vous permettront de retrouver une humeur et un corps normaux.<br \/>\n<\/span><\/p>","protected":false},"featured_media":14679,"template":"","meta":[],"product_brand":[],"product_cat":[475,297,522,481,533],"product_tag":[],"class_list":{"0":"post-2276","1":"product","2":"type-product","3":"status-publish","4":"has-post-thumbnail","6":"product_cat-healthshop","7":"product_cat-all-products","8":"product_cat-detox","9":"product_cat-healthshop-top-10","10":"product_cat-recovery","12":"first","13":"instock","14":"taxable","15":"shipping-taxable","16":"purchasable","17":"product-type-variable"},"_links":{"self":[{"href":"https:\/\/www.tatanka.nl\/fr\/wp-json\/wp\/v2\/product\/2276","targetHints":{"allow":["GET"]}}],"collection":[{"href":"https:\/\/www.tatanka.nl\/fr\/wp-json\/wp\/v2\/product"}],"about":[{"href":"https:\/\/www.tatanka.nl\/fr\/wp-json\/wp\/v2\/types\/product"}],"wp:featuredmedia":[{"embeddable":true,"href":"https:\/\/www.tatanka.nl\/fr\/wp-json\/wp\/v2\/media\/14679"}],"wp:attachment":[{"href":"https:\/\/www.tatanka.nl\/fr\/wp-json\/wp\/v2\/media?parent=2276"}],"wp:term":[{"taxonomy":"product_brand","embeddable":true,"href":"https:\/\/www.tatanka.nl\/fr\/wp-json\/wp\/v2\/product_brand?post=2276"},{"taxonomy":"product_cat","embeddable":true,"href":"https:\/\/www.tatanka.nl\/fr\/wp-json\/wp\/v2\/product_cat?post=2276"},{"taxonomy":"product_tag","embeddable":true,"href":"https:\/\/www.tatanka.nl\/fr\/wp-json\/wp\/v2\/product_tag?post=2276"}],"curies":[{"name":"wp","href":"https:\/\/api.w.org\/{rel}","templated":true}]}}