{"id":2278,"date":"2017-10-06T16:28:58","date_gmt":"2017-10-06T16:28:58","guid":{"rendered":"http:\/\/www.tatanka.nl\/?post_type=product&#038;p=2278"},"modified":"2025-05-20T11:13:33","modified_gmt":"2025-05-20T10:13:33","slug":"after-c-cocaine-speed-recovery-vitamines-amino-pills-capsules","status":"publish","type":"product","link":"https:\/\/www.tatanka.nl\/fr\/after-c-cocaine-speed-recovery-vitamines-amino-pills-capsules\/","title":{"rendered":"After-C - Recovery"},"content":{"rendered":"<h2><span style=\"color: #000000; font-size: 95%;\">After-C - Recovery de Coke and Speed<\/span><span style=\"font-size: 100%; color: #dd9933;\"><strong><br \/>\n<\/strong><\/span><\/h2>\n<h2 data-start=\"0\" data-end=\"21\">Qu'est-ce que After-C ?<\/h2>\n<p data-start=\"22\" data-end=\"542\">After C est un compl\u00e9ment alimentaire formul\u00e9 pour soulager l'inconfort de la gueule de bois et soutenir le processus naturel de r\u00e9cup\u00e9ration de l'organisme. Son puissant m\u00e9lange d'ingr\u00e9dients, dont des vitamines essentielles, du 5-HTP et du guarana, aide \u00e0 d\u00e9toxifier l'organisme et \u00e0 reconstituer les nutriments perdus. En r\u00e9tablissant l'hydratation et en \u00e9quilibrant les carences en vitamines et min\u00e9raux, After C vous aide \u00e0 r\u00e9cup\u00e9rer plus rapidement et \u00e0 vous sentir revitalis\u00e9. Que vous ayez besoin de rebondir apr\u00e8s une soir\u00e9e ou que vous souhaitiez simplement un soutien suppl\u00e9mentaire pour votre bien-\u00eatre, After C est la solution parfaite.<\/p>\n<p data-start=\"544\" data-end=\"829\">Cette formule soigneusement \u00e9labor\u00e9e veille \u00e0 ce que votre corps re\u00e7oive les nutriments dont il a besoin pour une r\u00e9cup\u00e9ration optimale. Avec du 5-HTP qui stimule l'humeur, du guarana \u00e9nergisant et des vitamines essentielles, After C travaille en harmonie avec votre syst\u00e8me pour vous aider \u00e0 vous d\u00e9sintoxiquer, \u00e0 r\u00e9tablir l'\u00e9quilibre et \u00e0 retrouver de l'\u00e9nergie apr\u00e8s une longue nuit.<\/p>\n<h2 data-start=\"831\" data-end=\"854\">Historique de After-C<\/h2>\n<p data-start=\"855\" data-end=\"1203\">After C a \u00e9t\u00e9 d\u00e9velopp\u00e9 pour r\u00e9pondre \u00e0 un probl\u00e8me courant : la gueule de bois. Alors que plusieurs suppl\u00e9ments ont \u00e9t\u00e9 lanc\u00e9s pour soulager les sympt\u00f4mes de la gueule de bois, After C se distingue par sa formule unique, \u00e9tay\u00e9e par des donn\u00e9es scientifiques. Con\u00e7u pour favoriser non seulement la r\u00e9cup\u00e9ration mais aussi la sant\u00e9 globale, ce compl\u00e9ment aide l'organisme \u00e0 \u00e9liminer les toxines et \u00e0 r\u00e9tablir son \u00e9quilibre naturel.<\/p>\n<p data-start=\"1205\" data-end=\"1545\">La demande de rem\u00e8des efficaces et s\u00fbrs contre la gueule de bois a augment\u00e9 au fil des ans, ce qui a conduit \u00e0 la cr\u00e9ation d'After C - un m\u00e9lange de rem\u00e8des traditionnels et de science nutritionnelle moderne. Ses ingr\u00e9dients soigneusement s\u00e9lectionn\u00e9s refl\u00e8tent les derni\u00e8res recherches en mati\u00e8re de sant\u00e9 et de bien-\u00eatre, garantissant que chaque composant joue un r\u00f4le vital dans la d\u00e9sintoxication et la r\u00e9cup\u00e9ration.<\/p>\n<p data-start=\"1547\" data-end=\"1798\">Aujourd'hui, After C est devenu une solution de confiance pour de nombreuses personnes \u00e0 la recherche d'un moyen simple et efficace de soutenir leur corps apr\u00e8s la consommation d'alcool. Alors que de plus en plus de personnes se tournent vers les suppl\u00e9ments pour leur sant\u00e9 et leur bien-\u00eatre, After C continue d'\u00eatre un outil pr\u00e9cieux pour un r\u00e9tablissement rapide.<\/p>\n<h2 data-start=\"1800\" data-end=\"1823\">Comment utiliser After-C<\/h2>\n<p data-start=\"1824\" data-end=\"1864\">L'utilisation d'After C est simple et efficace :<\/p>\n<ol data-start=\"1866\" data-end=\"2197\">\n<li data-start=\"1866\" data-end=\"1932\">Prendre la dose recommand\u00e9e le lendemain de la consommation d'alcool.<\/li>\n<li data-start=\"1933\" data-end=\"2040\">Boire <strong data-start=\"1942\" data-end=\"1969\">1 \u00e0 4 verres d'eau<\/strong> Le compl\u00e9ment alimentaire doit \u00eatre utilis\u00e9 pour rester hydrat\u00e9 et favoriser l'\u00e9limination des toxines.<\/li>\n<li data-start=\"2041\" data-end=\"2197\">Pour obtenir les meilleurs r\u00e9sultats, prenez After C le plus t\u00f4t possible apr\u00e8s avoir ressenti les effets d'une gueule de bois. Toutefois, il peut \u00eatre b\u00e9n\u00e9fique m\u00eame s'il est pris plus tard.<\/li>\n<\/ol>\n<p data-start=\"2199\" data-end=\"2427\">Le processus d'hydratation est essentiel pour permettre \u00e0 l'organisme de r\u00e9cup\u00e9rer, tandis que l'After C r\u00e9tablit l'\u00e9quilibre. Le guarana fournit un l\u00e9ger regain d'\u00e9nergie pour lutter contre la fatigue, tandis que le 5-HTP aide \u00e0 r\u00e9guler l'humeur, favorisant ainsi le bien-\u00eatre g\u00e9n\u00e9ral.<\/p>\n<p data-start=\"2429\" data-end=\"2532\">Incorporez After C \u00e0 votre routine de r\u00e9cup\u00e9ration pour un rebond plus rapide et plus doux apr\u00e8s une longue nuit.<\/p>\n<h2 data-start=\"2534\" data-end=\"2561\">Ingr\u00e9dients de After-C<\/h2>\n<p data-start=\"2562\" data-end=\"2642\">After C contient trois ingr\u00e9dients cl\u00e9s qui agissent ensemble pour favoriser la r\u00e9cup\u00e9ration :<\/p>\n<ul data-start=\"2644\" data-end=\"3122\">\n<li data-start=\"2644\" data-end=\"2787\"><strong data-start=\"2646\" data-end=\"2658\">Vitamins<\/strong> - Essentiel pour le soutien immunitaire, la production d'\u00e9nergie et la fonction m\u00e9tabolique. Ces nutriments aident l'organisme \u00e0 r\u00e9cup\u00e9rer efficacement.<\/li>\n<li data-start=\"2788\" data-end=\"2961\"><strong data-start=\"2790\" data-end=\"2799\">5-HTP<\/strong> - Compos\u00e9 naturel d\u00e9riv\u00e9 des graines de Griffonia simplicifolia. Il stimule les niveaux de s\u00e9rotonine, am\u00e9liorant l'humeur et combattant la fatigue, l'irritabilit\u00e9 ou le manque d'\u00e9nergie.<\/li>\n<li data-start=\"2962\" data-end=\"3122\"><strong data-start=\"2964\" data-end=\"2975\">Guarana<\/strong> - Un stimulant naturel riche en caf\u00e9ine, qui am\u00e9liore la vigilance et donne un regain d'\u00e9nergie pour lutter contre la fatigue et le brouillard c\u00e9r\u00e9bral dus \u00e0 la gueule de bois.<\/li>\n<\/ul>\n<p data-start=\"3124\" data-end=\"3259\">Ensemble, ces ingr\u00e9dients cr\u00e9ent un <strong data-start=\"3161\" data-end=\"3190\">formule de r\u00e9cup\u00e9ration puissante<\/strong>Le lait de ch\u00e8vre et le lait de canne \u00e0 sucre aident le corps \u00e0 se d\u00e9sintoxiquer, \u00e0 se r\u00e9hydrater et \u00e0 retrouver rapidement de l'\u00e9nergie.<\/p>\n<p data-start=\"3261\" data-end=\"3273\"><strong>Avertissement<\/strong><\/p>\n<p data-start=\"3274\" data-end=\"3463\" data-is-last-node=\"\">Ce produit est un compl\u00e9ment alimentaire et doit \u00eatre utilis\u00e9 comme tel. Il ne doit pas se substituer \u00e0 un r\u00e9gime alimentaire vari\u00e9. Respecter les doses recommand\u00e9es et ne pas d\u00e9passer la limite journali\u00e8re.<\/p>","protected":false},"excerpt":{"rendered":"<p><span style=\"font-size: 100%; color: #000000;\">Vous avez fait la f\u00eate toute la nuit avec du speed ou de la coca\u00efne ? Vous vous sentez \u00e9puis\u00e9 et d\u00e9prim\u00e9 ? After-C contient toutes les vitamines et les acides amin\u00e9s dont vous avez besoin pour retrouver votre corps et votre humeur. <\/span><span style=\"font-size: 100%; color: #000000;\">D\u00e9chargez la substance toxique, Stabilisez votre humeur !<br \/>\n<\/span><\/p>","protected":false},"featured_media":14683,"template":"","meta":[],"product_brand":[],"product_cat":[475,297,522,481,533],"product_tag":[],"class_list":{"0":"post-2278","1":"product","2":"type-product","3":"status-publish","4":"has-post-thumbnail","6":"product_cat-healthshop","7":"product_cat-all-products","8":"product_cat-detox","9":"product_cat-healthshop-top-10","10":"product_cat-recovery","12":"first","13":"instock","14":"taxable","15":"shipping-taxable","16":"purchasable","17":"product-type-variable"},"_links":{"self":[{"href":"https:\/\/www.tatanka.nl\/fr\/wp-json\/wp\/v2\/product\/2278","targetHints":{"allow":["GET"]}}],"collection":[{"href":"https:\/\/www.tatanka.nl\/fr\/wp-json\/wp\/v2\/product"}],"about":[{"href":"https:\/\/www.tatanka.nl\/fr\/wp-json\/wp\/v2\/types\/product"}],"wp:featuredmedia":[{"embeddable":true,"href":"https:\/\/www.tatanka.nl\/fr\/wp-json\/wp\/v2\/media\/14683"}],"wp:attachment":[{"href":"https:\/\/www.tatanka.nl\/fr\/wp-json\/wp\/v2\/media?parent=2278"}],"wp:term":[{"taxonomy":"product_brand","embeddable":true,"href":"https:\/\/www.tatanka.nl\/fr\/wp-json\/wp\/v2\/product_brand?post=2278"},{"taxonomy":"product_cat","embeddable":true,"href":"https:\/\/www.tatanka.nl\/fr\/wp-json\/wp\/v2\/product_cat?post=2278"},{"taxonomy":"product_tag","embeddable":true,"href":"https:\/\/www.tatanka.nl\/fr\/wp-json\/wp\/v2\/product_tag?post=2278"}],"curies":[{"name":"wp","href":"https:\/\/api.w.org\/{rel}","templated":true}]}}