{"id":2368,"date":"2017-10-07T13:40:38","date_gmt":"2017-10-07T11:40:38","guid":{"rendered":"http:\/\/www.tatanka.nl\/?post_type=product&#038;p=2368"},"modified":"2026-02-23T00:48:28","modified_gmt":"2026-02-22T23:48:28","slug":"maeng-da-pills-capsules-mitragyna-speciosa-kratom","status":"publish","type":"product","link":"https:\/\/www.tatanka.nl\/fr\/maeng-da-pills-capsules-mitragyna-speciosa-kratom\/","title":{"rendered":"Maeng Da Kratom Caps"},"content":{"rendered":"<h2 data-start=\"347\" data-end=\"375\">Qu'est-ce que Kratom Capsules ?<\/h2>\n<p data-start=\"377\" data-end=\"766\">Kratom Capsules sont un moyen facile et pratique de profiter des bienfaits de Kratom, une plante tropicale originaire d'Asie du Sud-Est. Les capsules contiennent une puissante combinaison d'extrait de Mitragyna speciosa 15x et de poudre de Maeng Da Red Kratom, tous deux connus pour leurs propri\u00e9t\u00e9s \u00e9nergisantes et calmantes. Une petite dose de caf\u00e9ine renforce les effets globaux, offrant une exp\u00e9rience stimulante et concentr\u00e9e.<\/p>\n<p data-start=\"768\" data-end=\"1267\">Ces g\u00e9lules fournissent une dose pr\u00e9cise de 500 mg par g\u00e9lule, ce qui \u00e9limine le besoin de mesurer ou de m\u00e9langer les poudres. Cela fait de Kratom Capsules une excellente option pour tous ceux qui recherchent une exp\u00e9rience Kratom contr\u00f4l\u00e9e et coh\u00e9rente. Que vous recherchiez une relaxation l\u00e9g\u00e8re ou une stimulation plus forte, Kratom Capsules peut \u00eatre ajust\u00e9 en fonction de l'effet d\u00e9sir\u00e9. Elles sont parfaites pour ceux qui pr\u00e9f\u00e8rent la simplicit\u00e9 et la facilit\u00e9 des capsules pr\u00e9mesur\u00e9es tout en b\u00e9n\u00e9ficiant des effets complets de Kratom.<\/p>\n<h2 data-start=\"1274\" data-end=\"1303\">Historique de Kratom Capsules<\/h2>\n<p data-start=\"1305\" data-end=\"1741\">Le Kratom a une longue histoire en Asie du Sud-Est, o\u00f9 il est utilis\u00e9 depuis des si\u00e8cles. Traditionnellement, les habitants m\u00e2chaient les feuilles de Kratom pour augmenter l'\u00e9nergie et la concentration, ou pour soulager la douleur. L'utilisation du Kratom a \u00e9volu\u00e9 au fil du temps et il est aujourd'hui largement consomm\u00e9 sous diverses formes, notamment sous forme de poudres, de th\u00e9s et d'extraits. Les Capsules sont une solution plus moderne, d\u00e9velopp\u00e9e pour rendre les Kratom plus faciles \u00e0 utiliser et plus accessibles aux utilisateurs du monde entier.<\/p>\n<p data-start=\"1743\" data-end=\"2254\">Les g\u00e9lules de Kratom offrent une alternative aux m\u00e9thodes de consommation traditionnelles en fournissant un dosage contr\u00f4l\u00e9 sous une forme pratique. Avec l'introduction d'extraits tels que la version 15x utilis\u00e9e dans ces g\u00e9lules, le Kratom est devenu beaucoup plus puissant, n\u00e9cessitant de plus petites doses pour des effets plus importants. Cette innovation dans les produits \u00e0 base de Kratom a suscit\u00e9 un int\u00e9r\u00eat mondial accru pour les g\u00e9lules de Kratom, car elles sont faciles \u00e0 utiliser et offrent les m\u00eames avantages que les autres formes de Kratom, avec l'avantage suppl\u00e9mentaire de la commodit\u00e9.<\/p>\n<h2 data-start=\"2261\" data-end=\"2290\">Comment utiliser Kratom Capsules<\/h2>\n<p data-start=\"2292\" data-end=\"2666\">L'utilisation de Kratom Capsules est facile et pratique. Le dosage recommand\u00e9 d\u00e9pend de votre poids, de votre sensibilit\u00e9 et de l'effet d\u00e9sir\u00e9. Les d\u00e9butants devraient commencer par prendre une g\u00e9lule, car l'effet est l\u00e9ger. Pour un effet mod\u00e9r\u00e9, vous pouvez prendre 2 \u00e0 3 g\u00e9lules, et pour un effet plus fort, 3 \u00e0 5 g\u00e9lules peuvent \u00eatre n\u00e9cessaires. Les g\u00e9lules sont pr\u00e9mesur\u00e9es, ce qui garantit la pr\u00e9cision de chaque dose.<\/p>\n<p data-start=\"2668\" data-end=\"3112\">Il suffit d'avaler les g\u00e9lules avec de l'eau, soit \u00e0 jeun pour des effets plus rapides, soit avec de la nourriture si l'on pr\u00e9f\u00e8re. Les g\u00e9lules Kratom sont con\u00e7ues pour \u00eatre faciles \u00e0 consommer, ce qui les rend id\u00e9ales pour les personnes qui pr\u00e9f\u00e8rent ne pas avoir \u00e0 manipuler de poudres ou de liquides. Pour obtenir des r\u00e9sultats constants, il est important de respecter le dosage recommand\u00e9 et d'\u00e9viter de d\u00e9passer la dose maximale sugg\u00e9r\u00e9e. Soyez attentif \u00e0 la fa\u00e7on dont votre corps r\u00e9agit \u00e0 Kratom et ajustez votre dosage en cons\u00e9quence.<\/p>\n<h2 data-start=\"3119\" data-end=\"3152\">Ingr\u00e9dients de Maeng Da Kratom Capsules<\/h2>\n<p data-start=\"3154\" data-end=\"3598\">Chaque g\u00e9lule de Kratom contient un m\u00e9lange puissant d'ingr\u00e9dients con\u00e7us pour offrir des effets \u00e9quilibr\u00e9s et efficaces. L'ingr\u00e9dient principal est l'extrait 15x de Mitragyna speciosa, une forme concentr\u00e9e de Kratom qui fournit les alcalo\u00efdes cl\u00e9s d'une mani\u00e8re plus puissante et plus rapide. L'extrait 15x garantit que les utilisateurs ressentent des effets plus forts \u00e0 partir de doses plus faibles, ce qui rend ces g\u00e9lules plus efficaces par rapport \u00e0 la poudre normale de Kratom ou aux feuilles s\u00e9ch\u00e9es.<\/p>\n<p data-start=\"3600\" data-end=\"4096\">En plus de l'extrait, les g\u00e9lules contiennent \u00e9galement de la poudre de Maeng Da Red Kratom, connue pour sa capacit\u00e9 \u00e0 am\u00e9liorer \u00e0 la fois la relaxation et l'\u00e9nergie. Cette combinaison d'ingr\u00e9dients contribue \u00e0 une exp\u00e9rience \u00e9quilibr\u00e9e, que vous cherchiez \u00e0 vous d\u00e9tendre ou \u00e0 rester alerte. Une petite dose de caf\u00e9ine (5 mg) est incluse pour ajouter un l\u00e9ger effet stimulant, am\u00e9liorant la concentration et stimulant l'\u00e9nergie sans causer de nervosit\u00e9. Ces ingr\u00e9dients travaillent ensemble pour cr\u00e9er une exp\u00e9rience unique Kratom dans chaque capsule.<\/p>\n<p data-start=\"4103\" data-end=\"4506\" data-is-last-node=\"\"><strong data-start=\"4103\" data-end=\"4114\">Avertissement<\/strong><br data-start=\"4114\" data-end=\"4117\" \/>A utiliser avec pr\u00e9caution. La vente et l'utilisation de Kratom Capsules sont interdites aux personnes de moins de 18 ans. Ne pas utiliser en conduisant un v\u00e9hicule \u00e0 moteur ou une machine, si vous \u00eates enceinte ou si vous allaitez, ou si vous prenez des m\u00e9dicaments ou des drogues sur ordonnance ou en vente libre. Tenir hors de port\u00e9e des enfants. Ce produit n'a pas \u00e9t\u00e9 \u00e9valu\u00e9 par la FDA et n'est pas destin\u00e9 \u00e0 \u00eatre utilis\u00e9 comme m\u00e9dicament.<\/p>","protected":false},"excerpt":{"rendered":"<p>Kratom Capsules combine la puissance de l'extrait de Mitragyna speciosa 15x, de la poudre de Maeng Da Red Kratom et de la caf\u00e9ine pour cr\u00e9er un m\u00e9lange \u00e9quilibr\u00e9 d'\u00e9nergie et de relaxation. Avec 20 capsules par bouteille, chacune contenant une formule puissante de 500mg, ces capsules offrent un dosage pr\u00e9cis pour les d\u00e9butants et les utilisateurs exp\u00e9riment\u00e9s de Kratom.<\/p>","protected":false},"featured_media":126076,"template":"","meta":[],"product_brand":[],"product_cat":[599,297,477,509,525,510,511,530,476],"product_tag":[],"class_list":{"0":"post-2368","1":"product","2":"type-product","3":"status-publish","4":"has-post-thumbnail","6":"product_cat-kratopia","7":"product_cat-all-products","8":"product_cat-herbs","9":"product_cat-kratom","10":"product_cat-party-pills","11":"product_cat-relax","12":"product_cat-relax-herbs","13":"product_cat-relax-pills","14":"product_cat-smartshop","15":"product_shipping_class-creditcard-off","17":"first","18":"instock","19":"taxable","20":"shipping-taxable","21":"purchasable","22":"product-type-variable"},"_links":{"self":[{"href":"https:\/\/www.tatanka.nl\/fr\/wp-json\/wp\/v2\/product\/2368","targetHints":{"allow":["GET"]}}],"collection":[{"href":"https:\/\/www.tatanka.nl\/fr\/wp-json\/wp\/v2\/product"}],"about":[{"href":"https:\/\/www.tatanka.nl\/fr\/wp-json\/wp\/v2\/types\/product"}],"wp:featuredmedia":[{"embeddable":true,"href":"https:\/\/www.tatanka.nl\/fr\/wp-json\/wp\/v2\/media\/126076"}],"wp:attachment":[{"href":"https:\/\/www.tatanka.nl\/fr\/wp-json\/wp\/v2\/media?parent=2368"}],"wp:term":[{"taxonomy":"product_brand","embeddable":true,"href":"https:\/\/www.tatanka.nl\/fr\/wp-json\/wp\/v2\/product_brand?post=2368"},{"taxonomy":"product_cat","embeddable":true,"href":"https:\/\/www.tatanka.nl\/fr\/wp-json\/wp\/v2\/product_cat?post=2368"},{"taxonomy":"product_tag","embeddable":true,"href":"https:\/\/www.tatanka.nl\/fr\/wp-json\/wp\/v2\/product_tag?post=2368"}],"curies":[{"name":"wp","href":"https:\/\/api.w.org\/{rel}","templated":true}]}}