{"id":2370,"date":"2017-10-07T13:51:08","date_gmt":"2017-10-07T13:51:08","guid":{"rendered":"http:\/\/www.tatanka.nl\/?post_type=product&#038;p=2370"},"modified":"2025-11-18T15:37:59","modified_gmt":"2025-11-18T14:37:59","slug":"kratom-bali-capsules-pills-caps-mitragyna-speciosa","status":"publish","type":"product","link":"https:\/\/www.tatanka.nl\/fr\/kratom-bali-capsules-pills-caps-mitragyna-speciosa\/","title":{"rendered":"Bali Kratom Caps"},"content":{"rendered":"<h2 data-start=\"391\" data-end=\"419\">Qu'est-ce que Kratom Capsules ?<\/h2>\n<p data-start=\"421\" data-end=\"932\">Kratom Capsules est un moyen pratique et efficace de consommer du Kratom, une plante originaire d'Asie du Sud-Est. Ces g\u00e9lules contiennent un puissant m\u00e9lange d'extrait de Mitragyna speciosa 15x, de poudre de Bali blanc et d'une petite dose de caf\u00e9ine. L'extrait fournit les principaux compos\u00e9s actifs du Kratom sous une forme concentr\u00e9e, ce qui permet d'obtenir un effet plus puissant et plus rapide. L'ajout de la poudre de White Bali Kratom renforce les effets calmants, tandis que la caf\u00e9ine apporte une l\u00e9g\u00e8re stimulation, cr\u00e9ant ainsi une exp\u00e9rience \u00e9quilibr\u00e9e.<\/p>\n<p data-start=\"934\" data-end=\"1394\">Ces capsules sont con\u00e7ues pour \u00eatre faciles \u00e0 utiliser, ce qui en fait une option id\u00e9ale pour les utilisateurs de Kratom, qu'ils soient nouveaux ou exp\u00e9riment\u00e9s. Chaque g\u00e9lule contenant une dose pr\u00e9mesur\u00e9e de 505 mg, elles permettent d'obtenir des r\u00e9sultats constants et \u00e9liminent le besoin de deviner ou de mesurer les poudres. Que vous recherchiez une relaxation l\u00e9g\u00e8re ou un effet plus fort, les Kratom Capsules offrent un moyen accessible d'exp\u00e9rimenter les bienfaits du Kratom sans avoir \u00e0 le pr\u00e9parer sous d'autres formes.<\/p>\n<h2 data-start=\"1401\" data-end=\"1430\">Historique de Kratom Capsules<\/h2>\n<p data-start=\"1432\" data-end=\"1803\">Le Kratom, scientifiquement connu sous le nom de Mitragyna speciosa, est utilis\u00e9 depuis des si\u00e8cles en Asie du Sud-Est, o\u00f9 il \u00e9tait traditionnellement consomm\u00e9 sous forme de feuilles crues. Les travailleurs locaux m\u00e2chaient les feuilles pour leurs propri\u00e9t\u00e9s \u00e9nergisantes et leurs effets antidouleur. Au fil du temps, le Kratom a gagn\u00e9 en popularit\u00e9 en Occident pour ses propri\u00e9t\u00e9s naturelles et est devenu un \u00e9l\u00e9ment essentiel des compl\u00e9ments alimentaires \u00e0 base de plantes.<\/p>\n<p data-start=\"1805\" data-end=\"2365\">L'innovation de Kratom Capsules est une solution moderne pour rendre Kratom plus facile \u00e0 consommer et plus accessible aux personnes du monde entier. Capsules est un moyen pratique de ressentir les effets de Kratom sans avoir \u00e0 mesurer ou \u00e0 m\u00e9langer des poudres. L'introduction d'extraits comme la version 15x utilis\u00e9e dans ces g\u00e9lules a am\u00e9lior\u00e9 la puissance de Kratom, la rendant plus efficace pour les utilisateurs recherchant des effets plus puissants. Aujourd'hui, les Kratom Capsules sont parmi les produits Kratom les plus populaires, fournissant des r\u00e9sultats constants et offrant un dosage contr\u00f4l\u00e9 sous une forme portable.<\/p>\n<h2 data-start=\"2372\" data-end=\"2401\">Comment utiliser Kratom Capsules<\/h2>\n<p data-start=\"2403\" data-end=\"2898\">L'utilisation de Kratom Capsules est simple et directe. Le dosage recommand\u00e9 pour la plupart des utilisateurs se situe entre 1 et 5 g\u00e9lules, en fonction de l'effet d\u00e9sir\u00e9 et de la sensibilit\u00e9 individuelle. Pour les nouveaux utilisateurs de Kratom, il est conseill\u00e9 de commencer par une seule g\u00e9lule afin de ressentir un l\u00e9ger effet. Au fur et \u00e0 mesure que votre corps s'habitue au Kratom, vous pouvez augmenter la dose pour obtenir des effets plus puissants. En g\u00e9n\u00e9ral, 2 \u00e0 3 g\u00e9lules produisent un effet mod\u00e9r\u00e9 \u00e0 bon, tandis que 3 \u00e0 5 g\u00e9lules produisent un effet fort.<\/p>\n<p data-start=\"2900\" data-end=\"3343\">Pour utiliser les g\u00e9lules, il suffit de les avaler avec un verre d'eau. Les g\u00e9lules peuvent \u00eatre prises avec ou sans nourriture, bien que la prise \u00e0 jeun puisse entra\u00eener des effets plus rapides. Il est important de ne pas d\u00e9passer la dose recommand\u00e9e afin d'\u00e9viter tout effet ind\u00e9sirable. Comme ces g\u00e9lules contiennent un extrait puissant de Mitragyna speciosa, il est essentiel de commencer par un dosage plus faible, surtout si vous d\u00e9butez avec le Kratom ou si vous avez une faible tol\u00e9rance.<\/p>\n<h2 data-start=\"3350\" data-end=\"3383\">Ingr\u00e9dients de Kratom Capsules<\/h2>\n<p data-start=\"3385\" data-end=\"3845\">Chaque g\u00e9lule de Kratom contient un m\u00e9lange puissant d'ingr\u00e9dients con\u00e7us pour fournir une exp\u00e9rience \u00e9quilibr\u00e9e et efficace. L'ingr\u00e9dient principal est l'extrait de Mitragyna speciosa 15x, qui est une forme hautement concentr\u00e9e de Kratom. Cet extrait contient les principaux alcalo\u00efdes responsables des effets stimulants et calmants du Kratom. L'extrait 15x rend les g\u00e9lules beaucoup plus puissantes que la poudre ordinaire de Kratom ou les feuilles s\u00e9ch\u00e9es, ce qui permet d'obtenir un effet plus puissant et plus imm\u00e9diat.<\/p>\n<p data-start=\"3847\" data-end=\"4329\">En plus de l'extrait de Mitragyna speciosa, les g\u00e9lules contiennent de la poudre de White Bali Kratom. Le White Bali est connu pour ses propri\u00e9t\u00e9s \u00e9nergisantes et stimulantes, ce qui en fait un excellent compl\u00e9ment \u00e0 l'extrait de Mitragyna speciosa. Une petite quantit\u00e9 de caf\u00e9ine (5 mg) est \u00e9galement incluse, apportant un l\u00e9ger stimulant pour renforcer les effets globaux des g\u00e9lules. Ensemble, ces ingr\u00e9dients travaillent en harmonie pour offrir une exp\u00e9rience \u00e9quilibr\u00e9e de relaxation, d'\u00e9nergie et de clart\u00e9 mentale.<\/p>\n<p data-start=\"4336\" data-end=\"4739\" data-is-last-node=\"\"><strong data-start=\"4336\" data-end=\"4347\">Avertissement<\/strong><br data-start=\"4347\" data-end=\"4350\" \/>A utiliser avec pr\u00e9caution. La vente et l'utilisation de Kratom Capsules sont interdites aux personnes de moins de 18 ans. Ne pas utiliser en conduisant un v\u00e9hicule \u00e0 moteur ou une machine, si vous \u00eates enceinte ou si vous allaitez, ou si vous prenez des m\u00e9dicaments ou des drogues sur ordonnance ou en vente libre. Tenir hors de port\u00e9e des enfants. Ce produit n'a pas \u00e9t\u00e9 \u00e9valu\u00e9 par la FDA et n'est pas destin\u00e9 \u00e0 \u00eatre utilis\u00e9 comme m\u00e9dicament.<\/p>","protected":false},"excerpt":{"rendered":"<p>Nos Kratom Capsules m\u00e9langent l'extrait de Mitragyna speciosa 15x, la poudre de Bali blanc et un soup\u00e7on de caf\u00e9ine pour offrir une exp\u00e9rience \u00e9quilibr\u00e9e d'\u00e9nergie et de relaxation. Avec une dose puissante de 505 mg par g\u00e9lule, ils constituent une alternative pr\u00e9cise et facile \u00e0 consommer aux formes traditionnelles de Kratom. Id\u00e9ales pour ceux qui recherchent un effet l\u00e9ger \u00e0 fort, ces g\u00e9lules sont vendues par paquet de 20.<\/p>","protected":false},"featured_media":126075,"template":"","meta":[],"product_brand":[],"product_cat":[599,297,477,509,510,511,530,476],"product_tag":[],"class_list":{"0":"post-2370","1":"product","2":"type-product","3":"status-publish","4":"has-post-thumbnail","6":"product_cat-kratopia","7":"product_cat-all-products","8":"product_cat-herbs","9":"product_cat-kratom","10":"product_cat-relax","11":"product_cat-relax-herbs","12":"product_cat-relax-pills","13":"product_cat-smartshop","14":"product_shipping_class-creditcard-off","16":"first","17":"instock","18":"taxable","19":"shipping-taxable","20":"purchasable","21":"product-type-variable"},"_links":{"self":[{"href":"https:\/\/www.tatanka.nl\/fr\/wp-json\/wp\/v2\/product\/2370","targetHints":{"allow":["GET"]}}],"collection":[{"href":"https:\/\/www.tatanka.nl\/fr\/wp-json\/wp\/v2\/product"}],"about":[{"href":"https:\/\/www.tatanka.nl\/fr\/wp-json\/wp\/v2\/types\/product"}],"wp:featuredmedia":[{"embeddable":true,"href":"https:\/\/www.tatanka.nl\/fr\/wp-json\/wp\/v2\/media\/126075"}],"wp:attachment":[{"href":"https:\/\/www.tatanka.nl\/fr\/wp-json\/wp\/v2\/media?parent=2370"}],"wp:term":[{"taxonomy":"product_brand","embeddable":true,"href":"https:\/\/www.tatanka.nl\/fr\/wp-json\/wp\/v2\/product_brand?post=2370"},{"taxonomy":"product_cat","embeddable":true,"href":"https:\/\/www.tatanka.nl\/fr\/wp-json\/wp\/v2\/product_cat?post=2370"},{"taxonomy":"product_tag","embeddable":true,"href":"https:\/\/www.tatanka.nl\/fr\/wp-json\/wp\/v2\/product_tag?post=2370"}],"curies":[{"name":"wp","href":"https:\/\/api.w.org\/{rel}","templated":true}]}}