{"id":2371,"date":"2017-10-07T14:04:47","date_gmt":"2017-10-07T14:04:47","guid":{"rendered":"http:\/\/www.tatanka.nl\/?post_type=product&#038;p=2371"},"modified":"2025-11-18T15:37:58","modified_gmt":"2025-11-18T14:37:58","slug":"thai-kratom-capsules-mitragyna-speciosa","status":"publish","type":"product","link":"https:\/\/www.tatanka.nl\/fr\/thai-kratom-capsules-mitragyna-speciosa\/","title":{"rendered":"Thai Kratom Caps"},"content":{"rendered":"<h2 data-start=\"408\" data-end=\"436\">Qu'est-ce que Kratom Capsules ?<\/h2>\n<p data-start=\"438\" data-end=\"1018\">Kratom Capsules est un moyen pratique et facile de ressentir les effets de Kratom, une plante naturelle originaire d'Asie du Sud-Est. L'ingr\u00e9dient principal de ces g\u00e9lules est l'extrait de Mitragyna speciosa 15x, qui est une forme concentr\u00e9e de Kratom. Cet extrait produit des effets puissants \u00e0 des doses plus faibles que la poudre ou les feuilles traditionnelles de Kratom. Outre l'extrait, les g\u00e9lules contiennent \u00e9galement de la poudre de Red Thai et une petite dose de caf\u00e9ine. Le Red Thai Kratom est connu pour ses effets calmants, tandis que la caf\u00e9ine ajoute un l\u00e9ger stimulant, cr\u00e9ant ainsi une exp\u00e9rience \u00e9quilibr\u00e9e pour l'utilisateur.<\/p>\n<p data-start=\"1020\" data-end=\"1420\">Ces g\u00e9lules sont con\u00e7ues pour \u00eatre un moyen facile et contr\u00f4l\u00e9 de consommer du Kratom. Comme elles sont fournies en doses pr\u00e9mesur\u00e9es, vous pouvez facilement contr\u00f4ler votre consommation. Les g\u00e9lules sont parfaites pour les personnes qui souhaitent b\u00e9n\u00e9ficier des avantages du Kratom mais qui pr\u00e9f\u00e8rent \u00e9viter le d\u00e9sordre des poudres. Les g\u00e9lules de Kratom sont id\u00e9ales pour ceux qui recherchent un moyen pratique, portable et efficace de profiter des bienfaits de cette plante unique.<\/p>\n<h2 data-start=\"1427\" data-end=\"1456\">Historique de Kratom Capsules<\/h2>\n<p data-start=\"1458\" data-end=\"1887\">L'histoire du Kratom remonte \u00e0 plusieurs si\u00e8cles, la plante Mitragyna speciosa \u00e9tant largement utilis\u00e9e en Asie du Sud-Est pour ses propri\u00e9t\u00e9s stimulantes et analg\u00e9siques. Traditionnellement, les feuilles de Kratom \u00e9taient m\u00e2ch\u00e9es ou infus\u00e9es sous forme de th\u00e9 par les travailleurs pour am\u00e9liorer leur \u00e9nergie et leur endurance. Au fil du temps, le Kratom a \u00e9galement \u00e9t\u00e9 reconnu pour ses effets calmants, ce qui en a fait un produit populaire dans diverses cultures, utilis\u00e9 \u00e0 la fois pour la relaxation et la clart\u00e9 mentale.<\/p>\n<p data-start=\"1889\" data-end=\"2558\">La cr\u00e9ation de g\u00e9lules de Kratom est une innovation plus moderne destin\u00e9e \u00e0 rendre le Kratom plus facile \u00e0 consommer, en particulier pour ceux qui n'appr\u00e9cient pas le go\u00fbt du Kratom sous forme de th\u00e9 ou de poudre. Le d\u00e9veloppement d'extraits de Kratom, tels que l'extrait 15x utilis\u00e9 dans ces g\u00e9lules, a marqu\u00e9 une \u00e9tape importante dans la puissance et la commodit\u00e9 des produits \u00e0 base de Kratom. \u00c0 mesure que la popularit\u00e9 du Kratom s'est r\u00e9pandue dans le monde, les g\u00e9lules sont devenues largement utilis\u00e9es en raison de la pr\u00e9cision de leur dosage et de leur facilit\u00e9 d'utilisation. Aujourd'hui, les g\u00e9lules de Kratom constituent l'un des moyens les plus pratiques de profiter des bienfaits du Kratom, et elles sont disponibles en diff\u00e9rentes concentrations et combinaisons pour r\u00e9pondre aux pr\u00e9f\u00e9rences et aux besoins de chacun.<\/p>\n<h2 data-start=\"2565\" data-end=\"2594\">Comment utiliser Kratom Capsules<\/h2>\n<p data-start=\"2596\" data-end=\"3096\">L'utilisation de Kratom Capsules est simple et pratique. Le dosage recommand\u00e9 varie en fonction de la sensibilit\u00e9 de votre corps et de l'effet d\u00e9sir\u00e9. Pour les d\u00e9butants, il est pr\u00e9f\u00e9rable de commencer par une seule g\u00e9lule, qui aura un effet l\u00e9ger. Si vous recherchez un effet plus fort, vous pouvez prendre jusqu'\u00e0 3 g\u00e9lules, tandis que les utilisateurs exp\u00e9riment\u00e9s trouveront que 4 ou 5 g\u00e9lules sont id\u00e9ales pour obtenir les r\u00e9sultats souhait\u00e9s. Il est important de noter que le dosage doit \u00eatre ajust\u00e9 en fonction de votre tol\u00e9rance personnelle et de votre poids.<\/p>\n<p data-start=\"3098\" data-end=\"3646\">Pour utiliser les g\u00e9lules, il suffit de les avaler avec de l'eau. Vous pouvez les prendre \u00e0 jeun pour un effet plus rapide, mais vous pouvez aussi les prendre avec de la nourriture si vous pr\u00e9f\u00e9rez. Comme les g\u00e9lules sont pr\u00e9-dos\u00e9es, il n'est pas n\u00e9cessaire de deviner ou de mesurer la poudre. Cela en fait une option parfaite pour les personnes qui d\u00e9couvrent le Kratom ou pour celles qui recherchent une exp\u00e9rience plus contr\u00f4l\u00e9e. Comme pour tout suppl\u00e9ment, il est essentiel de ne pas d\u00e9passer la dose recommand\u00e9e afin d'\u00e9viter tout effet secondaire ind\u00e9sirable. Soyez toujours \u00e0 l'\u00e9coute de votre corps et ajustez le dosage si n\u00e9cessaire.<\/p>\n<h2 data-start=\"3653\" data-end=\"3686\">Ingr\u00e9dients de Kratom Capsules<\/h2>\n<p data-start=\"3688\" data-end=\"4186\">Les ingr\u00e9dients cl\u00e9s de ces Kratom Capsules sont l'extrait 15x de Mitragyna speciosa, la poudre Red Thai et la caf\u00e9ine. L'extrait 15x de Mitragyna speciosa, \u00e9galement connu sous le nom de Kratom, est l'ingr\u00e9dient principal. Cet extrait est une forme concentr\u00e9e de la plante Kratom, qui produit un effet plus puissant que la poudre de Kratom ou les feuilles s\u00e9ch\u00e9es. L'extrait 15x permet une diffusion plus forte et plus efficace des alcalo\u00efdes actifs pr\u00e9sents dans le Kratom, ce qui le rend id\u00e9al pour les utilisateurs qui souhaitent un effet plus imm\u00e9diat.<\/p>\n<p data-start=\"4188\" data-end=\"4687\">La poudre de Thai rouge est un autre ingr\u00e9dient important de ces g\u00e9lules. Elle est connue pour ses propri\u00e9t\u00e9s calmantes et analg\u00e9siques, ce qui en fait un compl\u00e9ment parfait aux effets stimulants de l'extrait de Kratom. La petite quantit\u00e9 de caf\u00e9ine contenue dans les g\u00e9lules ajoute un \u00e9l\u00e9ment \u00e9nergisant \u00e0 la formule, aidant \u00e0 \u00e9quilibrer les effets stimulants et relaxants de la combinaison Kratom et Red Thai. Chaque g\u00e9lule contient 505 mg de ces ingr\u00e9dients, ce qui garantit une exp\u00e9rience puissante et \u00e9quilibr\u00e9e \u00e0 chaque dose.<\/p>\n<p data-start=\"4694\" data-end=\"5097\" data-is-last-node=\"\"><strong data-start=\"4694\" data-end=\"4705\">Avertissement<\/strong><br data-start=\"4705\" data-end=\"4708\" \/>A utiliser avec pr\u00e9caution. La vente et l'utilisation de Kratom Capsules sont interdites aux personnes de moins de 18 ans. Ne pas utiliser en conduisant un v\u00e9hicule \u00e0 moteur ou une machine, si vous \u00eates enceinte ou si vous allaitez, ou si vous prenez des m\u00e9dicaments ou des drogues sur ordonnance ou en vente libre. Tenir hors de port\u00e9e des enfants. Ce produit n'a pas \u00e9t\u00e9 \u00e9valu\u00e9 par la FDA et n'est pas destin\u00e9 \u00e0 \u00eatre utilis\u00e9 comme m\u00e9dicament.<\/p>","protected":false},"excerpt":{"rendered":"<p>D\u00e9couvrez le puissant m\u00e9lange d'extrait de Mitragyna speciosa 15x, de poudre Red Thai et de caf\u00e9ine avec notre Kratom Capsules. Chaque g\u00e9lule contient une puissante combinaison d'ingr\u00e9dients con\u00e7us pour fournir des effets stimulants et calmants. Avec 20 g\u00e9lules par bouteille, vous pouvez facilement ajuster le dosage pour obtenir l'effet d\u00e9sir\u00e9. Convient aussi bien aux nouveaux utilisateurs qu'aux utilisateurs exp\u00e9riment\u00e9s de Kratom.<\/p>","protected":false},"featured_media":126074,"template":"","meta":[],"product_brand":[],"product_cat":[599,297,477,509,510,511,530,476],"product_tag":[],"class_list":{"0":"post-2371","1":"product","2":"type-product","3":"status-publish","4":"has-post-thumbnail","6":"product_cat-kratopia","7":"product_cat-all-products","8":"product_cat-herbs","9":"product_cat-kratom","10":"product_cat-relax","11":"product_cat-relax-herbs","12":"product_cat-relax-pills","13":"product_cat-smartshop","14":"product_shipping_class-creditcard-off","16":"first","17":"instock","18":"taxable","19":"shipping-taxable","20":"purchasable","21":"product-type-variable"},"_links":{"self":[{"href":"https:\/\/www.tatanka.nl\/fr\/wp-json\/wp\/v2\/product\/2371","targetHints":{"allow":["GET"]}}],"collection":[{"href":"https:\/\/www.tatanka.nl\/fr\/wp-json\/wp\/v2\/product"}],"about":[{"href":"https:\/\/www.tatanka.nl\/fr\/wp-json\/wp\/v2\/types\/product"}],"wp:featuredmedia":[{"embeddable":true,"href":"https:\/\/www.tatanka.nl\/fr\/wp-json\/wp\/v2\/media\/126074"}],"wp:attachment":[{"href":"https:\/\/www.tatanka.nl\/fr\/wp-json\/wp\/v2\/media?parent=2371"}],"wp:term":[{"taxonomy":"product_brand","embeddable":true,"href":"https:\/\/www.tatanka.nl\/fr\/wp-json\/wp\/v2\/product_brand?post=2371"},{"taxonomy":"product_cat","embeddable":true,"href":"https:\/\/www.tatanka.nl\/fr\/wp-json\/wp\/v2\/product_cat?post=2371"},{"taxonomy":"product_tag","embeddable":true,"href":"https:\/\/www.tatanka.nl\/fr\/wp-json\/wp\/v2\/product_tag?post=2371"}],"curies":[{"name":"wp","href":"https:\/\/api.w.org\/{rel}","templated":true}]}}