{"id":2373,"date":"2017-10-07T14:33:59","date_gmt":"2017-10-07T14:33:59","guid":{"rendered":"http:\/\/www.tatanka.nl\/?post_type=product&#038;p=2373"},"modified":"2025-05-20T11:12:21","modified_gmt":"2025-05-20T10:12:21","slug":"valerian-capsules-sleeping-pills-herbal-natural-sleep-insomnia","status":"publish","type":"product","link":"https:\/\/www.tatanka.nl\/fr\/valerian-capsules-sleeping-pills-herbal-natural-sleep-insomnia\/","title":{"rendered":"Val\u00e9riane Capsules"},"content":{"rendered":"<h2>Qu'est-ce que Valerian Capsules ?<\/h2>\n<p>Valerian Capsules est un compl\u00e9ment alimentaire naturel d\u00e9riv\u00e9 de la plante val\u00e9riane (Valeriana Officinalis), r\u00e9put\u00e9e pour ses propri\u00e9t\u00e9s calmantes. Les g\u00e9lules sont con\u00e7ues pour aider les individus \u00e0 g\u00e9rer naturellement le stress, l'anxi\u00e9t\u00e9 et les troubles du sommeil. La val\u00e9riane est utilis\u00e9e depuis des si\u00e8cles pour sa capacit\u00e9 \u00e0 favoriser la relaxation, \u00e0 apaiser les tensions et \u00e0 favoriser un sommeil r\u00e9parateur. Ces g\u00e9lules constituent un moyen pratique d'int\u00e9grer les bienfaits de la val\u00e9riane dans votre routine quotidienne, en particulier pour les personnes souffrant de stress, d'anxi\u00e9t\u00e9 ou d'insomnie. Elles peuvent \u00e9galement soulager les maux de t\u00eate, les douleurs musculaires et les crampes. Avec chaque flacon contenant 60 g\u00e9lules, Valerian Capsules est une option fiable pour ceux qui cherchent \u00e0 r\u00e9tablir l'\u00e9quilibre et la paix dans leur corps et leur esprit.<\/p>\n<h2>Histoire de la val\u00e9riane<\/h2>\n<p>La val\u00e9riane, scientifiquement connue sous le nom de Valeriana Officinalis, est utilis\u00e9e depuis longtemps en Europe et en Asie, depuis la Gr\u00e8ce et la Rome antiques. Elle \u00e9tait largement reconnue pour sa capacit\u00e9 \u00e0 traiter les troubles du sommeil, en particulier l'insomnie, et \u00e9tait utilis\u00e9e par les gu\u00e9risseurs et les m\u00e9decins comme rem\u00e8de naturel. Les propri\u00e9t\u00e9s calmantes de la plante \u00e9taient connues pour d\u00e9tendre \u00e0 la fois l'esprit et le corps, ce qui en faisait un choix populaire pour les personnes souffrant d'anxi\u00e9t\u00e9, de stress et d'agitation. Tout au long de l'histoire, la val\u00e9riane est rest\u00e9e une plante m\u00e9dicinale de confiance, et des \u00e9tudes scientifiques modernes confirment aujourd'hui ses bienfaits en mati\u00e8re de calme et d'am\u00e9lioration du sommeil. Indian Elements exploite la puissance de cette plante s\u00e9culaire dans son Val\u00e9riane Capsules, la rendant accessible sous forme de g\u00e9lules pratiques pour ceux qui recherchent des moyens naturels de lutter contre le stress et les probl\u00e8mes li\u00e9s au sommeil. L'utilisation de la val\u00e9riane reste tr\u00e8s r\u00e9pandue aujourd'hui, de nombreuses personnes recherchant ses effets apaisants pour la clart\u00e9 mentale et l'am\u00e9lioration de la qualit\u00e9 du sommeil.<\/p>\n<h2>Comment utiliser Valerian Capsules<\/h2>\n<p>Pour utiliser Val\u00e9riane Capsules, il suffit de prendre une g\u00e9lule \u00e0 la fois avec un verre d'eau. Il est recommand\u00e9 de suivre attentivement les instructions de dosage pour garantir une efficacit\u00e9 maximale. Comme la val\u00e9riane agit pour calmer et apaiser l'organisme, il est pr\u00e9f\u00e9rable de la prendre le soir ou avant de se coucher pour favoriser la relaxation et une bonne nuit de sommeil. Val\u00e9riane Capsules peut \u00e9galement \u00eatre utilis\u00e9 en cas de stress \u00e9lev\u00e9, d'anxi\u00e9t\u00e9 ou d'inconfort musculaire pour apporter un sentiment de calme et d'apaisement. N'oubliez pas que, comme pour tout suppl\u00e9ment, il est important de consulter un professionnel de la sant\u00e9 si vous avez des probl\u00e8mes de sant\u00e9 ou si vous prenez d'autres m\u00e9dicaments. Veillez toujours \u00e0 respecter la posologie recommand\u00e9e et \u00e0 ne pas d\u00e9passer l'apport sugg\u00e9r\u00e9.<\/p>\n<h2>Ingr\u00e9dients de Val\u00e9riane Capsules<\/h2>\n<p>L'ingr\u00e9dient principal de Valerian Capsules est Valeriana Officinalis, \u00e9galement connu sous le nom de racine de val\u00e9riane. Cette plante est connue pour ses propri\u00e9t\u00e9s tranquillisantes et relaxantes. La racine de val\u00e9riane contient plusieurs compos\u00e9s actifs, tels que l'acide val\u00e9r\u00e9nique, qui agissent en synergie pour r\u00e9duire le stress et favoriser la relaxation. Cet ingr\u00e9dient est particuli\u00e8rement connu pour sa capacit\u00e9 \u00e0 calmer le syst\u00e8me nerveux et \u00e0 soulager l'anxi\u00e9t\u00e9, ce qui en fait une alternative naturelle aux s\u00e9datifs pharmaceutiques. Il a \u00e9galement \u00e9t\u00e9 d\u00e9montr\u00e9 que la val\u00e9riane favorise le sommeil en r\u00e9duisant le temps d'endormissement et en am\u00e9liorant la qualit\u00e9 du sommeil. La val\u00e9riane utilis\u00e9e dans les g\u00e9lules Indian Elements' est de haute qualit\u00e9 et garantit que les bienfaits calmants sont pr\u00e9serv\u00e9s dans chaque g\u00e9lule. Le produit est 100% naturel et v\u00e9g\u00e9talien, ce qui le rend adapt\u00e9 \u00e0 un large \u00e9ventail de pr\u00e9f\u00e9rences alimentaires et de styles de vie.<\/p>\n<p><strong>Avertissement<\/strong><br \/>\nValerian Capsules sont destin\u00e9s aux adultes uniquement. Tenir hors de port\u00e9e des enfants. Ce produit ne doit pas \u00eatre utilis\u00e9 en combinaison avec des inhibiteurs de la MAO. Les personnes souffrant de probl\u00e8mes r\u00e9naux ou cardiaques, d'hypertension ou d'hypotension, de diab\u00e8te, de m\u00e9dicaments, de drogues ou d'alcool doivent \u00e9viter d'utiliser ce compl\u00e9ment. La val\u00e9riane n'est pas un m\u00e9dicament mais un compl\u00e9ment alimentaire et doit \u00eatre utilis\u00e9e comme tel. Ne pas acheter si le sceau est bris\u00e9.<\/p>","protected":false},"excerpt":{"rendered":"<p><span style=\"font-size: 100%; color: #333333;\">Val\u00e9riane Capsules de Indian Elements contient un extrait de la plante unique qu'est la val\u00e9riane, connue pour ses propri\u00e9t\u00e9s calmantes et apaisantes. Ce compl\u00e9ment naturel aide \u00e0 soulager le stress, l'anxi\u00e9t\u00e9 et les crampes musculaires, tout en favorisant un meilleur sommeil et la relaxation. Valerian Capsules est le choix id\u00e9al pour ceux qui recherchent un moyen naturel de se d\u00e9tendre.<\/span><\/p>","protected":false},"featured_media":125991,"template":"","meta":[],"product_brand":[],"product_cat":[597,297,477,479,510,511,476],"product_tag":[],"class_list":{"0":"post-2373","1":"product","2":"type-product","3":"status-publish","4":"has-post-thumbnail","6":"product_cat-indian-elements","7":"product_cat-all-products","8":"product_cat-herbs","9":"product_cat-medicinal-herbs","10":"product_cat-relax","11":"product_cat-relax-herbs","12":"product_cat-smartshop","14":"first","15":"instock","16":"taxable","17":"shipping-taxable","18":"purchasable","19":"product-type-variable"},"_links":{"self":[{"href":"https:\/\/www.tatanka.nl\/fr\/wp-json\/wp\/v2\/product\/2373","targetHints":{"allow":["GET"]}}],"collection":[{"href":"https:\/\/www.tatanka.nl\/fr\/wp-json\/wp\/v2\/product"}],"about":[{"href":"https:\/\/www.tatanka.nl\/fr\/wp-json\/wp\/v2\/types\/product"}],"wp:featuredmedia":[{"embeddable":true,"href":"https:\/\/www.tatanka.nl\/fr\/wp-json\/wp\/v2\/media\/125991"}],"wp:attachment":[{"href":"https:\/\/www.tatanka.nl\/fr\/wp-json\/wp\/v2\/media?parent=2373"}],"wp:term":[{"taxonomy":"product_brand","embeddable":true,"href":"https:\/\/www.tatanka.nl\/fr\/wp-json\/wp\/v2\/product_brand?post=2373"},{"taxonomy":"product_cat","embeddable":true,"href":"https:\/\/www.tatanka.nl\/fr\/wp-json\/wp\/v2\/product_cat?post=2373"},{"taxonomy":"product_tag","embeddable":true,"href":"https:\/\/www.tatanka.nl\/fr\/wp-json\/wp\/v2\/product_tag?post=2373"}],"curies":[{"name":"wp","href":"https:\/\/api.w.org\/{rel}","templated":true}]}}