{"id":2488,"date":"2017-10-09T12:24:35","date_gmt":"2017-10-09T12:24:35","guid":{"rendered":"http:\/\/www.tatanka.nl\/?post_type=product&#038;p=2488"},"modified":"2025-10-16T07:56:54","modified_gmt":"2025-10-16T06:56:54","slug":"mexican-magic-mushroom-paddo-grow-kit","status":"publish","type":"product","link":"https:\/\/www.tatanka.nl\/fr\/mexican-magic-mushroom-paddo-grow-kit\/","title":{"rendered":"Mexican Kit de culture Magic Mushroom Paddo"},"content":{"rendered":"<h2 dir=\"ltr\" data-pm-slice=\"1 1 []\">Qu'est-ce que Mexican Mushrooms ?<\/h2>\n<p dir=\"ltr\">Mexican Mushrooms sont un choix populaire pour ceux qui recherchent une exp\u00e9rience psych\u00e9d\u00e9lique vibrante et accessible aux d\u00e9butants. Connus pour leurs effets \u00e9nergisants, ces champignons magiques procurent un voyage visuellement captivant qui ressemble \u00e0 un voyage vers le c\u00f4t\u00e9 le plus lumineux de la vie. Le kit de culture tout-en-un simplifie le processus de culture. Il contient tout ce qui est n\u00e9cessaire pour cultiver votre propre Mexican Mushrooms, y compris un sac de culture avec des filtres \u00e0 air et des trombones. En suivant des instructions simples et en ajoutant de l'eau, vous pouvez produire jusqu'\u00e0 trois r\u00e9coltes, la premi\u00e8re produisant g\u00e9n\u00e9ralement environ 500 grammes \u00e0 partir d'un kit de 1200 cm3. Stock\u00e9 dans un environnement frais, le kit reste viable pendant environ six mois, bien que sa dur\u00e9e de conservation soit limit\u00e9e en dehors de la r\u00e9frig\u00e9ration. Ce produit permet aux utilisateurs de s'engager dans le monde fascinant de la mycologie, offrant un moyen pratique d'explorer les propri\u00e9t\u00e9s uniques du Mexican Mushrooms tout en garantissant une qualit\u00e9 constante. Que vous soyez novice en mati\u00e8re de psych\u00e9d\u00e9liques ou enthousiaste, ce kit constitue un moyen accessible et gratifiant d'exp\u00e9rimenter la magie de ces champignons \u00e0 la maison.<\/p>\n<h2 dir=\"ltr\">Historique de Mexican Mushrooms<\/h2>\n<p dir=\"ltr\">Mexican Mushrooms ont un riche h\u00e9ritage culturel, profond\u00e9ment enracin\u00e9 dans les traditions des communaut\u00e9s indig\u00e8nes du Mexique. Pendant des si\u00e8cles, ces champignons, souvent appel\u00e9s \"teonan\u00e1catl\" ou \"chair des dieux\", ont \u00e9t\u00e9 utilis\u00e9s lors de c\u00e9r\u00e9monies spirituelles et curatives par des groupes tels que les Mazat\u00e8ques. Leurs propri\u00e9t\u00e9s psychoactives, dues \u00e0 la psilocybine, \u00e9taient v\u00e9n\u00e9r\u00e9es car elles facilitaient les liens profonds avec la nature et le divin. Au milieu du XXe si\u00e8cle, l'int\u00e9r\u00eat de l'Occident s'est accru apr\u00e8s que des ethnobotanistes comme R. Gordon Wasson ont document\u00e9 leur utilisation, attirant ainsi l'attention du monde entier sur les Mexican Mushrooms. Cela a suscit\u00e9 la curiosit\u00e9 scientifique et jet\u00e9 les bases de la recherche moderne sur les psych\u00e9d\u00e9liques. Aujourd'hui, le kit de culture \"tout-en-un\" permet aux particuliers de cultiver ces champignons historiques chez eux, en pr\u00e9servant leur h\u00e9ritage tout en s'adaptant aux int\u00e9r\u00eats contemporains. La conception du kit refl\u00e8te les progr\u00e8s de la mycologie et permet aux utilisateurs de reproduire facilement la qualit\u00e9 des Mexican Mushrooms traditionnels. Ce m\u00e9lange de sagesse ancienne et d'innovation moderne fait de la culture de ces champignons un moyen unique de se rapprocher d'une pratique qui captive les hommes depuis des g\u00e9n\u00e9rations, offrant \u00e0 la fois un voyage historique et une exploration personnelle.<\/p>\n<h2 dir=\"ltr\">Comment utiliser Mexican Mushrooms<\/h2>\n<p dir=\"ltr\">L'utilisation du kit de culture tout-en-un pour cultiver Mexican Mushrooms est simple, ce qui le rend id\u00e9al pour les d\u00e9butants. Commencez par nettoyer vos mains et l'ext\u00e9rieur du kit, puis remplissez-le d'eau ti\u00e8de (20\u00b0C) et laissez-le tremper pendant cinq minutes (ne d\u00e9passez jamais une heure). Egouttez l'eau, placez le kit dans le sac de culture fourni et ajoutez 200-250 ml d'eau ti\u00e8de. Fermez le sac avec des trombones et conservez-le dans une pi\u00e8ce \u00e0 20-25\u00b0C, \u00e0 l'abri de la lumi\u00e8re directe du soleil ou des sources de chaleur. Maintenez un taux d'humidit\u00e9 et de CO2 \u00e9lev\u00e9 jusqu'\u00e0 l'apparition des t\u00eates d'\u00e9pingle (premi\u00e8res formations de champignons), ce qui peut prendre 10 \u00e0 20 jours. Une fois que les champignons sont visibles, a\u00e9rez le sac tous les jours et brumisez l\u00e9g\u00e8rement le kit. R\u00e9coltez les champignons juste avant que le voile sous le chapeau ne se brise, en les tordant doucement et en les tirant compl\u00e8tement pour encourager une nouvelle croissance. R\u00e9p\u00e9tez l'op\u00e9ration jusqu'\u00e0 trois fois. Cette m\u00e9thode garantit une croissance et une qualit\u00e9 optimales, vous permettant de profiter des effets vibrants de Mexican Mushrooms. La simplicit\u00e9 du kit permet aux utilisateurs de cultiver leurs propres champignons en toute confiance, transformant un processus complexe en une exp\u00e9rience accessible et gratifiante.<\/p>\n<h2 dir=\"ltr\">Ingr\u00e9dients de Mexican Mushrooms<\/h2>\n<p dir=\"ltr\">Le kit de culture tout-en-un pour Mexican Mushrooms contient un ensemble de composants soigneusement s\u00e9lectionn\u00e9s pour assurer une culture r\u00e9ussie. Le noyau est le kit de culture lui-m\u00eame, pr\u00e9-emball\u00e9 avec un substrat optimis\u00e9 pour la croissance des champignons, \u00e9liminant le besoin de mat\u00e9riaux suppl\u00e9mentaires. Il comprend un sac de culture avec des filtres \u00e0 air pour maintenir des niveaux d'humidit\u00e9 et de CO2 id\u00e9aux, cruciaux pour un d\u00e9veloppement sain des champignons. Deux trombones sont fournis pour sceller le sac, pr\u00e9servant ainsi l'environnement contr\u00f4l\u00e9. L'ingr\u00e9dient actif des champignons est la psilocybine, un compos\u00e9 naturel qui se transforme en psilocine dans le corps, produisant ainsi des effets psych\u00e9d\u00e9liques. Le kit ne n\u00e9cessite que de l'eau ti\u00e8de (20\u00b0C) pour activer le processus de culture, ce qui le rend facile \u00e0 utiliser. Aucun nutriment ou produit chimique externe n'est n\u00e9cessaire, car le substrat est con\u00e7u pour supporter jusqu'\u00e0 trois r\u00e9coltes. Cette approche rationalis\u00e9e garantit que m\u00eame les cultivateurs novices peuvent produire des Mexican Mushrooms de haute qualit\u00e9 avec un minimum d'efforts. En se concentrant sur la simplicit\u00e9 et les processus naturels, le kit permet aux utilisateurs de cultiver des champignons qui procurent le trip authentique et \u00e9nergisant associ\u00e9 \u00e0 cette vari\u00e9t\u00e9, tout en maintenant la coh\u00e9rence et la facilit\u00e9 tout au long du cycle de culture.<\/p>\n<p dir=\"ltr\"><strong>Avertissement<\/strong><\/p>\n<p dir=\"ltr\">Mexican Mushrooms contiennent de la psilocybine et de la psilocine, des hallucinog\u00e8nes naturels qui peuvent alt\u00e9rer la conscience et provoquer des hallucinations. Ces substances agissent sur le syst\u00e8me s\u00e9rotoninergique du cerveau, influen\u00e7ant l'humeur, la perception et la cognition. En raison de leurs effets puissants, il convient de les consommer avec prudence et d'\u00eatre conscient de l'exp\u00e9rience psych\u00e9d\u00e9lique qu'elles peuvent produire. Conservez toujours le Mexican Mushrooms hors de port\u00e9e des enfants afin d'\u00e9viter toute ingestion accidentelle. Assurez-vous d'\u00eatre dans un environnement s\u00fbr et contr\u00f4l\u00e9 lorsque vous les consommez, et consultez un professionnel en cas de doute sur leurs effets ou leurs interactions.<\/p>","protected":false},"excerpt":{"rendered":"<p><span style=\"font-size: 100%;\">Ce sont les champignons les plus l\u00e9gers de notre gamme. <a href=\"https:\/\/www.tatanka.nl\/fr\/shroomshop\/magic-mushroom-grow-kits\/\">champignons magiques<\/a> et une excellente fa\u00e7on de commencer, si vous \u00eates curieux d'obtenir l'effet le plus doux. <\/span><\/p>\n<p><span style=\"font-size: 100%;\">Psilocybe Mexicana vous promet un trip euphorique et une satisfaction g\u00e9n\u00e9rale. L'effet visuel sera comme un jour d'\u00e9t\u00e9 ensoleill\u00e9. Disponible en petits, moyens et grands conditionnements.<\/span><span style=\"font-size: 100%; color: #000000;\"><br \/>\n<\/span><\/p>","protected":false},"featured_media":19889,"template":"","meta":[],"product_brand":[],"product_cat":[539,297,592,595,513,515,476],"product_tag":[662],"class_list":{"0":"post-2488","1":"product","2":"type-product","3":"status-publish","4":"has-post-thumbnail","6":"product_cat-magic-mushroom-grow-kits","7":"product_cat-all-products","8":"product_cat-beginner-magic-mushroom-grow-kits","9":"product_cat-mcsmart","10":"product_cat-party","11":"product_cat-shroomshop","12":"product_cat-smartshop","13":"product_tag-shrdeal","14":"product_shipping_class-creditcard-off","16":"first","17":"instock","18":"taxable","19":"shipping-taxable","20":"purchasable","21":"product-type-variable","22":"has-default-attributes"},"_links":{"self":[{"href":"https:\/\/www.tatanka.nl\/fr\/wp-json\/wp\/v2\/product\/2488","targetHints":{"allow":["GET"]}}],"collection":[{"href":"https:\/\/www.tatanka.nl\/fr\/wp-json\/wp\/v2\/product"}],"about":[{"href":"https:\/\/www.tatanka.nl\/fr\/wp-json\/wp\/v2\/types\/product"}],"wp:featuredmedia":[{"embeddable":true,"href":"https:\/\/www.tatanka.nl\/fr\/wp-json\/wp\/v2\/media\/19889"}],"wp:attachment":[{"href":"https:\/\/www.tatanka.nl\/fr\/wp-json\/wp\/v2\/media?parent=2488"}],"wp:term":[{"taxonomy":"product_brand","embeddable":true,"href":"https:\/\/www.tatanka.nl\/fr\/wp-json\/wp\/v2\/product_brand?post=2488"},{"taxonomy":"product_cat","embeddable":true,"href":"https:\/\/www.tatanka.nl\/fr\/wp-json\/wp\/v2\/product_cat?post=2488"},{"taxonomy":"product_tag","embeddable":true,"href":"https:\/\/www.tatanka.nl\/fr\/wp-json\/wp\/v2\/product_tag?post=2488"}],"curies":[{"name":"wp","href":"https:\/\/api.w.org\/{rel}","templated":true}]}}