{"id":2493,"date":"2017-10-09T12:52:14","date_gmt":"2017-10-09T12:52:14","guid":{"rendered":"http:\/\/www.tatanka.nl\/?post_type=product&#038;p=2493"},"modified":"2025-12-25T00:48:30","modified_gmt":"2025-12-24T23:48:30","slug":"b-plus-magic-mushroom-paddo-grow-kit","status":"publish","type":"product","link":"https:\/\/www.tatanka.nl\/fr\/b-plus-magic-mushroom-paddo-grow-kit\/","title":{"rendered":"B+ Magic Mushroom Paddo Grow Kit"},"content":{"rendered":"<h2 dir=\"ltr\" data-pm-slice=\"1 1 []\">Que sont les B+ Magic Mushrooms ?<\/h2>\n<p dir=\"ltr\">Le B+ All-in-one GrowKit est une solution compl\u00e8te pour la culture des champignons magiques B+, c\u00e9l\u00e8bres pour leur taille impressionnante et leurs effets puissants. Ce kit simplifie le processus de culture, le rendant accessible aux d\u00e9butants comme aux cultivateurs exp\u00e9riment\u00e9s. Il contient un substrat pr\u00e9par\u00e9 \u00e0 l'avance, un sac de culture avec des filtres \u00e0 air et deux trombones, et ne n\u00e9cessite que de l'eau et le respect d'instructions simples. La souche B+ est r\u00e9put\u00e9e pour sa croissance robuste, donnant souvent des r\u00e9coltes substantielles, la premi\u00e8re pouss\u00e9e produisant g\u00e9n\u00e9ralement jusqu'\u00e0 400 grammes \u00e0 partir d'un kit de 1200 cm3. Capable de supporter trois cycles de croissance, le kit offre de multiples r\u00e9coltes lorsqu'il est correctement entretenu. Conserv\u00e9 au r\u00e9frig\u00e9rateur, il reste viable jusqu'\u00e0 six mois, bien que sa dur\u00e9e de vie soit limit\u00e9e en dehors des entrep\u00f4ts frigorifiques. Le B+ offre une exp\u00e9rience psych\u00e9d\u00e9lique profonde gr\u00e2ce \u00e0 sa teneur en psilocybine, qui se transforme en psilocine dans le corps, influen\u00e7ant les niveaux de s\u00e9rotonine et induisant de vives hallucinations. Ce produit permet aux utilisateurs de profiter du processus de culture de leurs propres champignons magiques tout en explorant leurs effets uniques de mani\u00e8re responsable.<\/p>\n<h2 dir=\"ltr\">Histoire de B+ Magic Mushrooms<\/h2>\n<p dir=\"ltr\">La souche B+ a une histoire fascinante dans le monde des champignons \u00e0 psilocybine. Apparue dans les ann\u00e9es 1990, elle aurait \u00e9t\u00e9 d\u00e9velopp\u00e9e par des cultivateurs \u00e0 la recherche d'une vari\u00e9t\u00e9 r\u00e9sistante et \u00e0 haut rendement. La B+ a rapidement gagn\u00e9 en popularit\u00e9 gr\u00e2ce \u00e0 sa r\u00e9sistance et \u00e0 sa capacit\u00e9 \u00e0 prosp\u00e9rer dans des conditions vari\u00e9es, ce qui en a fait l'une des pr\u00e9f\u00e9r\u00e9es des cultivateurs amateurs. Son nom refl\u00e8te probablement ses caract\u00e9ristiques \"plus grandes\" et \"meilleures\", car elle produit syst\u00e9matiquement de gros champignons charnus. Contrairement \u00e0 d'autres vari\u00e9t\u00e9s, la B+ pardonne les petites erreurs de culture, ce qui a contribu\u00e9 \u00e0 sa large diffusion. Au fil des ans, elle est devenue un \u00e9l\u00e9ment essentiel de la communaut\u00e9 psych\u00e9d\u00e9lique, appr\u00e9ci\u00e9e non seulement pour sa facilit\u00e9 de croissance mais aussi pour les exp\u00e9riences intenses et introspectives qu'elle facilite. Le kit de culture tout-en-un B+ s'appuie sur cet h\u00e9ritage, offrant aux cultivateurs modernes un moyen pratique de cultiver cette vari\u00e9t\u00e9 embl\u00e9matique. Son attrait durable r\u00e9side dans son \u00e9quilibre entre accessibilit\u00e9 et puissance, faisant le lien entre la culture traditionnelle des champignons et la facilit\u00e9 contemporaine. Aujourd'hui, la B+ reste un symbole de qualit\u00e9 et de fiabilit\u00e9, invitant les utilisateurs \u00e0 se connecter \u00e0 une riche histoire d'exploration psych\u00e9d\u00e9lique tout en cultivant leurs propres r\u00e9coltes \u00e0 la maison.<\/p>\n<h2 dir=\"ltr\">Comment utiliser le kit de culture tout-en-un B+ ?<\/h2>\n<p dir=\"ltr\">L'utilisation du kit de culture tout-en-un B+ est simple et con\u00e7ue pour garantir une culture r\u00e9ussie avec un minimum d'efforts. Commencez par vous laver soigneusement les mains et par nettoyer l'ext\u00e9rieur du kit avec un chiffon sec. Retirez et conservez le couvercle, puis remplissez le kit d'eau ti\u00e8de (20\u00b0C) et laissez-le tremper pendant cinq minutes (ne d\u00e9passez jamais une heure). Videz compl\u00e8tement l'eau, en laissant le kit s'\u00e9goutter pendant dix secondes. Placez le kit dans le sac de culture fourni, ajoutez 200-250 ml d'eau ti\u00e8de Granting et fermez le sac \u00e0 l'aide des trombones fournis. Placez l'installation dans une pi\u00e8ce dont la temp\u00e9rature est comprise entre 20 et 25\u00b0C, en \u00e9vitant la lumi\u00e8re directe du soleil, les lampes ou les sources de chaleur. Gardez le sac ferm\u00e9 jusqu'\u00e0 l'apparition des t\u00eates d'\u00e9pingle (premi\u00e8res formations de champignons), ce qui peut prendre 10 \u00e0 20 jours, afin de maintenir des niveaux \u00e9lev\u00e9s d'humidit\u00e9 et de CO2. Une fois les t\u00eates d'\u00e9pingle form\u00e9es, a\u00e9rez bri\u00e8vement le sac tous les jours et brumisez l\u00e9g\u00e8rement le kit. R\u00e9coltez les champignons juste avant que les voiles sous leurs chapeaux ne se brisent, en les tordant doucement et en les tirant compl\u00e8tement. R\u00e9p\u00e9tez le processus pour d'autres r\u00e9coltes. Cette m\u00e9thode garantit une croissance optimale, vous permettant de profiter facilement de plusieurs r\u00e9coltes de champignons magiques B+ puissants.<\/p>\n<h2 dir=\"ltr\">Ingr\u00e9dients du kit de culture tout-en-un B+<\/h2>\n<p dir=\"ltr\">Le kit de culture tout-en-un B+ est soigneusement con\u00e7u pour fournir tout ce qui est n\u00e9cessaire \u00e0 une culture r\u00e9ussie des champignons. Le composant principal est un substrat pr\u00e9inocul\u00e9, un milieu riche en nutriments con\u00e7u pour favoriser la croissance des champignons magiques B+. Ce substrat est compos\u00e9 d'un m\u00e9lange de mati\u00e8res organiques, comprenant g\u00e9n\u00e9ralement des c\u00e9r\u00e9ales et d'autres compos\u00e9s naturels, optimis\u00e9 pour favoriser un d\u00e9veloppement robuste du myc\u00e9lium. Le kit comprend \u00e9galement un sac de culture sp\u00e9cialis\u00e9 \u00e9quip\u00e9 de filtres \u00e0 air, qui maintient l'humidit\u00e9 et l'\u00e9change d'air id\u00e9aux pour la croissance des champignons. Deux trombones sont fournis pour sceller solidement le sac, garantissant ainsi un environnement contr\u00f4l\u00e9. Aucun produit chimique ou engrais suppl\u00e9mentaire n'est n\u00e9cessaire, car le substrat est pr\u00e9formul\u00e9 pour supporter plusieurs pouss\u00e9es de champignons. La souche B+ elle-m\u00eame contient de la psilocybine et de la psilocine d'origine naturelle, les compos\u00e9s actifs responsables de ses effets psych\u00e9d\u00e9liques. Ces compos\u00e9s sont inh\u00e9rents aux champignons et ne sont pas ajout\u00e9s s\u00e9par\u00e9ment. La conception du kit \u00e9limine le besoin d'intrants externes autres que l'eau, ce qui en fait un syst\u00e8me autonome. Cette simplicit\u00e9, associ\u00e9e \u00e0 des composants de haute qualit\u00e9, permet aux utilisateurs de se concentrer sur le processus de culture tout en obtenant des r\u00e9sultats constants et \u00e0 haut rendement avec leurs champignons magiques B+.<\/p>\n<p dir=\"ltr\"><strong>Avertissement<\/strong><br \/>\nLes champignons magiques, y compris ceux cultiv\u00e9s avec le kit de culture tout-en-un B+, contiennent naturellement de la psilocybine et de la psilocine, qui sont de puissants hallucinog\u00e8nes. Ces substances peuvent alt\u00e9rer la conscience, provoquant potentiellement de vives hallucinations et des changements dans la perception, l'humeur et la cognition. En raison de leurs effets psychoactifs, elles doivent \u00eatre manipul\u00e9es et consomm\u00e9es avec pr\u00e9caution. Conservez toujours le kit et les champignons r\u00e9colt\u00e9s en lieu s\u00fbr, hors de port\u00e9e des enfants et des animaux domestiques, afin d'\u00e9viter toute ingestion accidentelle. Les personnes souffrant de troubles mentaux pr\u00e9existants ou prenant des m\u00e9dicaments affectant les niveaux de s\u00e9rotonine doivent \u00e9viter d'en consommer, car ces compos\u00e9s influencent le syst\u00e8me s\u00e9rotoninergique du cerveau. Une utilisation responsable et la connaissance des effets sont essentielles pour garantir une exp\u00e9rience s\u00fbre.<\/p>","protected":false},"excerpt":{"rendered":"<p><span style=\"font-size: 100%;\">La B+ est une vari\u00e9t\u00e9 tr\u00e8s populaire, tr\u00e8s appr\u00e9ci\u00e9e pour ses gros champignons. Il s'agit \u00e9galement d'une vari\u00e9t\u00e9 originale de Cubensis. <\/span><span style=\"font-size: 100%;\">Si vous aimez voir de bons visuels color\u00e9s avec une connexion spirituelle avec tout l'univers tout en faisant l'exp\u00e9rience d'un voyage amusant, c'est un bon champignon pour cela. <\/span><\/p>\n<p><span style=\"font-size: 100%;\">Disponible en emballages moyens et grands.<\/span><span style=\"font-size: 100%; color: #000000;\"><br \/>\n<\/span><\/p>","protected":false},"featured_media":19885,"template":"","meta":[],"product_brand":[],"product_cat":[539,297,592,595,513,515,476],"product_tag":[662],"class_list":{"0":"post-2493","1":"product","2":"type-product","3":"status-publish","4":"has-post-thumbnail","6":"product_cat-magic-mushroom-grow-kits","7":"product_cat-all-products","8":"product_cat-beginner-magic-mushroom-grow-kits","9":"product_cat-mcsmart","10":"product_cat-party","11":"product_cat-shroomshop","12":"product_cat-smartshop","13":"product_tag-shrdeal","14":"product_shipping_class-creditcard-off","16":"first","17":"instock","18":"taxable","19":"shipping-taxable","20":"purchasable","21":"product-type-variable","22":"has-default-attributes"},"_links":{"self":[{"href":"https:\/\/www.tatanka.nl\/fr\/wp-json\/wp\/v2\/product\/2493","targetHints":{"allow":["GET"]}}],"collection":[{"href":"https:\/\/www.tatanka.nl\/fr\/wp-json\/wp\/v2\/product"}],"about":[{"href":"https:\/\/www.tatanka.nl\/fr\/wp-json\/wp\/v2\/types\/product"}],"wp:featuredmedia":[{"embeddable":true,"href":"https:\/\/www.tatanka.nl\/fr\/wp-json\/wp\/v2\/media\/19885"}],"wp:attachment":[{"href":"https:\/\/www.tatanka.nl\/fr\/wp-json\/wp\/v2\/media?parent=2493"}],"wp:term":[{"taxonomy":"product_brand","embeddable":true,"href":"https:\/\/www.tatanka.nl\/fr\/wp-json\/wp\/v2\/product_brand?post=2493"},{"taxonomy":"product_cat","embeddable":true,"href":"https:\/\/www.tatanka.nl\/fr\/wp-json\/wp\/v2\/product_cat?post=2493"},{"taxonomy":"product_tag","embeddable":true,"href":"https:\/\/www.tatanka.nl\/fr\/wp-json\/wp\/v2\/product_tag?post=2493"}],"curies":[{"name":"wp","href":"https:\/\/api.w.org\/{rel}","templated":true}]}}