{"id":2504,"date":"2017-10-09T13:53:12","date_gmt":"2017-10-09T11:53:12","guid":{"rendered":"http:\/\/www.tatanka.nl\/?post_type=product&#038;p=2504"},"modified":"2026-04-23T12:48:28","modified_gmt":"2026-04-23T11:48:28","slug":"golden-teacher-magic-mushroom-paddo-grow-kit","status":"publish","type":"product","link":"https:\/\/www.tatanka.nl\/fr\/golden-teacher-magic-mushroom-paddo-grow-kit\/","title":{"rendered":"Kit de culture Golden Teacher Magic Mushroom Paddo"},"content":{"rendered":"<h2>Que sont les Golden Teacher ?<\/h2>\n<p>Les Golden Teacher sont une vari\u00e9t\u00e9 renomm\u00e9e de champignons magiques, c\u00e9l\u00e8bres pour leurs grands chapeaux dor\u00e9s qui peuvent atteindre jusqu'\u00e0 cinq centim\u00e8tres de diam\u00e8tre. Ces champignons font partie du kit de culture All-in-One, qui permet aux utilisateurs de cultiver facilement leurs propres champignons de haute qualit\u00e9 \u00e0 la maison. Le kit comprend tout le n\u00e9cessaire, comme un sac de culture avec des filtres \u00e0 air et des trombones, ne n\u00e9cessitant que de l'eau et le respect d'instructions simples. Les Golden Teacher se distinguent par leurs effets puissants, offrant une exp\u00e9rience plus intense que d'autres souches comme la Colombian ou la Ecuadorian. En moyenne, un kit de culture de 1200 cm3 permet d'obtenir environ 400 grammes lors de la premi\u00e8re injection, avec la possibilit\u00e9 d'en obtenir jusqu'\u00e0 trois. Lorsqu'il est stock\u00e9 dans un environnement frais, le kit de culture reste viable pendant environ six mois, bien que sa dur\u00e9e de conservation soit limit\u00e9e en dehors de la r\u00e9frig\u00e9ration. Cela fait de la Golden Teachers une option accessible mais puissante pour ceux qui explorent le monde des psych\u00e9d\u00e9liques, offrant \u00e0 la fois une facilit\u00e9 de culture et une exp\u00e9rience transformatrice.<\/p>\n<h2>Historique du Golden Teachers<\/h2>\n<p>Les origines des Golden Teacher sont quelque peu myst\u00e9rieuses, car il n'existe aucune trace d\u00e9finitive de leur d\u00e9couverte, mais on pense qu'ils sont apparus dans les ann\u00e9es 1980 au sein de la communaut\u00e9 psych\u00e9d\u00e9lique. Nomm\u00e9s en raison de leur chapeau dor\u00e9 et de la vision profonde qu'ils procurent, ces champignons ont rapidement gagn\u00e9 en popularit\u00e9 aupr\u00e8s des amateurs pour leurs effets spirituels et introspectifs. Contrairement \u00e0 de nombreuses autres souches, les Golden Teacher n'ont pas fait l'objet d'\u00e9tudes mycologiques approfondies, mais leur r\u00e9putation s'est d\u00e9velopp\u00e9e gr\u00e2ce au bouche-\u00e0-oreille et \u00e0 la culture par des cultivateurs d\u00e9vou\u00e9s. Le d\u00e9veloppement du kit de culture \"tout-en-un\" a r\u00e9volutionn\u00e9 la culture \u00e0 domicile, en permettant aux particuliers de cultiver plus facilement ces champignons sans connaissances sp\u00e9cialis\u00e9es. Au fil du temps, les Golden Teacher sont devenus un produit de base dans le monde des champignons magiques, appr\u00e9ci\u00e9s pour leur r\u00e9gularit\u00e9 et leur capacit\u00e9 \u00e0 offrir un voyage psych\u00e9d\u00e9lique significatif. Leur signification culturelle r\u00e9side dans leur association avec la sagesse et l'illumination, et ils sont souvent utilis\u00e9s dans des contextes qui privil\u00e9gient le d\u00e9veloppement personnel et l'exploration de la conscience, consolidant ainsi leur statut de vari\u00e9t\u00e9 bien-aim\u00e9e dans le mouvement psych\u00e9d\u00e9lique mondial.<\/p>\n<h2>Comment utiliser Golden Teachers<\/h2>\n<p>L'utilisation des Golden Teachers commence par leur culture \u00e0 l'aide du kit de culture tout-en-un. Commencez par nettoyer l'ext\u00e9rieur du kit de culture et faites-le tremper dans de l'eau ti\u00e8de (20\u00b0C) pendant cinq minutes, en veillant \u00e0 ne pas d\u00e9passer une heure. Egouttez l'eau, placez le GrowKit dans le sac de culture fourni et ajoutez 200-250 ml d'eau ti\u00e8de. Fermez le sac avec des trombones et gardez-le dans une pi\u00e8ce \u00e0 20-25\u00b0C, loin de la lumi\u00e8re directe du soleil ou des sources de chaleur. Maintenez un taux d'humidit\u00e9 et de CO2 \u00e9lev\u00e9 jusqu'\u00e0 l'apparition des t\u00eates d'\u00e9pingle (premi\u00e8res formations de champignons), ce qui peut prendre 10 \u00e0 20 jours. Une fois les t\u00eates d'\u00e9pingle form\u00e9es, a\u00e9rez le sac tous les jours et vaporisez l\u00e9g\u00e8rement le kit de culture. R\u00e9coltez les champignons juste avant que le voile sous le chapeau ne se brise en les tournant doucement et en les tirant compl\u00e8tement. Apr\u00e8s la r\u00e9colte, r\u00e9p\u00e9tez le processus pour des pouss\u00e9es suppl\u00e9mentaires. Consommez les Golden Teacher de mani\u00e8re responsable, en commen\u00e7ant par une faible dose pour \u00e9valuer leurs effets puissants, qui peuvent inclure des hallucinations vives et des intuitions spirituelles. Veillez toujours \u00e0 ce que l'environnement soit s\u00fbr et confortable et \u00e9vitez de les combiner avec d'autres substances afin d'appr\u00e9cier pleinement l'exp\u00e9rience transformatrice qu'elles offrent.<\/p>\n<h2>Ingr\u00e9dients de Golden Teachers<\/h2>\n<p>Les Golden Teacher doivent leurs effets principalement \u00e0 la psilocybine, un compos\u00e9 naturel qui se transforme en psilocine dans le corps, interagissant avec les r\u00e9cepteurs de la s\u00e9rotonine pour produire des exp\u00e9riences hallucinog\u00e8nes. Outre la psilocybine, ces champignons contiennent de la psilocine et d'autres compos\u00e9s traces qui contribuent \u00e0 leur puissance unique. Le kit de culture All-in-One lui-m\u00eame est compos\u00e9 d'un substrat optimis\u00e9 pour la croissance des champignons, g\u00e9n\u00e9ralement un m\u00e9lange de mat\u00e9riaux organiques comme la vermiculite, la perlite et les c\u00e9r\u00e9ales, bien que la composition exacte soit exclusive. Le kit de culture est con\u00e7u pour \u00eatre st\u00e9rile, garantissant un d\u00e9veloppement sain des champignons sans contamination. Aucun produit chimique ou additif suppl\u00e9mentaire n'est n\u00e9cessaire, car le kit s'appuie sur l'eau et des conditions environnementales contr\u00f4l\u00e9es pour favoriser la croissance. La teneur en psilocybine des Golden Teacher est plus \u00e9lev\u00e9e que celle de nombreuses autres souches, ce qui les rend particuli\u00e8rement puissantes. Cette composition naturelle, combin\u00e9e \u00e0 la simplicit\u00e9 du kit de culture, permet aux utilisateurs de cultiver des champignons purs et coh\u00e9rents, offrant une exp\u00e9rience psych\u00e9d\u00e9lique fiable. L'absence d'ingr\u00e9dients artificiels souligne l'attrait organique des Golden Teachers, en accord avec leur r\u00e9putation d'outil naturel pour l'exploration spirituelle et psychologique.<\/p>\n<p><strong>Avertissement<\/strong><\/p>\n<p>Les Golden Teacher contiennent de la psilocybine et de la psilocine, de puissants hallucinog\u00e8nes qui peuvent alt\u00e9rer la conscience et provoquer des hallucinations intenses. Ces substances affectent les niveaux de s\u00e9rotonine, influen\u00e7ant l'humeur, la perception et la cognition. En raison de leur puissance, elles doivent \u00eatre consomm\u00e9es avec prudence, en commen\u00e7ant par une petite dose dans un environnement s\u00fbr et contr\u00f4l\u00e9. Conservez toujours les Golden Teachers hors de port\u00e9e des enfants afin d'\u00e9viter toute ingestion accidentelle. Les personnes ayant des ant\u00e9c\u00e9dents de troubles mentaux ou prenant des m\u00e9dicaments affectant les niveaux de s\u00e9rotonine doivent \u00e9viter d'en consommer, de m\u00eame que les femmes enceintes ou allaitantes. Ne jamais combiner avec de l'alcool ou d'autres drogues, car cela peut intensifier les effets de mani\u00e8re impr\u00e9visible. Renseignez-vous sur le statut l\u00e9gal de la psilocybine dans votre r\u00e9gion avant de la cultiver ou de la consommer.<\/p>","protected":false},"excerpt":{"rendered":"<p><span style=\"font-size: 100%;\">Le Golden Teacher est un champignon magique robuste et charnu avec des chapeaux dor\u00e9s, qui vous donne un puissant trip magique et myst\u00e9rieux. Cette puissante vari\u00e9t\u00e9 de Golden Teacher a tendance \u00e0 produire un premier lot plus petit, mais le deuxi\u00e8me lot est g\u00e9n\u00e9ralement beaucoup plus important. La Golden Teacher a toujours quelque chose \u00e0 vous apprendre. <\/span><\/p>\n<p><span style=\"font-size: 100%;\">Disponible en petits, moyens et grands paquets.<\/span><span style=\"font-size: 100%; color: #000000;\"><br \/>\n<\/span><\/p>","protected":false},"featured_media":19898,"template":"","meta":[],"product_brand":[],"product_cat":[539,297,595,513,515,476,514,593],"product_tag":[723],"class_list":{"0":"post-2504","1":"product","2":"type-product","3":"status-publish","4":"has-post-thumbnail","6":"product_cat-magic-mushroom-grow-kits","7":"product_cat-all-products","8":"product_cat-mcsmart","9":"product_cat-party","10":"product_cat-shroomshop","11":"product_cat-smartshop","12":"product_cat-smartshop-top-10","13":"product_cat-strongest-magic-mushroom-grow-kits","14":"product_tag-triple-deal","15":"product_shipping_class-creditcard-off","17":"first","18":"instock","19":"taxable","20":"shipping-taxable","21":"purchasable","22":"product-type-variable","23":"has-default-attributes"},"_links":{"self":[{"href":"https:\/\/www.tatanka.nl\/fr\/wp-json\/wp\/v2\/product\/2504","targetHints":{"allow":["GET"]}}],"collection":[{"href":"https:\/\/www.tatanka.nl\/fr\/wp-json\/wp\/v2\/product"}],"about":[{"href":"https:\/\/www.tatanka.nl\/fr\/wp-json\/wp\/v2\/types\/product"}],"wp:featuredmedia":[{"embeddable":true,"href":"https:\/\/www.tatanka.nl\/fr\/wp-json\/wp\/v2\/media\/19898"}],"wp:attachment":[{"href":"https:\/\/www.tatanka.nl\/fr\/wp-json\/wp\/v2\/media?parent=2504"}],"wp:term":[{"taxonomy":"product_brand","embeddable":true,"href":"https:\/\/www.tatanka.nl\/fr\/wp-json\/wp\/v2\/product_brand?post=2504"},{"taxonomy":"product_cat","embeddable":true,"href":"https:\/\/www.tatanka.nl\/fr\/wp-json\/wp\/v2\/product_cat?post=2504"},{"taxonomy":"product_tag","embeddable":true,"href":"https:\/\/www.tatanka.nl\/fr\/wp-json\/wp\/v2\/product_tag?post=2504"}],"curies":[{"name":"wp","href":"https:\/\/api.w.org\/{rel}","templated":true}]}}