{"id":2506,"date":"2017-10-09T13:52:59","date_gmt":"2017-10-09T11:52:59","guid":{"rendered":"http:\/\/www.tatanka.nl\/?post_type=product&#038;p=2506"},"modified":"2026-04-23T12:48:28","modified_gmt":"2026-04-23T11:48:28","slug":"mckennaii-magic-mushroom-paddo-grow-kit","status":"publish","type":"product","link":"https:\/\/www.tatanka.nl\/fr\/mckennaii-magic-mushroom-paddo-grow-kit\/","title":{"rendered":"McKennaii Kit de culture Magic Mushroom Paddo"},"content":{"rendered":"<h2 dir=\"auto\">Que sont les kits de culture McKennaii ?<\/h2>\n<p dir=\"auto\">Le McKennaii GrowKit est une solution tout-en-un pour cultiver votre propre Magic Mushrooms, con\u00e7ue pour \u00eatre facile et pratique. Ce kit comprend tout ce dont vous avez besoin pour cultiver des champignons McKennaii de haute qualit\u00e9, une vari\u00e9t\u00e9 r\u00e9put\u00e9e pour ses effets visuels et \u00e9motionnels intenses. Avec seulement de l'eau et quelques \u00e9tapes simples, vous pouvez cultiver ces champignons du d\u00e9but \u00e0 la fin. Le kit est livr\u00e9 avec un sac de culture, des filtres \u00e0 air et des trombones pour garantir des conditions de culture optimales. En moyenne, un seul kit de culture McKennaii (1200cc) produit environ 400 grammes de grafica lors de la premi\u00e8re r\u00e9colte, et jusqu'\u00e0 trois r\u00e9coltes sont possibles. Stock\u00e9 dans un environnement frais, le kit reste viable jusqu'\u00e0 six mois, bien que sa dur\u00e9e de conservation soit limit\u00e9e en dehors de la r\u00e9frig\u00e9ration. Parfait pour les d\u00e9butants comme pour les enthousiastes, le kit de culture McKennaii simplifie le processus, vous permettant de vous concentrer sur le plaisir de cultiver et sur les exp\u00e9riences vibrantes qui s'ensuivent. Sa conception conviviale garantit des r\u00e9sultats constants, ce qui en fait un favori pour ceux qui recherchent un parcours de culture fiable et gratifiant.<\/p>\n<h2 dir=\"auto\">Historique des kits de culture McKennaii<\/h2>\n<p dir=\"auto\">La vari\u00e9t\u00e9 McKennaii porte le nom du c\u00e9l\u00e8bre ethnobotaniste et d\u00e9fenseur des psych\u00e9d\u00e9liques Terence McKenna, dont les travaux ont popularis\u00e9 l'exploration des champignons psilocybines. Le kit de culture McKennaii est apparu comme une innovation moderne, facilitant la culture \u00e0 domicile de cette puissante vari\u00e9t\u00e9. Historiquement, les Magic Mushrooms ont \u00e9t\u00e9 utilis\u00e9s pendant des si\u00e8cles dans des pratiques spirituelles et culturelles \u00e0 travers diverses civilisations, appr\u00e9ci\u00e9es pour leurs propri\u00e9t\u00e9s d'expansion de l'esprit. Le d\u00e9veloppement de kits de culture a r\u00e9volutionn\u00e9 l'accessibilit\u00e9, permettant aux amateurs de tous les jours d'exp\u00e9rimenter ces anciens champignons sans avoir besoin de connaissances mycologiques avanc\u00e9es. Le kit de culture McKennaii, en particulier, a \u00e9t\u00e9 con\u00e7u pour exploiter les g\u00e8nes robustes de la souche, offrant des rendements constants et des effets vifs. En combinant les techniques de culture traditionnelles avec la technologie moderne, ces kits ont d\u00e9mocratis\u00e9 l'art de la culture des champignons. Aujourd'hui, le kit de culture McKennaii t\u00e9moigne de la fascination durable pour les champignons \u00e0 psilocybine, en associant la sagesse ancestrale \u00e0 la commodit\u00e9 contemporaine. Sa popularit\u00e9 refl\u00e8te un int\u00e9r\u00eat croissant pour l'auto-culture et l'exploration de la conscience, ce qui en fait un produit de base pour ceux qui sont curieux du potentiel de transformation du Magic Mushrooms.<\/p>\n<h2 dir=\"auto\">Comment utiliser les kits de culture McKennaii<\/h2>\n<p dir=\"auto\">L'utilisation du kit de culture McKennaii est simple et ne demande qu'un minimum d'effort pour obtenir des r\u00e9sultats impressionnants. Commencez par nettoyer vos mains et l'ext\u00e9rieur du kit, puis remplissez-le d'eau ti\u00e8de (20\u00b0C) et laissez-le tremper pendant cinq minutes avec le couvercle - ne d\u00e9passez jamais une heure. Egouttez bien l'eau et placez le kit dans le sac de culture fourni, en ajoutant 200-250 ml d'eau ti\u00e8de. Fermez le sac avec des trombones et stockez-le dans une pi\u00e8ce \u00e0 20-25\u00b0C, \u00e0 l'abri de la lumi\u00e8re directe du soleil ou des sources de chaleur. Gardez le sac ferm\u00e9 jusqu'\u00e0 l'apparition des t\u00eates d'\u00e9pingle (premi\u00e8res formations de champignons), ce qui peut prendre 10 \u00e0 20 jours, afin de maintenir des niveaux \u00e9lev\u00e9s d'humidit\u00e9 et de CO2. Une fois les t\u00eates d'\u00e9pingle form\u00e9es, a\u00e9rez bri\u00e8vement le sac tous les jours et brumisez l\u00e9g\u00e8rement le kit. R\u00e9coltez les champignons juste avant que le voile sous le chapeau ne se brise, en les tordant doucement et en les retirant compl\u00e8tement. Pour une nouvelle r\u00e9colte, r\u00e9p\u00e9tez le processus. Cette m\u00e9thode garantit plusieurs r\u00e9coltes, la premi\u00e8re \u00e9tant g\u00e9n\u00e9ralement la plus abondante. En suivant attentivement ces \u00e9tapes, vous maximiserez le rendement et la qualit\u00e9 de vos champignons McKennaii, ce qui vous offrira une exp\u00e9rience de culture enrichissante.<\/p>\n<h2 dir=\"auto\">Ingr\u00e9dients des kits de culture McKennaii<\/h2>\n<p dir=\"auto\">Le kit de culture McKennaii est un produit soigneusement con\u00e7u qui contient un substrat optimis\u00e9 pour la culture du Magic Mushrooms. Le principal \"ingr\u00e9dient\" est un substrat pr\u00e9inocul\u00e9, g\u00e9n\u00e9ralement compos\u00e9 d'un m\u00e9lange de mati\u00e8res organiques comme le grain de seigle, la vermiculite et d'autres nutriments qui favorisent la croissance myc\u00e9lienne. Ce substrat est colonis\u00e9 par le myc\u00e9lium McKennaii, la base du d\u00e9veloppement des champignons. Le kit comprend \u00e9galement un sac de culture avec des filtres \u00e0 air pour r\u00e9guler le flux d'air et l'humidit\u00e9, et deux trombones pour fixer le sac pendant la culture. Aucun produit chimique ou additif suppl\u00e9mentaire n'est utilis\u00e9, ce qui garantit un processus de croissance naturel. Le substrat est con\u00e7u pour supporter plusieurs pouss\u00e9es, la premi\u00e8re donnant la plus grande r\u00e9colte. L'eau, que vous fournissez, est le seul ingr\u00e9dient externe n\u00e9cessaire pour activer le kit. La souche McKennaii elle-m\u00eame contient de la psilocybine, un compos\u00e9 naturel responsable de ses effets psych\u00e9d\u00e9liques. Cette conception tout-en-un \u00e9limine la n\u00e9cessit\u00e9 de se procurer des composants s\u00e9par\u00e9s, rendant la culture accessible et efficace. En se concentrant sur des mat\u00e9riaux naturels de haute qualit\u00e9, le kit de culture McKennaii fournit des r\u00e9sultats constants, permettant aux utilisateurs de cultiver des champignons puissants avec un minimum d'effort tout en maintenant la puret\u00e9 du processus.<\/p>\n<p dir=\"auto\"><strong>Avertissement : Magic Mushrooms et s\u00e9curit\u00e9<\/strong><br \/>\nLes Magic Mushrooms, y compris celles cultiv\u00e9es avec le kit de culture McKennaii, contiennent de la psilocybine et de la psilocine, des hallucinog\u00e8nes naturels qui alt\u00e8rent la conscience et peuvent provoquer de vives hallucinations. Ces substances affectent les niveaux de s\u00e9rotonine dans le cerveau, influen\u00e7ant l'humeur, la perception et la cognition. En raison de leurs effets puissants, il convient de les consommer avec prudence et dans un environnement s\u00fbr et contr\u00f4l\u00e9. Conservez toujours le kit de culture McKennaii et les champignons r\u00e9colt\u00e9s hors de port\u00e9e des enfants afin d'\u00e9viter toute ingestion accidentelle. Les personnes souffrant de troubles mentaux ou prenant des m\u00e9dicaments affectant la s\u00e9rotonine doivent \u00e9viter d'en consommer, car les interactions peuvent \u00eatre impr\u00e9visibles. Une utilisation responsable et la connaissance des effets de ces compos\u00e9s sont essentielles pour une exp\u00e9rience s\u00fbre.<\/p>","protected":false},"excerpt":{"rendered":"<p><span style=\"font-size: 100%;\"> Le champignon McKennaii est l'une des souches de champignons magiques les plus puissantes. <\/span><span style=\"font-size: 100%;\">Ces champignons vont vous \u00e9poustoufler et ne sont absolument pas destin\u00e9s aux d\u00e9butants. <\/span><span style=\"font-size: 100%;\">Ces champignons procurent de fortes hallucinations et des moments philosophiques longs et intenses. Les kits de culture McKennaii sont disponibles en petits, moyens et grands conditionnements.<\/span><span style=\"font-size: 100%; color: #000000;\"><br \/>\n<\/span><\/p>","protected":false},"featured_media":19896,"template":"","meta":[],"product_brand":[],"product_cat":[539,297,595,513,515,476,593],"product_tag":[662],"class_list":{"0":"post-2506","1":"product","2":"type-product","3":"status-publish","4":"has-post-thumbnail","6":"product_cat-magic-mushroom-grow-kits","7":"product_cat-all-products","8":"product_cat-mcsmart","9":"product_cat-party","10":"product_cat-shroomshop","11":"product_cat-smartshop","12":"product_cat-strongest-magic-mushroom-grow-kits","13":"product_tag-shrdeal","14":"product_shipping_class-creditcard-off","16":"first","17":"instock","18":"taxable","19":"shipping-taxable","20":"purchasable","21":"product-type-variable","22":"has-default-attributes"},"_links":{"self":[{"href":"https:\/\/www.tatanka.nl\/fr\/wp-json\/wp\/v2\/product\/2506","targetHints":{"allow":["GET"]}}],"collection":[{"href":"https:\/\/www.tatanka.nl\/fr\/wp-json\/wp\/v2\/product"}],"about":[{"href":"https:\/\/www.tatanka.nl\/fr\/wp-json\/wp\/v2\/types\/product"}],"wp:featuredmedia":[{"embeddable":true,"href":"https:\/\/www.tatanka.nl\/fr\/wp-json\/wp\/v2\/media\/19896"}],"wp:attachment":[{"href":"https:\/\/www.tatanka.nl\/fr\/wp-json\/wp\/v2\/media?parent=2506"}],"wp:term":[{"taxonomy":"product_brand","embeddable":true,"href":"https:\/\/www.tatanka.nl\/fr\/wp-json\/wp\/v2\/product_brand?post=2506"},{"taxonomy":"product_cat","embeddable":true,"href":"https:\/\/www.tatanka.nl\/fr\/wp-json\/wp\/v2\/product_cat?post=2506"},{"taxonomy":"product_tag","embeddable":true,"href":"https:\/\/www.tatanka.nl\/fr\/wp-json\/wp\/v2\/product_tag?post=2506"}],"curies":[{"name":"wp","href":"https:\/\/api.w.org\/{rel}","templated":true}]}}