{"id":2558,"date":"2017-10-10T14:38:39","date_gmt":"2017-10-10T14:38:39","guid":{"rendered":"http:\/\/www.tatanka.nl\/?post_type=product&#038;p=2558"},"modified":"2026-03-15T12:48:28","modified_gmt":"2026-03-15T11:48:28","slug":"mexicana-truffles-10-gram-mushrooms-shrooms","status":"publish","type":"product","link":"https:\/\/www.tatanka.nl\/fr\/mexicana-truffles-10-gram-mushrooms-shrooms\/","title":{"rendered":"Mexicana Truffes magiques"},"content":{"rendered":"<h2 dir=\"ltr\" data-pm-slice=\"1 1 []\">Qu'est-ce que les truffes magiques Mexicana ?<\/h2>\n<p dir=\"ltr\">Mexicana Les truffes magiques, scientifiquement connues sous le nom de scl\u00e9rotes, sont un produit naturel form\u00e9 par des fils de myc\u00e9lium souterrains. Ces fils cr\u00e9ent une masse compacte qui stocke les nutriments, permettant la croissance des champignons lorsque les conditions de temp\u00e9rature et d'humidit\u00e9 sont id\u00e9ales. Souvent appel\u00e9es \"truffes magiques\" pour leurs propri\u00e9t\u00e9s psychoactives, elles contiennent de la psilocybine, qui se transforme en psilocine dans le corps, influen\u00e7ant les niveaux de s\u00e9rotonine et induisant une exp\u00e9rience hallucinog\u00e8ne. Les Mexicana Magic Truffles sont r\u00e9put\u00e9es pour leurs effets vibrants et color\u00e9s, ce qui en fait un choix populaire pour ceux qui d\u00e9couvrent les psych\u00e9d\u00e9liques. Leur impact doux mais profond offre un m\u00e9lange d'hallucinations visuelles et d'introspection, cr\u00e9ant un voyage unique et personnel. Consomm\u00e9es pour leur capacit\u00e9 \u00e0 modifier la perception et \u00e0 favoriser la d\u00e9couverte de soi, ces truffes constituent un moyen s\u00fbr et contr\u00f4l\u00e9 d'explorer des \u00e9tats de conscience alt\u00e9r\u00e9s. Avec un profil nutritionnel qui soutient l'\u00e9nergie et les fonctions corporelles, elles sont plus qu'une simple substance psychoactive - elles sont un pont vers une compr\u00e9hension plus profonde de soi et du monde.<\/p>\n<h2 dir=\"ltr\">Historique des truffes magiques Mexicana<\/h2>\n<p dir=\"ltr\">Les origines des truffes magiques Mexicana remontent aux anciennes cultures m\u00e9soam\u00e9ricaines, o\u00f9 les champignons contenant de la psilocybine \u00e9taient consid\u00e9r\u00e9s comme sacr\u00e9s. Appel\u00e9es \"chair des dieux\" par les Azt\u00e8ques, ces substances \u00e9taient utilis\u00e9es lors de c\u00e9r\u00e9monies spirituelles pour entrer en contact avec le divin et acqu\u00e9rir une certaine compr\u00e9hension. Les truffes magiques Mexicana, en particulier, sont d\u00e9riv\u00e9es du champignon Psilocybe Mexicana, originaire d'Am\u00e9rique centrale et d'Am\u00e9rique du Sud. Les chamans indig\u00e8nes les utilisaient pour la gu\u00e9rison, la divination et les rituels communautaires, car ils pensaient qu'elles ouvraient des portes vers d'autres royaumes. Leur utilisation a persist\u00e9 malgr\u00e9 la r\u00e9pression coloniale et a refait surface au XXe si\u00e8cle lorsque des chercheurs occidentaux ont red\u00e9couvert leurs propri\u00e9t\u00e9s psychoactives. Aujourd'hui, les truffes magiques Mexicana sont cultiv\u00e9es et consomm\u00e9es dans le monde entier, appr\u00e9ci\u00e9es pour leurs effets plus doux que ceux des autres vari\u00e9t\u00e9s. Elles repr\u00e9sentent un m\u00e9lange de tradition ancienne et d'exploration moderne, offrant aux utilisateurs un moyen de puiser dans des pratiques s\u00e9culaires de d\u00e9couverte de soi et de croissance spirituelle. Leur contenu nutritionnel, comprenant des vitamines et des min\u00e9raux, ajoute \u00e0 leur attrait en tant que produit holistique, connectant les utilisateurs \u00e0 la fois \u00e0 la nature et \u00e0 leur moi int\u00e9rieur d'une mani\u00e8re s\u00fbre et contr\u00f4l\u00e9e.<\/p>\n<h2 dir=\"ltr\">Comment utiliser les truffes magiques Mexicana<\/h2>\n<p dir=\"ltr\">L'utilisation de Mexicana Magic Truffles n\u00e9cessite une pr\u00e9paration et une attention particuli\u00e8res afin de garantir une exp\u00e9rience s\u00fbre et agr\u00e9able. Commencez dans un environnement calme et familier, avec des compagnons de confiance. Commencez par la moiti\u00e9 du contenu d'une bo\u00eete de 15 grammes, en m\u00e2chant soigneusement pour am\u00e9liorer l'absorption, ou faites-les infuser dans du th\u00e9 ou de la soupe pour les consommer plus facilement. Attendez 30 \u00e0 45 minutes pour mesurer les effets avant d'en envisager d'autres, car les effets s'intensifient progressivement. Pour des r\u00e9sultats optimaux, consommez-les \u00e0 jeun. Le trip atteint g\u00e9n\u00e9ralement son apog\u00e9e au bout de 1 \u00e0 3 heures et s'estompe au bout de 5 \u00e0 6 heures. Conservez les Mexicana Magic Truffles dans un endroit sombre et frais (2-4\u00b0C) pour pr\u00e9server leur puissance. Ne pas combiner avec de l'alcool, des m\u00e9dicaments ou d'autres substances, et ne jamais utiliser pendant la grossesse ou si vous avez moins de 18 ans. Les personnes souffrant de troubles mentaux, de probl\u00e8mes cardiaques ou d'autres probl\u00e8mes m\u00e9dicaux doivent s'abstenir de consommer ce produit. Apr\u00e8s la consommation, ne pas conduire ou s'engager dans des activit\u00e9s \u00e0 risque. L'exp\u00e9rience peut varier, avec des hallucinations visuelles ou de profondes r\u00e9flexions philosophiques, il faut donc faire preuve d'ouverture d'esprit. En suivant ces conseils, les utilisateurs peuvent profiter pleinement de l'exp\u00e9rience unique et transformatrice offerte par les truffes magiques Mexicana.<\/p>\n<h2 dir=\"ltr\">Ingr\u00e9dients de Mexicana Truffes magiques<\/h2>\n<p dir=\"ltr\">Les truffes magiques Mexicana sont un produit naturel au profil nutritionnel riche, compos\u00e9 principalement de scl\u00e9rotes form\u00e9s par le myc\u00e9lium du Psilocybe Mexicana. Leur principal ingr\u00e9dient actif est la psilocybine, qui se transforme en psilocine dans l'organisme, d\u00e9clenchant ainsi les effets hallucinog\u00e8nes. Outre la psilocybine, elles contiennent des nutriments essentiels aux fonctions corporelles : 464,7 kJ d'\u00e9nergie, 13,2 grammes de glucides, 5,3 grammes de prot\u00e9ines et 16,7 grammes de fibres alimentaires pour 100 grammes. Ils contiennent \u00e9galement un minimum de graisses (0,4 gramme), 0,3 gramme de sel et des oligo-\u00e9l\u00e9ments comme le potassium (210 mg), le phosphore (169,3 mg) et le calcium (12,5 mg). En outre, ils contiennent de petites quantit\u00e9s de vitamine D (10 UI) et de fer (0,7 mg). Ces nutriments favorisent la production d'\u00e9nergie, la r\u00e9paration des tissus et la sant\u00e9 en g\u00e9n\u00e9ral, ce qui fait des Mexicana Magic Truffles bien plus qu'une simple substance psychoactive. Exemptes d'additifs artificiels, elles sont un produit pur et biologique. Cependant, leurs compos\u00e9s psychoactifs requi\u00e8rent un usage responsable, car ils modifient consid\u00e9rablement la perception et la conscience, offrant une exp\u00e9rience profonde lorsqu'ils sont consomm\u00e9s de mani\u00e8re r\u00e9fl\u00e9chie dans un cadre s\u00fbr et contr\u00f4l\u00e9.<\/p>\n<p dir=\"ltr\"><strong>Avertissement<\/strong><br \/>\nLes truffes magiques Mexicana contiennent de la psilocybine et de la psilocine d'origine naturelle, de puissants hallucinog\u00e8nes qui peuvent induire des alt\u00e9rations significatives de la conscience, y compris des hallucinations vives. Ces substances affectent les niveaux de s\u00e9rotonine, ce qui peut avoir un impact sur l'humeur, la perception et la cognition. Il convient d'en faire un usage responsable dans un environnement s\u00fbr et d'\u00e9viter d'en consommer si vous souffrez de troubles mentaux, de probl\u00e8mes cardiaques ou pulmonaires, de diab\u00e8te, si vous \u00eates enceinte ou si vous allaitez. Ne les combinez jamais avec de l'alcool, des m\u00e9dicaments ou d'autres drogues, car les interactions peuvent \u00eatre impr\u00e9visibles. Tenir les truffes magiques Mexicana hors de port\u00e9e des enfants en raison de leurs propri\u00e9t\u00e9s psychoactives. Ne pas conduire de v\u00e9hicules ou de machines pendant ou apr\u00e8s la consommation, car les effets peuvent persister. Les personnes de moins de 18 ans ne doivent pas les consommer. Soyez attentif au dosage, en commen\u00e7ant par une petite quantit\u00e9 pour \u00e9valuer la tol\u00e9rance, car les effets varient d'une personne \u00e0 l'autre. Conservez-les correctement afin de pr\u00e9server leur s\u00e9curit\u00e9 et leur puissance.<\/p>","protected":false},"excerpt":{"rendered":"<p><span style=\"font-size: 100%;\">Mexicana Mushroom Truffles est la plus l\u00e9g\u00e8re de notre gamme de truffes et constitue un excellent point de d\u00e9part si vous souhaitez obtenir l'effet le plus doux. <\/span>Psilocybe mexicana (Flesh Of The Gods) vous promet un trip euphorique et une satisfaction g\u00e9n\u00e9rale. L'effet visuel sera brillant.<\/p>","protected":false},"featured_media":35150,"template":"","meta":[],"product_brand":[],"product_cat":[516,297,577,595,395,518,513,515,519,476],"product_tag":[662],"class_list":{"0":"post-2558","1":"product","2":"type-product","3":"status-publish","4":"has-post-thumbnail","6":"product_cat-magic-truffles","7":"product_cat-all-products","8":"product_cat-beginner-magic-truffles","9":"product_cat-mcsmart","10":"product_cat-microdosing","11":"product_cat-mushrooms","12":"product_cat-party","13":"product_cat-shroomshop","14":"product_cat-shroomshop-top-10","15":"product_cat-smartshop","16":"product_tag-shrdeal","17":"product_shipping_class-creditcard-off","19":"first","20":"instock","21":"taxable","22":"shipping-taxable","23":"purchasable","24":"product-type-variable","25":"has-default-attributes"},"_links":{"self":[{"href":"https:\/\/www.tatanka.nl\/fr\/wp-json\/wp\/v2\/product\/2558","targetHints":{"allow":["GET"]}}],"collection":[{"href":"https:\/\/www.tatanka.nl\/fr\/wp-json\/wp\/v2\/product"}],"about":[{"href":"https:\/\/www.tatanka.nl\/fr\/wp-json\/wp\/v2\/types\/product"}],"wp:featuredmedia":[{"embeddable":true,"href":"https:\/\/www.tatanka.nl\/fr\/wp-json\/wp\/v2\/media\/35150"}],"wp:attachment":[{"href":"https:\/\/www.tatanka.nl\/fr\/wp-json\/wp\/v2\/media?parent=2558"}],"wp:term":[{"taxonomy":"product_brand","embeddable":true,"href":"https:\/\/www.tatanka.nl\/fr\/wp-json\/wp\/v2\/product_brand?post=2558"},{"taxonomy":"product_cat","embeddable":true,"href":"https:\/\/www.tatanka.nl\/fr\/wp-json\/wp\/v2\/product_cat?post=2558"},{"taxonomy":"product_tag","embeddable":true,"href":"https:\/\/www.tatanka.nl\/fr\/wp-json\/wp\/v2\/product_tag?post=2558"}],"curies":[{"name":"wp","href":"https:\/\/api.w.org\/{rel}","templated":true}]}}