{"id":2562,"date":"2017-10-10T15:17:50","date_gmt":"2017-10-10T15:17:50","guid":{"rendered":"http:\/\/www.tatanka.nl\/?post_type=product&#038;p=2562"},"modified":"2026-04-08T00:48:33","modified_gmt":"2026-04-07T23:48:33","slug":"atlantis-truffles-10-gram-mushrooms-shrooms","status":"publish","type":"product","link":"https:\/\/www.tatanka.nl\/fr\/atlantis-truffles-10-gram-mushrooms-shrooms\/","title":{"rendered":"Atlantis Truffes magiques"},"content":{"rendered":"<h2>Qu'est-ce que les truffes magiques Psilocybe Atlantis ?<\/h2>\n<p>Psilocybe Atlantis Les truffes magiques, souvent appel\u00e9es scl\u00e9rotes, sont des formations souterraines de fils de myc\u00e9lium qui stockent les nutriments n\u00e9cessaires \u00e0 la croissance des champignons. Ces truffes se forment lorsque les conditions environnementales, telles que les baisses de temp\u00e9rature et l'augmentation de l'humidit\u00e9, ne sont pas id\u00e9ales pour les champignons, ce qui permet au myc\u00e9lium de cr\u00e9er une r\u00e9serve riche en nutriments. Ce processus naturel en fait une source puissante de psilocybine, le compos\u00e9 responsable de leurs effets psychoactifs. Les truffes magiques Psilocybe Atlantis sont r\u00e9put\u00e9es pour leur accessibilit\u00e9, offrant une exp\u00e9rience unique qui va des hallucinations visuelles aux r\u00e9flexions philosophiques profondes. Leur polyvalence en fait les pr\u00e9f\u00e9r\u00e9es de ceux qui recherchent un d\u00e9veloppement personnel ou une nouvelle perspective. Ils contiennent des nutriments tels que des hydrates de carbone, des prot\u00e9ines et des min\u00e9raux, et contribuent \u00e9galement au bon fonctionnement de l'organisme. Pendant des si\u00e8cles, des substances similaires ont \u00e9t\u00e9 utilis\u00e9es dans des pratiques spirituelles et aujourd'hui, les truffes magiques Psilocybe Atlantis continuent de captiver les utilisateurs par leur capacit\u00e9 \u00e0 lib\u00e9rer le potentiel de l'esprit, en favorisant la cr\u00e9ativit\u00e9 et la conscience de soi dans un cadre contr\u00f4l\u00e9 et s\u00fbr.<\/p>\n<h2>Histoire des truffes magiques Psilocybe Atlantis<\/h2>\n<p>L'utilisation de substances contenant de la psilocybine, comme les truffes magiques Psilocybe Atlantis, remonte \u00e0 des milliers d'ann\u00e9es dans les cultures indig\u00e8nes de M\u00e9so-Am\u00e9rique et d'ailleurs. Les soci\u00e9t\u00e9s anciennes v\u00e9n\u00e9raient ces compos\u00e9s naturels pour leurs propri\u00e9t\u00e9s spirituelles et chamaniques, les utilisant dans des rituels pour entrer en contact avec le divin ou acqu\u00e9rir de la perspicacit\u00e9. Bien que la souche sp\u00e9cifique Atlantis soit une d\u00e9couverte moderne, nomm\u00e9e en raison de son allure mythique, ses racines sont li\u00e9es \u00e0 cette riche histoire. Trouv\u00e9e dans des r\u00e9gions comme le sud-est des \u00c9tats-Unis, cette vari\u00e9t\u00e9 a \u00e9t\u00e9 identifi\u00e9e pour ses effets \u00e9quilibr\u00e9s, m\u00ealant des images vives \u00e0 une profondeur introspective. Au fil du temps, l'int\u00e9r\u00eat scientifique croissant a permis de mieux comprendre l'impact de la psilocybine sur les r\u00e9cepteurs de la s\u00e9rotonine, validant ainsi son utilisation traditionnelle. Au cours des derni\u00e8res d\u00e9cennies, les truffes magiques Psilocybe Atlantis ont gagn\u00e9 en popularit\u00e9 dans les r\u00e9gions o\u00f9 elles sont l\u00e9galement disponibles, port\u00e9es par un regain d'int\u00e9r\u00eat pour les psych\u00e9d\u00e9liques dans le cadre de l'exploration personnelle et du potentiel th\u00e9rapeutique. Leur essor est le reflet d'un changement culturel plus large qui consiste \u00e0 adopter des substances naturelles pour le d\u00e9veloppement mental et \u00e9motionnel, les utilisateurs \u00e9tant attir\u00e9s par leur capacit\u00e9 \u00e0 inspirer l'\u00e9merveillement et la d\u00e9couverte de soi, poursuivant ainsi l'h\u00e9ritage de la fascination humaine pour les possibilit\u00e9s inexploit\u00e9es de l'esprit.<\/p>\n<h2>Comment utiliser les truffes magiques Psilocybe Atlantis<\/h2>\n<p>L'utilisation de Psilocybe Atlantis Magic Truffles n\u00e9cessite une pr\u00e9paration minutieuse pour garantir une exp\u00e9rience s\u00fbre et agr\u00e9able. Commencez dans un environnement calme et familier afin de vous sentir \u00e0 l'aise. Pour une premi\u00e8re utilisation, commencez par la moiti\u00e9 du contenu d'une bo\u00eete, qui p\u00e8se g\u00e9n\u00e9ralement environ 15 grammes, et attendez 30 \u00e0 45 minutes pour mesurer les effets avant d'envisager d'en consommer davantage. La consommation \u00e0 jeun favorise l'absorption et le fait de bien m\u00e2cher am\u00e9liore la puissance. Vous pouvez \u00e9galement infuser les truffes dans du th\u00e9 ou les m\u00e9langer \u00e0 une soupe pour en faciliter la consommation. Conservez-les dans un endroit sombre et frais, entre 2\u00b0C et 4\u00b0C, pour pr\u00e9server leur fra\u00eecheur. Les effets atteignent g\u00e9n\u00e9ralement leur maximum au bout de 1 \u00e0 3 heures et s'estompent au bout de 5 \u00e0 6 heures. \u00c9vitez de les combiner avec de l'alcool, des m\u00e9dicaments ou d'autres substances, et assurez-vous d'\u00eatre en bonne sant\u00e9 mentale et physique. Ne d\u00e9passez jamais une bo\u00eete par session et \u00e9vitez de consommer si vous avez moins de 18 ans, si vous \u00eates enceinte ou si vous souffrez de troubles tels que la d\u00e9pression ou des probl\u00e8mes cardiaques. Apr\u00e8s l'ingestion, d\u00e9tendez-vous et laissez l'exp\u00e9rience se d\u00e9rouler naturellement, en laissant les truffes vous guider dans un voyage transformateur d'introspection et d'\u00e9merveillement, adapt\u00e9 \u00e0 votre \u00e9tat d'esprit et \u00e0 votre environnement uniques.<\/p>\n<h2>Ingr\u00e9dients des truffes magiques Psilocybe Atlantis<\/h2>\n<p>Les truffes magiques Psilocybe Atlantis sont un produit naturel contenant \u00e0 la fois des compos\u00e9s psychoactifs et des nutriments essentiels. Le principal ingr\u00e9dient actif est la psilocybine, qui se transforme en psilocine dans le corps, influen\u00e7ant les r\u00e9cepteurs de la s\u00e9rotonine pour produire des effets hallucinog\u00e8nes. Outre la psilocybine, ces truffes contiennent des nutriments essentiels \u00e0 la sant\u00e9 humaine, notamment 13,2 grammes d'hydrates de carbone, 5,3 grammes de prot\u00e9ines et 16,7 grammes de fibres alimentaires pour 100 grammes. Ils fournissent \u00e9galement 0,4 gramme de graisse, 0,3 gramme de sel et des min\u00e9raux tels que le potassium (210 mg), le phosphore (169,3 mg), le calcium (12,5 mg) et le fer (0,7 mg). Des traces de vitamine D (10 UI) et de sodium (13,6 mg) contribuent \u00e9galement \u00e0 leur profil nutritionnel. Ces composants favorisent la production d'\u00e9nergie, les fonctions corporelles et le bien-\u00eatre g\u00e9n\u00e9ral, ce qui fait des truffes bien plus qu'une simple substance psychoactive. Cultiv\u00e9es sous terre sous forme de scl\u00e9rotes, elles absorbent ces nutriments pour soutenir la croissance potentielle des champignons, offrant ainsi un m\u00e9lange unique de compos\u00e9s naturels. Cette combinaison de psilocybine et de nutriments souligne leur attrait, offrant \u00e0 la fois une exp\u00e9rience mystique et une source de subsistance pour les utilisateurs aventureux \u00e0 la recherche d'un voyage holistique.<\/p>\n<p><strong>Avertissements<\/strong><\/p>\n<p>Les truffes magiques Psilocybe Atlantis contiennent de la psilocybine et de la psilocine d'origine naturelle, qui sont des hallucinog\u00e8nes puissants qui alt\u00e8rent la conscience et peuvent induire des hallucinations vives. A utiliser avec pr\u00e9caution et uniquement dans un environnement s\u00fbr et contr\u00f4l\u00e9. Ne pas consommer si vous avez des probl\u00e8mes de sant\u00e9 mentale, tels que la d\u00e9pression, ou des probl\u00e8mes physiques tels que l'hypertension ou l'hypotension, des probl\u00e8mes cardiaques ou pulmonaires, le diab\u00e8te, ou si vous \u00eates enceinte ou si vous allaitez. \u00c9vitez de consommer si vous avez moins de 18 ans et ne combinez jamais avec de l'alcool, des m\u00e9dicaments ou d'autres drogues. Il est interdit de conduire ou d'utiliser des machines pendant ou apr\u00e8s l'utilisation. Conserver hors de port\u00e9e des enfants en raison des propri\u00e9t\u00e9s psychoactives. Soyez attentif aux effets intenses, qui peuvent varier en fonction du dosage et de la sensibilit\u00e9 individuelle, et assurez-vous d'\u00eatre dans un \u00e9tat mental stable avant de consommer.<\/p>","protected":false},"excerpt":{"rendered":"<p><span style=\"font-size: 100%;\">Psilocybe <\/span>Atlantis Truffes aux champignons <span style=\"font-size: 100%;\">sont similaires aux truffes Mexicana, mais sont plus fortes. La truffe Atlantis a un effet visuel plus l\u00e9ger que les autres truffes en forme de champignon. <\/span><span style=\"font-size: 100%;\">Magic Truffles Atlantis vous rendra cr\u00e9atif, vous ouvrira \u00e0 la conscience, vous fera exp\u00e9rimenter un effet visuel color\u00e9 avec des sensations chaudes et des picotements d'euphorie.<\/span><\/p>","protected":false},"featured_media":35146,"template":"","meta":[],"product_brand":[],"product_cat":[516,297,577,595,395,518,513,515,519,476,514],"product_tag":[662],"class_list":{"0":"post-2562","1":"product","2":"type-product","3":"status-publish","4":"has-post-thumbnail","6":"product_cat-magic-truffles","7":"product_cat-all-products","8":"product_cat-beginner-magic-truffles","9":"product_cat-mcsmart","10":"product_cat-microdosing","11":"product_cat-mushrooms","12":"product_cat-party","13":"product_cat-shroomshop","14":"product_cat-shroomshop-top-10","15":"product_cat-smartshop","16":"product_cat-smartshop-top-10","17":"product_tag-shrdeal","18":"product_shipping_class-creditcard-off","20":"first","21":"instock","22":"taxable","23":"shipping-taxable","24":"purchasable","25":"product-type-variable","26":"has-default-attributes"},"_links":{"self":[{"href":"https:\/\/www.tatanka.nl\/fr\/wp-json\/wp\/v2\/product\/2562","targetHints":{"allow":["GET"]}}],"collection":[{"href":"https:\/\/www.tatanka.nl\/fr\/wp-json\/wp\/v2\/product"}],"about":[{"href":"https:\/\/www.tatanka.nl\/fr\/wp-json\/wp\/v2\/types\/product"}],"wp:featuredmedia":[{"embeddable":true,"href":"https:\/\/www.tatanka.nl\/fr\/wp-json\/wp\/v2\/media\/35146"}],"wp:attachment":[{"href":"https:\/\/www.tatanka.nl\/fr\/wp-json\/wp\/v2\/media?parent=2562"}],"wp:term":[{"taxonomy":"product_brand","embeddable":true,"href":"https:\/\/www.tatanka.nl\/fr\/wp-json\/wp\/v2\/product_brand?post=2562"},{"taxonomy":"product_cat","embeddable":true,"href":"https:\/\/www.tatanka.nl\/fr\/wp-json\/wp\/v2\/product_cat?post=2562"},{"taxonomy":"product_tag","embeddable":true,"href":"https:\/\/www.tatanka.nl\/fr\/wp-json\/wp\/v2\/product_tag?post=2562"}],"curies":[{"name":"wp","href":"https:\/\/api.w.org\/{rel}","templated":true}]}}