{"id":2564,"date":"2017-10-09T15:41:30","date_gmt":"2017-10-09T14:41:30","guid":{"rendered":"http:\/\/www.tatanka.nl\/?post_type=product&#038;p=2564"},"modified":"2025-10-16T07:55:32","modified_gmt":"2025-10-16T06:55:32","slug":"tampanensis-truffles-10-gram-magic-mushrooms-shrooms","status":"publish","type":"product","link":"https:\/\/www.tatanka.nl\/fr\/tampanensis-truffles-10-gram-magic-mushrooms-shrooms\/","title":{"rendered":"Tampanensis Truffes magiques"},"content":{"rendered":"<h2 dir=\"ltr\" data-pm-slice=\"1 1 []\">Que sont les Psilocybe Tampanensis ?<\/h2>\n<p dir=\"ltr\">Psilocybe Tampanensis, souvent appel\u00e9 la pierre philosophale, est un type de truffe magique, scientifiquement connu sous le nom de scl\u00e9rotes. Ces truffes se forment sous terre \u00e0 partir de fils de myc\u00e9lium lorsque les conditions de temp\u00e9rature et d'humidit\u00e9 ne sont pas id\u00e9ales pour la croissance des champignons. Le myc\u00e9lium se compacte alors en scl\u00e9rotes riches en nutriments, qui stockent de l'\u00e9nergie pour le d\u00e9veloppement futur des champignons. Psilocybe Tampanensis est c\u00e9l\u00e8bre pour ses effets uniques, offrant un voyage philosophique plus doux que les autres truffes magiques, ce qui la rend id\u00e9ale pour les d\u00e9butants. Les utilisateurs font souvent \u00e9tat d'une sensation de gaiet\u00e9 et d'euphorie associ\u00e9e \u00e0 des pens\u00e9es profondes et introspectives. La capacit\u00e9 de la truffe \u00e0 susciter la d\u00e9couverte de soi et une nouvelle perspective sur la vie en a fait l'une des pr\u00e9f\u00e9r\u00e9es de ceux qui explorent les \u00e9tats de conscience modifi\u00e9s. Chaque bo\u00eete contient 15 grammes, con\u00e7us pour qu'un seul utilisateur puisse faire l'exp\u00e9rience d'un voyage complet. Les effets varient en fonction du dosage et de la sensibilit\u00e9 individuelle, mais ils constituent toujours un moyen s\u00fbr et contr\u00f4l\u00e9 d'explorer l'esprit. Conserv\u00e9es correctement entre 2\u00b0C et 4\u00b0C, ces truffes restent fra\u00eeches et puissantes, pr\u00eates \u00e0 offrir une exp\u00e9rience transformatrice dans un environnement de confiance.<\/p>\n<h2 dir=\"ltr\">Histoire du Psilocybe Tampanensis<\/h2>\n<p dir=\"ltr\">L'histoire du Psilocybe Tampanensis remonte \u00e0 la fin du XXe si\u00e8cle, lorsqu'il a \u00e9t\u00e9 d\u00e9couvert pour la premi\u00e8re fois \u00e0 Tampa, en Floride, en 1977, ce qui lui a valu le nom de \"Tampanensis\". Initialement \u00e9tudi\u00e9e pour sa teneur en psilocybine, elle est devenue c\u00e9l\u00e8bre sous le nom de \"pierre philosophale\" en raison de ses effets profonds et stimulants. Les cultures indig\u00e8nes utilisent depuis longtemps des champignons contenant de la psilocybine \u00e0 des fins spirituelles et chamaniques, mais le Psilocybe Tampanensis est devenu le favori des temps modernes en raison de son accessibilit\u00e9 et de ses effets plus doux. Dans les ann\u00e9es 1990, il \u00e9tait cultiv\u00e9 aux Pays-Bas, o\u00f9 les truffes magiques sont devenues une alternative l\u00e9gale aux champignons \u00e0 psilocybine. Sa popularit\u00e9 croissante s'explique par sa capacit\u00e9 \u00e0 offrir une exp\u00e9rience contr\u00f4l\u00e9e et introspective sans effets visuels accablants, ce qui s\u00e9duit \u00e0 la fois les utilisateurs novices et exp\u00e9riment\u00e9s. Aujourd'hui, le Psilocybe Tampanensis est une pierre angulaire du march\u00e9 des truffes magiques, appr\u00e9ci\u00e9 pour sa profondeur philosophique et son lien avec la conscience de soi. Son parcours, d'une d\u00e9couverte sauvage en Floride \u00e0 une truffe mondialement reconnue, refl\u00e8te l'int\u00e9r\u00eat croissant pour les psych\u00e9d\u00e9liques dans le cadre de l'\u00e9panouissement personnel. L'h\u00e9ritage de la truffe continue d'\u00e9voluer \u00e0 mesure que de plus en plus de personnes recherchent des exp\u00e9riences significatives et transformatrices gr\u00e2ce \u00e0 son utilisation dans des environnements s\u00fbrs et intentionnels.<\/p>\n<h2 dir=\"ltr\">Comment utiliser Psilocybe Tampanensis<\/h2>\n<p dir=\"ltr\">L'utilisation du Psilocybe Tampanensis n\u00e9cessite des pr\u00e9cautions pour garantir une exp\u00e9rience s\u00fbre et agr\u00e9able. Commencez dans un environnement calme et familier pour vous sentir en s\u00e9curit\u00e9 pendant le voyage. Commencez par la moiti\u00e9 de la bo\u00eete de 15 grammes, en m\u00e2chant soigneusement pour am\u00e9liorer l'absorption, car les truffes fonctionnent mieux sur un estomac vide. Apr\u00e8s 30 \u00e0 45 minutes, \u00e9valuez les effets avant de d\u00e9cider d'en consommer davantage, car une petite dose suppl\u00e9mentaire peut intensifier l'exp\u00e9rience. Vous pouvez \u00e9galement pr\u00e9parer les truffes sous forme de th\u00e9 ou de soupe pour en faciliter la consommation. Les effets atteignent g\u00e9n\u00e9ralement leur maximum 1 \u00e0 3 heures apr\u00e8s l'ingestion, et le voyage dure de 5 \u00e0 6 heures. Conservez Psilocybe Tampanensis dans un endroit sombre et frais (2\u00b0C-4\u00b0C) pour pr\u00e9server son efficacit\u00e9. Ne pas combiner avec de l'alcool, des m\u00e9dicaments ou d'autres drogues, et ne jamais utiliser pendant la grossesse, l'allaitement ou si vous souffrez de troubles mentaux ou physiques tels que la d\u00e9pression, les probl\u00e8mes cardiaques ou le diab\u00e8te. Il est interdit de conduire ou d'utiliser des machines pendant l'utilisation. Pour une exp\u00e9rience optimale, d\u00e9tendez-vous et profitez du voyage, en laissant les effets philosophiques de la truffe se d\u00e9ployer naturellement. Psilocybe Tampanensis ne convient pas aux personnes de moins de 18 ans. Seuls les adultes peuvent explorer ses propri\u00e9t\u00e9s uniques et stimulantes de mani\u00e8re responsable.<\/p>\n<h2 dir=\"ltr\">Ingr\u00e9dients du Psilocybe Tampanensis<\/h2>\n<p dir=\"ltr\">Psilocybe Tampanensis est un produit naturel riche en nutriments et en compos\u00e9s bioactifs. Le principal ingr\u00e9dient actif est la psilocybine, qui se transforme en psilocine dans le corps, influen\u00e7ant les niveaux de s\u00e9rotonine pour cr\u00e9er le trip hallucinog\u00e8ne caract\u00e9ristique. Outre la psilocybine, la truffe contient des nutriments essentiels \u00e0 la sant\u00e9 humaine, notamment 13,2 grammes de glucides, 5,3 grammes de prot\u00e9ines et 0,4 gramme de lipides pour 100 grammes. Elle fournit \u00e9galement 16,7 grammes de fibres alimentaires, qui facilitent la digestion, et 0,3 gramme de sel. Les principaux min\u00e9raux comprennent 210 mg de potassium, 169,3 mg de phosphore, 12,5 mg de calcium et 0,7 mg de fer pour 100 grammes, ainsi que 13,6 mg de sodium. En outre, il contient 10 UI de vitamine D, ce qui contribue au bien-\u00eatre g\u00e9n\u00e9ral. Ces nutriments font du Psilocybe Tampanensis non seulement une source d'exploration mentale profonde, mais aussi un compl\u00e9ment alimentaire unique. La composition naturelle de la truffe soutient son r\u00f4le dans les voyages de d\u00e9veloppement personnel, apportant \u00e0 la fois des id\u00e9es philosophiques et une valeur nutritionnelle. Consommez toujours de mani\u00e8re responsable, car les compos\u00e9s psychoactifs doivent \u00eatre manipul\u00e9s avec pr\u00e9caution pour garantir une exp\u00e9rience s\u00fbre et significative.<\/p>\n<p dir=\"ltr\"><strong>Avertissement<\/strong><br \/>\nPsilocybe Tampanensis contient de la psilocybine et de la psilocine, des hallucinog\u00e8nes naturels qui alt\u00e8rent la conscience et peuvent induire des hallucinations vives. Ces substances peuvent affecter de mani\u00e8re significative la perception, l'humeur et les processus de pens\u00e9e, c'est pourquoi il convient de les utiliser avec pr\u00e9caution. Consommez-les toujours dans un environnement s\u00fbr et contr\u00f4l\u00e9 et \u00e9vitez-les si vous avez des probl\u00e8mes de sant\u00e9 mentale, des probl\u00e8mes physiques, si vous \u00eates enceinte ou si vous allaitez. Conservez Psilocybe Tampanensis hors de port\u00e9e des enfants en raison de ses puissants effets psychoactifs. L'abus ou la surconsommation peut entra\u00eener des exp\u00e9riences impr\u00e9visibles. Il convient donc de respecter scrupuleusement les consignes de dosage et de ne jamais combiner le produit avec d'autres substances.<\/p>","protected":false},"excerpt":{"rendered":"<p><span style=\"font-size: 100%;\">Le psilocybe Tampanensis est parfait pour un voyage introspectif avec un fort effet c\u00e9r\u00e9bral, mais peu d'exp\u00e9rience visuelle. <\/span><span style=\"font-size: 100%;\">Cette vari\u00e9t\u00e9 est connue sous le nom de \"Philosopher's Stones\". La Tampanensis est une vari\u00e9t\u00e9 l\u00e9g\u00e8re qui procure une pens\u00e9e cr\u00e9ative, un voyage spirituel intense et m\u00e9ditatif.<\/span><\/p>","protected":false},"featured_media":35152,"template":"","meta":[],"product_brand":[],"product_cat":[516,297,577,595,395,518,513,515,476],"product_tag":[662],"class_list":{"0":"post-2564","1":"product","2":"type-product","3":"status-publish","4":"has-post-thumbnail","6":"product_cat-magic-truffles","7":"product_cat-all-products","8":"product_cat-beginner-magic-truffles","9":"product_cat-mcsmart","10":"product_cat-microdosing","11":"product_cat-mushrooms","12":"product_cat-party","13":"product_cat-shroomshop","14":"product_cat-smartshop","15":"product_tag-shrdeal","16":"product_shipping_class-creditcard-off","18":"first","19":"instock","20":"taxable","21":"shipping-taxable","22":"purchasable","23":"product-type-variable","24":"has-default-attributes"},"_links":{"self":[{"href":"https:\/\/www.tatanka.nl\/fr\/wp-json\/wp\/v2\/product\/2564","targetHints":{"allow":["GET"]}}],"collection":[{"href":"https:\/\/www.tatanka.nl\/fr\/wp-json\/wp\/v2\/product"}],"about":[{"href":"https:\/\/www.tatanka.nl\/fr\/wp-json\/wp\/v2\/types\/product"}],"wp:featuredmedia":[{"embeddable":true,"href":"https:\/\/www.tatanka.nl\/fr\/wp-json\/wp\/v2\/media\/35152"}],"wp:attachment":[{"href":"https:\/\/www.tatanka.nl\/fr\/wp-json\/wp\/v2\/media?parent=2564"}],"wp:term":[{"taxonomy":"product_brand","embeddable":true,"href":"https:\/\/www.tatanka.nl\/fr\/wp-json\/wp\/v2\/product_brand?post=2564"},{"taxonomy":"product_cat","embeddable":true,"href":"https:\/\/www.tatanka.nl\/fr\/wp-json\/wp\/v2\/product_cat?post=2564"},{"taxonomy":"product_tag","embeddable":true,"href":"https:\/\/www.tatanka.nl\/fr\/wp-json\/wp\/v2\/product_tag?post=2564"}],"curies":[{"name":"wp","href":"https:\/\/api.w.org\/{rel}","templated":true}]}}