{"id":2567,"date":"2017-10-10T16:02:05","date_gmt":"2017-10-10T16:02:05","guid":{"rendered":"http:\/\/www.tatanka.nl\/?post_type=product&#038;p=2567"},"modified":"2026-04-10T00:48:42","modified_gmt":"2026-04-09T23:48:42","slug":"mushrocks-magic-truffles-15-gram-mushrooms-shrooms","status":"publish","type":"product","link":"https:\/\/www.tatanka.nl\/fr\/mushrocks-magic-truffles-15-gram-mushrooms-shrooms\/","title":{"rendered":"Mushrocks Truffes magiques"},"content":{"rendered":"<h2>Qu'est-ce que les Truffes Magiques MushRocks ?<\/h2>\n<p>Les truffes magiques MushRocks sont des scl\u00e9rotes, une masse compacte de fils de myc\u00e9lium form\u00e9e sous terre par certains champignons. Ces truffes se d\u00e9veloppent lorsque les conditions environnementales, telles que les baisses de temp\u00e9rature et l'augmentation de l'humidit\u00e9, ne sont pas id\u00e9ales pour la croissance des champignons. Le myc\u00e9lium stocke alors des nutriments, cr\u00e9ant des scl\u00e9rotes qui peuvent ensuite donner naissance \u00e0 des champignons lorsque les conditions s'am\u00e9liorent. Connues pour leur teneur en psilocybine, les Truffes Magiques MushRocks offrent une exp\u00e9rience hallucinog\u00e8ne, souvent d\u00e9crite comme un \"trip\", qui peut aller de visions vives \u00e0 de profondes intuitions philosophiques. Chaque bo\u00eete contient 15 grammes de Psilocybe Galindoii, fabriqu\u00e9s par McSmart Truffles pour un effet constant et puissant. Les utilisateurs rapportent un voyage unique dans le temps, l'espace ou leur conscience int\u00e9rieure, ce qui rend ces truffes populaires parmi les psychonautes. L'exp\u00e9rience d\u00e9pend du dosage, de l'environnement et de la sensibilit\u00e9 individuelle, ce qui garantit une aventure sur mesure pour chaque utilisateur. Que vous soyez novice en mati\u00e8re de truffes ou explorateur chevronn\u00e9, ce produit vous invite \u00e0 d\u00e9couvrir les myst\u00e8res de l'esprit et de l'univers d'une mani\u00e8re s\u00fbre et contr\u00f4l\u00e9e.<\/p>\n<h2>Histoire des truffes magiques MushRocks<\/h2>\n<p>L'utilisation de champignons contenant de la psilocybine, comme les MushRocks Magic Truffles, remonte \u00e0 plusieurs si\u00e8cles et trouve ses racines dans les cultures indig\u00e8nes de M\u00e9so-Am\u00e9rique. Les civilisations anciennes, telles que les Azt\u00e8ques, v\u00e9n\u00e9raient ces substances pour leurs propri\u00e9t\u00e9s spirituelles et curatives, les utilisant lors de rituels pour entrer en contact avec le divin ou comprendre les myst\u00e8res de la vie. Connus sous le nom de \"teonan\u00e1catl\" ou \"chair des dieux\", ces champignons \u00e9taient sacr\u00e9s. Au XXe si\u00e8cle, l'int\u00e9r\u00eat de l'Occident s'est accru apr\u00e8s que le mycologue R. Gordon Wasson a document\u00e9 leur utilisation au Mexique, ce qui a suscit\u00e9 la curiosit\u00e9 du monde entier. Les scl\u00e9rotes, la forme des MushRocks Magic Truffles, ont gagn\u00e9 en popularit\u00e9 \u00e0 l'\u00e9poque moderne en raison de leur statut l\u00e9gal dans certaines r\u00e9gions et de leur facilit\u00e9 de culture. Contrairement aux champignons, les scl\u00e9rotes se forment sous terre, ce qui les rend discr\u00e8tes et r\u00e9sistantes. Aujourd'hui, McSmart Truffles exploite cette ancienne tradition en la combinant avec des techniques de culture modernes pour produire des Psilocybe Galindoii de haute qualit\u00e9. L'essor des MushRocks Magic Truffles refl\u00e8te l'int\u00e9r\u00eat croissant pour les psych\u00e9d\u00e9liques dans le cadre de l'exploration personnelle et du bien-\u00eatre mental, les utilisateurs du monde entier appr\u00e9ciant leur capacit\u00e9 \u00e0 inspirer l'\u00e9merveillement et l'introspection. Cette riche histoire souligne l'attrait intemporel de ces truffes en tant que porte d'entr\u00e9e vers des exp\u00e9riences profondes.<\/p>\n<h2>Comment utiliser les truffes magiques MushRocks<\/h2>\n<p>Pour d\u00e9guster les Truffes Magiques MushRocks en toute s\u00e9curit\u00e9, commencez dans un environnement calme et familier, avec des compagnons de confiance. Commencez par la moiti\u00e9 des 15 grammes que contient la bo\u00eete, en m\u00e2chant soigneusement pour favoriser l'absorption, car cela am\u00e9liore l'efficacit\u00e9 des truffes. Les effets commencent g\u00e9n\u00e9ralement \u00e0 se faire sentir dans les 30 \u00e0 45 minutes qui suivent, il faut donc attendre avant de consommer davantage pour \u00e9valuer l'intensit\u00e9. Pour obtenir les meilleurs r\u00e9sultats, il est pr\u00e9f\u00e9rable de consommer les truffes \u00e0 jeun, car la nourriture peut retarder l'apparition des effets. Vous pouvez \u00e9galement faire infuser les truffes dans du th\u00e9 ou de la soupe pour un go\u00fbt plus doux. Conservez les truffes dans un endroit sombre et frais, entre 2\u00b0C et 4\u00b0C, afin de pr\u00e9server leur puissance. Le trip atteint son maximum 1 \u00e0 3 heures apr\u00e8s l'ingestion et dure 5 \u00e0 6 heures au total. Ne d\u00e9passez jamais une bo\u00eete par session et \u00e9vitez de les combiner avec de l'alcool, des m\u00e9dicaments ou d'autres substances. Les MushRocks Magic Truffles conviennent mieux aux personnes en bonne sant\u00e9 mentale et physique - \u00e0 \u00e9viter en cas de grossesse, de d\u00e9pression ou de probl\u00e8mes de sant\u00e9 tels que l'hypertension art\u00e9rielle ou le diab\u00e8te. Apr\u00e8s l'exp\u00e9rience, d\u00e9tendez-vous et r\u00e9fl\u00e9chissez aux connaissances acquises. Il est strictement interdit de conduire ou d'utiliser des machines pendant et apr\u00e8s l'utilisation. Cette approche prudente garantit un voyage transformateur en toute s\u00e9curit\u00e9 avec les truffes magiques MushRocks.<\/p>\n<h2>Ingr\u00e9dients des Truffes Magiques MushRocks<\/h2>\n<p>Les Truffes Magiques MushRocks sont un produit naturel compos\u00e9 principalement de scl\u00e9rotes du champignon Psilocybe Galindoii. Le principe actif cl\u00e9 est la psilocybine, qui se transforme en psilocine dans l'organisme, d\u00e9clenchant ainsi les effets hallucinog\u00e8nes. Outre la psilocybine, ces truffes contiennent une s\u00e9rie de nutriments essentiels \u00e0 la sant\u00e9 humaine, notamment des glucides (13,2 g pour 100 g), des prot\u00e9ines (5,3 g pour 100 g) et des fibres alimentaires (16,7 g pour 100 g). Ils contiennent \u00e9galement peu de mati\u00e8res grasses (0,4 g pour 100 g) et de sel (0,3 g pour 100 g), avec une valeur \u00e9nerg\u00e9tique de 110,5 kcal pour 100 g. Les oligo-\u00e9l\u00e9ments comme le potassium (210 mg par 100 g), le phosphore (169,3 mg par 100 g), le calcium (12,5 mg par 100 g) et le fer (0,7 mg par 100 g) soutiennent les fonctions corporelles, tandis que la vitamine D (10 UI par 100 g) ajoute une valeur nutritionnelle. Ces nutriments font des truffes non seulement une source d'exp\u00e9riences psych\u00e9d\u00e9liques, mais aussi un compl\u00e9ment alimentaire unique. Produites par McSmart Truffles, les scl\u00e9rotes sont cultiv\u00e9es pour garantir leur puret\u00e9 et leur puissance, sans additifs artificiels. Cette composition naturelle souligne l'attrait des truffes en tant que produit holistique pour les voyages d'exploration de l'esprit et les avantages nutritionnels, enracin\u00e9s dans les processus de la terre.<\/p>\n<p><strong>Avertissement<\/strong><\/p>\n<p>Les Truffes Magiques MushRocks contiennent de la psilocybine et de la psilocine, des hallucinog\u00e8nes naturels qui peuvent induire des effets profonds sur la conscience, y compris des hallucinations. Ces substances peuvent avoir un impact significatif sur la perception, les \u00e9motions et l'\u00e9tat mental, c'est pourquoi il convient de les consommer avec prudence. Toujours utiliser dans un environnement s\u00fbr et contr\u00f4l\u00e9 et \u00e9viter si vous avez des probl\u00e8mes de sant\u00e9 mentale, de d\u00e9pression, ou des conditions physiques comme des probl\u00e8mes cardiaques, pulmonaires ou de pression art\u00e9rielle, le diab\u00e8te, ou pendant la grossesse ou l'allaitement. Tenir hors de port\u00e9e des enfants en raison des effets puissants de ces compos\u00e9s. Ne pas consommer avant 18 ans et ne jamais combiner avec de l'alcool, des drogues ou des m\u00e9dicaments, car cela peut entra\u00eener des r\u00e9actions impr\u00e9visibles. Il est interdit de prendre part \u00e0 la circulation ou d'utiliser des machines pendant et apr\u00e8s l'utilisation. Conserver de mani\u00e8re responsable afin d'\u00e9viter toute ingestion accidentelle.<\/p>","protected":false},"excerpt":{"rendered":"<p><span style=\"font-size: 100%;\">Ces truffes au champignon psilocybe Mushrocks vous donneront un trip \u00e9nergique et euphorique moyen\/fort avec un effet visuel color\u00e9. Il est possible que vous ressentiez un coup de fouet. Il n'y a pas de v\u00e9ritables hallucinations.\u00a0<\/span><span style=\"font-size: 100%;\">Cette exp\u00e9rience intergalactique \u00e0 l'\u00e9nergie aventureuse vous emm\u00e8ne dans un espace id\u00e9al plein de bonheur !<\/span><\/p>","protected":false},"featured_media":35151,"template":"","meta":[],"product_brand":[],"product_cat":[516,297,595,395,518,513,515,519,476,578],"product_tag":[662],"class_list":{"0":"post-2567","1":"product","2":"type-product","3":"status-publish","4":"has-post-thumbnail","6":"product_cat-magic-truffles","7":"product_cat-all-products","8":"product_cat-mcsmart","9":"product_cat-microdosing","10":"product_cat-mushrooms","11":"product_cat-party","12":"product_cat-shroomshop","13":"product_cat-shroomshop-top-10","14":"product_cat-smartshop","15":"product_cat-strongest-magic-truffles","16":"product_tag-shrdeal","17":"product_shipping_class-creditcard-off","19":"first","20":"instock","21":"taxable","22":"shipping-taxable","23":"purchasable","24":"product-type-variable","25":"has-default-attributes"},"_links":{"self":[{"href":"https:\/\/www.tatanka.nl\/fr\/wp-json\/wp\/v2\/product\/2567","targetHints":{"allow":["GET"]}}],"collection":[{"href":"https:\/\/www.tatanka.nl\/fr\/wp-json\/wp\/v2\/product"}],"about":[{"href":"https:\/\/www.tatanka.nl\/fr\/wp-json\/wp\/v2\/types\/product"}],"wp:featuredmedia":[{"embeddable":true,"href":"https:\/\/www.tatanka.nl\/fr\/wp-json\/wp\/v2\/media\/35151"}],"wp:attachment":[{"href":"https:\/\/www.tatanka.nl\/fr\/wp-json\/wp\/v2\/media?parent=2567"}],"wp:term":[{"taxonomy":"product_brand","embeddable":true,"href":"https:\/\/www.tatanka.nl\/fr\/wp-json\/wp\/v2\/product_brand?post=2567"},{"taxonomy":"product_cat","embeddable":true,"href":"https:\/\/www.tatanka.nl\/fr\/wp-json\/wp\/v2\/product_cat?post=2567"},{"taxonomy":"product_tag","embeddable":true,"href":"https:\/\/www.tatanka.nl\/fr\/wp-json\/wp\/v2\/product_tag?post=2567"}],"curies":[{"name":"wp","href":"https:\/\/api.w.org\/{rel}","templated":true}]}}