{"id":26740,"date":"2020-03-06T13:50:35","date_gmt":"2020-03-06T13:50:35","guid":{"rendered":"https:\/\/www.tatanka.nl\/?post_type=product&#038;p=26740"},"modified":"2025-05-20T09:58:34","modified_gmt":"2025-05-20T08:58:34","slug":"silver-leaf-card-grinder","status":"publish","type":"product","link":"https:\/\/www.tatanka.nl\/fr\/silver-leaf-card-grinder\/","title":{"rendered":"Silver Hemp Leaf \u2013 Card Grinder"},"content":{"rendered":"","protected":false},"excerpt":{"rendered":"<p>Le look classique de Silver Leaf pour un caract\u00e8re cool et inoxydable. Broyez votre mat\u00e9riel \u00e0 fumer en d\u00e9placement avec cette carte de broyage Silver Leaf. Elle se glisse parfaitement dans votre portefeuille !<\/p>","protected":false},"featured_media":26744,"template":"","meta":[],"product_brand":[],"product_cat":[503,297,489,488],"product_tag":[],"class_list":{"0":"post-26740","1":"product","2":"type-product","3":"status-publish","4":"has-post-thumbnail","6":"product_cat-card-grinders","7":"product_cat-all-products","8":"product_cat-grinders","9":"product_cat-headshop","10":"product_shipping_class-creditcard-on","12":"first","13":"instock","14":"taxable","15":"shipping-taxable","16":"purchasable","17":"product-type-simple"},"_links":{"self":[{"href":"https:\/\/www.tatanka.nl\/fr\/wp-json\/wp\/v2\/product\/26740","targetHints":{"allow":["GET"]}}],"collection":[{"href":"https:\/\/www.tatanka.nl\/fr\/wp-json\/wp\/v2\/product"}],"about":[{"href":"https:\/\/www.tatanka.nl\/fr\/wp-json\/wp\/v2\/types\/product"}],"wp:featuredmedia":[{"embeddable":true,"href":"https:\/\/www.tatanka.nl\/fr\/wp-json\/wp\/v2\/media\/26744"}],"wp:attachment":[{"href":"https:\/\/www.tatanka.nl\/fr\/wp-json\/wp\/v2\/media?parent=26740"}],"wp:term":[{"taxonomy":"product_brand","embeddable":true,"href":"https:\/\/www.tatanka.nl\/fr\/wp-json\/wp\/v2\/product_brand?post=26740"},{"taxonomy":"product_cat","embeddable":true,"href":"https:\/\/www.tatanka.nl\/fr\/wp-json\/wp\/v2\/product_cat?post=26740"},{"taxonomy":"product_tag","embeddable":true,"href":"https:\/\/www.tatanka.nl\/fr\/wp-json\/wp\/v2\/product_tag?post=26740"}],"curies":[{"name":"wp","href":"https:\/\/api.w.org\/{rel}","templated":true}]}}