{"id":26808,"date":"2020-03-06T21:39:57","date_gmt":"2020-03-06T21:39:57","guid":{"rendered":"https:\/\/www.tatanka.nl\/?post_type=product&#038;p=26808"},"modified":"2025-05-20T09:57:56","modified_gmt":"2025-05-20T08:57:56","slug":"alice-in-grinderland-mad-hatter-card-grinder","status":"publish","type":"product","link":"https:\/\/www.tatanka.nl\/fr\/alice-in-grinderland-mad-hatter-card-grinder\/","title":{"rendered":"Alice in Grinderland \u2013 Mad Hatter"},"content":{"rendered":"","protected":false},"excerpt":{"rendered":"<p>Il s'agit d'une carte \u00e0 grinder collector de la s\u00e9rie Alice In Grinderland. Grillez votre mat\u00e9riel \u00e0 fumer en d\u00e9placement avec cette carte \u00e0 grinder du Chapelier Fou. Elle se glisse parfaitement dans votre portefeuille !<\/p>","protected":false},"featured_media":26809,"template":"","meta":[],"product_brand":[],"product_cat":[503,297,489,488],"product_tag":[],"class_list":{"0":"post-26808","1":"product","2":"type-product","3":"status-publish","4":"has-post-thumbnail","6":"product_cat-card-grinders","7":"product_cat-all-products","8":"product_cat-grinders","9":"product_cat-headshop","10":"product_shipping_class-creditcard-on","12":"first","13":"instock","14":"taxable","15":"shipping-taxable","16":"purchasable","17":"product-type-simple"},"_links":{"self":[{"href":"https:\/\/www.tatanka.nl\/fr\/wp-json\/wp\/v2\/product\/26808","targetHints":{"allow":["GET"]}}],"collection":[{"href":"https:\/\/www.tatanka.nl\/fr\/wp-json\/wp\/v2\/product"}],"about":[{"href":"https:\/\/www.tatanka.nl\/fr\/wp-json\/wp\/v2\/types\/product"}],"wp:featuredmedia":[{"embeddable":true,"href":"https:\/\/www.tatanka.nl\/fr\/wp-json\/wp\/v2\/media\/26809"}],"wp:attachment":[{"href":"https:\/\/www.tatanka.nl\/fr\/wp-json\/wp\/v2\/media?parent=26808"}],"wp:term":[{"taxonomy":"product_brand","embeddable":true,"href":"https:\/\/www.tatanka.nl\/fr\/wp-json\/wp\/v2\/product_brand?post=26808"},{"taxonomy":"product_cat","embeddable":true,"href":"https:\/\/www.tatanka.nl\/fr\/wp-json\/wp\/v2\/product_cat?post=26808"},{"taxonomy":"product_tag","embeddable":true,"href":"https:\/\/www.tatanka.nl\/fr\/wp-json\/wp\/v2\/product_tag?post=26808"}],"curies":[{"name":"wp","href":"https:\/\/api.w.org\/{rel}","templated":true}]}}