{"id":26931,"date":"2020-03-07T19:45:19","date_gmt":"2020-03-07T19:45:19","guid":{"rendered":"https:\/\/www.tatanka.nl\/?post_type=product&#038;p=26931"},"modified":"2025-07-15T08:08:46","modified_gmt":"2025-07-15T07:08:46","slug":"raw-large-metal-rolling-tray","status":"publish","type":"product","link":"https:\/\/www.tatanka.nl\/fr\/raw-large-metal-rolling-tray\/","title":{"rendered":"Raw Rolling Tray \u2013 Large"},"content":{"rendered":"<h2 dir=\"auto\">Qu'est-ce que RAW Classic Large Rolling Trays ?<\/h2>\n<p dir=\"auto\">Le RAW Classic Lap Rolling Tray est un accessoire de fumage spacieux con\u00e7u pour une commodit\u00e9 et un style ultimes. D'une taille de 34 cm x 28 cm, ce grand plateau imite l'aspect des papiers \u00e0 rouler traditionnels de RAW avec son impression de marque embl\u00e9matique. Fabriqu\u00e9 en m\u00e9tal \u00e9pais et r\u00e9sistant \u00e0 la d\u00e9formation, il comporte des bords int\u00e9rieurs incurv\u00e9s pour contenir les produits, \u00e9vitant ainsi les fuites ou les r\u00e9sidus coinc\u00e9s dans les coins. Les \u00e9cales de sarrasin v\u00e9g\u00e9taliennes et respectueuses de l'environnement de la base de l'oreiller cr\u00e9ent une surface coussin\u00e9e et antid\u00e9rapante qui s'adapte confortablement \u00e0 vos genoux, ce qui est parfait pour des s\u00e9ances d\u00e9tendues sur le canap\u00e9 avec des films et des collations. Id\u00e9al pour organiser les papiers, les filtres et les herbes, le RAW Classic Lap Rolling Tray permet de s'assurer que tout reste en place, minimisant ainsi les d\u00e9chets et le d\u00e9sordre. Sa taille g\u00e9n\u00e9reuse s'adapte aux besoins de roulage plus importants, ce qui en fait un favori pour une utilisation \u00e0 domicile ou un partage. Ce plateau incarne l'engagement de RAW envers les produits naturels et fonctionnels, offrant aux fumeurs un espace fiable et respectueux de l'environnement qui rehausse le rituel avec authenticit\u00e9 et facilit\u00e9. Que ce soit pour un usage quotidien ou pour des occasions sp\u00e9ciales, le RAW Classic Lap Rolling Tray combine praticit\u00e9 et clin d'\u0153il \u00e0 la culture du cannabis, offrant une exp\u00e9rience transparente et agr\u00e9able aux passionn\u00e9s qui appr\u00e9cient la qualit\u00e9 et l'innovation dans leurs accessoires.<\/p>\n<h2 dir=\"auto\">Histoire de RAW le Classic Large Rolling Tray<\/h2>\n<p dir=\"auto\">Le RAW Classic Lap Rolling Tray est issu du parcours visionnaire du fondateur de RAW, Josh Kesselman, qui a cr\u00e9\u00e9 la marque RAW en 2005 apr\u00e8s avoir d\u00e9couvert des produits \u00e0 fumer non raffin\u00e9s et sans additifs dans les ann\u00e9es 1990. \u00c0 partir d'un garage, la passion de M. Kesselman pour les mat\u00e9riaux naturels a conduit \u00e0 la cr\u00e9ation des papiers \u00e0 rouler embl\u00e9matiques de RAW, r\u00e9volutionnant l'industrie gr\u00e2ce \u00e0 la durabilit\u00e9 et \u00e0 la puret\u00e9. Les plateaux \u00e0 rouler, y compris la version lap, ont \u00e9t\u00e9 introduits comme des compagnons essentiels, \u00e9voluant d'un design basique \u00e0 des accessoires riches en fonctionnalit\u00e9s qui refl\u00e8tent l'\u00e9thique de la marque. Le grand format 34 cm x 28 cm a \u00e9t\u00e9 d\u00e9velopp\u00e9 pour r\u00e9pondre aux besoins des utilisateurs qui recherchent plus d'espace pour rouler confortablement sur les genoux, en incorporant des coussins en sarrasin pour plus d'\u00e9cocompatibilit\u00e9. Au fil des ans, RAW s'est d\u00e9velopp\u00e9 \u00e0 l'\u00e9chelle mondiale, en maintenant son refus d'utiliser des produits chimiques ou des additifs, ce qui s'est \u00e9tendu \u00e0 la production de plateaux en m\u00e9tal durable et aux bords incurv\u00e9s pour plus d'efficacit\u00e9. Cette innovation refl\u00e8te la demande croissante de mat\u00e9riel de fumage fonctionnel et naturel dans le cadre de la l\u00e9galisation du cannabis. Le RAW Classic Lap Rolling Tray est devenu un produit de base, symbolisant le d\u00e9vouement de Kesselman \u00e0 l'authenticit\u00e9 et \u00e0 la responsabilit\u00e9 environnementale. Sa popularit\u00e9 perdure alors que RAW continue d'innover, alliant l'artisanat traditionnel aux besoins modernes, attirant une communaut\u00e9 qui appr\u00e9cie les produits enracin\u00e9s dans la qualit\u00e9, l'histoire et l'engagement \u00e0 vivre des exp\u00e9riences pures et sans compromis qui honorent les valeurs fondatrices de la marque.<\/p>\n<h2 dir=\"auto\">Comment utiliser le RAW Classic Large Rolling Tray<\/h2>\n<p dir=\"auto\">L'utilisation du RAW Classic Lap Rolling Tray est intuitive et adapt\u00e9e pour une exp\u00e9rience sans tracas. Placez le plateau sur vos genoux ou sur une surface plane comme un canap\u00e9, o\u00f9 le coussin en sarrasin offre un support stable et rembourr\u00e9 sans glisser. Assemblez votre mat\u00e9riel de fumage l\u00e9gal, vos papiers et vos outils sur la vaste surface m\u00e9tallique de 34 cm x 28 cm, en utilisant les bords incurv\u00e9s pour tout contenir en toute s\u00e9curit\u00e9. Broyez vos herbes et roulez directement sur le plateau, \u00e9vitant ainsi le gaspillage car les r\u00e9sidus ne restent pas coinc\u00e9s dans les plis. Scellez votre rouleau et savourez-le. Sa conception permet un nettoyage minimal : il suffit de l'essuyer avec un chiffon pour que l'impression RAW classique reste intacte. Son grand format permet d'organiser des s\u00e9ances en groupe ou de disposer d'un grand nombre de fournitures, ce qui est id\u00e9al pour les soir\u00e9es cin\u00e9ma accompagn\u00e9es d'un go\u00fbter. Conservez-la dans un endroit sec pour pr\u00e9server sa durabilit\u00e9. Le RAW Classic Lap Rolling Tray est polyvalent pour les d\u00e9butants et les experts, favorisant l'organisation et l'efficacit\u00e9. Associez-le aux papiers RAW pour une configuration authentique. En int\u00e9grant ce plateau, les utilisateurs obtiennent un processus pratique et ordonn\u00e9 qui c\u00e9l\u00e8bre la fonctionnalit\u00e9 et le confort, garantissant que chaque session se d\u00e9roule en douceur, sans gaspillage et avec une ambiance naturelle qui s'aligne sur l'\u00e9thique de RAW, rendant la relaxation et la pr\u00e9paration faciles et agr\u00e9ables pour des moments prolong\u00e9s et d\u00e9contract\u00e9s.<\/p>\n<p dir=\"auto\"><strong>Avertissement<\/strong><\/p>\n<p dir=\"auto\">Ce produit peut vous exposer \u00e0 des produits chimiques, y compris la nicotine, qui est connue pour \u00eatre nocive et peut provoquer des malformations cong\u00e9nitales ou d'autres troubles de la reproduction. Ne l'utilisez qu'avec du mat\u00e9riel de fumage l\u00e9gal. Tenir hors de port\u00e9e des enfants et veiller \u00e0 une bonne ventilation lorsque l'on fume, car le tabagisme pr\u00e9sente des risques pour la sant\u00e9. Conserver dans un endroit sec pour pr\u00e9server la qualit\u00e9. Utiliser de mani\u00e8re responsable.<\/p>","protected":false},"excerpt":{"rendered":"<p>Le plateau \u00e0 roulettes RAW Classic est le plus grand plateau que nous proposons ! Le plateau \u00e0 roulettes RAW Classic est la r\u00e9invention du plateau \u00e0 roulettes original. Il est tr\u00e8s populaire et existe en trois tailles : petit, moyen et grand. <strong>Grande taille : 34cm x 28cm.<\/strong><\/p>","protected":false},"featured_media":26935,"template":"","meta":[],"product_brand":[],"product_cat":[554,297,488,471],"product_tag":[],"class_list":{"0":"post-26931","1":"product","2":"type-product","3":"status-publish","4":"has-post-thumbnail","6":"product_cat-rolling-trays","7":"product_cat-all-products","8":"product_cat-headshop","9":"product_cat-raw","10":"product_shipping_class-creditcard-on","12":"first","13":"instock","14":"taxable","15":"shipping-taxable","16":"product-type-variable","17":"has-default-attributes"},"_links":{"self":[{"href":"https:\/\/www.tatanka.nl\/fr\/wp-json\/wp\/v2\/product\/26931","targetHints":{"allow":["GET"]}}],"collection":[{"href":"https:\/\/www.tatanka.nl\/fr\/wp-json\/wp\/v2\/product"}],"about":[{"href":"https:\/\/www.tatanka.nl\/fr\/wp-json\/wp\/v2\/types\/product"}],"wp:featuredmedia":[{"embeddable":true,"href":"https:\/\/www.tatanka.nl\/fr\/wp-json\/wp\/v2\/media\/26935"}],"wp:attachment":[{"href":"https:\/\/www.tatanka.nl\/fr\/wp-json\/wp\/v2\/media?parent=26931"}],"wp:term":[{"taxonomy":"product_brand","embeddable":true,"href":"https:\/\/www.tatanka.nl\/fr\/wp-json\/wp\/v2\/product_brand?post=26931"},{"taxonomy":"product_cat","embeddable":true,"href":"https:\/\/www.tatanka.nl\/fr\/wp-json\/wp\/v2\/product_cat?post=26931"},{"taxonomy":"product_tag","embeddable":true,"href":"https:\/\/www.tatanka.nl\/fr\/wp-json\/wp\/v2\/product_tag?post=26931"}],"curies":[{"name":"wp","href":"https:\/\/api.w.org\/{rel}","templated":true}]}}