{"id":2996,"date":"2017-10-17T15:15:29","date_gmt":"2017-10-17T15:15:29","guid":{"rendered":"http:\/\/www.tatanka.nl\/?post_type=product&#038;p=2996"},"modified":"2025-05-20T11:02:10","modified_gmt":"2025-05-20T10:02:10","slug":"cbd-raw-oil-500mg-5-10ml-bottle-hemp-cannabis-weed","status":"publish","type":"product","link":"https:\/\/www.tatanka.nl\/fr\/cbd-raw-oil-500mg-5-10ml-bottle-hemp-cannabis-weed\/","title":{"rendered":"HempCare Raw 5% Cbd Oil 10ml"},"content":{"rendered":"<h2>HempCare Raw 5% CBD Oil 10ml<\/h2>\n<h2 data-start=\"0\" data-end=\"31\">Qu'est-ce que le Hempcare RAW 5% CBD ?<\/h2>\n<p data-start=\"33\" data-end=\"652\">Hempcare RAW 5% CBD est une huile de CBD biologique de haute qualit\u00e9 d\u00e9riv\u00e9e du chanvre. Ce produit est dans sa forme la plus pure, offrant un extrait brut non trait\u00e9 qui pr\u00e9serve tous les compos\u00e9s naturels trouv\u00e9s dans la plante de chanvre, tels que les cannabino\u00efdes, les terp\u00e8nes et les flavono\u00efdes. Ces compos\u00e9s agissent ensemble pour apporter des bienfaits holistiques \u00e0 l'organisme, sans les effets psychoactifs associ\u00e9s au THC. Hempcare RAW 5% CBD est fabriqu\u00e9 par extraction au CO2, une m\u00e9thode qui pr\u00e9serve l'int\u00e9grit\u00e9 naturelle de la plante et garantit un produit propre et efficace. Ce produit est id\u00e9al pour ceux qui d\u00e9couvrent le CBD ou qui pr\u00e9f\u00e8rent un rem\u00e8de organique et naturel.<\/p>\n<h2 data-start=\"654\" data-end=\"687\">Historique de Hempcare RAW 5% CBD<\/h2>\n<p data-start=\"689\" data-end=\"1292\">Les propri\u00e9t\u00e9s th\u00e9rapeutiques du CBD sont reconnues depuis des si\u00e8cles, et son utilisation a fait l'objet d'une attention particuli\u00e8re au cours des derni\u00e8res ann\u00e9es. Les civilisations anciennes ont compris les bienfaits m\u00e9dicinaux du CBD et, au XXe si\u00e8cle, la recherche scientifique a commenc\u00e9 \u00e0 confirmer ses avantages potentiels pour la sant\u00e9. Hempcare RAW 5% CBD fait partie du mouvement moderne du CBD, offrant une option brute et non raffin\u00e9e aux utilisateurs \u00e0 la recherche d'une exp\u00e9rience pure du CBD. Le produit est fabriqu\u00e9 \u00e0 partir de plantes de chanvre biologiques soigneusement s\u00e9lectionn\u00e9es, et sa m\u00e9thode d'extraction au CO2 garantit un choix fiable pour ceux qui recherchent tout le spectre des bienfaits du chanvre.<\/p>\n<h2 data-start=\"1294\" data-end=\"1327\">Comment utiliser Hempcare RAW 5% CBD<\/h2>\n<p data-start=\"1329\" data-end=\"1923\">Pour maximiser les bienfaits du Hempcare RAW 5% CBD, il est recommand\u00e9 de prendre l'huile par voie sublinguale, en pla\u00e7ant quelques gouttes sous la langue. Cette m\u00e9thode permet une absorption plus rapide dans la circulation sanguine, ce qui garantit des r\u00e9sultats rapides et efficaces. Commencez par un petit dosage et augmentez-le progressivement en fonction de vos besoins personnels. Ce produit \u00e9tant naturel, ses effets peuvent varier d'une personne \u00e0 l'autre. Il est donc important de surveiller votre r\u00e9action et d'ajuster le dosage si n\u00e9cessaire. Hempcare RAW 5% CBD est pr\u00e9sent\u00e9 dans un flacon compte-gouttes pratique, ce qui permet de l'int\u00e9grer facilement \u00e0 votre routine quotidienne de bien-\u00eatre.<\/p>\n<h2 data-start=\"1925\" data-end=\"1962\">Ingr\u00e9dients de Hempcare RAW 5% CBD<\/h2>\n<p data-start=\"1964\" data-end=\"2547\">Hempcare RAW 5% CBD est fabriqu\u00e9 \u00e0 partir de 100% ingr\u00e9dients naturels, ce qui garantit un produit pur et biologique. L'ingr\u00e9dient principal est l'extrait de chanvre, qui contient une vari\u00e9t\u00e9 de cannabino\u00efdes, dont le CBD et le CBG, ainsi que des terp\u00e8nes et des flavono\u00efdes. Ces compos\u00e9s agissent ensemble pour favoriser la sant\u00e9 et le bien-\u00eatre en g\u00e9n\u00e9ral. En outre, le produit contient de l'huile de graines de chanvre, qui fournit des acides gras essentiels nourrissants. Cette combinaison d'ingr\u00e9dients d\u00e9riv\u00e9s du chanvre garantit que Hempcare RAW 5% CBD offre une gamme compl\u00e8te d'avantages, tels que la promotion de la relaxation et la r\u00e9duction de l'inflammation.<\/p>\n<p data-start=\"2549\" data-end=\"2559\"><strong>Avertissement<\/strong><\/p>\n<p data-start=\"2561\" data-end=\"2823\" data-is-last-node=\"\">Comme pour tout suppl\u00e9ment naturel, il est important de consulter un professionnel de la sant\u00e9 avant de commencer un nouveau r\u00e9gime de CBD, en particulier si vous \u00eates enceinte, si vous allaitez ou si vous avez des probl\u00e8mes de sant\u00e9. Tenir hors de port\u00e9e des enfants et conserver dans un endroit frais et sec.<\/p>","protected":false},"excerpt":{"rendered":"<p>HempCare RAW 5% CBD est fortement concentr\u00e9 et contient, en plus du CBD, de l'huile de graines de chanvre avec des vitamines B et E !<\/p>\n<p>Plein d'antioxydants, d'acides gras sains 3 et 6 et d'un puissant extrait d'huile de chanvre CBD, qui contient Raw CBD qui aide \u00e0 reconstruire le corps. Contient 10 ml.<\/p>","protected":false},"featured_media":126591,"template":"","meta":[],"product_brand":[],"product_cat":[601,297,485,371,483],"product_tag":[],"class_list":{"0":"post-2996","1":"product","2":"type-product","3":"status-publish","4":"has-post-thumbnail","6":"product_cat-hempcare","7":"product_cat-all-products","8":"product_cat-cbd-oils","9":"product_cat-cbd-top-10","10":"product_cat-cbdshop","12":"first","13":"instock","14":"taxable","15":"shipping-taxable","16":"purchasable","17":"product-type-variable"},"_links":{"self":[{"href":"https:\/\/www.tatanka.nl\/fr\/wp-json\/wp\/v2\/product\/2996","targetHints":{"allow":["GET"]}}],"collection":[{"href":"https:\/\/www.tatanka.nl\/fr\/wp-json\/wp\/v2\/product"}],"about":[{"href":"https:\/\/www.tatanka.nl\/fr\/wp-json\/wp\/v2\/types\/product"}],"wp:featuredmedia":[{"embeddable":true,"href":"https:\/\/www.tatanka.nl\/fr\/wp-json\/wp\/v2\/media\/126591"}],"wp:attachment":[{"href":"https:\/\/www.tatanka.nl\/fr\/wp-json\/wp\/v2\/media?parent=2996"}],"wp:term":[{"taxonomy":"product_brand","embeddable":true,"href":"https:\/\/www.tatanka.nl\/fr\/wp-json\/wp\/v2\/product_brand?post=2996"},{"taxonomy":"product_cat","embeddable":true,"href":"https:\/\/www.tatanka.nl\/fr\/wp-json\/wp\/v2\/product_cat?post=2996"},{"taxonomy":"product_tag","embeddable":true,"href":"https:\/\/www.tatanka.nl\/fr\/wp-json\/wp\/v2\/product_tag?post=2996"}],"curies":[{"name":"wp","href":"https:\/\/api.w.org\/{rel}","templated":true}]}}