{"id":32635,"date":"2022-09-13T15:43:37","date_gmt":"2022-09-13T13:43:37","guid":{"rendered":"https:\/\/www.tatanka.nl\/?post_type=product&#038;p=32635"},"modified":"2025-10-31T10:01:25","modified_gmt":"2025-10-31T09:01:25","slug":"reishi-extract-capsules","status":"publish","type":"product","link":"https:\/\/www.tatanka.nl\/fr\/reishi-extract-capsules\/","title":{"rendered":"Reishi extract Capsules"},"content":{"rendered":"<h2 data-pm-slice=\"1 1 []\">Qu'est-ce que le Reishi ?<\/h2>\n<p>Le Reishi (Ganoderma Lucidum) est un champignon brun rouge\u00e2tre qui pousse sur les troncs d'arbres en d\u00e9composition, principalement des ch\u00eanes et des h\u00eatres. Ce champignon est un aliment de base de la m\u00e9decine traditionnelle chinoise depuis plus de 2000 ans, o\u00f9 il est connu sous le nom de Lingzhi, qui signifie \"champignon de l'immortalit\u00e9\". Le Reishi est tr\u00e8s appr\u00e9ci\u00e9 pour ses bienfaits potentiels sur la sant\u00e9 et ses propri\u00e9t\u00e9s adaptog\u00e8nes, qui aident l'organisme \u00e0 faire face au stress. Contrairement aux champignons courants, le Reishi a une texture dure et ligneuse, ce qui le rend impropre \u00e0 la consommation directe. Il est donc souvent transform\u00e9 en extraits, en poudres ou en g\u00e9lules afin d'exploiter ses compos\u00e9s b\u00e9n\u00e9fiques, tels que les polysaccharides et les b\u00eata-glucanes.<\/p>\n<h2>Histoire du Reishi<\/h2>\n<p>Le Reishi a une histoire riche qui remonte \u00e0 des milliers d'ann\u00e9es. Les anciens textes chinois le consid\u00e8rent comme un symbole de long\u00e9vit\u00e9, de puissance spirituelle et de sant\u00e9. Les empereurs et les familles nobles appr\u00e9ciaient le reishi pour sa capacit\u00e9 \u00e0 renforcer la vitalit\u00e9 et \u00e0 promouvoir la long\u00e9vit\u00e9. Dans la m\u00e9decine traditionnelle chinoise, le reishi \u00e9tait utilis\u00e9 pour favoriser le bien-\u00eatre g\u00e9n\u00e9ral, renforcer le syst\u00e8me immunitaire et \u00e9quilibrer l'\u00e9nergie du corps, \u00e9galement connue sous le nom de Qi. Au fil des si\u00e8cles, sa popularit\u00e9 s'est \u00e9tendue \u00e0 d'autres r\u00e9gions d'Asie, dont le Japon et la Cor\u00e9e, o\u00f9 il est devenu un \u00e9l\u00e9ment fondamental de la phytoth\u00e9rapie. Aujourd'hui, la science moderne continue d'explorer les bienfaits potentiels du Reishi, ce qui en fait un suppl\u00e9ment populaire dans le monde entier.<\/p>\n<h2>Comment utiliser le Reishi<\/h2>\n<p>Le Reishi est disponible sous diff\u00e9rentes formes, notamment sous forme de poudres, de th\u00e9s et de g\u00e9lules. Nos g\u00e9lules de Reishi sont con\u00e7ues pour une consommation facile et une absorption optimale. Le dosage recommand\u00e9 est de deux g\u00e9lules par jour, \u00e0 prendre avec des repas et de l'eau. Une utilisation r\u00e9guli\u00e8re est essentielle pour profiter pleinement des bienfaits du Reishi. Il est pr\u00e9f\u00e9rable d'incorporer le Reishi dans une routine quotidienne de bien-\u00eatre, parall\u00e8lement \u00e0 un r\u00e9gime alimentaire \u00e9quilibr\u00e9 et \u00e0 un mode de vie sain. Certains utilisateurs d\u00e9clarent ressentir ses effets en quelques semaines, tandis que d'autres ont besoin de plus de temps pour constater des am\u00e9liorations. Le Reishi est couramment utilis\u00e9 pour soutenir le syst\u00e8me immunitaire, r\u00e9duire le stress et favoriser la relaxation. Comme pour tout suppl\u00e9ment, il est essentiel de respecter la posologie recommand\u00e9e et de consulter un professionnel de la sant\u00e9 si vous avez des probl\u00e8mes de sant\u00e9 sous-jacents.<\/p>\n<h2>Ingr\u00e9dients de Reishi Capsules<\/h2>\n<p>Chaque g\u00e9lule v\u00e9g\u00e9talienne contient 400 mg d'extrait biologique de Reishi (Ganoderma Lucidum) d\u00e9riv\u00e9 des corps fructif\u00e8res 100%. Cet extrait \u00e0 spectre complet est obtenu par extraction \u00e0 l'eau et \u00e0 l'\u00e9thanol afin de maximiser ses compos\u00e9s b\u00e9n\u00e9fiques. L'extrait contient 30% polysaccharides et b\u00eata-glucanes, connus pour leurs propri\u00e9t\u00e9s de soutien immunitaire. En outre, la formule contient de la vitamine C et du zinc, qui contribuent tous deux \u00e0 la sant\u00e9 du syst\u00e8me immunitaire et du m\u00e9tabolisme \u00e9nerg\u00e9tique. Les autres ingr\u00e9dients comprennent le citrate de magn\u00e9sium et le dioxyde de silicium, qui contribuent \u00e0 l'absorption et \u00e0 la stabilit\u00e9 du suppl\u00e9ment. Nos g\u00e9lules de Reishi r\u00e9pondent aux normes de qualit\u00e9 les plus \u00e9lev\u00e9es et sont exemptes d'additifs artificiels, ce qui les rend adapt\u00e9es aux v\u00e9g\u00e9taliens et aux personnes soucieuses de leur sant\u00e9.<\/p>\n<p><strong>Avertissement :<\/strong><br \/>\nReishi by McMyco est un compl\u00e9ment alimentaire et doit \u00eatre utilis\u00e9 en cons\u00e9quence. Ne pas d\u00e9passer la dose journali\u00e8re recommand\u00e9e. Tenir le produit hors de port\u00e9e des enfants. Consultez votre m\u00e9decin avant d'utiliser ce produit, en particulier si vous \u00eates enceinte, si vous allaitez ou si vous avez des probl\u00e8mes de sant\u00e9.<\/p>","protected":false},"excerpt":{"rendered":"<p data-pm-slice=\"1 1 []\">D\u00e9couvrez le pouvoir du Reishi, \u00e9galement connu sous le nom de champignon de l'immortalit\u00e9. Ce puissant suppl\u00e9ment, enrichi de vitamine C et de zinc, soutient votre syst\u00e8me immunitaire et favorise le bien-\u00eatre g\u00e9n\u00e9ral. Un stimulant naturel pour votre m\u00e9tabolisme \u00e9nerg\u00e9tique et votre vitalit\u00e9.<\/p>","protected":false},"featured_media":134872,"template":"","meta":[],"product_brand":[],"product_cat":[596,297,512,475,481,521,523,533,515,476,487,486],"product_tag":[662],"class_list":{"0":"post-32635","1":"product","2":"type-product","3":"status-publish","4":"has-post-thumbnail","6":"product_cat-mcmyco","7":"product_cat-all-products","8":"product_cat-extracts","9":"product_cat-healthshop","10":"product_cat-healthshop-top-10","11":"product_cat-medicinal-mushrooms","12":"product_cat-medicinal-mushrooms-supplements","13":"product_cat-recovery","14":"product_cat-shroomshop","15":"product_cat-smartshop","16":"product_cat-sport","17":"product_cat-superfoods","18":"product_tag-shrdeal","19":"product_shipping_class-creditcard-on","21":"first","22":"instock","23":"taxable","24":"shipping-taxable","25":"purchasable","26":"product-type-variable","27":"has-default-attributes"},"_links":{"self":[{"href":"https:\/\/www.tatanka.nl\/fr\/wp-json\/wp\/v2\/product\/32635","targetHints":{"allow":["GET"]}}],"collection":[{"href":"https:\/\/www.tatanka.nl\/fr\/wp-json\/wp\/v2\/product"}],"about":[{"href":"https:\/\/www.tatanka.nl\/fr\/wp-json\/wp\/v2\/types\/product"}],"wp:featuredmedia":[{"embeddable":true,"href":"https:\/\/www.tatanka.nl\/fr\/wp-json\/wp\/v2\/media\/134872"}],"wp:attachment":[{"href":"https:\/\/www.tatanka.nl\/fr\/wp-json\/wp\/v2\/media?parent=32635"}],"wp:term":[{"taxonomy":"product_brand","embeddable":true,"href":"https:\/\/www.tatanka.nl\/fr\/wp-json\/wp\/v2\/product_brand?post=32635"},{"taxonomy":"product_cat","embeddable":true,"href":"https:\/\/www.tatanka.nl\/fr\/wp-json\/wp\/v2\/product_cat?post=32635"},{"taxonomy":"product_tag","embeddable":true,"href":"https:\/\/www.tatanka.nl\/fr\/wp-json\/wp\/v2\/product_tag?post=32635"}],"curies":[{"name":"wp","href":"https:\/\/api.w.org\/{rel}","templated":true}]}}