{"id":32683,"date":"2016-08-04T10:28:55","date_gmt":"2016-08-04T08:28:55","guid":{"rendered":"https:\/\/www.tatanka.nl\/?post_type=product&#038;p=32683"},"modified":"2025-09-23T15:41:31","modified_gmt":"2025-09-23T14:41:31","slug":"chaga-30ml","status":"publish","type":"product","link":"https:\/\/www.tatanka.nl\/fr\/chaga-30ml\/","title":{"rendered":"Chaga - 30ml"},"content":{"rendered":"<div>\n<div>\n<div>\n<div><\/div>\n<\/div>\n<\/div>\n<\/div>\n<div>\n<h2 dir=\"auto\">Qu'est-ce que l'extrait liquide de chaga ?<\/h2>\n<p dir=\"auto\">L'extrait liquide de chaga est un compl\u00e9ment alimentaire de qualit\u00e9 sup\u00e9rieure d\u00e9riv\u00e9 du scl\u00e9rote du champignon Inonotus obliquus, c\u00e9l\u00e8bre pour son profil nutritif dense et sa v\u00e9n\u00e9ration historique en m\u00e9decine naturelle. Contrairement aux champignons typiques avec des tiges et des chapeaux, cette forme durcie pousse sur les bouleaux, abritant une richesse de compos\u00e9s bioactifs extraits par des m\u00e9thodes avanc\u00e9es pour une puissance maximale. Les utilisateurs se tournent souvent vers lui pour ses bienfaits potentiels, tels que le renforcement du syst\u00e8me immunitaire, la promotion d'une division cellulaire saine et l'aide \u00e0 la formation des globules rouges, ce qui en fait un produit de base dans les programmes de bien-\u00eatre holistiques. L'administration sous forme liquide assure une absorption rapide, contournant la digestion pour des effets plus rapides que les poudres ou les th\u00e9s.<\/p>\n<p dir=\"auto\">Dans la suppl\u00e9mentation moderne, des produits comme celui-ci attirent ceux qui recherchent des alternatives v\u00e9g\u00e9tales aux vitamines synth\u00e9tiques, l'extraction \u00e0 base d'alcool pr\u00e9servant le spectre complet des substances vitales. Le flacon en verre violet, respectueux de l'environnement, prot\u00e8ge le contenu de la d\u00e9gradation par les UV, am\u00e9liorant ainsi sa long\u00e9vit\u00e9 tout en \u00e9tant enti\u00e8rement r\u00e9utilisable. Nombreux sont ceux qui l'utilisent pour lutter quotidiennement contre les facteurs de stress environnementaux, en accord avec les modes de vie v\u00e9g\u00e9taliens exempts de produits d'origine animale. Qu'il s'agisse de sant\u00e9 pr\u00e9ventive ou de soins compl\u00e9mentaires, il s'agit d'un moyen doux et non invasif d'exploiter la r\u00e9silience de la nature.<\/p>\n<p dir=\"auto\">Sa standardisation \u00e0 une teneur \u00e9lev\u00e9e en polysaccharides le distingue, garantissant une qualit\u00e9 constante dans chaque goutte. Dans l'ensemble, l'extrait liquide de chaga repr\u00e9sente la fusion de la tradition et de l'innovation, permettant aux individus de nourrir leur bien-\u00eatre de mani\u00e8re naturelle et efficace.<\/p>\n<h2 dir=\"auto\">Histoire de l'extrait liquide de chaga<\/h2>\n<p dir=\"auto\">L'histoire de l'extrait liquide de chaga remonte \u00e0 des milliers d'ann\u00e9es et trouve son origine dans les for\u00eats de Sib\u00e9rie, de Chine et de Scandinavie, o\u00f9 les peuples indig\u00e8nes ont r\u00e9colt\u00e9 pour la premi\u00e8re fois le scl\u00e9rote Inonotus obliquus pour ses propri\u00e9t\u00e9s curatives r\u00e9put\u00e9es. Surnomm\u00e9 le \"roi de la for\u00eat\" ou le \"roi des herbes\" dans la tradition am\u00e9ricaine, il a acquis un statut divin en aidant \u00e0 survivre dans les climats rudes, utilis\u00e9 dans les th\u00e9s et les cataplasmes pour stimuler l'endurance et combattre les maladies. Les anciens chamans et herboristes appr\u00e9ciaient ses qualit\u00e9s adaptog\u00e8nes, estimant qu'il r\u00e9tablissait l'\u00e9quilibre et la vitalit\u00e9. Des textes chinois datant de plusieurs mill\u00e9naires soulignent son r\u00f4le dans les pratiques de long\u00e9vit\u00e9.<\/p>\n<p dir=\"auto\">Au fur et \u00e0 mesure des explorations, les connaissances ont atteint l'Europe et l'Am\u00e9rique du Nord au 19e si\u00e8cle, o\u00f9 elles figuraient dans les rem\u00e8des populaires, dans un contexte d'int\u00e9r\u00eat croissant pour la mycoth\u00e9rapie. Le XXe si\u00e8cle a vu l'arriv\u00e9e de la science, avec des \u00e9tudes isolant l'acide b\u00e9tulinique et les polysaccharides, validant les utilisations traditionnelles pour la modulation du syst\u00e8me immunitaire et les effets antioxydants. Les techniques modernes d'extraction, y compris les m\u00e9thodes ultrasoniques, sont apparues \u00e0 la fin des ann\u00e9es 1900, permettant aux liquides concentr\u00e9s d'\u00eatre plus accessibles que les formes brutes.<\/p>\n<p dir=\"auto\">Aujourd'hui, il prosp\u00e8re sur les march\u00e9s mondiaux du bien-\u00eatre, alliant sagesse ancestrale et traitement rigoureux pour la puret\u00e9. Les enthousiastes du monde entier adh\u00e8rent \u00e0 son h\u00e9ritage, lui attribuant une sant\u00e9 durable dans les modes de vie contemporains. Cette \u00e9volution souligne le lien durable de l'humanit\u00e9 avec les champignons, transformant les r\u00e9coltes sauvages en suppl\u00e9ments raffin\u00e9s pour les besoins modernes.<\/p>\n<h2 dir=\"auto\">Comment utiliser l'extrait liquide de Chaga<\/h2>\n<p dir=\"auto\">L'incorporation de l'extrait liquide de Chaga est simple et adaptable, avec une dose sugg\u00e9r\u00e9e d'une demi pipette deux fois par jour, \u00e0 prendre directement ou \u00e0 diluer dans de l'eau pour plus de facilit\u00e9. \u00c9vitez les boissons gazeuses pour pr\u00e9server l'int\u00e9grit\u00e9 de l'extrait pendant la consommation. Commencez par l'int\u00e9grer dans vos habitudes du matin et du soir, \u00e9ventuellement apr\u00e8s les repas, afin de tirer parti de son potentiel \u00e9nergisant tout au long de la journ\u00e9e et de ses effets r\u00e9parateurs pendant la nuit. La r\u00e9gularit\u00e9 de la consommation pendant 30 jours favorise l'accumulation des bienfaits, permettant \u00e0 l'organisme d'utiliser pleinement ses compos\u00e9s.<\/p>\n<p dir=\"auto\">Pour des r\u00e9sultats optimaux, conserver dans un endroit frais et \u00e0 l'abri de la lumi\u00e8re, en b\u00e9n\u00e9ficiant des qualit\u00e9s protectrices du verre violet. Si vous \u00eates novice en mati\u00e8re d'adaptog\u00e8nes, commencez par une dose pour \u00e9valuer la tol\u00e9rance, et consultez des experts pour obtenir des conseils personnalis\u00e9s. Cette m\u00e9thode permet de l'ajouter sans probl\u00e8me aux smoothies ou aux tisanes, en rehaussant la saveur sans la dominer.<\/p>\n<p dir=\"auto\">L'association avec une alimentation \u00e9quilibr\u00e9e amplifie son r\u00f4le de soutien de l'immunit\u00e9 et de la sant\u00e9 cellulaire. Toujours bien agiter avant utilisation pour r\u00e9partir uniform\u00e9ment l'essence concentr\u00e9e. Avec une application r\u00e9guli\u00e8re, elle s'int\u00e8gre sans effort dans les habitudes de bien-\u00eatre, favorisant une vitalit\u00e9 soutenue en toute s\u00e9curit\u00e9.<\/p>\n<p dir=\"auto\">En tant que suppl\u00e9ment, il compl\u00e8te les modes de vie et ne remplace pas les conseils d'un m\u00e9decin. Cette approche pratique maximise ses vertus historiques, aidant les utilisateurs \u00e0 embrasser l'harmonie naturelle au quotidien.<\/p>\n<h2 dir=\"auto\">Ingr\u00e9dients de l'extrait liquide de Chaga<\/h2>\n<p dir=\"auto\">L'extrait liquide de chaga pr\u00e9sente une formulation pure avec 200 mg d'extrait d'Inonotus obliquus pour 10 gouttes, l'essence du scl\u00e9rotium riche en polysaccharides pour ses principaux bienfaits. L'eau fournit une base propre, facilitant une ingestion en douceur sans additifs. L'alcool, avec un volume de 20%, joue le double r\u00f4le de solvant et de conservateur, en extrayant et en stabilisant l'ensemble de la gamme bioactive du champignon au cours du triple processus. La vitamine D3 sous forme de chol\u00e9calcif\u00e9rol \u00e0 1,5\u03bcg (15% valeur quotidienne) am\u00e9liore le m\u00e9lange, soutenant la sant\u00e9 des os et l'immunit\u00e9 de mani\u00e8re synergique.<\/p>\n<p dir=\"auto\">Cette gamme simple exclut les agents de remplissage inutiles, ce qui garantit l'adaptation aux v\u00e9g\u00e9tariens et une biodisponibilit\u00e9 \u00e9lev\u00e9e. L'extraction par ultrasons pr\u00e9serve les triterp\u00e8nes, la m\u00e9lanine et d'autres nutriments, en normalisant les polysaccharides 30% pour garantir la puissance. D'origine responsable, les ingr\u00e9dients font l'objet d'une manipulation m\u00e9ticuleuse pour conserver leur efficacit\u00e9.<\/p>\n<p dir=\"auto\">Les admirateurs font l'\u00e9loge de son minimalisme, qui s'aligne sur les tendances de l'alimentation propre, sans produits synth\u00e9tiques ni allerg\u00e8nes. La combinaison favorise le soutien adaptog\u00e8ne, aidant \u00e0 la r\u00e9ponse au stress et \u00e0 la r\u00e9silience globale. La transparence permet ici de faire des choix \u00e9clair\u00e9s, en fournissant une force d\u00e9riv\u00e9e de la for\u00eat sous forme liquide.<\/p>\n<p dir=\"auto\"><strong>Avertissement<\/strong> Tenir hors de port\u00e9e des enfants. Consultez votre m\u00e9decin avant d'utiliser ce produit si vous \u00eates enceinte, si vous allaitez ou si vous avez des probl\u00e8mes de sant\u00e9. Il s'agit d'un compl\u00e9ment alimentaire qui doit \u00eatre utilis\u00e9 comme tel.<\/p>\n<\/div>","protected":false},"excerpt":{"rendered":"<p dir=\"auto\">D\u00e9couvrez le pouvoir ancestral de l'extrait liquide de chaga, un puissant suppl\u00e9ment de champignon provenant du \"roi de la for\u00eat\". Ce flacon de 30 ml contient 60 doses pour un mois d'approvisionnement, avec un extrait concentr\u00e9 standardis\u00e9 en polysaccharides 30% pour soutenir la fonction immunitaire, la sant\u00e9 cellulaire et la vitalit\u00e9 gr\u00e2ce \u00e0 une formule naturelle et v\u00e9g\u00e9tarienne.<\/p>\n<h2 dir=\"auto\"><\/h2>","protected":false},"featured_media":32689,"template":"","meta":[],"product_brand":[],"product_cat":[475,297,521,523,533,515,476,486],"product_tag":[662],"class_list":{"0":"post-32683","1":"product","2":"type-product","3":"status-publish","4":"has-post-thumbnail","6":"product_cat-healthshop","7":"product_cat-all-products","8":"product_cat-medicinal-mushrooms","9":"product_cat-medicinal-mushrooms-supplements","10":"product_cat-recovery","11":"product_cat-shroomshop","12":"product_cat-smartshop","13":"product_cat-superfoods","14":"product_tag-shrdeal","15":"product_shipping_class-creditcard-on","17":"first","18":"instock","19":"taxable","20":"shipping-taxable","21":"purchasable","22":"product-type-variable","23":"has-default-attributes"},"_links":{"self":[{"href":"https:\/\/www.tatanka.nl\/fr\/wp-json\/wp\/v2\/product\/32683","targetHints":{"allow":["GET"]}}],"collection":[{"href":"https:\/\/www.tatanka.nl\/fr\/wp-json\/wp\/v2\/product"}],"about":[{"href":"https:\/\/www.tatanka.nl\/fr\/wp-json\/wp\/v2\/types\/product"}],"wp:featuredmedia":[{"embeddable":true,"href":"https:\/\/www.tatanka.nl\/fr\/wp-json\/wp\/v2\/media\/32689"}],"wp:attachment":[{"href":"https:\/\/www.tatanka.nl\/fr\/wp-json\/wp\/v2\/media?parent=32683"}],"wp:term":[{"taxonomy":"product_brand","embeddable":true,"href":"https:\/\/www.tatanka.nl\/fr\/wp-json\/wp\/v2\/product_brand?post=32683"},{"taxonomy":"product_cat","embeddable":true,"href":"https:\/\/www.tatanka.nl\/fr\/wp-json\/wp\/v2\/product_cat?post=32683"},{"taxonomy":"product_tag","embeddable":true,"href":"https:\/\/www.tatanka.nl\/fr\/wp-json\/wp\/v2\/product_tag?post=32683"}],"curies":[{"name":"wp","href":"https:\/\/api.w.org\/{rel}","templated":true}]}}