{"id":32684,"date":"2016-08-04T10:28:58","date_gmt":"2016-08-04T08:28:58","guid":{"rendered":"https:\/\/www.tatanka.nl\/?post_type=product&#038;p=32684"},"modified":"2025-09-23T15:39:55","modified_gmt":"2025-09-23T14:39:55","slug":"reishi-30ml","status":"publish","type":"product","link":"https:\/\/www.tatanka.nl\/fr\/reishi-30ml\/","title":{"rendered":"Reishi - 30ml"},"content":{"rendered":"<div>\n<div>\n<div>\n<div><\/div>\n<\/div>\n<\/div>\n<\/div>\n<div>\n<h2 dir=\"auto\">Qu'est-ce que l'extrait liquide de Reishi ?<\/h2>\n<p dir=\"auto\">L'extrait liquide de Reishi est un compl\u00e9ment alimentaire de haute qualit\u00e9 fabriqu\u00e9 \u00e0 partir des corps des fruits du champignon Ganoderma lucidum, connu pour son utilisation historique dans la promotion de la vitalit\u00e9 et de la sant\u00e9. Cette forme liquide assure une absorption rapide et constitue un moyen pratique d'incorporer les bienfaits du champignon dans les habitudes quotidiennes, sans avoir besoin de g\u00e9lules ou de poudres. Les utilisateurs le recherchent souvent pour son potentiel \u00e0 am\u00e9liorer la fonction immunitaire, \u00e0 stimuler les niveaux d'\u00e9nergie naturelle et \u00e0 aider les processus m\u00e9taboliques tels que la r\u00e9gulation de l'homocyst\u00e9ine et la production de globules rouges. L'extrait est produit \u00e0 l'aide de techniques avanc\u00e9es afin de pr\u00e9server le spectre complet des compos\u00e9s bioactifs, ce qui en fait un choix populaire parmi ceux qui explorent les options de bien-\u00eatre naturel.<\/p>\n<p dir=\"auto\">Dans le monde d'aujourd'hui, soucieux de la sant\u00e9, des produits comme celui-ci se distinguent par leur puret\u00e9 et leur efficacit\u00e9, sans additifs synth\u00e9tiques et convenant aux v\u00e9g\u00e9tariens et aux v\u00e9g\u00e9taliens. L'emballage en verre violet prot\u00e8ge le contenu de la lumi\u00e8re UV, prolongeant la dur\u00e9e de conservation tout en \u00e9tant \u00e9cologique et r\u00e9utilisable. Nombreux sont ceux qui appr\u00e9cient le fait qu'il s'aligne sur les approches holistiques, offrant un soutien subtil \u00e0 la r\u00e9sistance contre les facteurs de stress quotidiens. Qu'il s'agisse de soins pr\u00e9ventifs ou de th\u00e9rapies compl\u00e9mentaires, il repr\u00e9sente un pont entre les traditions anciennes et la suppl\u00e9mentation moderne.<\/p>\n<p dir=\"auto\">Sa nature non r\u00e9active aux boissons courantes (\u00e0 l'exception des boissons gazeuses) ajoute \u00e0 sa polyvalence, permettant une int\u00e9gration facile dans les rituels du matin ou du soir. Dans l'ensemble, l'extrait liquide de Reishi incarne un engagement envers la gu\u00e9rison naturelle, permettant aux individus de prendre soin de leur corps de mani\u00e8re douce et efficace.<\/p>\n<h2 dir=\"auto\">Histoire de l'extrait liquide de Reishi<\/h2>\n<p dir=\"auto\">L'histoire de l'extrait liquide de Reishi commence il y a plus de 2 000 ans dans la Chine ancienne, o\u00f9 le champignon Ganoderma lucidum a \u00e9t\u00e9 document\u00e9 pour la premi\u00e8re fois par les gu\u00e9risseurs comme le \"champignon de l'immortalit\u00e9\" en raison de ses pr\u00e9tendues propri\u00e9t\u00e9s antivieillissement. Les empereurs et les \u00e9rudits le consid\u00e9raient comme un symbole de prosp\u00e9rit\u00e9, de long\u00e9vit\u00e9 et de puissance spirituelle, et l'incorporaient dans des \u00e9lixirs destin\u00e9s aux cercles d'\u00e9lite. Sous la dynastie Tang, il figurait en bonne place dans les textes m\u00e9dicaux, cens\u00e9 harmoniser les \u00e9nergies du corps et pr\u00e9venir les maladies.<\/p>\n<p dir=\"auto\">Avec l'expansion des routes commerciales, les connaissances se sont r\u00e9pandues dans d'autres r\u00e9gions asiatiques, o\u00f9 les herboristes du Japon et de la Cor\u00e9e ont adapt\u00e9 la plante pour en faire des th\u00e9s et des toniques, en soulignant son r\u00f4le dans le soutien immunitaire et la vitalit\u00e9. Au XXe si\u00e8cle, l'int\u00e9r\u00eat scientifique s'est accru, les chercheurs isolant les polysaccharides et les triterp\u00e8nes, validant les affirmations traditionnelles par des \u00e9tudes sur les effets antioxydants et adaptog\u00e8nes. L'adoption occidentale s'est d\u00e9velopp\u00e9e dans les ann\u00e9es 1970 dans le cadre du mouvement pour la sant\u00e9 naturelle, ce qui a conduit \u00e0 des formes cultiv\u00e9es et \u00e0 des extraits pour une plus grande accessibilit\u00e9.<\/p>\n<p dir=\"auto\">Les formulations modernes, comme celle-ci, ont \u00e9volu\u00e9 \u00e0 la fin du 20e si\u00e8cle gr\u00e2ce \u00e0 des innovations en mati\u00e8re d'extraction, garantissant des concentrations plus \u00e9lev\u00e9es sans perte d'essence. Aujourd'hui, elle continue de gagner du terrain dans le monde entier, alliant l'h\u00e9ritage \u00e0 la science pour les utilisateurs contemporains \u00e0 la recherche d'un bien-\u00eatre \u00e9quilibr\u00e9. Les enthousiastes attribuent son h\u00e9ritage durable \u00e0 des anecdotes constantes et \u00e0 l'appui de recherches \u00e9mergentes.<\/p>\n<p dir=\"auto\">Cette progression met en \u00e9vidence la qu\u00eate de l'humanit\u00e9 pour les rem\u00e8des naturels, du folklore \u00e0 la suppl\u00e9mentation bas\u00e9e sur des preuves, faisant de l'extrait liquide de Reishi un alli\u00e9 intemporel dans les voyages de sant\u00e9.<\/p>\n<h2 dir=\"auto\">Comment utiliser l'extrait liquide de Reishi<\/h2>\n<p dir=\"auto\">L'incorporation de l'extrait liquide de Reishi dans votre routine est simple et efficace, en commen\u00e7ant par le dosage recommand\u00e9 de 5 gouttes deux fois par jour, id\u00e9alement prises directement sous la langue ou m\u00e9lang\u00e9es \u00e0 de l'eau pour une meilleure absorption. \u00c9vitez de le combiner avec des boissons gazeuses pour \u00e9viter toute interf\u00e9rence avec la stabilit\u00e9 de l'extrait. Commencez par les doses du matin et du soir pour vous aligner sur les cycles \u00e9nerg\u00e9tiques naturels, permettant au corps de s'adapter progressivement pour des r\u00e9sultats optimaux. La constance est essentielle, il faut donc l'int\u00e9grer dans les habitudes comme les rituels post-prandiaux ou les pr\u00e9paratifs du coucher.<\/p>\n<p dir=\"auto\">Pour obtenir les meilleurs r\u00e9sultats, conservez le flacon dans un endroit frais et sombre afin de pr\u00e9server son efficacit\u00e9, gr\u00e2ce \u00e0 son verre violet protecteur. Si vous \u00eates novice en mati\u00e8re de compl\u00e9ments alimentaires \u00e0 base de champignons, surveillez votre r\u00e9action au cours de la premi\u00e8re semaine et ajustez le calendrier si n\u00e9cessaire, tout en consultant des professionnels pour obtenir des conseils personnalis\u00e9s. Cette m\u00e9thode permet une utilisation soutenue pendant 30 jours avec l'approvisionnement fourni, ce qui favorise les avantages \u00e0 long terme sans interruption.<\/p>\n<p dir=\"auto\">Le fait de l'associer \u00e0 un r\u00e9gime alimentaire \u00e9quilibr\u00e9 renforce ses effets, car l'extrait agit en synergie avec les nutriments. Agitez toujours le flacon avant utilisation pour garantir une r\u00e9partition uniforme de la formule concentr\u00e9e. Avec une application r\u00e9fl\u00e9chie, il devient une partie int\u00e9grante des r\u00e9gimes de bien-\u00eatre, favorisant l'harmonie int\u00e9rieure en toute s\u00e9curit\u00e9.<\/p>\n<p dir=\"auto\">N'oubliez pas qu'il s'agit d'un suppl\u00e9ment, et non d'une panac\u00e9e, et qu'il convient donc de l'associer \u00e0 un mode de vie sain pour obtenir un soutien complet. Cette approche maximise son potentiel, aidant les utilisateurs \u00e0 exploiter la sagesse ancestrale sans effort.<\/p>\n<h2 dir=\"auto\">Ingr\u00e9dients de l'extrait liquide de Reishi<\/h2>\n<p dir=\"auto\">L'extrait liquide de Reishi est un m\u00e9lange propre et puissant qui commence par Ganoderma lucidum, l'extrait de champignon principal, \u00e0 raison de 500 mg par 10 gouttes, r\u00e9put\u00e9 pour sa teneur en polysaccharides qui est \u00e0 l'origine de ses effets b\u00e9n\u00e9fiques sur la sant\u00e9. L'eau sert de solvant de base, garantissant une diffusion en douceur sans charges inutiles. L'alcool \u00e0 un volume de 20% agit comme un conservateur naturel et un extracteur, tirant tout le spectre des compos\u00e9s bioactifs au cours du triple processus d'extraction. La vitamine B6, sous forme de chlorhydrate de pyridoxine \u00e0 225\u03bcg (15% valeur quotidienne), compl\u00e8te la formule en soutenant le m\u00e9tabolisme \u00e9nerg\u00e9tique et la fonction immunitaire.<\/p>\n<p dir=\"auto\">Cette composition minimaliste \u00e9vite les additifs artificiels, ce qui la rend id\u00e9ale pour une suppl\u00e9mentation pure \u00e0 base de plantes. La technique d'extraction par ultrasons pr\u00e9serve les triterp\u00e8nes, les b\u00eata-glucanes et d'autres \u00e9l\u00e9ments vitaux, am\u00e9liorant ainsi la biodisponibilit\u00e9. D'origine responsable, les ingr\u00e9dients subissent un traitement rigoureux pour concentrer l'essence du champignon tout en maintenant une compatibilit\u00e9 v\u00e9g\u00e9talienne.<\/p>\n<p dir=\"auto\">Les utilisateurs appr\u00e9cient cette transparence, car elle s'aligne sur les tendances \"clean label\", sans allerg\u00e8nes communs ni produits synth\u00e9tiques. La synergie entre les composants amplifie les propri\u00e9t\u00e9s adaptog\u00e8nes du champignon, favorisant la r\u00e9ponse au stress et la vitalit\u00e9. Dans l'ensemble, la formule donne la priorit\u00e9 \u00e0 la qualit\u00e9, offrant la puissance de la nature dans chaque goutte.<\/p>\n<p dir=\"auto\"><strong>Avertissement<\/strong> Tenir hors de port\u00e9e des enfants. Consultez votre m\u00e9decin avant d'utiliser ce produit si vous \u00eates enceinte, si vous allaitez ou si vous avez des probl\u00e8mes de sant\u00e9. Il s'agit d'un compl\u00e9ment alimentaire qui doit \u00eatre utilis\u00e9 comme tel.<\/p>\n<\/div>","protected":false},"excerpt":{"rendered":"<p dir=\"auto\">D\u00e9couvrez les bienfaits intemporels de l'extrait liquide de Reishi, un puissant suppl\u00e9ment de champignon d\u00e9riv\u00e9 du v\u00e9n\u00e9r\u00e9 \"champignon de l'immortalit\u00e9\". Ce flacon de 30 ml offre 60 doses pour un mois d'approvisionnement, fournissant des extraits concentr\u00e9s riches en polysaccharides pour soutenir l'immunit\u00e9, l'\u00e9nergie et le bien-\u00eatre g\u00e9n\u00e9ral gr\u00e2ce \u00e0 une formulation naturelle et respectueuse de l'environnement.<\/p>","protected":false},"featured_media":32690,"template":"","meta":[],"product_brand":[],"product_cat":[475,297,521,523,533,515,476,486],"product_tag":[662],"class_list":{"0":"post-32684","1":"product","2":"type-product","3":"status-publish","4":"has-post-thumbnail","6":"product_cat-healthshop","7":"product_cat-all-products","8":"product_cat-medicinal-mushrooms","9":"product_cat-medicinal-mushrooms-supplements","10":"product_cat-recovery","11":"product_cat-shroomshop","12":"product_cat-smartshop","13":"product_cat-superfoods","14":"product_tag-shrdeal","15":"product_shipping_class-creditcard-on","17":"first","18":"instock","19":"taxable","20":"shipping-taxable","21":"purchasable","22":"product-type-variable","23":"has-default-attributes"},"_links":{"self":[{"href":"https:\/\/www.tatanka.nl\/fr\/wp-json\/wp\/v2\/product\/32684","targetHints":{"allow":["GET"]}}],"collection":[{"href":"https:\/\/www.tatanka.nl\/fr\/wp-json\/wp\/v2\/product"}],"about":[{"href":"https:\/\/www.tatanka.nl\/fr\/wp-json\/wp\/v2\/types\/product"}],"wp:featuredmedia":[{"embeddable":true,"href":"https:\/\/www.tatanka.nl\/fr\/wp-json\/wp\/v2\/media\/32690"}],"wp:attachment":[{"href":"https:\/\/www.tatanka.nl\/fr\/wp-json\/wp\/v2\/media?parent=32684"}],"wp:term":[{"taxonomy":"product_brand","embeddable":true,"href":"https:\/\/www.tatanka.nl\/fr\/wp-json\/wp\/v2\/product_brand?post=32684"},{"taxonomy":"product_cat","embeddable":true,"href":"https:\/\/www.tatanka.nl\/fr\/wp-json\/wp\/v2\/product_cat?post=32684"},{"taxonomy":"product_tag","embeddable":true,"href":"https:\/\/www.tatanka.nl\/fr\/wp-json\/wp\/v2\/product_tag?post=32684"}],"curies":[{"name":"wp","href":"https:\/\/api.w.org\/{rel}","templated":true}]}}