{"id":32763,"date":"2021-08-05T14:50:23","date_gmt":"2021-08-05T12:50:23","guid":{"rendered":"https:\/\/www.tatanka.nl\/?post_type=product&#038;p=32763"},"modified":"2025-05-20T09:21:25","modified_gmt":"2025-05-20T08:21:25","slug":"hempcare-sleep-10-cbd-and-10-cbg-oil-10ml","status":"publish","type":"product","link":"https:\/\/www.tatanka.nl\/fr\/hempcare-sleep-10-cbd-and-10-cbg-oil-10ml\/","title":{"rendered":"HempCare Sleep 10% CBD et 10% CBG Oil 10ml"},"content":{"rendered":"<h2 data-start=\"0\" data-end=\"30\">Qu'est-ce que HempCare CBD Sleep ?<\/h2>\n<p data-start=\"32\" data-end=\"705\">HempCare CBD Sleep est une huile de CBD \u00e0 spectre complet, enrichie d'un m\u00e9lange de terp\u00e8nes soigneusement s\u00e9lectionn\u00e9s pour favoriser un meilleur sommeil. Elle contient des compos\u00e9s naturels de la plante de chanvre, dont le cannabidiol (CBD) et le cannabig\u00e9rol (CBG), connus pour leurs effets relaxants et calmants. Le produit agit en interagissant avec le syst\u00e8me endocannabino\u00efde du corps pour r\u00e9tablir l'\u00e9quilibre et promouvoir un cycle de sommeil sain. Contrairement \u00e0 d'autres aides au sommeil, HempCare CBD Sleep offre une solution douce et sans accoutumance pour un meilleur sommeil. Que vous ayez des difficult\u00e9s \u00e0 vous endormir, \u00e0 rester endormi ou \u00e0 vous r\u00e9veiller en vous sentant repos\u00e9, ce produit peut vous aider \u00e0 obtenir un sommeil plus profond et plus r\u00e9parateur.<\/p>\n<h2 data-start=\"707\" data-end=\"739\">Histoire de HempCare CBD Sleep<\/h2>\n<p data-start=\"741\" data-end=\"1620\">HempCare CBD Sleep s'appuie sur la popularit\u00e9 croissante du cannabidiol (CBD) en tant que suppl\u00e9ment de bien-\u00eatre. Le CBD, d\u00e9riv\u00e9 de la plante de chanvre, est connu depuis longtemps pour son potentiel th\u00e9rapeutique. Ces derni\u00e8res ann\u00e9es, le CBD a \u00e9t\u00e9 reconnu pour sa capacit\u00e9 \u00e0 favoriser la relaxation et \u00e0 am\u00e9liorer le sommeil. Gr\u00e2ce \u00e0 des recherches plus pouss\u00e9es, la d\u00e9couverte du CBG (Cannabigerol) a \u00e9largi les avantages du CBD, en particulier pour favoriser un sommeil plus profond. Le produit CBD Sleep de HempCare combine ces deux cannabino\u00efdes puissants avec d'autres terp\u00e8nes pour cr\u00e9er une solution efficace pour ceux qui ont des difficult\u00e9s \u00e0 dormir. Ce compl\u00e9ment naturel fait partie d'une tendance croissante \u00e0 utiliser des alternatives holistiques \u00e0 base de plantes pour remplacer les aides au sommeil et les m\u00e9dicaments traditionnels. HempCare s'est forg\u00e9 une r\u00e9putation de fabricant de produits de chanvre de haute qualit\u00e9, \u00e0 spectre complet, utilisant des pratiques durables qui r\u00e9pondent \u00e0 un large \u00e9ventail de besoins en mati\u00e8re de sant\u00e9.<\/p>\n<h2 data-start=\"1622\" data-end=\"1654\">Comment utiliser HempCare CBD Sleep<\/h2>\n<p data-start=\"1656\" data-end=\"2322\">L'utilisation de HempCare CBD Sleep est simple et efficace. Agitez bien le flacon avant utilisation et placez 1 \u00e0 5 gouttes d'huile sous votre langue deux fois par jour. L'huile est formul\u00e9e pour agir rapidement, ce qui permet une absorption rapide dans la circulation sanguine pour un maximum de b\u00e9n\u00e9fices. Pour obtenir des r\u00e9sultats optimaux, prenez les gouttes de mani\u00e8re r\u00e9guli\u00e8re au fil du temps. Certains utilisateurs peuvent ressentir des effets calmants au bout de quelques jours, tandis que d'autres peuvent mettre plus de temps \u00e0 en ressentir les bienfaits. La dose id\u00e9ale variant d'une personne \u00e0 l'autre, il est recommand\u00e9 de commencer par une dose plus faible et de l'ajuster en fonction des besoins. Chaque flacon contient un minimum de 600 gouttes, ce qui peut repr\u00e9senter une dur\u00e9e significative en fonction de votre dose quotidienne.<\/p>\n<h2 data-start=\"2324\" data-end=\"2360\">Ingr\u00e9dients de HempCare CBD Sleep<\/h2>\n<p data-start=\"2362\" data-end=\"3218\">HempCare CBD Sleep contient un m\u00e9lange d'ingr\u00e9dients naturels qui agissent ensemble pour favoriser un meilleur sommeil. Les principaux ingr\u00e9dients sont l'huile de chanvre, l'extrait de chanvre, le cannabidiol (CBD) et le cannabig\u00e9rol (CBG), connus pour leurs effets calmants sur le corps et l'esprit. En outre, l'huile est enrichie en terp\u00e8nes tels que le myrc\u00e8ne, le b\u00eata-caryophyll\u00e8ne, le limon\u00e8ne, le linalol, l'alpha-pin\u00e8ne, l'humul\u00e8ne et le terpinol\u00e8ne. Ces terp\u00e8nes contribuent non seulement au profil aromatique du produit, mais renforcent \u00e9galement ses effets th\u00e9rapeutiques. Par exemple, le myrc\u00e8ne est connu pour ses propri\u00e9t\u00e9s s\u00e9datives, tandis que le limon\u00e8ne peut contribuer \u00e0 r\u00e9duire le stress. Ensemble, ces ingr\u00e9dients agissent en synergie pour favoriser la relaxation, r\u00e9duire l'anxi\u00e9t\u00e9 et promouvoir un sommeil plus profond et plus r\u00e9parateur. HempCare s'assure que seuls les ingr\u00e9dients de la plus haute qualit\u00e9 sont utilis\u00e9s pour garantir la puret\u00e9 et l'efficacit\u00e9.<\/p>\n<p><strong>Avertissement<\/strong><\/p>\n<p data-start=\"3232\" data-end=\"3581\">Ne pas d\u00e9passer la dose maximale recommand\u00e9e de 32 gouttes par jour. Ce produit ne doit pas \u00eatre utilis\u00e9 pendant la grossesse ou l'allaitement. Consultez votre m\u00e9decin ou votre pharmacien avant d'utiliser ce produit si vous prenez des m\u00e9dicaments. Ce compl\u00e9ment ne doit pas \u00eatre utilis\u00e9 comme substitut d'un r\u00e9gime alimentaire vari\u00e9. Conserver dans un endroit frais et sombre, hors de port\u00e9e des enfants.<\/p>\n<p data-start=\"3583\" data-end=\"3772\" data-is-last-node=\"\">En suivant le dosage appropri\u00e9 et en utilisant HempCare CBD Sleep de fa\u00e7on constante, les utilisateurs peuvent constater des am\u00e9liorations notables dans la qualit\u00e9 de leur sommeil, se r\u00e9veillant avec un sentiment de fra\u00eecheur et de restauration.<\/p>","protected":false},"excerpt":{"rendered":"<p class=\"price\"><span style=\"font-size: 14.4px;\">En tant qu'\u00eatre humain, vous dormez environ un tiers de votre vie. C'est en dormant que votre corps r\u00e9cup\u00e8re. En cas de mauvais sommeil ou de manque de sommeil, votre corps ne r\u00e9cup\u00e8re pas compl\u00e8tement, ce qui fait que vous vous sentez mal et\/ou que vous continuez \u00e0 vous sentir mal pendant la journ\u00e9e. Hempcare SLEEP 10% CBG &amp; 10% CBD est une huile de CBD \u00e0 spectre complet de haute qualit\u00e9, enrichie de terp\u00e8nes sp\u00e9cifiques, qui peut aider \u00e0 am\u00e9liorer la qualit\u00e9 de votre sommeil.<\/span><\/p>","protected":false},"featured_media":126603,"template":"","meta":[],"product_brand":[],"product_cat":[601,297,485,371,483],"product_tag":[],"class_list":{"0":"post-32763","1":"product","2":"type-product","3":"status-publish","4":"has-post-thumbnail","6":"product_cat-hempcare","7":"product_cat-all-products","8":"product_cat-cbd-oils","9":"product_cat-cbd-top-10","10":"product_cat-cbdshop","12":"first","13":"instock","14":"taxable","15":"shipping-taxable","16":"purchasable","17":"product-type-variable"},"_links":{"self":[{"href":"https:\/\/www.tatanka.nl\/fr\/wp-json\/wp\/v2\/product\/32763","targetHints":{"allow":["GET"]}}],"collection":[{"href":"https:\/\/www.tatanka.nl\/fr\/wp-json\/wp\/v2\/product"}],"about":[{"href":"https:\/\/www.tatanka.nl\/fr\/wp-json\/wp\/v2\/types\/product"}],"wp:featuredmedia":[{"embeddable":true,"href":"https:\/\/www.tatanka.nl\/fr\/wp-json\/wp\/v2\/media\/126603"}],"wp:attachment":[{"href":"https:\/\/www.tatanka.nl\/fr\/wp-json\/wp\/v2\/media?parent=32763"}],"wp:term":[{"taxonomy":"product_brand","embeddable":true,"href":"https:\/\/www.tatanka.nl\/fr\/wp-json\/wp\/v2\/product_brand?post=32763"},{"taxonomy":"product_cat","embeddable":true,"href":"https:\/\/www.tatanka.nl\/fr\/wp-json\/wp\/v2\/product_cat?post=32763"},{"taxonomy":"product_tag","embeddable":true,"href":"https:\/\/www.tatanka.nl\/fr\/wp-json\/wp\/v2\/product_tag?post=32763"}],"curies":[{"name":"wp","href":"https:\/\/api.w.org\/{rel}","templated":true}]}}