{"id":36399,"date":"2025-01-30T17:36:05","date_gmt":"2025-01-30T16:36:05","guid":{"rendered":"https:\/\/www.tatanka.nl\/?post_type=product&#038;p=36399"},"modified":"2025-11-28T12:48:33","modified_gmt":"2025-11-28T11:48:33","slug":"auto-ak-49","status":"publish","type":"product","link":"https:\/\/www.tatanka.nl\/fr\/auto-ak-49\/","title":{"rendered":"Auto AK-49 - Vision Seeds"},"content":{"rendered":"<h2>Auto AK-49 Graines de cannabis de Vision Seeds<\/h2>\n<p>Les graines de cannabis Auto AK-49 sont simples \u00e0 cultiver, s\u00e8ches et faciles \u00e0 utiliser pour les d\u00e9butants.<\/p>\n<p>AK-49 Auto Cannabis Seeds by Vision Seeds est la nouvelle petite beaut\u00e9 \u00e0 floraison automatique qui offre une action puissante avec peu d'effort de votre part. Croisant parfaitement deux femelles de deux races puissantes - AK-49 et Lowryder - cette graine sera probablement l'une de vos pr\u00e9f\u00e9r\u00e9es car elle vous donne non seulement tout ce que vous recherchez dans une plante (des membres solides et robustes, o\u00f9 les bourgeons touffus touchent le sol), mais elle offre \u00e9galement des parfums puissants de skunky avec quelques nuances de fra\u00eecheur. Tous ces \u00e9l\u00e9ments combin\u00e9s donnent des versions minuscules de l'une des vari\u00e9t\u00e9s les plus connues au monde : l'AK-49 !<\/p>","protected":false},"excerpt":{"rendered":"<p>Ce croisement parfait entre l'AK-49 et la Lowryder a donn\u00e9 naissance \u00e0 une version stable, facile \u00e0 cultiver et minuscule de la puissante AK-49 mondialement connue et appr\u00e9ci\u00e9e. Attendez-vous \u00e0 ce que les bourgeons soient assez compacts et dens\u00e9ment remplis de poils riches en trichomes. Le parfum est fort, mais suffisamment skunky pour conserver sa douce fra\u00eecheur.<\/p>","protected":false},"featured_media":36427,"template":"","meta":[],"product_brand":[],"product_cat":[546,297,547,548,638],"product_tag":[],"class_list":{"0":"post-36399","1":"product","2":"type-product","3":"status-publish","4":"has-post-thumbnail","6":"product_cat-seedshop","7":"product_cat-all-products","8":"product_cat-autoflowering-seeds","9":"product_cat-high-thc-seeds","10":"product_cat-vision-seeds","11":"product_shipping_class-creditcard-on","13":"first","14":"instock","15":"taxable","16":"shipping-taxable","17":"purchasable","18":"product-type-variable","19":"has-default-attributes"},"_links":{"self":[{"href":"https:\/\/www.tatanka.nl\/fr\/wp-json\/wp\/v2\/product\/36399","targetHints":{"allow":["GET"]}}],"collection":[{"href":"https:\/\/www.tatanka.nl\/fr\/wp-json\/wp\/v2\/product"}],"about":[{"href":"https:\/\/www.tatanka.nl\/fr\/wp-json\/wp\/v2\/types\/product"}],"wp:featuredmedia":[{"embeddable":true,"href":"https:\/\/www.tatanka.nl\/fr\/wp-json\/wp\/v2\/media\/36427"}],"wp:attachment":[{"href":"https:\/\/www.tatanka.nl\/fr\/wp-json\/wp\/v2\/media?parent=36399"}],"wp:term":[{"taxonomy":"product_brand","embeddable":true,"href":"https:\/\/www.tatanka.nl\/fr\/wp-json\/wp\/v2\/product_brand?post=36399"},{"taxonomy":"product_cat","embeddable":true,"href":"https:\/\/www.tatanka.nl\/fr\/wp-json\/wp\/v2\/product_cat?post=36399"},{"taxonomy":"product_tag","embeddable":true,"href":"https:\/\/www.tatanka.nl\/fr\/wp-json\/wp\/v2\/product_tag?post=36399"}],"curies":[{"name":"wp","href":"https:\/\/api.w.org\/{rel}","templated":true}]}}