{"id":36401,"date":"2025-01-30T17:36:05","date_gmt":"2025-01-30T16:36:05","guid":{"rendered":"https:\/\/www.tatanka.nl\/?post_type=product&#038;p=36401"},"modified":"2025-11-28T12:48:33","modified_gmt":"2025-11-28T11:48:33","slug":"auto-blueberry-bliss","status":"publish","type":"product","link":"https:\/\/www.tatanka.nl\/fr\/auto-blueberry-bliss\/","title":{"rendered":"Auto Blueberry Bliss - Vision Seeds"},"content":{"rendered":"<h2>Auto Blueberry Bliss Graines de cannabis de Vision Seeds<\/h2>\n<p>Cette sativa de taille moyenne est une excellente vari\u00e9t\u00e9 \u00e0 floraison pour d\u00e9butants, avec de grosses et jolies t\u00eates. Bien qu'elle n'existe que depuis quelques ann\u00e9es, l'Auto Bliss tire son nom du c\u00f4t\u00e9 Auto Blueberry de son ADN et est rapidement devenue une favorite dans les dispensaires. Elle atteint une hauteur d'environ 3-4 pieds en fleurs et poss\u00e8de des couleurs extravagantes qui feraient la fiert\u00e9 de n'importe quel artiste. Le go\u00fbt est frais et sucr\u00e9, avec un high enivrant qui vient rapidement puis s'\u00e9crase dans le pays des r\u00eaves de couchlock.<\/p>\n<p>Cette fille ravira ses fumeurs avec une dominance Indica et une douce dominance Sativa. Elle vous \u00e9pargnera le stress de la journ\u00e9e : quelques bouff\u00e9es suffisent pour qu'elle s'occupe de tout.<br \/>\nVision Seeds Auto Blueberry Bliss est recommand\u00e9e \u00e0 ceux qui recherchent une plante plus petite mais savoureuse, ainsi qu'une fum\u00e9e d\u00e9contract\u00e9e capable d'une relaxation profonde sans parano\u00efa ni ralentissement du processus de pens\u00e9e associ\u00e9s \u00e0 la plupart des indicas.<\/p>","protected":false},"excerpt":{"rendered":"<p>Cette vari\u00e9t\u00e9 de cannabis est un choix parfait pour ceux qui aiment un niveau de THC \u00e9lev\u00e9 (environ 14%) mais qui recherchent un aspect unique et plus doux. Avec des racines de BlueBerry, cette Indica bleue produira des t\u00eates fortes et pleines de saveur, denses comme de la pierre.<\/p>","protected":false},"featured_media":36430,"template":"","meta":[],"product_brand":[],"product_cat":[546,297,547,638],"product_tag":[],"class_list":{"0":"post-36401","1":"product","2":"type-product","3":"status-publish","4":"has-post-thumbnail","6":"product_cat-seedshop","7":"product_cat-all-products","8":"product_cat-autoflowering-seeds","9":"product_cat-vision-seeds","10":"product_shipping_class-creditcard-on","12":"first","13":"instock","14":"taxable","15":"shipping-taxable","16":"purchasable","17":"product-type-variable","18":"has-default-attributes"},"_links":{"self":[{"href":"https:\/\/www.tatanka.nl\/fr\/wp-json\/wp\/v2\/product\/36401","targetHints":{"allow":["GET"]}}],"collection":[{"href":"https:\/\/www.tatanka.nl\/fr\/wp-json\/wp\/v2\/product"}],"about":[{"href":"https:\/\/www.tatanka.nl\/fr\/wp-json\/wp\/v2\/types\/product"}],"wp:featuredmedia":[{"embeddable":true,"href":"https:\/\/www.tatanka.nl\/fr\/wp-json\/wp\/v2\/media\/36430"}],"wp:attachment":[{"href":"https:\/\/www.tatanka.nl\/fr\/wp-json\/wp\/v2\/media?parent=36401"}],"wp:term":[{"taxonomy":"product_brand","embeddable":true,"href":"https:\/\/www.tatanka.nl\/fr\/wp-json\/wp\/v2\/product_brand?post=36401"},{"taxonomy":"product_cat","embeddable":true,"href":"https:\/\/www.tatanka.nl\/fr\/wp-json\/wp\/v2\/product_cat?post=36401"},{"taxonomy":"product_tag","embeddable":true,"href":"https:\/\/www.tatanka.nl\/fr\/wp-json\/wp\/v2\/product_tag?post=36401"}],"curies":[{"name":"wp","href":"https:\/\/api.w.org\/{rel}","templated":true}]}}