{"id":36402,"date":"2025-01-30T17:36:06","date_gmt":"2025-01-30T16:36:06","guid":{"rendered":"https:\/\/www.tatanka.nl\/?post_type=product&#038;p=36402"},"modified":"2025-05-16T14:43:14","modified_gmt":"2025-05-16T13:43:14","slug":"auto-delhi-cheese","status":"publish","type":"product","link":"https:\/\/www.tatanka.nl\/fr\/auto-delhi-cheese\/","title":{"rendered":"Auto Delhi Cheese - Vision Seeds"},"content":{"rendered":"<h2><span data-sheets-value=\"{&quot;1&quot;:2,&quot;2&quot;:&quot;Auto Delhi Cheese&quot;}\" data-sheets-userformat=\"{&quot;2&quot;:14915,&quot;3&quot;:{&quot;1&quot;:0},&quot;4&quot;:{&quot;1&quot;:2,&quot;2&quot;:11982760},&quot;9&quot;:0,&quot;12&quot;:0,&quot;14&quot;:{&quot;1&quot;:2,&quot;2&quot;:0},&quot;15&quot;:&quot;Calibri&quot;,&quot;16&quot;:12}\">Auto Delhi Cheese<\/span> Graines de cannabis de Vision Seeds<\/h2>\n<p>G\u00e9n\u00e9tique fromag\u00e8re de haute qualit\u00e9 pour tous les amateurs de bouff\u00e9es ! Vision Seeds Delhi Cheese Auto est parfaite pour les inhalateurs plus doux du type \"grabby\". Cette plante attire g\u00e9n\u00e9ralement une production de THC plus faible que les autres vari\u00e9t\u00e9s auto de cette liste, mais ne vous inqui\u00e9tez pas - il y a toujours beaucoup de bonnes choses \u00e0 appr\u00e9cier avec cette divine d\u00e9esse g\u00e9n\u00e9tique.<\/p>\n<p>Il ne reste que 10 semaines avant qu'elle ne vous donne votre lot soigneusement s\u00e9lectionn\u00e9, alors soyez patient et pr\u00e9parez-vous \u00e0 une exp\u00e9rience de bouff\u00e9e surdimensionn\u00e9e ! L'odeur pendant la croissance et le fumage sont tous deux tr\u00e8s prononc\u00e9s, alors pr\u00e9parez-vous.<\/p>","protected":false},"excerpt":{"rendered":"<p>Delhi Cheese Auto est un d\u00e9lice parfait pour les amateurs de bouff\u00e9es molles. Les puristes de la d\u00e9fonce la trouveront tr\u00e8s raffin\u00e9e et tout aussi puissante - aucun morceau de fromage n'est gaspill\u00e9 ici ! Vous voulez ce go\u00fbt que l'on ne peut obtenir qu'avec des vari\u00e9t\u00e9s tri\u00e9es sur le volet et de la plus haute qualit\u00e9 ? La Delhi Cheese Auto est faite pour vous.<\/p>","protected":false},"featured_media":36431,"template":"","meta":[],"product_brand":[],"product_cat":[546,297,547,638],"product_tag":[],"class_list":{"0":"post-36402","1":"product","2":"type-product","3":"status-publish","4":"has-post-thumbnail","6":"product_cat-seedshop","7":"product_cat-all-products","8":"product_cat-autoflowering-seeds","9":"product_cat-vision-seeds","10":"product_shipping_class-creditcard-on","12":"first","13":"instock","14":"taxable","15":"shipping-taxable","16":"purchasable","17":"product-type-variable","18":"has-default-attributes"},"_links":{"self":[{"href":"https:\/\/www.tatanka.nl\/fr\/wp-json\/wp\/v2\/product\/36402","targetHints":{"allow":["GET"]}}],"collection":[{"href":"https:\/\/www.tatanka.nl\/fr\/wp-json\/wp\/v2\/product"}],"about":[{"href":"https:\/\/www.tatanka.nl\/fr\/wp-json\/wp\/v2\/types\/product"}],"wp:featuredmedia":[{"embeddable":true,"href":"https:\/\/www.tatanka.nl\/fr\/wp-json\/wp\/v2\/media\/36431"}],"wp:attachment":[{"href":"https:\/\/www.tatanka.nl\/fr\/wp-json\/wp\/v2\/media?parent=36402"}],"wp:term":[{"taxonomy":"product_brand","embeddable":true,"href":"https:\/\/www.tatanka.nl\/fr\/wp-json\/wp\/v2\/product_brand?post=36402"},{"taxonomy":"product_cat","embeddable":true,"href":"https:\/\/www.tatanka.nl\/fr\/wp-json\/wp\/v2\/product_cat?post=36402"},{"taxonomy":"product_tag","embeddable":true,"href":"https:\/\/www.tatanka.nl\/fr\/wp-json\/wp\/v2\/product_tag?post=36402"}],"curies":[{"name":"wp","href":"https:\/\/api.w.org\/{rel}","templated":true}]}}