{"id":36403,"date":"2025-01-30T17:36:06","date_gmt":"2025-01-30T16:36:06","guid":{"rendered":"https:\/\/www.tatanka.nl\/?post_type=product&#038;p=36403"},"modified":"2025-05-16T14:43:21","modified_gmt":"2025-05-16T13:43:21","slug":"auto-doctor-jamaica","status":"publish","type":"product","link":"https:\/\/www.tatanka.nl\/fr\/auto-doctor-jamaica\/","title":{"rendered":"Auto Doctor Jamaica - Vision Seeds"},"content":{"rendered":"<h2><span data-sheets-value=\"{&quot;1&quot;:2,&quot;2&quot;:&quot;Auto Doctor Jamaica&quot;}\" data-sheets-userformat=\"{&quot;2&quot;:14915,&quot;3&quot;:{&quot;1&quot;:0},&quot;4&quot;:{&quot;1&quot;:2,&quot;2&quot;:11982760},&quot;9&quot;:0,&quot;12&quot;:0,&quot;14&quot;:{&quot;1&quot;:2,&quot;2&quot;:0},&quot;15&quot;:&quot;Calibri&quot;,&quot;16&quot;:12}\">Auto Doctor Jamaica<\/span> Graines de cannabis de Vision Seeds<\/h2>\n<p>Envie d'un nouveau d\u00e9part pour cette nouvelle ann\u00e9e ? Ces graines de cannabis sont tout ce que vous recherchez. Imaginez cette journ\u00e9e californienne chaude et ensoleill\u00e9e o\u00f9 votre plante naissante prosp\u00e9rera et grandira gr\u00e2ce \u00e0 l'exp\u00e9rience des s\u00e9lectionneurs de la vieille \u00e9cole qui nous ont pr\u00e9c\u00e9d\u00e9s. Ils voulaient une vari\u00e9t\u00e9 que tout le monde pourrait cultiver facilement, de la graine \u00e0 la fleur en moins de deux mois. Il est facile de comprendre pourquoi ces graines de marijuana sont devenues si populaires apr\u00e8s leur d\u00e9couverte - d'\u00e9normes quantit\u00e9s de THC en font un excellent choix pour d\u00e9marrer, que ce soit \u00e0 des fins m\u00e9dicales ou r\u00e9cr\u00e9atives.<\/p>\n<p>Mais le plus important ? M\u00eame si vous n'avez jamais cultiv\u00e9 de marijuana auparavant, Vision a eu cette fille breeder pour supporter \u00e0 peu pr\u00e8s n'importe quoi. Un excellent choix de vari\u00e9t\u00e9 !<\/p>","protected":false},"excerpt":{"rendered":"<p>Si vous recherchez une vari\u00e9t\u00e9 de haute qualit\u00e9 et facile \u00e0 cultiver, vous avez trouv\u00e9 votre bonheur avec l'Auto Doctor Jamaica Cannabis Seeds ! Cette magnifique plante d\u00e9gage un ar\u00f4me d'orange et de citron tout en procurant de puissants sentiments d'euphorie. C'est une excellente vari\u00e9t\u00e9 de d\u00e9part, parfaite pour les personnes qui ne veulent pas se sentir tristes ou d\u00e9prim\u00e9es.<\/p>","protected":false},"featured_media":36432,"template":"","meta":[],"product_brand":[],"product_cat":[546,297,547,548,638],"product_tag":[],"class_list":{"0":"post-36403","1":"product","2":"type-product","3":"status-publish","4":"has-post-thumbnail","6":"product_cat-seedshop","7":"product_cat-all-products","8":"product_cat-autoflowering-seeds","9":"product_cat-high-thc-seeds","10":"product_cat-vision-seeds","11":"product_shipping_class-creditcard-on","13":"first","14":"instock","15":"taxable","16":"shipping-taxable","17":"purchasable","18":"product-type-variable","19":"has-default-attributes"},"_links":{"self":[{"href":"https:\/\/www.tatanka.nl\/fr\/wp-json\/wp\/v2\/product\/36403","targetHints":{"allow":["GET"]}}],"collection":[{"href":"https:\/\/www.tatanka.nl\/fr\/wp-json\/wp\/v2\/product"}],"about":[{"href":"https:\/\/www.tatanka.nl\/fr\/wp-json\/wp\/v2\/types\/product"}],"wp:featuredmedia":[{"embeddable":true,"href":"https:\/\/www.tatanka.nl\/fr\/wp-json\/wp\/v2\/media\/36432"}],"wp:attachment":[{"href":"https:\/\/www.tatanka.nl\/fr\/wp-json\/wp\/v2\/media?parent=36403"}],"wp:term":[{"taxonomy":"product_brand","embeddable":true,"href":"https:\/\/www.tatanka.nl\/fr\/wp-json\/wp\/v2\/product_brand?post=36403"},{"taxonomy":"product_cat","embeddable":true,"href":"https:\/\/www.tatanka.nl\/fr\/wp-json\/wp\/v2\/product_cat?post=36403"},{"taxonomy":"product_tag","embeddable":true,"href":"https:\/\/www.tatanka.nl\/fr\/wp-json\/wp\/v2\/product_tag?post=36403"}],"curies":[{"name":"wp","href":"https:\/\/api.w.org\/{rel}","templated":true}]}}