{"id":36406,"date":"2025-01-30T17:36:06","date_gmt":"2025-01-30T16:36:06","guid":{"rendered":"https:\/\/www.tatanka.nl\/?post_type=product&#038;p=36406"},"modified":"2025-05-16T14:44:02","modified_gmt":"2025-05-16T13:44:02","slug":"auto-northern-lights","status":"publish","type":"product","link":"https:\/\/www.tatanka.nl\/fr\/auto-northern-lights\/","title":{"rendered":"Auto Northern Lights - Vision Seeds"},"content":{"rendered":"<h2>Auto Northern Lights Cannabis Seeds de Vision Seeds<\/h2>\n<p>Les graines de cannabis Auto Northern Lights sont exactement ce qu'il vous faut pour un moment parfait. Pr\u00e9parez-vous \u00e0 rouler, car cette Auto ne demande qu'\u00e0 s'enflammer ! Elle est votre meilleure amie, vous offrant \u00e0 la fois des qualit\u00e9s de croissance robustes qui rendent la culture super facile et des bourgeons puissants et de haute qualit\u00e9.<\/p>\n<p>Si vous \u00eates \u00e0 la recherche d'une vari\u00e9t\u00e9 g\u00e9niale \u00e0 cultiver, mais que vous ne savez pas trop par o\u00f9 commencer, ces b\u00e9b\u00e9s cannabiques vous guideront pour que vous ne fassiez pas d'erreurs en cours de route.<\/p>\n<p>Avec un niveau d'entretien tr\u00e8s bas, elle pardonne \u00e9galement les erreurs commises par les cultivateurs novices, si bien que m\u00eame les pros chevronn\u00e9s l'adorent ! Pr\u00eat pour une conversation \u00e9tonnante ? Ces graines produisent des bouff\u00e9es dont les gens raffolent.<\/p>","protected":false},"excerpt":{"rendered":"<p>Les graines de cannabis Northern Lights Auto mettent g\u00e9n\u00e9ralement 8 \u00e0 10 semaines pour fleurir, mais vous pouvez enclencher l'interrupteur plus t\u00f4t si vos plantes sont saines et vigoureuses. Augmentez vos lumi\u00e8res lorsque la lumi\u00e8re du jour diminue, regardez ces bourgeons devenir lourds de fleurs et attendez que ces explosions de Northern Lights au go\u00fbt incroyable se produisent ! Avec un high super fort qui vous donnera l'impression d'\u00eatre cr\u00e9atif et de ne rien vouloir faire d'autre que de voir grand - achetez quelques paquets de ces fleurs imparables avant qu'elles ne disparaissent !<\/p>","protected":false},"featured_media":36435,"template":"","meta":[],"product_brand":[],"product_cat":[546,297,547,548,638],"product_tag":[],"class_list":{"0":"post-36406","1":"product","2":"type-product","3":"status-publish","4":"has-post-thumbnail","6":"product_cat-seedshop","7":"product_cat-all-products","8":"product_cat-autoflowering-seeds","9":"product_cat-high-thc-seeds","10":"product_cat-vision-seeds","11":"product_shipping_class-creditcard-on","13":"first","14":"instock","15":"taxable","16":"shipping-taxable","17":"purchasable","18":"product-type-variable","19":"has-default-attributes"},"_links":{"self":[{"href":"https:\/\/www.tatanka.nl\/fr\/wp-json\/wp\/v2\/product\/36406","targetHints":{"allow":["GET"]}}],"collection":[{"href":"https:\/\/www.tatanka.nl\/fr\/wp-json\/wp\/v2\/product"}],"about":[{"href":"https:\/\/www.tatanka.nl\/fr\/wp-json\/wp\/v2\/types\/product"}],"wp:featuredmedia":[{"embeddable":true,"href":"https:\/\/www.tatanka.nl\/fr\/wp-json\/wp\/v2\/media\/36435"}],"wp:attachment":[{"href":"https:\/\/www.tatanka.nl\/fr\/wp-json\/wp\/v2\/media?parent=36406"}],"wp:term":[{"taxonomy":"product_brand","embeddable":true,"href":"https:\/\/www.tatanka.nl\/fr\/wp-json\/wp\/v2\/product_brand?post=36406"},{"taxonomy":"product_cat","embeddable":true,"href":"https:\/\/www.tatanka.nl\/fr\/wp-json\/wp\/v2\/product_cat?post=36406"},{"taxonomy":"product_tag","embeddable":true,"href":"https:\/\/www.tatanka.nl\/fr\/wp-json\/wp\/v2\/product_tag?post=36406"}],"curies":[{"name":"wp","href":"https:\/\/api.w.org\/{rel}","templated":true}]}}