{"id":36408,"date":"2025-01-30T17:36:06","date_gmt":"2025-01-30T16:36:06","guid":{"rendered":"https:\/\/www.tatanka.nl\/?post_type=product&#038;p=36408"},"modified":"2025-05-16T14:44:17","modified_gmt":"2025-05-16T13:44:17","slug":"auto-vision-caramello","status":"publish","type":"product","link":"https:\/\/www.tatanka.nl\/fr\/auto-vision-caramello\/","title":{"rendered":"Auto Vision Caramello - Vision Seeds"},"content":{"rendered":"<h2><span data-sheets-value=\"{&quot;1&quot;:2,&quot;2&quot;:&quot;Auto Vision Caramello&quot;}\" data-sheets-userformat=\"{&quot;2&quot;:14915,&quot;3&quot;:{&quot;1&quot;:0},&quot;4&quot;:{&quot;1&quot;:2,&quot;2&quot;:16777215},&quot;9&quot;:0,&quot;12&quot;:0,&quot;14&quot;:{&quot;1&quot;:2,&quot;2&quot;:0},&quot;15&quot;:&quot;Calibri&quot;,&quot;16&quot;:12}\">Auto Vision Caramello<\/span> Graines de cannabis de Vision Seeds<\/h2>\n<p>Les graines de cannabis Auto Vision Caramello sont un choix id\u00e9al pour tous les fumeurs de cannabis effront\u00e9s et ultra-doux dans le monde ! Attendez-vous \u00e0 ce que ces graines aient des niveaux plus \u00e9lev\u00e9s de CBD, ce qui rend les bouff\u00e9es plus apaisantes, m\u00eame si elles seront toujours \u00e9paisses avec de la r\u00e9sine.<\/p>\n<p>Pr\u00e9parez-vous \u00e0 \u00eatre \u00e9poustoufl\u00e9 lorsque vous essayerez cette saveur riche en terp\u00e8nes qui vous mettra l'eau \u00e0 la bouche. Il y a un bon niveau de CBD dans ce b\u00e9b\u00e9, ce qui rend le high agr\u00e9able et relaxant. Est-elle vraiment la reine du caramel que vous recherchiez ? C'est certain !<\/p>","protected":false},"excerpt":{"rendered":"<p>Vision's Caramello Auto est une vari\u00e9t\u00e9 f\u00e9minis\u00e9e \u00e0 forte teneur en CBD. Appr\u00e9ciez l'agr\u00e9able saveur de caramel de cette incroyable graine de cannabis hybride ! Les fleurs douces et fortes sont parfaites pour les personnes qui veulent savourer des caramels puants avec une aura de calme. Attendez-vous \u00e0 une bouff\u00e9e tr\u00e8s \u00e9quilibr\u00e9e, mon cher ami stoner !<\/p>","protected":false},"featured_media":36437,"template":"","meta":[],"product_brand":[],"product_cat":[546,297,547,548,638],"product_tag":[],"class_list":{"0":"post-36408","1":"product","2":"type-product","3":"status-publish","4":"has-post-thumbnail","6":"product_cat-seedshop","7":"product_cat-all-products","8":"product_cat-autoflowering-seeds","9":"product_cat-high-thc-seeds","10":"product_cat-vision-seeds","11":"product_shipping_class-creditcard-on","13":"first","14":"instock","15":"taxable","16":"shipping-taxable","17":"purchasable","18":"product-type-variable","19":"has-default-attributes"},"_links":{"self":[{"href":"https:\/\/www.tatanka.nl\/fr\/wp-json\/wp\/v2\/product\/36408","targetHints":{"allow":["GET"]}}],"collection":[{"href":"https:\/\/www.tatanka.nl\/fr\/wp-json\/wp\/v2\/product"}],"about":[{"href":"https:\/\/www.tatanka.nl\/fr\/wp-json\/wp\/v2\/types\/product"}],"wp:featuredmedia":[{"embeddable":true,"href":"https:\/\/www.tatanka.nl\/fr\/wp-json\/wp\/v2\/media\/36437"}],"wp:attachment":[{"href":"https:\/\/www.tatanka.nl\/fr\/wp-json\/wp\/v2\/media?parent=36408"}],"wp:term":[{"taxonomy":"product_brand","embeddable":true,"href":"https:\/\/www.tatanka.nl\/fr\/wp-json\/wp\/v2\/product_brand?post=36408"},{"taxonomy":"product_cat","embeddable":true,"href":"https:\/\/www.tatanka.nl\/fr\/wp-json\/wp\/v2\/product_cat?post=36408"},{"taxonomy":"product_tag","embeddable":true,"href":"https:\/\/www.tatanka.nl\/fr\/wp-json\/wp\/v2\/product_tag?post=36408"}],"curies":[{"name":"wp","href":"https:\/\/api.w.org\/{rel}","templated":true}]}}